{"id":9391,"date":"2025-09-10T13:33:57","date_gmt":"2025-09-10T13:33:57","guid":{"rendered":"https:\/\/iscanner.com\/?page_id=9348"},"modified":"2025-09-26T11:49:56","modified_gmt":"2025-09-26T11:49:56","slug":"extract-pdf","status":"publish","type":"page","link":"https:\/\/iscanner.com\/pt\/extract-pdf\/","title":{"rendered":"Extract PT"},"content":{"rendered":"","protected":false},"excerpt":{"rendered":"","protected":false},"author":17,"featured_media":0,"parent":0,"menu_order":0,"comment_status":"closed","ping_status":"closed","template":"template\/split-pdf.php","meta":{"footnotes":""},"class_list":["post-9391","page","type-page","status-publish","hentry"],"yoast_head":"<!-- This site is optimized with the Yoast SEO plugin v24.5 - https:\/\/yoast.com\/wordpress\/plugins\/seo\/ -->\n<title>Extrair p\u00e1ginas de PDF | r\u00e1pido, gr\u00e1tis, online<\/title>\n<meta name=\"description\" content=\"Extrair PDF: separe p\u00e1ginas de documentos online e de gra\u00e7a. Escolha um ou v\u00e1rios arquivos, selecione as p\u00e1ginas desejadas e salve como novo PDF ou em outro formato\" \/>\n<meta name=\"robots\" content=\"index, follow, max-snippet:-1, max-image-preview:large, max-video-preview:-1\" \/>\n<link rel=\"canonical\" href=\"https:\/\/iscanner.com\/pt\/extract-pdf\/\" \/>\n<meta property=\"og:locale\" content=\"pt_PT\" \/>\n<meta property=\"og:type\" content=\"article\" \/>\n<meta property=\"og:title\" content=\"Extrair p\u00e1ginas de PDF | r\u00e1pido, gr\u00e1tis, online\" \/>\n<meta property=\"og:description\" content=\"Extrair PDF: separe p\u00e1ginas de documentos online e de gra\u00e7a. Escolha um ou v\u00e1rios arquivos, selecione as p\u00e1ginas desejadas e salve como novo PDF ou em outro formato\" \/>\n<meta property=\"og:url\" content=\"https:\/\/iscanner.com\/pt\/extract-pdf\/\" \/>\n<meta property=\"og:site_name\" content=\"iScanner\" \/>\n<meta property=\"article:modified_time\" content=\"2025-09-26T11:49:56+00:00\" \/>\n<meta name=\"twitter:card\" content=\"summary_large_image\" \/>\n<!-- \/ Yoast SEO plugin. -->","yoast_head_json":{"title":"Extrair p\u00e1ginas de PDF | r\u00e1pido, gr\u00e1tis, online","description":"Extrair PDF: separe p\u00e1ginas de documentos online e de gra\u00e7a. Escolha um ou v\u00e1rios arquivos, selecione as p\u00e1ginas desejadas e salve como novo PDF ou em outro formato","robots":{"index":"index","follow":"follow","max-snippet":"max-snippet:-1","max-image-preview":"max-image-preview:large","max-video-preview":"max-video-preview:-1"},"canonical":"https:\/\/iscanner.com\/pt\/extract-pdf\/","og_locale":"pt_PT","og_type":"article","og_title":"Extrair p\u00e1ginas de PDF | r\u00e1pido, gr\u00e1tis, online","og_description":"Extrair PDF: separe p\u00e1ginas de documentos online e de gra\u00e7a. Escolha um ou v\u00e1rios arquivos, selecione as p\u00e1ginas desejadas e salve como novo PDF ou em outro formato","og_url":"https:\/\/iscanner.com\/pt\/extract-pdf\/","og_site_name":"iScanner","article_modified_time":"2025-09-26T11:49:56+00:00","twitter_card":"summary_large_image","schema":{"@context":"https:\/\/schema.org","@graph":[{"@type":"WebPage","@id":"https:\/\/iscanner.com\/pt\/extract-pdf\/","url":"https:\/\/iscanner.com\/pt\/extract-pdf\/","name":"Extrair p\u00e1ginas de PDF | r\u00e1pido, gr\u00e1tis, online","isPartOf":{"@id":"https:\/\/iscanner.com\/pt\/#website"},"datePublished":"2025-09-10T13:33:57+00:00","dateModified":"2025-09-26T11:49:56+00:00","description":"Extrair PDF: separe p\u00e1ginas de documentos online e de gra\u00e7a. Escolha um ou v\u00e1rios arquivos, selecione as p\u00e1ginas desejadas e salve como novo PDF ou em outro formato","breadcrumb":{"@id":"https:\/\/iscanner.com\/pt\/extract-pdf\/#breadcrumb"},"inLanguage":"pt-PT","potentialAction":[{"@type":"ReadAction","target":["https:\/\/iscanner.com\/pt\/extract-pdf\/"]}]},{"@type":"BreadcrumbList","@id":"https:\/\/iscanner.com\/pt\/extract-pdf\/#breadcrumb","itemListElement":[{"@type":"ListItem","position":1,"name":"Home","item":"https:\/\/iscanner.com\/pt\/"},{"@type":"ListItem","position":2,"name":"Extract PT"}]},{"@type":"WebSite","@id":"https:\/\/iscanner.com\/pt\/#website","url":"https:\/\/iscanner.com\/pt\/","name":"iScanner","description":"Mobile Scanner App. Download for FREE (Android, iPhone)","potentialAction":[{"@type":"SearchAction","target":{"@type":"EntryPoint","urlTemplate":"https:\/\/iscanner.com\/pt\/?s={search_term_string}"},"query-input":{"@type":"PropertyValueSpecification","valueRequired":true,"valueName":"search_term_string"}}],"inLanguage":"pt-PT"},{"@type":"SoftwareApplication","name":"Iscanner","operatingSystem":"iOS, Android","applicationCategory":"Document converter","aggregateRating":{"@type":"AggregateRating","ratingValue":"4.5","ratingCount":"100"}},{"@type":"Service","provider":{"@id":"https:\/\/iscanner.com\/#organization"},"serviceType":"Extract PT","description":"Extrair PDF: separe p\u00e1ginas de documentos online e de gra\u00e7a. Escolha um ou v\u00e1rios arquivos, selecione as p\u00e1ginas desejadas e salve como novo PDF ou em outro formato"}]}},"uagb_featured_image_src":{"full":false,"thumbnail":false,"medium":false,"medium_large":false,"large":false,"1536x1536":false,"2048x2048":false,"trp-custom-language-flag":false},"uagb_author_info":{"display_name":"Vladimir Shamsheev","author_link":"https:\/\/iscanner.com\/pt\/author\/vladimir-shamsheev\/"},"uagb_comment_info":0,"uagb_excerpt":null,"_links":{"self":[{"href":"https:\/\/iscanner.com\/pt\/wp-json\/wp\/v2\/pages\/9391","targetHints":{"allow":["GET"]}}],"collection":[{"href":"https:\/\/iscanner.com\/pt\/wp-json\/wp\/v2\/pages"}],"about":[{"href":"https:\/\/iscanner.com\/pt\/wp-json\/wp\/v2\/types\/page"}],"author":[{"embeddable":true,"href":"https:\/\/iscanner.com\/pt\/wp-json\/wp\/v2\/users\/17"}],"replies":[{"embeddable":true,"href":"https:\/\/iscanner.com\/pt\/wp-json\/wp\/v2\/comments?post=9391"}],"version-history":[{"count":2,"href":"https:\/\/iscanner.com\/pt\/wp-json\/wp\/v2\/pages\/9391\/revisions"}],"predecessor-version":[{"id":9400,"href":"https:\/\/iscanner.com\/pt\/wp-json\/wp\/v2\/pages\/9391\/revisions\/9400"}],"wp:attachment":[{"href":"https:\/\/iscanner.com\/pt\/wp-json\/wp\/v2\/media?parent=9391"}],"curies":[{"name":"wp","href":"https:\/\/api.w.org\/{rel}","templated":true}]}}