{"id":7886,"date":"2025-06-30T13:09:27","date_gmt":"2025-06-30T13:09:27","guid":{"rendered":"https:\/\/iscanner.com\/?page_id=7886"},"modified":"2025-12-08T07:10:35","modified_gmt":"2025-12-08T07:10:35","slug":"for-media","status":"publish","type":"page","link":"https:\/\/iscanner.com\/pt\/for-media\/","title":{"rendered":"Para Imprensa"},"content":{"rendered":"<h2 class=\"wp-block-heading\">Sobre o iScanner<\/h2>\n\n\n\n<p>O iScanner \u00e9 um aplicativo premiado de digitaliza\u00e7\u00e3o e gerenciamento de documentos com tecnologia de IA com mais de 125 milh\u00f5es de downloads, dispon\u00edvel no iOS, Android e na Web.<br><br>O aplicativo permite que os usu\u00e1rios convertam digitaliza\u00e7\u00f5es em v\u00e1rios formatos, editem e assinem documentos, e transformem qualquer imagem em arquivos edit\u00e1veis e pesquis\u00e1veis. Pioneiro em digitaliza\u00e7\u00e3o com IA, o iScanner oferece recursos inovadores alimentados por IA, como remover dedos de imagens, desemba\u00e7ar, aprimorar documentos para fornecer digitaliza\u00e7\u00f5es de alta qualidade, OCR robusto, busca inteligente e muito mais.<br><br>No iScanner, a privacidade do usu\u00e1rio e a seguran\u00e7a dos dados s\u00e3o prioridades m\u00e1ximas. Os documentos s\u00e3o armazenados localmente por padr\u00e3o, sem sincroniza\u00e7\u00e3o na nuvem sem consentimento. Pol\u00edticas de privacidade r\u00edgidas, recursos dedicados como Face ID, Pasta Segura, finaliza\u00e7\u00e3o de sess\u00e3o remota e conformidade total com GDPR\/CCPA garantem que os dados dos usu\u00e1rios permane\u00e7am protegidos.<br><br>O iScanner ajuda a construir um planeta mais verde com seu recurso ecol\u00f3gico \u00fanico, pioneiro no mercado, que transforma cada documento exportado em parte de uma \u00e1rvore salva. Milh\u00f5es est\u00e3o economizando papel e rastreando seu impacto ambiental exato gra\u00e7as a este programa.<\/p>\n\n\n\n<figure class=\"wp-block-image size-large media-page-image\"><img loading=\"lazy\" decoding=\"async\" width=\"1024\" height=\"681\" src=\"https:\/\/iscanner.com\/wp-content\/uploads\/2024\/10\/our-team-1024x681-1.jpeg\" alt=\"\" class=\"wp-image-6226\" srcset=\"https:\/\/iscanner.com\/wp-content\/uploads\/2024\/10\/our-team-1024x681-1.jpeg 1024w, https:\/\/iscanner.com\/wp-content\/uploads\/2024\/10\/our-team-1024x681-1-300x200.jpeg 300w, https:\/\/iscanner.com\/wp-content\/uploads\/2024\/10\/our-team-1024x681-1-768x511.jpeg 768w\" sizes=\"auto, (max-width: 1024px) 100vw, 1024px\" \/><\/figure>\n\n\n\n<h2 class=\"wp-block-heading\">Sobre a equipe do iScanner<\/h2>\n\n\n\n<p>O iScanner foi criado por uma equipe de profissionais sediada nos EUA com um forte desejo de tornar a vida das pessoas mais f\u00e1cil e melhor. Estamos trabalhando no aplicativo desde 2015 e n\u00e3o poupamos esfor\u00e7os para acompanhar as \u00faltimas tend\u00eancias para fornecer aos nossos usu\u00e1rios a melhor experi\u00eancia poss\u00edvel.<\/p>\n\n\n\n<p>Desenvolvemos o iScanner esperando que ele ajude a implementar processos sem papel, aumentar a mobilidade, economizar tempo, eliminar a necessidade de ir ao escrit\u00f3rio para assinar um documento e usar correspond\u00eancia e fax.<\/p>\n\n\n\n<section class=\"wp-block-group media-page-over-years\"><div class=\"wp-block-group__inner-container is-layout-constrained wp-block-group-is-layout-constrained\">\n<h2 class=\"wp-block-heading\">10 Anos Do iScanner<\/h2>\n\n\n\n<h3 class=\"wp-block-heading\">Celebrando 10 anos de digitaliza\u00e7\u00e3o de documentos confi\u00e1vel.<\/h3>\n\n\n\n<div class=\"wp-block-group media-page-over-years__list is-vertical is-layout-flex wp-container-core-group-is-layout-8cf370e7 wp-block-group-is-layout-flex\">\n<div class=\"wp-block-group is-nowrap is-layout-flex wp-container-core-group-is-layout-ad2f72ca wp-block-group-is-layout-flex\">\n<figure class=\"wp-block-image size-full\"><img loading=\"lazy\" decoding=\"async\" width=\"294\" height=\"290\" src=\"https:\/\/iscanner.com\/wp-content\/uploads\/2025\/12\/media-history-1.png\" alt=\"\" class=\"wp-image-9601\" srcset=\"https:\/\/iscanner.com\/wp-content\/uploads\/2025\/12\/media-history-1.png 294w, https:\/\/iscanner.com\/wp-content\/uploads\/2025\/12\/media-history-1-12x12.png 12w\" sizes=\"auto, (max-width: 294px) 100vw, 294px\" \/><\/figure>\n\n\n\n<div class=\"wp-block-group is-vertical is-layout-flex wp-container-core-group-is-layout-8cf370e7 wp-block-group-is-layout-flex\">\n<h4 class=\"wp-block-heading\">App lan\u00e7ado no iOS<\/h4>\n\n\n\n<p>A equipe da BP Mobile viu uma tend\u00eancia emergente na digitaliza\u00e7\u00e3o m\u00f3vel e construiu um aplicativo de scanner que transformava fotos de telefone em PDFs de alta qualidade. Era r\u00e1pido, simples e amado pelos usu\u00e1rios desde o primeiro dia.<\/p>\n<\/div>\n<\/div>\n\n\n\n<div class=\"wp-block-group is-content-justification-left is-nowrap is-layout-flex wp-container-core-group-is-layout-f56a869c wp-block-group-is-layout-flex\">\n<figure class=\"wp-block-image size-full\"><img loading=\"lazy\" decoding=\"async\" width=\"294\" height=\"290\" src=\"https:\/\/iscanner.com\/wp-content\/uploads\/2025\/12\/media-history-2.png\" alt=\"\" class=\"wp-image-9602\" srcset=\"https:\/\/iscanner.com\/wp-content\/uploads\/2025\/12\/media-history-2.png 294w, https:\/\/iscanner.com\/wp-content\/uploads\/2025\/12\/media-history-2-12x12.png 12w\" sizes=\"auto, (max-width: 294px) 100vw, 294px\" \/><\/figure>\n\n\n\n<div class=\"wp-block-group is-vertical is-layout-flex wp-container-core-group-is-layout-8cf370e7 wp-block-group-is-layout-flex\">\n<h4 class=\"wp-block-heading\">iScanner lan\u00e7ado no Android<\/h4>\n\n\n\n<p>Ap\u00f3s o sucesso no iOS, o iScanner chegou ao Android, trazendo as mesmas digitaliza\u00e7\u00f5es de alta qualidade e ainda mais ferramentas gratuitas para ajudar as pessoas a digitalizar, salvar e compartilhar documentos facilmente.<\/p>\n<\/div>\n<\/div>\n\n\n\n<div class=\"wp-block-group is-nowrap is-layout-flex wp-container-core-group-is-layout-ad2f72ca wp-block-group-is-layout-flex\">\n<figure class=\"wp-block-image size-full\"><img loading=\"lazy\" decoding=\"async\" width=\"294\" height=\"290\" src=\"https:\/\/iscanner.com\/wp-content\/uploads\/2025\/12\/media-history-3.png\" alt=\"\" class=\"wp-image-9603\" srcset=\"https:\/\/iscanner.com\/wp-content\/uploads\/2025\/12\/media-history-3.png 294w, https:\/\/iscanner.com\/wp-content\/uploads\/2025\/12\/media-history-3-12x12.png 12w\" sizes=\"auto, (max-width: 294px) 100vw, 294px\" \/><\/figure>\n\n\n\n<div class=\"wp-block-group is-vertical is-layout-flex wp-container-core-group-is-layout-8cf370e7 wp-block-group-is-layout-flex\">\n<h4 class=\"wp-block-heading\">10M de downloads no mundo todo<\/h4>\n\n\n\n<p>Um marco importante. O iScanner cresceu e se tornou um aplicativo de scanner global com vers\u00f5es localizadas e come\u00e7ou a evoluir para um aplicativo de ciclo completo de documentos projetado para tarefas di\u00e1rias.<\/p>\n<\/div>\n<\/div>\n\n\n\n<div class=\"wp-block-group is-nowrap is-layout-flex wp-container-core-group-is-layout-ad2f72ca wp-block-group-is-layout-flex\">\n<figure class=\"wp-block-image size-full\"><img loading=\"lazy\" decoding=\"async\" width=\"294\" height=\"290\" src=\"https:\/\/iscanner.com\/wp-content\/uploads\/2025\/12\/media-history-4.png\" alt=\"\" class=\"wp-image-9604\" srcset=\"https:\/\/iscanner.com\/wp-content\/uploads\/2025\/12\/media-history-4.png 294w, https:\/\/iscanner.com\/wp-content\/uploads\/2025\/12\/media-history-4-12x12.png 12w\" sizes=\"auto, (max-width: 294px) 100vw, 294px\" \/><\/figure>\n\n\n\n<div class=\"wp-block-group is-vertical is-layout-flex wp-container-core-group-is-layout-8cf370e7 wp-block-group-is-layout-flex\">\n<h4 class=\"wp-block-heading\">Recurso de assinar PDF se torna a ferramenta mais usada<\/h4>\n\n\n\n<p>Os usu\u00e1rios pediram para fazer mais ap\u00f3s a digitaliza\u00e7\u00e3o, ent\u00e3o adicionamos Assinar PDF. Isso transformou o aplicativo em mais do que um scanner, e sim em um conjunto de ferramentas de documentos com editor de PDF e recursos de assinatura.<\/p>\n<\/div>\n<\/div>\n\n\n\n<div class=\"wp-block-group is-nowrap is-layout-flex wp-container-core-group-is-layout-ad2f72ca wp-block-group-is-layout-flex\">\n<figure class=\"wp-block-image size-full\"><img loading=\"lazy\" decoding=\"async\" width=\"294\" height=\"290\" src=\"https:\/\/iscanner.com\/wp-content\/uploads\/2025\/12\/media-history-5.png\" alt=\"\" class=\"wp-image-9605\" srcset=\"https:\/\/iscanner.com\/wp-content\/uploads\/2025\/12\/media-history-5.png 294w, https:\/\/iscanner.com\/wp-content\/uploads\/2025\/12\/media-history-5-12x12.png 12w\" sizes=\"auto, (max-width: 294px) 100vw, 294px\" \/><\/figure>\n\n\n\n<div class=\"wp-block-group is-vertical is-layout-flex wp-container-core-group-is-layout-8cf370e7 wp-block-group-is-layout-flex\">\n<h4 class=\"wp-block-heading\">Lan\u00e7amento de detec\u00e7\u00e3o de bordas com IA e corre\u00e7\u00e3o de perspectiva<\/h4>\n\n\n\n<p>Para aumentar a qualidade da digitaliza\u00e7\u00e3o, o iScanner introduziu detec\u00e7\u00e3o de bordas com IA e corre\u00e7\u00e3o de distor\u00e7\u00e3o de perspectiva. Essas ferramentas tornaram os documentos digitalizados mais claros e precisos.<\/p>\n<\/div>\n<\/div>\n\n\n\n<div class=\"wp-block-group is-nowrap is-layout-flex wp-container-core-group-is-layout-ad2f72ca wp-block-group-is-layout-flex\">\n<figure class=\"wp-block-image size-full\"><img loading=\"lazy\" decoding=\"async\" width=\"294\" height=\"290\" src=\"https:\/\/iscanner.com\/wp-content\/uploads\/2025\/12\/media-history-6.png\" alt=\"\" class=\"wp-image-9606\" srcset=\"https:\/\/iscanner.com\/wp-content\/uploads\/2025\/12\/media-history-6.png 294w, https:\/\/iscanner.com\/wp-content\/uploads\/2025\/12\/media-history-6-12x12.png 12w\" sizes=\"auto, (max-width: 294px) 100vw, 294px\" \/><\/figure>\n\n\n\n<div class=\"wp-block-group is-vertical is-layout-flex wp-container-core-group-is-layout-8cf370e7 wp-block-group-is-layout-flex\">\n<h4 class=\"wp-block-heading\">App de scanner N\u00b01 na App Store dos EUA<\/h4>\n\n\n\n<p>Durante a mudan\u00e7a para o trabalho remoto, o iScanner se tornou uma ferramenta confi\u00e1vel. Liderou os rankings dos EUA para aplicativos de digitaliza\u00e7\u00e3o tanto em downloads quanto em receita, mantendo a posi\u00e7\u00e3o por 4 anos.<\/p>\n<\/div>\n<\/div>\n\n\n\n<div class=\"wp-block-group is-nowrap is-layout-flex wp-container-core-group-is-layout-ad2f72ca wp-block-group-is-layout-flex\">\n<figure class=\"wp-block-image size-full\"><img loading=\"lazy\" decoding=\"async\" width=\"294\" height=\"290\" src=\"https:\/\/iscanner.com\/wp-content\/uploads\/2025\/12\/media-history-7.png\" alt=\"\" class=\"wp-image-9607\" srcset=\"https:\/\/iscanner.com\/wp-content\/uploads\/2025\/12\/media-history-7.png 294w, https:\/\/iscanner.com\/wp-content\/uploads\/2025\/12\/media-history-7-12x12.png 12w\" sizes=\"auto, (max-width: 294px) 100vw, 294px\" \/><\/figure>\n\n\n\n<div class=\"wp-block-group is-vertical is-layout-flex wp-container-core-group-is-layout-8cf370e7 wp-block-group-is-layout-flex\">\n<h4 class=\"wp-block-heading\">Contar objetos com c\u00e2mera se tornou ferramenta viral<\/h4>\n\n\n\n<p>As pequenas empresas adoraram a ferramenta Contar Objetos com c\u00e2mera. Rapidamente se tornou viral e abriu uma nova categoria na digitaliza\u00e7\u00e3o, automatizando invent\u00e1rio e rastreamento com IA.<\/p>\n<\/div>\n<\/div>\n\n\n\n<div class=\"wp-block-group is-nowrap is-layout-flex wp-container-core-group-is-layout-ad2f72ca wp-block-group-is-layout-flex\">\n<figure class=\"wp-block-image size-full\"><img loading=\"lazy\" decoding=\"async\" width=\"294\" height=\"290\" src=\"https:\/\/iscanner.com\/wp-content\/uploads\/2025\/12\/media-history-7.png\" alt=\"\" class=\"wp-image-9607\" srcset=\"https:\/\/iscanner.com\/wp-content\/uploads\/2025\/12\/media-history-7.png 294w, https:\/\/iscanner.com\/wp-content\/uploads\/2025\/12\/media-history-7-12x12.png 12w\" sizes=\"auto, (max-width: 294px) 100vw, 294px\" \/><\/figure>\n\n\n\n<div class=\"wp-block-group is-vertical is-layout-flex wp-container-core-group-is-layout-8cf370e7 wp-block-group-is-layout-flex\">\n<h4 class=\"wp-block-heading\">Lan\u00e7amento de corre\u00e7\u00e3o de distor\u00e7\u00e3o com IA e borracha de dedos<\/h4>\n\n\n\n<p>Para fornecer a todos documentos de qualidade profissional sem esfor\u00e7o, o iScanner lan\u00e7ou seu pr\u00f3prio algoritmo de corre\u00e7\u00e3o de distor\u00e7\u00e3o e borracha de dedos com IA. Distor\u00e7\u00f5es e inclina\u00e7\u00f5es foram corrigidas para sempre.<\/p>\n<\/div>\n<\/div>\n\n\n\n<div class=\"wp-block-group is-nowrap is-layout-flex wp-container-core-group-is-layout-ad2f72ca wp-block-group-is-layout-flex\">\n<figure class=\"wp-block-image size-full\"><img loading=\"lazy\" decoding=\"async\" width=\"294\" height=\"290\" src=\"https:\/\/iscanner.com\/wp-content\/uploads\/2025\/12\/media-history-9.png\" alt=\"\" class=\"wp-image-9609\" srcset=\"https:\/\/iscanner.com\/wp-content\/uploads\/2025\/12\/media-history-9.png 294w, https:\/\/iscanner.com\/wp-content\/uploads\/2025\/12\/media-history-9-12x12.png 12w\" sizes=\"auto, (max-width: 294px) 100vw, 294px\" \/><\/figure>\n\n\n\n<div class=\"wp-block-group is-vertical is-layout-flex wp-container-core-group-is-layout-8cf370e7 wp-block-group-is-layout-flex\">\n<h4 class=\"wp-block-heading\">Ganhou o Webby People&#8217;s Voice e scanner mais seguro para Android<\/h4>\n\n\n\n<p>O reconhecimento veio tanto de especialistas quanto de usu\u00e1rios: Pr\u00eamio Webby, Lovie Gold, e nomeado o aplicativo de scanner mais seguro para Android pela Pradeo Security. Confian\u00e7a e privacidade importam aqui.<\/p>\n<\/div>\n<\/div>\n\n\n\n<div class=\"wp-block-group is-nowrap is-layout-flex wp-container-core-group-is-layout-ad2f72ca wp-block-group-is-layout-flex\">\n<figure class=\"wp-block-image size-full\"><img loading=\"lazy\" decoding=\"async\" width=\"294\" height=\"290\" src=\"https:\/\/iscanner.com\/wp-content\/uploads\/2025\/12\/media-history-10.png\" alt=\"\" class=\"wp-image-9610\" srcset=\"https:\/\/iscanner.com\/wp-content\/uploads\/2025\/12\/media-history-10.png 294w, https:\/\/iscanner.com\/wp-content\/uploads\/2025\/12\/media-history-10-12x12.png 12w\" sizes=\"auto, (max-width: 294px) 100vw, 294px\" \/><\/figure>\n\n\n\n<div class=\"wp-block-group is-vertical is-layout-flex wp-container-core-group-is-layout-8cf370e7 wp-block-group-is-layout-flex\">\n<h4 class=\"wp-block-heading\">Lan\u00e7amento do programa de conquistas ecol\u00f3gicas no app<\/h4>\n\n\n\n<p>O iScanner sempre ajudou a reduzir o uso de papel. Agora, o novo programa de conquistas ecol\u00f3gicas permite que os usu\u00e1rios acompanhem o impacto, salvem \u00e1rvores e apoiem os esfor\u00e7os de transforma\u00e7\u00e3o digital.<\/p>\n<\/div>\n<\/div>\n\n\n\n<div class=\"wp-block-group is-nowrap is-layout-flex wp-container-core-group-is-layout-ad2f72ca wp-block-group-is-layout-flex\">\n<figure class=\"wp-block-image size-full\"><img loading=\"lazy\" decoding=\"async\" width=\"294\" height=\"290\" src=\"https:\/\/iscanner.com\/wp-content\/uploads\/2025\/12\/media-history-11.png\" alt=\"\" class=\"wp-image-9611\" srcset=\"https:\/\/iscanner.com\/wp-content\/uploads\/2025\/12\/media-history-11.png 294w, https:\/\/iscanner.com\/wp-content\/uploads\/2025\/12\/media-history-11-12x12.png 12w\" sizes=\"auto, (max-width: 294px) 100vw, 294px\" \/><\/figure>\n\n\n\n<div class=\"wp-block-group is-vertical is-layout-flex wp-container-core-group-is-layout-8cf370e7 wp-block-group-is-layout-flex\">\n<h4 class=\"wp-block-heading\">Expandido para plataforma completa de documentos em dispositivos<\/h4>\n\n\n\n<p>Hoje, o iScanner continua a cumprir sua miss\u00e3o, combinando simplicidade, privacidade e ferramentas de IA com poderosa edi\u00e7\u00e3o de PDF. Um aplicativo de scanner reimaginado como um hub inteligente de documentos.<\/p>\n<\/div>\n<\/div>\n<\/div>\n<\/div><\/section>\n\n\n\n<p><\/p>","protected":false},"excerpt":{"rendered":"<p>Sobre o iScanner O iScanner \u00e9 um aplicativo premiado de digitaliza\u00e7\u00e3o e gerenciamento de documentos com tecnologia de IA com mais de 125 milh\u00f5es de downloads, dispon\u00edvel no iOS, Android e na Web. O aplicativo permite que os usu\u00e1rios convertam digitaliza\u00e7\u00f5es em v\u00e1rios formatos, editem e assinem documentos, e transformem qualquer imagem em arquivos edit\u00e1veis [&hellip;]<\/p>","protected":false},"author":9,"featured_media":0,"parent":0,"menu_order":0,"comment_status":"closed","ping_status":"closed","template":"template\/media.php","meta":{"footnotes":""},"class_list":["post-7886","page","type-page","status-publish","hentry"],"yoast_head":"<!-- This site is optimized with the Yoast SEO plugin v24.5 - https:\/\/yoast.com\/wordpress\/plugins\/seo\/ -->\n<title>iScanner - Kit de Imprensa e Contatos para M\u00eddias<\/title>\n<meta name=\"description\" content=\"N\u00f3s, do iScanner, lidamos com todas as solicita\u00e7\u00f5es da m\u00eddia com muito cuidado. Baixe nosso kit de imprensa ou contate-nos pelo e-mail pr@iscanner.com.\" \/>\n<meta name=\"robots\" content=\"index, follow, max-snippet:-1, max-image-preview:large, max-video-preview:-1\" \/>\n<link rel=\"canonical\" href=\"https:\/\/iscanner.com\/pt\/for-media\/\" \/>\n<meta property=\"og:locale\" content=\"pt_PT\" \/>\n<meta property=\"og:type\" content=\"article\" \/>\n<meta property=\"og:title\" content=\"iScanner - Press Kit &amp; Contacts for Media\" \/>\n<meta property=\"og:description\" content=\"We in iScanner carefully do with all media inquiries. Download our press kit or feel free to write to us at pr@iscanner.com.\" \/>\n<meta property=\"og:url\" content=\"https:\/\/iscanner.com\/pt\/for-media\/\" \/>\n<meta property=\"og:site_name\" content=\"iScanner\" \/>\n<meta property=\"article:modified_time\" content=\"2025-12-08T07:10:35+00:00\" \/>\n<meta property=\"og:image\" content=\"https:\/\/iscanner.com\/wp-content\/uploads\/2024\/10\/our-team-1024x681-1.jpeg\" \/>\n\t<meta property=\"og:image:width\" content=\"1024\" \/>\n\t<meta property=\"og:image:height\" content=\"681\" \/>\n\t<meta property=\"og:image:type\" content=\"image\/jpeg\" \/>\n<meta name=\"twitter:card\" content=\"summary_large_image\" \/>\n<meta name=\"twitter:title\" content=\"iScanner - Press Kit &amp; Contacts for Media\" \/>\n<meta name=\"twitter:description\" content=\"We in iScanner carefully do with all media inquiries. Download our press kit or feel free to write to us at pr@iscanner.com.\" \/>\n<meta name=\"twitter:label1\" content=\"Tempo estimado de leitura\" \/>\n\t<meta name=\"twitter:data1\" content=\"4 minutos\" \/>\n<!-- \/ Yoast SEO plugin. -->","yoast_head_json":{"title":"iScanner - Kit de Imprensa e Contatos para M\u00eddias","description":"N\u00f3s, do iScanner, lidamos com todas as solicita\u00e7\u00f5es da m\u00eddia com muito cuidado. Baixe nosso kit de imprensa ou contate-nos pelo e-mail pr@iscanner.com.","robots":{"index":"index","follow":"follow","max-snippet":"max-snippet:-1","max-image-preview":"max-image-preview:large","max-video-preview":"max-video-preview:-1"},"canonical":"https:\/\/iscanner.com\/pt\/for-media\/","og_locale":"pt_PT","og_type":"article","og_title":"iScanner - Press Kit & Contacts for Media","og_description":"We in iScanner carefully do with all media inquiries. Download our press kit or feel free to write to us at pr@iscanner.com.","og_url":"https:\/\/iscanner.com\/pt\/for-media\/","og_site_name":"iScanner","article_modified_time":"2025-12-08T07:10:35+00:00","og_image":[{"width":1024,"height":681,"url":"https:\/\/iscanner.com\/wp-content\/uploads\/2024\/10\/our-team-1024x681-1.jpeg","type":"image\/jpeg"}],"twitter_card":"summary_large_image","twitter_title":"iScanner - Press Kit & Contacts for Media","twitter_description":"We in iScanner carefully do with all media inquiries. Download our press kit or feel free to write to us at pr@iscanner.com.","twitter_misc":{"Tempo estimado de leitura":"4 minutos"},"schema":{"@context":"https:\/\/schema.org","@graph":[{"@type":"WebPage","@id":"https:\/\/iscanner.com\/pt\/for-media\/","url":"https:\/\/iscanner.com\/pt\/for-media\/","name":"iScanner - Kit de Imprensa e Contatos para M\u00eddias","isPartOf":{"@id":"https:\/\/iscanner.com\/pt\/#website"},"primaryImageOfPage":{"@id":"https:\/\/iscanner.com\/pt\/for-media\/#primaryimage"},"image":{"@id":"https:\/\/iscanner.com\/pt\/for-media\/#primaryimage"},"thumbnailUrl":"https:\/\/iscanner.com\/wp-content\/uploads\/2024\/10\/our-team-1024x681-1.jpeg","datePublished":"2025-06-30T13:09:27+00:00","dateModified":"2025-12-08T07:10:35+00:00","description":"N\u00f3s, do iScanner, lidamos com todas as solicita\u00e7\u00f5es da m\u00eddia com muito cuidado. Baixe nosso kit de imprensa ou contate-nos pelo e-mail pr@iscanner.com.","breadcrumb":{"@id":"https:\/\/iscanner.com\/pt\/for-media\/#breadcrumb"},"inLanguage":"pt-PT","potentialAction":[{"@type":"ReadAction","target":["https:\/\/iscanner.com\/pt\/for-media\/"]}]},{"@type":"ImageObject","inLanguage":"pt-PT","@id":"https:\/\/iscanner.com\/pt\/for-media\/#primaryimage","url":"https:\/\/iscanner.com\/wp-content\/uploads\/2024\/10\/our-team-1024x681-1.jpeg","contentUrl":"https:\/\/iscanner.com\/wp-content\/uploads\/2024\/10\/our-team-1024x681-1.jpeg"},{"@type":"BreadcrumbList","@id":"https:\/\/iscanner.com\/pt\/for-media\/#breadcrumb","itemListElement":[{"@type":"ListItem","position":1,"name":"Home","item":"https:\/\/iscanner.com\/pt\/"},{"@type":"ListItem","position":2,"name":"Para Imprensa"}]},{"@type":"WebSite","@id":"https:\/\/iscanner.com\/pt\/#website","url":"https:\/\/iscanner.com\/pt\/","name":"iScanner","description":"Mobile Scanner App. Download for FREE (Android, iPhone)","potentialAction":[{"@type":"SearchAction","target":{"@type":"EntryPoint","urlTemplate":"https:\/\/iscanner.com\/pt\/?s={search_term_string}"},"query-input":{"@type":"PropertyValueSpecification","valueRequired":true,"valueName":"search_term_string"}}],"inLanguage":"pt-PT"},{"@type":"SoftwareApplication","name":"Iscanner","operatingSystem":"iOS, Android","applicationCategory":"Document converter","aggregateRating":{"@type":"AggregateRating","ratingValue":"4.5","ratingCount":"100"}}]}},"uagb_featured_image_src":{"full":false,"thumbnail":false,"medium":false,"medium_large":false,"large":false,"1536x1536":false,"2048x2048":false,"trp-custom-language-flag":false},"uagb_author_info":{"display_name":"Pavel Zubarevich","author_link":"https:\/\/iscanner.com\/pt\/author\/pavel-zubarevich\/"},"uagb_comment_info":0,"uagb_excerpt":"Sobre o iScanner O iScanner \u00e9 um aplicativo premiado de digitaliza\u00e7\u00e3o e gerenciamento de documentos com tecnologia de IA com mais de 125 milh\u00f5es de downloads, dispon\u00edvel no iOS, Android e na Web. O aplicativo permite que os usu\u00e1rios convertam digitaliza\u00e7\u00f5es em v\u00e1rios formatos, editem e assinem documentos, e transformem qualquer imagem em arquivos edit\u00e1veis&hellip;","_links":{"self":[{"href":"https:\/\/iscanner.com\/pt\/wp-json\/wp\/v2\/pages\/7886","targetHints":{"allow":["GET"]}}],"collection":[{"href":"https:\/\/iscanner.com\/pt\/wp-json\/wp\/v2\/pages"}],"about":[{"href":"https:\/\/iscanner.com\/pt\/wp-json\/wp\/v2\/types\/page"}],"author":[{"embeddable":true,"href":"https:\/\/iscanner.com\/pt\/wp-json\/wp\/v2\/users\/9"}],"replies":[{"embeddable":true,"href":"https:\/\/iscanner.com\/pt\/wp-json\/wp\/v2\/comments?post=7886"}],"version-history":[{"count":8,"href":"https:\/\/iscanner.com\/pt\/wp-json\/wp\/v2\/pages\/7886\/revisions"}],"predecessor-version":[{"id":9627,"href":"https:\/\/iscanner.com\/pt\/wp-json\/wp\/v2\/pages\/7886\/revisions\/9627"}],"wp:attachment":[{"href":"https:\/\/iscanner.com\/pt\/wp-json\/wp\/v2\/media?parent=7886"}],"curies":[{"name":"wp","href":"https:\/\/api.w.org\/{rel}","templated":true}]}}