{"id":7877,"date":"2025-06-30T13:08:42","date_gmt":"2025-06-30T13:08:42","guid":{"rendered":"https:\/\/iscanner.com\/?page_id=7877"},"modified":"2026-01-26T09:46:56","modified_gmt":"2026-01-26T09:46:56","slug":"educators","status":"publish","type":"page","link":"https:\/\/iscanner.com\/pt\/educators\/","title":{"rendered":"iScanner para Educadores"},"content":{"rendered":"<h2 class=\"wp-block-heading has-text-align-center\">\u00a1Uma educa\u00e7\u00e3o melhor \u00e9&nbsp;o&nbsp;melhor&nbsp;caminho<br>para um futuro melhor!<\/h2>\n\n\n\n<div class=\"wp-block-group educators-quote-container\"><div class=\"wp-block-group__inner-container is-layout-flow wp-block-group-is-layout-flow\">\n<h3 class=\"wp-block-heading\">Avalia\u00e7\u00e3o do Professor 5\u2b50<\/h3>\n\n\n\n<p><em>\u201cO iScanner combina um design intuitivo, intelig\u00eancia artificial e recursos que normalmente est\u00e3o em aplicativos separados para oferecer uma solu\u00e7\u00e3o completa em um \u00fanico aplicativo, permitindo capturar tudo o que voc\u00ea deseja preservar.\u201d<\/em><\/p>\n\n\n\n<figure class=\"wp-block-image size-full is-resized\"><img loading=\"lazy\" decoding=\"async\" width=\"813\" height=\"133\" src=\"https:\/\/iscanner.com\/wp-content\/uploads\/2022\/03\/eas-logo@3x-1.png\" alt=\"\" class=\"wp-image-1147\" style=\"width:271px;height:44px\" srcset=\"https:\/\/iscanner.com\/wp-content\/uploads\/2022\/03\/eas-logo@3x-1.png 813w, https:\/\/iscanner.com\/wp-content\/uploads\/2022\/03\/eas-logo@3x-1-300x49.png 300w, https:\/\/iscanner.com\/wp-content\/uploads\/2022\/03\/eas-logo@3x-1-768x126.png 768w\" sizes=\"auto, (max-width: 813px) 100vw, 813px\" \/><\/figure>\n\n\n\n<p><\/p>\n<\/div><\/div>\n\n\n\n<div class=\"wp-block-group educators-help-container\"><div class=\"wp-block-group__inner-container is-layout-flow wp-block-group-is-layout-flow\">\n<h3 class=\"wp-block-heading\">Como o iScanner pode ajudar no seu trabalho?<\/h3>\n\n\n\n<p>N\u00e3o precisa levar pap\u00e9is por a\u00ed!<br>Digitalize em qualquer lugar, trabalhe de onde quiser e tenha todos os seus arquivos no seu dispositivo m\u00f3vel.<\/p>\n\n\n\n<div class=\"wp-block-group educators-features-wrapper\"><div class=\"wp-block-group__inner-container is-layout-flow wp-block-group-is-layout-flow\">\n<div class=\"wp-block-group educators-icon-text-container\"><div class=\"wp-block-group__inner-container is-layout-flow wp-block-group-is-layout-flow\">\n<figure class=\"wp-block-image size-full is-resized\"><img loading=\"lazy\" decoding=\"async\" width=\"226\" height=\"200\" src=\"https:\/\/iscanner.com\/wp-content\/uploads\/2025\/05\/edu-diamond.png\" alt=\"\" class=\"wp-image-8413\" style=\"width:74px;height:65px\" srcset=\"https:\/\/iscanner.com\/wp-content\/uploads\/2025\/05\/edu-diamond.png 226w, https:\/\/iscanner.com\/wp-content\/uploads\/2025\/05\/edu-diamond-14x12.png 14w\" sizes=\"auto, (max-width: 226px) 100vw, 226px\" \/><\/figure>\n\n\n\n<h4 class=\"wp-block-heading\">Digitaliza\u00e7\u00e3o de 300+ DPI em Segundos<\/h4>\n\n\n\n<p>Seja uma p\u00e1gina de livro, um registro ou um bilhete rabiscado, o iScanner cria uma digitaliza\u00e7\u00e3o perfeita de 300 dpi em segundos. Voc\u00ea pode escolher uma resolu\u00e7\u00e3o menor, se preferir.<\/p>\n<\/div><\/div>\n\n\n\n<div class=\"wp-block-group educators-icon-text-container\"><div class=\"wp-block-group__inner-container is-layout-flow wp-block-group-is-layout-flow\">\n<figure class=\"wp-block-image size-large is-resized\"><img loading=\"lazy\" decoding=\"async\" width=\"79\" height=\"93\" src=\"https:\/\/iscanner.com\/wp-content\/uploads\/2025\/05\/edu-finger.svg\" alt=\"\" class=\"wp-image-8414\" style=\"width:70px;height:82px\"\/><\/figure>\n\n\n\n<h4 class=\"wp-block-heading\">Escrit\u00f3rio no Seu Bolso<\/h4>\n\n\n\n<p>Corrija tarefas, preencha formul\u00e1rios, adicione notas e imagens, edite, destaque, extraia texto, imprima diretamente do aplicativo, compartilhe trechos de um livro did\u00e1tico ou at\u00e9 mesmo anota\u00e7\u00f5es do quadro-negro com toda a turma em segundos pelo Google Classroom, Canvas ou qualquer aplicativo de mensagens.<\/p>\n<\/div><\/div>\n\n\n\n<div class=\"wp-block-group educators-icon-text-container\"><div class=\"wp-block-group__inner-container is-layout-flow wp-block-group-is-layout-flow\">\n<figure class=\"wp-block-image size-large is-resized\"><img loading=\"lazy\" decoding=\"async\" width=\"89\" height=\"67\" src=\"https:\/\/iscanner.com\/wp-content\/uploads\/2025\/05\/edu-cloud.svg\" alt=\"\" class=\"wp-image-8409\" style=\"width:74px;height:55px\"\/><\/figure>\n\n\n\n<h4 class=\"wp-block-heading\"><strong>iOS e Android + Assinatura Multiplataforma<\/strong><\/h4>\n\n\n\n<p>O aplicativo est\u00e1 dispon\u00edvel para iPhone, iPad, celulares e tablets Android. Uma \u00fanica assinatura cobre todos os dispositivos, independentemente da plataforma!<\/p>\n<\/div><\/div>\n\n\n\n<div class=\"wp-block-group educators-icon-text-container\"><div class=\"wp-block-group__inner-container is-layout-flow wp-block-group-is-layout-flow\">\n<figure class=\"wp-block-image size-large is-resized\"><img loading=\"lazy\" decoding=\"async\" width=\"80\" height=\"80\" src=\"https:\/\/iscanner.com\/wp-content\/uploads\/2025\/05\/edu-aim.svg\" alt=\"\" class=\"wp-image-8408\" style=\"width:67px;height:67px\"\/><\/figure>\n\n\n\n<h4 class=\"wp-block-heading\">Captura Perfeita de Primeira, Toda Vez<\/h4>\n\n\n\n<p>Com detec\u00e7\u00e3o autom\u00e1tica de bordas no documento, editor integrado e um exclusivo alisador de digitaliza\u00e7\u00f5es, voc\u00ea cria digitaliza\u00e7\u00f5es perfeitas em segundos, corrige p\u00e1ginas dobradas e remove sombras e vincos.<\/p>\n<\/div><\/div>\n\n\n\n<div class=\"wp-block-group educators-icon-text-container\"><div class=\"wp-block-group__inner-container is-layout-flow wp-block-group-is-layout-flow\">\n<figure class=\"wp-block-image size-large is-resized\"><img loading=\"lazy\" decoding=\"async\" width=\"75\" height=\"75\" src=\"https:\/\/iscanner.com\/wp-content\/uploads\/2025\/05\/edu-pen.svg\" alt=\"\" class=\"wp-image-8415\" style=\"width:60px;height:60px\"\/><\/figure>\n\n\n\n<h4 class=\"wp-block-heading\">Assinatura Digital<\/h4>\n\n\n\n<p>Assine digitalmente e colete assinaturas em minutos, onde quer que esteja! Sem necessidade de imprimir tarefas, relat\u00f3rios ou registros para assinatura.<\/p>\n<\/div><\/div>\n\n\n\n<div class=\"wp-block-group educators-icon-text-container\"><div class=\"wp-block-group__inner-container is-layout-flow wp-block-group-is-layout-flow\">\n<figure class=\"wp-block-image size-large is-resized\"><img loading=\"lazy\" decoding=\"async\" width=\"74\" height=\"86\" src=\"https:\/\/iscanner.com\/wp-content\/uploads\/2025\/05\/edu-shield.svg\" alt=\"\" class=\"wp-image-8412\" style=\"width:55px;height:64px\"\/><\/figure>\n\n\n\n<h4 class=\"wp-block-heading\"><strong>Prote\u00e7\u00e3o de Dados e Privacidade<\/strong><\/h4>\n\n\n\n<p>Proteja seus dados no iScanner com PIN, toque ou reconhecimento facial. Al\u00e9m disso, o iScanner segue os Protocolos de Seguran\u00e7a da BBB e os requisitos do <a href=\"https:\/\/gdpr.eu\/what-is-gdpr\/#:~:text=The%20General%20Data%20Protection%20Regulation,to%20people%20in%20the%20EU.\">GDPR<\/a>, garantindo que nenhum dado seja coletado sem seu conhecimento ou consentimento. Nem nossa equipe nem terceiros t\u00eam acesso aos seus arquivos.<\/p>\n<\/div><\/div>\n<\/div><\/div>\n<\/div><\/div>\n\n\n\n<div class=\"wp-block-group educators-partners-container\"><div class=\"wp-block-group__inner-container is-layout-flow wp-block-group-is-layout-flow\">\n<h3 class=\"wp-block-heading\">Confiado por<\/h3>\n\n\n\n<ul class=\"wp-block-list\">\n<li>FHE<\/li>\n\n\n\n<li>CSUN<\/li>\n\n\n\n<li>UTD<\/li>\n\n\n\n<li>Purdue<\/li>\n\n\n\n<li>Alto<\/li>\n\n\n\n<li>Clemson<\/li>\n\n\n\n<li>Carleton<\/li>\n<\/ul>\n\n\n\n<p><\/p>\n<\/div><\/div>\n\n\n\n<div class=\"wp-block-group educators-blue-list-container\"><div class=\"wp-block-group__inner-container is-layout-flow wp-block-group-is-layout-flow\">\n<h3 class=\"wp-block-heading\">Com o iScanner para Educadores, voc\u00ea obt\u00e9m:<\/h3>\n\n\n\n<ul class=\"wp-block-list\">\n<li>Acesso gr\u00e1tis ao iScanner PRO por 1 ano para iPhone e iPad e 90 dias para Android;<\/li>\n\n\n\n<li>Um <a href=\"https:\/\/iscanner.com\/wp-content\/uploads\/2023\/06\/for_educators.pdf\">manual do usu\u00e1rio<\/a> claro, intuitivo e detalhado;<\/li>\n\n\n\n<li>Canal de comunica\u00e7\u00e3o 24\/7 com a equipe do aplicativo para suporte t\u00e9cnico e feedback;<\/li>\n\n\n\n<li>Al\u00edvio do estresse e mais tempo para focar no que \u00e9 importante!<\/li>\n<\/ul>\n\n\n\n<p><\/p>\n<\/div><\/div>\n\n\n\n<p><\/p>","protected":false},"excerpt":{"rendered":"<p>\u00a1Uma educa\u00e7\u00e3o melhor \u00e9&nbsp;o&nbsp;melhor&nbsp;caminhopara um futuro melhor! Avalia\u00e7\u00e3o do Professor 5\u2b50 \u201cO iScanner combina um design intuitivo, intelig\u00eancia artificial e recursos que normalmente est\u00e3o em aplicativos separados para oferecer uma solu\u00e7\u00e3o completa em um \u00fanico aplicativo, permitindo capturar tudo o que voc\u00ea deseja preservar.\u201d Como o iScanner pode ajudar no seu trabalho? N\u00e3o precisa levar [&hellip;]<\/p>","protected":false},"author":9,"featured_media":0,"parent":0,"menu_order":0,"comment_status":"closed","ping_status":"closed","template":"template\/educators.php","meta":{"footnotes":""},"class_list":["post-7877","page","type-page","status-publish","hentry"],"yoast_head":"<!-- This site is optimized with the Yoast SEO plugin v24.5 - https:\/\/yoast.com\/wordpress\/plugins\/seo\/ -->\n<title>iScanner para Educadores - iScanner<\/title>\n<meta name=\"description\" content=\"O iScanner oferece acesso gratuito a educadores e professores nos EUA, Reino Unido, Canad\u00e1, Fran\u00e7a e Alemanha. Digitalize em 300 DPI em qualquer lugar, edite PDFs e assine documentos, tendo todos os seus arquivos no seu dispositivo m\u00f3vel.\" \/>\n<meta name=\"robots\" content=\"index, follow, max-snippet:-1, max-image-preview:large, max-video-preview:-1\" \/>\n<link rel=\"canonical\" href=\"https:\/\/iscanner.com\/pt\/educators\/\" \/>\n<meta property=\"og:locale\" content=\"pt_PT\" \/>\n<meta property=\"og:type\" content=\"article\" \/>\n<meta property=\"og:title\" content=\"iScanner para Educadores - iScanner\" \/>\n<meta property=\"og:description\" content=\"O iScanner oferece acesso gratuito a educadores e professores nos EUA, Reino Unido, Canad\u00e1, Fran\u00e7a e Alemanha. Digitalize em 300 DPI em qualquer lugar, edite PDFs e assine documentos, tendo todos os seus arquivos no seu dispositivo m\u00f3vel.\" \/>\n<meta property=\"og:url\" content=\"https:\/\/iscanner.com\/pt\/educators\/\" \/>\n<meta property=\"og:site_name\" content=\"iScanner\" \/>\n<meta property=\"article:modified_time\" content=\"2026-01-26T09:46:56+00:00\" \/>\n<meta property=\"og:image\" content=\"https:\/\/iscanner.com\/wp-content\/uploads\/2022\/05\/640\u0445360.png\" \/>\n<meta name=\"twitter:card\" content=\"summary_large_image\" \/>\n<meta name=\"twitter:label1\" content=\"Tempo estimado de leitura\" \/>\n\t<meta name=\"twitter:data1\" content=\"2 minutos\" \/>\n<!-- \/ Yoast SEO plugin. -->","yoast_head_json":{"title":"iScanner para Educadores - iScanner","description":"O iScanner oferece acesso gratuito a educadores e professores nos EUA, Reino Unido, Canad\u00e1, Fran\u00e7a e Alemanha. Digitalize em 300 DPI em qualquer lugar, edite PDFs e assine documentos, tendo todos os seus arquivos no seu dispositivo m\u00f3vel.","robots":{"index":"index","follow":"follow","max-snippet":"max-snippet:-1","max-image-preview":"max-image-preview:large","max-video-preview":"max-video-preview:-1"},"canonical":"https:\/\/iscanner.com\/pt\/educators\/","og_locale":"pt_PT","og_type":"article","og_title":"iScanner para Educadores - iScanner","og_description":"O iScanner oferece acesso gratuito a educadores e professores nos EUA, Reino Unido, Canad\u00e1, Fran\u00e7a e Alemanha. Digitalize em 300 DPI em qualquer lugar, edite PDFs e assine documentos, tendo todos os seus arquivos no seu dispositivo m\u00f3vel.","og_url":"https:\/\/iscanner.com\/pt\/educators\/","og_site_name":"iScanner","article_modified_time":"2026-01-26T09:46:56+00:00","og_image":[{"url":"https:\/\/iscanner.com\/wp-content\/uploads\/2022\/05\/640\u0445360.png","type":"","width":"","height":""}],"twitter_card":"summary_large_image","twitter_misc":{"Tempo estimado de leitura":"2 minutos"},"schema":{"@context":"https:\/\/schema.org","@graph":[{"@type":"WebPage","@id":"https:\/\/iscanner.com\/pt\/educators\/","url":"https:\/\/iscanner.com\/pt\/educators\/","name":"iScanner para Educadores - iScanner","isPartOf":{"@id":"https:\/\/iscanner.com\/pt\/#website"},"primaryImageOfPage":{"@id":"https:\/\/iscanner.com\/pt\/educators\/#primaryimage"},"image":{"@id":"https:\/\/iscanner.com\/pt\/educators\/#primaryimage"},"thumbnailUrl":"https:\/\/iscanner.com\/wp-content\/uploads\/2022\/03\/eas-logo@3x-1.png","datePublished":"2025-06-30T13:08:42+00:00","dateModified":"2026-01-26T09:46:56+00:00","description":"O iScanner oferece acesso gratuito a educadores e professores nos EUA, Reino Unido, Canad\u00e1, Fran\u00e7a e Alemanha. Digitalize em 300 DPI em qualquer lugar, edite PDFs e assine documentos, tendo todos os seus arquivos no seu dispositivo m\u00f3vel.","breadcrumb":{"@id":"https:\/\/iscanner.com\/pt\/educators\/#breadcrumb"},"inLanguage":"pt-PT","potentialAction":[{"@type":"ReadAction","target":["https:\/\/iscanner.com\/pt\/educators\/"]}]},{"@type":"ImageObject","inLanguage":"pt-PT","@id":"https:\/\/iscanner.com\/pt\/educators\/#primaryimage","url":"https:\/\/iscanner.com\/wp-content\/uploads\/2022\/03\/eas-logo@3x-1.png","contentUrl":"https:\/\/iscanner.com\/wp-content\/uploads\/2022\/03\/eas-logo@3x-1.png"},{"@type":"BreadcrumbList","@id":"https:\/\/iscanner.com\/pt\/educators\/#breadcrumb","itemListElement":[{"@type":"ListItem","position":1,"name":"Home","item":"https:\/\/iscanner.com\/pt\/"},{"@type":"ListItem","position":2,"name":"iScanner para Educadores"}]},{"@type":"WebSite","@id":"https:\/\/iscanner.com\/pt\/#website","url":"https:\/\/iscanner.com\/pt\/","name":"iScanner","description":"Mobile Scanner App. Download for FREE (Android, iPhone)","potentialAction":[{"@type":"SearchAction","target":{"@type":"EntryPoint","urlTemplate":"https:\/\/iscanner.com\/pt\/?s={search_term_string}"},"query-input":{"@type":"PropertyValueSpecification","valueRequired":true,"valueName":"search_term_string"}}],"inLanguage":"pt-PT"},{"@type":"SoftwareApplication","name":"Iscanner","operatingSystem":"iOS, Android","applicationCategory":"Document converter","aggregateRating":{"@type":"AggregateRating","ratingValue":"4.5","ratingCount":"100"}}]}},"uagb_featured_image_src":{"full":false,"thumbnail":false,"medium":false,"medium_large":false,"large":false,"1536x1536":false,"2048x2048":false,"trp-custom-language-flag":false},"uagb_author_info":{"display_name":"Pavel Zubarevich","author_link":"https:\/\/iscanner.com\/pt\/author\/pavel-zubarevich\/"},"uagb_comment_info":0,"uagb_excerpt":"\u00a1Uma educa\u00e7\u00e3o melhor \u00e9&nbsp;o&nbsp;melhor&nbsp;caminhopara um futuro melhor! Avalia\u00e7\u00e3o do Professor 5\u2b50 \u201cO iScanner combina um design intuitivo, intelig\u00eancia artificial e recursos que normalmente est\u00e3o em aplicativos separados para oferecer uma solu\u00e7\u00e3o completa em um \u00fanico aplicativo, permitindo capturar tudo o que voc\u00ea deseja preservar.\u201d Como o iScanner pode ajudar no seu trabalho? N\u00e3o precisa levar&hellip;","_links":{"self":[{"href":"https:\/\/iscanner.com\/pt\/wp-json\/wp\/v2\/pages\/7877","targetHints":{"allow":["GET"]}}],"collection":[{"href":"https:\/\/iscanner.com\/pt\/wp-json\/wp\/v2\/pages"}],"about":[{"href":"https:\/\/iscanner.com\/pt\/wp-json\/wp\/v2\/types\/page"}],"author":[{"embeddable":true,"href":"https:\/\/iscanner.com\/pt\/wp-json\/wp\/v2\/users\/9"}],"replies":[{"embeddable":true,"href":"https:\/\/iscanner.com\/pt\/wp-json\/wp\/v2\/comments?post=7877"}],"version-history":[{"count":10,"href":"https:\/\/iscanner.com\/pt\/wp-json\/wp\/v2\/pages\/7877\/revisions"}],"predecessor-version":[{"id":9903,"href":"https:\/\/iscanner.com\/pt\/wp-json\/wp\/v2\/pages\/7877\/revisions\/9903"}],"wp:attachment":[{"href":"https:\/\/iscanner.com\/pt\/wp-json\/wp\/v2\/media?parent=7877"}],"curies":[{"name":"wp","href":"https:\/\/api.w.org\/{rel}","templated":true}]}}