{"id":7865,"date":"2025-06-30T13:07:49","date_gmt":"2025-06-30T13:07:49","guid":{"rendered":"https:\/\/iscanner.com\/?page_id=7865"},"modified":"2025-08-22T16:04:09","modified_gmt":"2025-08-22T16:04:09","slug":"get-support-and-answers","status":"publish","type":"page","link":"https:\/\/iscanner.com\/pt\/get-support-and-answers\/","title":{"rendered":"Suporte e Respostas"},"content":{"rendered":"","protected":false},"excerpt":{"rendered":"","protected":false},"author":9,"featured_media":0,"parent":0,"menu_order":0,"comment_status":"closed","ping_status":"closed","template":"template\/faq.php","meta":{"footnotes":""},"class_list":["post-7865","page","type-page","status-publish","hentry"],"yoast_head":"<!-- This site is optimized with the Yoast SEO plugin v24.5 - https:\/\/yoast.com\/wordpress\/plugins\/seo\/ -->\n<title>Perguntas Frequentes - iScanner<\/title>\n<meta name=\"description\" content=\"Encontre respostas sobre o iScanner em nossa extensa se\u00e7\u00e3o Perguntas Frequentes. D\u00favidas? Uma equipe de suporte atenciosa resolver\u00e1 todas.\" \/>\n<meta name=\"robots\" content=\"index, follow, max-snippet:-1, max-image-preview:large, max-video-preview:-1\" \/>\n<link rel=\"canonical\" href=\"https:\/\/iscanner.com\/pt\/get-support-and-answers\/\" \/>\n<meta property=\"og:locale\" content=\"pt_PT\" \/>\n<meta property=\"og:type\" content=\"article\" \/>\n<meta property=\"og:title\" content=\"Frequently Asked Questions - iScanner\" \/>\n<meta property=\"og:description\" content=\"Get answers about iScanner in our extensive FAQ section. Have more questions? A friendly support team will address all your concerns.\" \/>\n<meta property=\"og:url\" content=\"https:\/\/iscanner.com\/pt\/get-support-and-answers\/\" \/>\n<meta property=\"og:site_name\" content=\"iScanner\" \/>\n<meta property=\"article:modified_time\" content=\"2025-08-22T16:04:09+00:00\" \/>\n<meta name=\"twitter:card\" content=\"summary_large_image\" \/>\n<meta name=\"twitter:title\" content=\"Frequently Asked Questions - iScanner\" \/>\n<meta name=\"twitter:description\" content=\"Get answers about iScanner in our extensive FAQ section. Have more questions? A friendly support team will address all your concerns.\" \/>\n<!-- \/ Yoast SEO plugin. -->","yoast_head_json":{"title":"Perguntas Frequentes - iScanner","description":"Encontre respostas sobre o iScanner em nossa extensa se\u00e7\u00e3o Perguntas Frequentes. D\u00favidas? Uma equipe de suporte atenciosa resolver\u00e1 todas.","robots":{"index":"index","follow":"follow","max-snippet":"max-snippet:-1","max-image-preview":"max-image-preview:large","max-video-preview":"max-video-preview:-1"},"canonical":"https:\/\/iscanner.com\/pt\/get-support-and-answers\/","og_locale":"pt_PT","og_type":"article","og_title":"Frequently Asked Questions - iScanner","og_description":"Get answers about iScanner in our extensive FAQ section. Have more questions? A friendly support team will address all your concerns.","og_url":"https:\/\/iscanner.com\/pt\/get-support-and-answers\/","og_site_name":"iScanner","article_modified_time":"2025-08-22T16:04:09+00:00","twitter_card":"summary_large_image","twitter_title":"Frequently Asked Questions - iScanner","twitter_description":"Get answers about iScanner in our extensive FAQ section. Have more questions? A friendly support team will address all your concerns.","schema":{"@context":"https:\/\/schema.org","@graph":[{"@type":"WebPage","@id":"https:\/\/iscanner.com\/pt\/get-support-and-answers\/","url":"https:\/\/iscanner.com\/pt\/get-support-and-answers\/","name":"Perguntas Frequentes - iScanner","isPartOf":{"@id":"https:\/\/iscanner.com\/pt\/#website"},"datePublished":"2025-06-30T13:07:49+00:00","dateModified":"2025-08-22T16:04:09+00:00","description":"Encontre respostas sobre o iScanner em nossa extensa se\u00e7\u00e3o Perguntas Frequentes. D\u00favidas? Uma equipe de suporte atenciosa resolver\u00e1 todas.","breadcrumb":{"@id":"https:\/\/iscanner.com\/pt\/get-support-and-answers\/#breadcrumb"},"inLanguage":"pt-PT","potentialAction":[{"@type":"ReadAction","target":["https:\/\/iscanner.com\/pt\/get-support-and-answers\/"]}]},{"@type":"BreadcrumbList","@id":"https:\/\/iscanner.com\/pt\/get-support-and-answers\/#breadcrumb","itemListElement":[{"@type":"ListItem","position":1,"name":"Home","item":"https:\/\/iscanner.com\/pt\/"},{"@type":"ListItem","position":2,"name":"Suporte e Respostas"}]},{"@type":"WebSite","@id":"https:\/\/iscanner.com\/pt\/#website","url":"https:\/\/iscanner.com\/pt\/","name":"iScanner","description":"Mobile Scanner App. Download for FREE (Android, iPhone)","potentialAction":[{"@type":"SearchAction","target":{"@type":"EntryPoint","urlTemplate":"https:\/\/iscanner.com\/pt\/?s={search_term_string}"},"query-input":{"@type":"PropertyValueSpecification","valueRequired":true,"valueName":"search_term_string"}}],"inLanguage":"pt-PT"},{"@type":"SoftwareApplication","name":"Iscanner","operatingSystem":"iOS, Android","applicationCategory":"Document converter","aggregateRating":{"@type":"AggregateRating","ratingValue":"4.5","ratingCount":"100"}}]}},"uagb_featured_image_src":{"full":false,"thumbnail":false,"medium":false,"medium_large":false,"large":false,"1536x1536":false,"2048x2048":false,"trp-custom-language-flag":false},"uagb_author_info":{"display_name":"Pavel Zubarevich","author_link":"https:\/\/iscanner.com\/pt\/author\/pavel-zubarevich\/"},"uagb_comment_info":0,"uagb_excerpt":null,"_links":{"self":[{"href":"https:\/\/iscanner.com\/pt\/wp-json\/wp\/v2\/pages\/7865","targetHints":{"allow":["GET"]}}],"collection":[{"href":"https:\/\/iscanner.com\/pt\/wp-json\/wp\/v2\/pages"}],"about":[{"href":"https:\/\/iscanner.com\/pt\/wp-json\/wp\/v2\/types\/page"}],"author":[{"embeddable":true,"href":"https:\/\/iscanner.com\/pt\/wp-json\/wp\/v2\/users\/9"}],"replies":[{"embeddable":true,"href":"https:\/\/iscanner.com\/pt\/wp-json\/wp\/v2\/comments?post=7865"}],"version-history":[{"count":5,"href":"https:\/\/iscanner.com\/pt\/wp-json\/wp\/v2\/pages\/7865\/revisions"}],"predecessor-version":[{"id":9277,"href":"https:\/\/iscanner.com\/pt\/wp-json\/wp\/v2\/pages\/7865\/revisions\/9277"}],"wp:attachment":[{"href":"https:\/\/iscanner.com\/pt\/wp-json\/wp\/v2\/media?parent=7865"}],"curies":[{"name":"wp","href":"https:\/\/api.w.org\/{rel}","templated":true}]}}