{"id":7857,"date":"2025-06-30T13:07:20","date_gmt":"2025-06-30T13:07:20","guid":{"rendered":"https:\/\/iscanner.com\/?page_id=7857"},"modified":"2025-12-08T10:35:04","modified_gmt":"2025-12-08T10:35:04","slug":"sustainability","status":"publish","type":"page","link":"https:\/\/iscanner.com\/pt\/sustainability\/","title":{"rendered":"Sustentabilidade"},"content":{"rendered":"<section  class=\"section\" >\r\n    <div class=\"container\">\r\n        <div class=\"h2-center col-11 col-sm-12\">\r\n                        <h2>Livre-se de Papel<\/h2>\r\n            <p class=\"lead col-11 col-sm-12\">O aplicativo <strong>iScanner<\/strong> \u00e9 um passo no caminho para reduzir o uso de papel. Uma \u00e1rvore pequena produz <strong>cerca de 4.000 folhas de papel<\/strong>. A cada ano, digitalizando e exportando arquivos digitais, os usu\u00e1rios do <strong>iScanner<\/strong> juntos salvam <strong>16.000 \u00e1rvores<\/strong>, o que \u00e9 suficiente para cobrir uma \u00e1rea equivalente a <strong>56 campos de futebol<\/strong>.<\/p>\r\n        <\/div>\r\n    <\/div>\r\n<\/section>\n\n\n<div class=\"wp-block-group is-content-justification-center is-nowrap is-layout-flex wp-container-core-group-is-layout-94bc23d7 wp-block-group-is-layout-flex\">\n<figure class=\"wp-block-image size-full is-resized\"><img loading=\"lazy\" decoding=\"async\" width=\"264\" height=\"264\" src=\"https:\/\/iscanner.com\/wp-content\/uploads\/2025\/12\/sustainability-leaf-1.png\" alt=\"\" class=\"wp-image-9686\" style=\"object-fit:cover;width:132px;height:132px\" srcset=\"https:\/\/iscanner.com\/wp-content\/uploads\/2025\/12\/sustainability-leaf-1.png 264w, https:\/\/iscanner.com\/wp-content\/uploads\/2025\/12\/sustainability-leaf-1-150x150.png 150w, https:\/\/iscanner.com\/wp-content\/uploads\/2025\/12\/sustainability-leaf-1-12x12.png 12w\" sizes=\"auto, (max-width: 264px) 100vw, 264px\" \/><\/figure>\n<\/div>\n\n\n<section class=\"section\">\r\n    <div class=\"container\">\r\n        <style>\r\n                    <\/style>\r\n        <div class=\"excerpt rtl\">\r\n            <div class=\"excerpt-image col-7 col-sm-12 mobile-bottom\" data-aos=\"fade-left\">\r\n                <img decoding=\"async\" src=\"https:\/\/iscanner.com\/wp-content\/uploads\/2025\/12\/sustainability-banner-1.png\" alt=\"\" title=\"\">\r\n            <\/div>\r\n            <div class=\"excerpt-content col-5 col-sm-12\" data-aos=\"fade-right\">\r\n                <h2>Edite e Assine Digitalmente em Vez de Imprimir<\/h2>\r\n                <p>Com o iScanner, n\u00e3o h\u00e1 necessidade de imprimir documentos. Voc\u00ea pode editar arquivos diretamente dentro do aplicativo. Precisa adicionar sua assinatura? Ainda sem papelada. Simplesmente assine eletronicamente o documento no aplicativo e compartilhe-o imediatamente via mensageiros, e-mail ou um link. Tudo isso \u00e9 totalmente gratuito.<\/p>\n            <\/div>\r\n        <\/div>\r\n    <\/div>\r\n<\/section>\n\n<section class=\"section\">\r\n    <div class=\"container\">\r\n        <style>\r\n                    <\/style>\r\n        <div class=\"excerpt\">\r\n            <div class=\"excerpt-image col-7 col-sm-12 mobile-bottom\" data-aos=\"fade-right\">\r\n                <img decoding=\"async\" src=\"https:\/\/iscanner.com\/wp-content\/uploads\/2025\/12\/sustainability-banner-2.png\" alt=\"\" title=\"\">\r\n            <\/div>\r\n            <div class=\"excerpt-content col-5 col-sm-12\" data-aos=\"fade-left\">\r\n                <h2>Obtenha Conquistas com Nosso Programa Ecol\u00f3gico<\/h2>\r\n                <p>Todos os usu\u00e1rios registrados do iScanner podem se divertir ganhando emblemas ecol\u00f3gicos exportando p\u00e1ginas. Cada exporta\u00e7\u00e3o ajuda a cultivar uma \u00e1rvore virtual. Tente ganhar todos os 8 emblemas, de Semente (1 p\u00e1gina exportada) a Her\u00f3i da \u00c1rvore (4.000 p\u00e1ginas). Acompanhe seu progresso e veja seu impacto crescer no menu In\u00edcio.<\/p>\n<p><a class=\"btn btn-myfiles\" target=\"_blank\" href=\"https:\/\/www.youtube.com\/watch?v=vD9gPBu7SJ8\">Assistir ao v\u00eddeo<\/a><\/p>\n            <\/div>\r\n        <\/div>\r\n    <\/div>\r\n<\/section>\n\n<section class=\"section\">\r\n    <div class=\"container\">\r\n        <style>\r\n                    <\/style>\r\n        <div class=\"excerpt rtl\">\r\n            <div class=\"excerpt-image col-7 col-sm-12 mobile-bottom\" data-aos=\"fade-left\">\r\n                <img decoding=\"async\" src=\"https:\/\/iscanner.com\/wp-content\/uploads\/2025\/12\/sustainability-banner-3.png\" alt=\"\" title=\"\">\r\n            <\/div>\r\n            <div class=\"excerpt-content col-5 col-sm-12\" data-aos=\"fade-right\">\r\n                <h2>Adicione Widgets Ecol\u00f3gicos \u00e0 Sua Tela<\/h2>\r\n                <p>Todos os usu\u00e1rios de iPhone podem adicionar um widget de contador ecol\u00f3gico \u00e0 sua tela bloqueada. Esta ferramenta pr\u00e1tica mostra o n\u00famero de \u00e1rvores que voc\u00ea salvou pessoalmente, bem como o n\u00famero total salvo por toda a comunidade iScanner. \u00c9 uma maneira inspiradora de ver seu impacto crescer todos os dias.<\/p>\n            <\/div>\r\n        <\/div>\r\n    <\/div>\r\n<\/section>\n\n<section class=\"section\">\r\n    <div class=\"container\">\r\n        <style>\r\n                    <\/style>\r\n        <div class=\"excerpt\">\r\n            <div class=\"excerpt-image col-7 col-sm-12 mobile-bottom\" data-aos=\"fade-right\">\r\n                <img decoding=\"async\" src=\"https:\/\/iscanner.com\/wp-content\/uploads\/2025\/12\/sustainability-banner-4.png\" alt=\"\" title=\"\">\r\n            <\/div>\r\n            <div class=\"excerpt-content col-5 col-sm-12\" data-aos=\"fade-left\">\r\n                <h2>Compartilhe Seus Eco-Certificados<\/h2>\r\n                <p>Para cada emblema que voc\u00ea ganha, voc\u00ea recebe um eco-certificado reconhecendo seu compromisso com um estilo de vida sem papel. Voc\u00ea pode baix\u00e1-lo do aplicativo e compartilhar em suas contas pessoais ou da empresa nas redes sociais.<\/p>\n            <\/div>\r\n        <\/div>\r\n    <\/div>\r\n<\/section>\n\n\n<div class=\"wp-block-group is-content-justification-center is-nowrap is-layout-flex wp-container-core-group-is-layout-94bc23d7 wp-block-group-is-layout-flex\">\n<figure class=\"wp-block-image size-full is-resized\"><img loading=\"lazy\" decoding=\"async\" width=\"264\" height=\"264\" src=\"https:\/\/iscanner.com\/wp-content\/uploads\/2025\/12\/sustainability-leaf-1.png\" alt=\"\" class=\"wp-image-9686\" style=\"object-fit:cover;width:132px;height:132px\" srcset=\"https:\/\/iscanner.com\/wp-content\/uploads\/2025\/12\/sustainability-leaf-1.png 264w, https:\/\/iscanner.com\/wp-content\/uploads\/2025\/12\/sustainability-leaf-1-150x150.png 150w, https:\/\/iscanner.com\/wp-content\/uploads\/2025\/12\/sustainability-leaf-1-12x12.png 12w\" sizes=\"auto, (max-width: 264px) 100vw, 264px\" \/><\/figure>\n<\/div>\n\n\n<section class=\"section\">\r\n    <div class=\"container\">\r\n        <style>\r\n            .sustainability-banner {\n  border-radius: 20px;\n  padding: 120px 120px 100px;\n}\n.sustainability-banner .customizable-banner__content {\n  padding-right: 25px;\n}\n.sustainability-banner p {\n  letter-spacing: -1.1px;\n  line-height: 1.5;\n}\n.sustainability-banner a {\n  font-size: 28px;\n  font-weight: 700;\n  margin-top: 30px;\n  padding: 20px;\n  height: auto;\n  max-width: 312px;\n  width: 100%;\n}\n.sustainability-banner .customizable-banner__image {\n  position: absolute;\n  right: 0;\n  bottom: 0;\n  top: 0;\n  max-width: 71%;\n}\n.sustainability-banner .customizable-banner__image img {\n  object-position: right bottom;\n}\n@media(max-width: 1280px) {\n  .sustainability-banner {\n    padding: 70px 60px 60px;\n  }\n}\n@media(max-width: 1024px) {\n  .sustainability-banner {\n    padding-bottom: 0;\n  }\n  .sustainability-banner .customizable-banner__content {\n     padding-right: 0;\n  }\n  .sustainability-banner .customizable-banner__image {\n    position: static;\n    margin-bottom: 0;\n    max-width: 100% !important;\n  }\n}\n@media(max-width: 768px) {\n  .sustainability-banner {\n    padding: 33px 23px 0;\n  }\n}\n        <\/style>\r\n        <div class=\"customizable-banner sustainability-banner right mobile-bottom\" style=\"background-color: #f3f5fc; \">\r\n            <div class=\"customizable-banner__content\" data-aos=\"fade-down\">\r\n                <h2>Seja Sustent\u00e1vel<\/h2>\r\n                                    <p>H\u00e1bitos simples e sustent\u00e1veis podem colocar uma mudan\u00e7a duradoura em movimento. Para celebrar o Dia da Terra, fizemos uma parceria com o Recycling.com para criar um <strong>guia de Organizar e Digitalizar<\/strong>. Isso inclui dicas pr\u00e1ticas sobre quais documentos manter, quais eliminar, como reciclar de forma inteligente e alguns passos simples para n\u00e3o usar papel.<br \/>\n<a target=\"_blank\" class=\"btn btn-blue\" href=\"https:\/\/iscanner.com\/wp-content\/uploads\/2022\/04\/earth-day.pdf\">Ler o Guia<\/a><\/p>\n                            <\/div>\r\n                            <div class=\"customizable-banner__image\" data-aos=\"fade-up\">\r\n                    <picture>\r\n                                                    <source media=\"(max-width:1024px)\" srcset=\"https:\/\/iscanner.com\/wp-content\/uploads\/2025\/12\/sustainability-banner-5-mobile.png\">\r\n                                                                            <source media=\"(min-width:1024px)\" srcset=\"https:\/\/iscanner.com\/wp-content\/uploads\/2025\/12\/sustainability-banner-5.png\">\r\n                            <img decoding=\"async\" src=\"https:\/\/iscanner.com\/wp-content\/uploads\/2025\/12\/sustainability-banner-5.png\">\r\n                                            <\/picture>\r\n                <\/div>\r\n                    <\/div>\r\n    <\/div>\r\n<\/section>\n\n\n<div class=\"wp-block-group sustainability-full-width-green\"><div class=\"wp-block-group__inner-container is-layout-constrained wp-block-group-is-layout-constrained\">\n<div class=\"wp-block-group is-nowrap is-layout-flex wp-container-core-group-is-layout-ad2f72ca wp-block-group-is-layout-flex\">\n<figure class=\"wp-block-image size-large\"><img loading=\"lazy\" decoding=\"async\" width=\"1024\" height=\"1024\" src=\"https:\/\/iscanner.com\/wp-content\/uploads\/2025\/12\/sustainability-hands-1024x1024.png\" alt=\"\" class=\"wp-image-9685\" srcset=\"https:\/\/iscanner.com\/wp-content\/uploads\/2025\/12\/sustainability-hands-1024x1024.png 1024w, https:\/\/iscanner.com\/wp-content\/uploads\/2025\/12\/sustainability-hands-300x300.png 300w, https:\/\/iscanner.com\/wp-content\/uploads\/2025\/12\/sustainability-hands-150x150.png 150w, https:\/\/iscanner.com\/wp-content\/uploads\/2025\/12\/sustainability-hands-768x768.png 768w, https:\/\/iscanner.com\/wp-content\/uploads\/2025\/12\/sustainability-hands-12x12.png 12w, https:\/\/iscanner.com\/wp-content\/uploads\/2025\/12\/sustainability-hands.png 1500w\" sizes=\"auto, (max-width: 1024px) 100vw, 1024px\" \/><\/figure>\n\n\n\n<div class=\"wp-block-group\"><div class=\"wp-block-group__inner-container is-layout-constrained wp-block-group-is-layout-constrained\">\n<h2 class=\"wp-block-heading\">Incentive Seu Filho ao Voluntariado Ecol\u00f3gico<\/h2>\n\n\n\n<p>Com o iScanner, crian\u00e7as e adolescentes podem contribuir para sua comunidade local. Se voc\u00ea acha que a escola de seu filho usa muito papel, n\u00f3s os convidamos a participar de nosso projeto de voluntariado chamado \u00abGerencie Seu Consumo de Papel para um Futuro Melhor\u00bb. Deixe que eles fa\u00e7am uma diferen\u00e7a real de uma maneira divertida e envolvente.<br><br><a href=\"https:\/\/iscanner.com\/digital-eco-project-a-volunteering-opportunity-your-child-will-enjoy\/\" target=\"_blank\" rel=\"noreferrer noopener\">Confira<\/a><\/p>\n<\/div><\/div>\n<\/div>\n<\/div><\/div>\n\n\n<section class=\"section\">\r\n    <div class=\"container\">\r\n        <style>\r\n            .sustainability-banner-1 {\n  border-radius: 20px;\n  padding: 120px 120px 100px;\n}\n.sustainability-banner-1 .customizable-banner__content {\n  padding-right: 25px;\n}\n.sustainability-banner-1 .customizable-banner__content a {\n  color: #495795;\n  font-size: 20px;\n  font-weight: 700;\n  text-decoration: none;\n}\n.sustainability-banner-1 p {\n  letter-spacing: -1.1px;\n  line-height: 1.5;\n}\n.sustainability-banner-1 .customizable-banner__image {\n  position: absolute;\n  right: 0;\n  bottom: 0;\n  top: 0;\n  max-width: 71%;\n}\n.sustainability-banner-1 .customizable-banner__image img {\n  object-position: right bottom;\n}\n@media(max-width: 1280px) {\n  .sustainability-banner-1 {\n    padding: 70px 60px 60px;\n  }\n}\n@media(max-width: 1024px) {\n  .sustainability-banner-1 {\n    padding-bottom: 0;\n  }\n  .sustainability-banner-1 .customizable-banner__content {\n     padding-right: 0;\n  }\n  .sustainability-banner-1 .customizable-banner__image {\n    position: static;\n    margin-bottom: 0;\n    max-width: 100% !important;\n  }\n}\n@media(max-width: 768px) {\n  .sustainability-banner-1 {\n    padding: 33px 23px 0;\n  }\n}\n        <\/style>\r\n        <div class=\"customizable-banner sustainability-banner-1 right mobile-bottom\" style=\"background-color: #f3f5fc; \">\r\n            <div class=\"customizable-banner__content\" data-aos=\"fade-down\">\r\n                <h2>Continue Aprendendo e Contribuindo<\/h2>\r\n                                    <p>N\u00e3o paramos por aqui. Todos os anos, celebramos o <a target=\"_blank\" href=\"https:\/\/iscanner.com\/going-paperless-for-earth-day-with-iscanner\/\">Dia da Terra<\/a> e o <a target=\"_blank\" href=\"https:\/\/iscanner.com\/how-to-celebrate-world-paper-free-day\/\">Dia Mundial do Papel<\/a>, inspirando nossa comunidade e estudantes do ensino m\u00e9dio a se <a target=\"_blank\" href=\"https:\/\/iscanner.com\/earth-day-activities-for-high-school-students\/\">juntarem a n\u00f3s<\/a>. Criamos <a target=\"_blank\" href=\"https:\/\/iscanner.com\/how-to-get-your-business-sustainable-on-a-budget-4-easy-steps\/\">guias para empresas<\/a>, compartilhamos dicas de organiza\u00e7\u00e3o dom\u00e9stica, realizamos <a target=\"_blank\" href=\"https:\/\/iscanner.com\/survey-what-eco-friendly-initiatives-are-more-interesting-for-small-businesses-and-what-barriers-do-they-face-while-implementing\/\">pesquisas ecol\u00f3gicas<\/a> para PMEs e compartilhamos tudo isso em nosso aplicativo, site e m\u00eddias sociais. Junte-se a n\u00f3s!<\/p>\n                            <\/div>\r\n                            <div class=\"customizable-banner__image\" data-aos=\"fade-up\">\r\n                    <picture>\r\n                                                    <source media=\"(max-width:1024px)\" srcset=\"https:\/\/iscanner.com\/wp-content\/uploads\/2025\/12\/sustainability-banner-6-mobile.png\">\r\n                                                                            <source media=\"(min-width:1024px)\" srcset=\"https:\/\/iscanner.com\/wp-content\/uploads\/2025\/12\/sustainability-banner-6.png\">\r\n                            <img decoding=\"async\" src=\"https:\/\/iscanner.com\/wp-content\/uploads\/2025\/12\/sustainability-banner-6.png\">\r\n                                            <\/picture>\r\n                <\/div>\r\n                    <\/div>\r\n    <\/div>\r\n<\/section>\n\n<section  class=\"section\" >\r\n    <div class=\"container\">\r\n        <div class=\"h2-center col-10 col-sm-12\">\r\n                        <h2>Desde 2015, ajudamos milh\u00f5es de pessoas ao redor do mundo a substituir milh\u00f5es de folhas de papel por documentos digitais.<\/h2>\r\n            <p class=\"lead col-8 col-sm-12\"><\/p>\r\n        <\/div>\r\n    <\/div>\r\n<\/section>\n\n<section class=\"section section-last\">\r\n    <div class=\"container\">\r\n        <img decoding=\"async\" class=\"section-last-image\" src=\"https:\/\/iscanner.com\/wp-content\/uploads\/2024\/10\/bottom-1.png\" alt=\"\" data-aos=\"fade-up\">\r\n    <\/div>\r\n<\/section>","protected":false},"excerpt":{"rendered":"<p>Incentive Seu Filho ao Voluntariado Ecol\u00f3gico Com o iScanner, crian\u00e7as e adolescentes podem contribuir para sua comunidade local. Se voc\u00ea acha que a escola de seu filho usa muito papel, n\u00f3s os convidamos a participar de nosso projeto de voluntariado chamado \u00abGerencie Seu Consumo de Papel para um Futuro Melhor\u00bb. Deixe que eles fa\u00e7am uma [&hellip;]<\/p>","protected":false},"author":9,"featured_media":0,"parent":0,"menu_order":0,"comment_status":"closed","ping_status":"closed","template":"template\/feature-new.php","meta":{"footnotes":""},"class_list":["post-7857","page","type-page","status-publish","hentry"],"yoast_head":"<!-- This site is optimized with the Yoast SEO plugin v24.5 - https:\/\/yoast.com\/wordpress\/plugins\/seo\/ -->\n<title>Torne Seu Local de Trabalho Livre de Papel com iScanner<\/title>\n<meta name=\"description\" content=\"H\u00e1bitos sustent\u00e1veis \u200b\u200bsimples podem desencadear uma mudan\u00e7a duradoura. Conhe\u00e7a nosso guia &quot;Organizar e Digitalizar&quot; sobre como organizar de forma consciente, reciclar com efici\u00eancia e eliminar o uso de papel.\" \/>\n<meta name=\"robots\" content=\"index, follow, max-snippet:-1, max-image-preview:large, max-video-preview:-1\" \/>\n<link rel=\"canonical\" href=\"https:\/\/iscanner.com\/pt\/sustainability\/\" \/>\n<meta property=\"og:locale\" content=\"pt_PT\" \/>\n<meta property=\"og:type\" content=\"article\" \/>\n<meta property=\"og:title\" content=\"Make Your Workplace Paper-Free with iScanner\" \/>\n<meta property=\"og:description\" content=\"Sustainability is not an empty word for us. Since 2015 iScanner has helped millions of people around the world to replace millions of sheets of paper with digital documents.\" \/>\n<meta property=\"og:url\" content=\"https:\/\/iscanner.com\/pt\/sustainability\/\" \/>\n<meta property=\"og:site_name\" content=\"iScanner\" \/>\n<meta property=\"article:modified_time\" content=\"2025-12-08T10:35:04+00:00\" \/>\n<meta property=\"og:image\" content=\"https:\/\/iscanner.com\/wp-content\/uploads\/2025\/12\/sustainability-leaf-1.png\" \/>\n\t<meta property=\"og:image:width\" content=\"264\" \/>\n\t<meta property=\"og:image:height\" content=\"264\" \/>\n\t<meta property=\"og:image:type\" content=\"image\/png\" \/>\n<meta name=\"twitter:card\" content=\"summary_large_image\" \/>\n<meta name=\"twitter:title\" content=\"Make Your Workplace Paper-Free with iScanner\" \/>\n<meta name=\"twitter:description\" content=\"Sustainability is not an empty word for us. Since 2015 iScanner has helped millions of people around the world to replace millions of sheets of paper with digital documents.\" \/>\n<!-- \/ Yoast SEO plugin. -->","yoast_head_json":{"title":"Torne Seu Local de Trabalho Livre de Papel com iScanner","description":"H\u00e1bitos sustent\u00e1veis \u200b\u200bsimples podem desencadear uma mudan\u00e7a duradoura. Conhe\u00e7a nosso guia \"Organizar e Digitalizar\" sobre como organizar de forma consciente, reciclar com efici\u00eancia e eliminar o uso de papel.","robots":{"index":"index","follow":"follow","max-snippet":"max-snippet:-1","max-image-preview":"max-image-preview:large","max-video-preview":"max-video-preview:-1"},"canonical":"https:\/\/iscanner.com\/pt\/sustainability\/","og_locale":"pt_PT","og_type":"article","og_title":"Make Your Workplace Paper-Free with iScanner","og_description":"Sustainability is not an empty word for us. Since 2015 iScanner has helped millions of people around the world to replace millions of sheets of paper with digital documents.","og_url":"https:\/\/iscanner.com\/pt\/sustainability\/","og_site_name":"iScanner","article_modified_time":"2025-12-08T10:35:04+00:00","og_image":[{"width":264,"height":264,"url":"https:\/\/iscanner.com\/wp-content\/uploads\/2025\/12\/sustainability-leaf-1.png","type":"image\/png"}],"twitter_card":"summary_large_image","twitter_title":"Make Your Workplace Paper-Free with iScanner","twitter_description":"Sustainability is not an empty word for us. Since 2015 iScanner has helped millions of people around the world to replace millions of sheets of paper with digital documents.","schema":{"@context":"https:\/\/schema.org","@graph":[{"@type":"WebPage","@id":"https:\/\/iscanner.com\/pt\/sustainability\/","url":"https:\/\/iscanner.com\/pt\/sustainability\/","name":"Torne Seu Local de Trabalho Livre de Papel com iScanner","isPartOf":{"@id":"https:\/\/iscanner.com\/pt\/#website"},"primaryImageOfPage":{"@id":"https:\/\/iscanner.com\/pt\/sustainability\/#primaryimage"},"image":{"@id":"https:\/\/iscanner.com\/pt\/sustainability\/#primaryimage"},"thumbnailUrl":"https:\/\/iscanner.com\/wp-content\/uploads\/2025\/12\/sustainability-leaf-1.png","datePublished":"2025-06-30T13:07:20+00:00","dateModified":"2025-12-08T10:35:04+00:00","description":"H\u00e1bitos sustent\u00e1veis \u200b\u200bsimples podem desencadear uma mudan\u00e7a duradoura. Conhe\u00e7a nosso guia \"Organizar e Digitalizar\" sobre como organizar de forma consciente, reciclar com efici\u00eancia e eliminar o uso de papel.","breadcrumb":{"@id":"https:\/\/iscanner.com\/pt\/sustainability\/#breadcrumb"},"inLanguage":"pt-PT","potentialAction":[{"@type":"ReadAction","target":["https:\/\/iscanner.com\/pt\/sustainability\/"]}]},{"@type":"ImageObject","inLanguage":"pt-PT","@id":"https:\/\/iscanner.com\/pt\/sustainability\/#primaryimage","url":"https:\/\/iscanner.com\/wp-content\/uploads\/2025\/12\/sustainability-leaf-1.png","contentUrl":"https:\/\/iscanner.com\/wp-content\/uploads\/2025\/12\/sustainability-leaf-1.png"},{"@type":"BreadcrumbList","@id":"https:\/\/iscanner.com\/pt\/sustainability\/#breadcrumb","itemListElement":[{"@type":"ListItem","position":1,"name":"Home","item":"https:\/\/iscanner.com\/pt\/"},{"@type":"ListItem","position":2,"name":"Sustentabilidade"}]},{"@type":"WebSite","@id":"https:\/\/iscanner.com\/pt\/#website","url":"https:\/\/iscanner.com\/pt\/","name":"iScanner","description":"Mobile Scanner App. Download for FREE (Android, iPhone)","potentialAction":[{"@type":"SearchAction","target":{"@type":"EntryPoint","urlTemplate":"https:\/\/iscanner.com\/pt\/?s={search_term_string}"},"query-input":{"@type":"PropertyValueSpecification","valueRequired":true,"valueName":"search_term_string"}}],"inLanguage":"pt-PT"},{"@type":"SoftwareApplication","name":"Iscanner","operatingSystem":"iOS, Android","applicationCategory":"Document converter","aggregateRating":{"@type":"AggregateRating","ratingValue":"4.5","ratingCount":"100"}}]}},"uagb_featured_image_src":{"full":false,"thumbnail":false,"medium":false,"medium_large":false,"large":false,"1536x1536":false,"2048x2048":false,"trp-custom-language-flag":false},"uagb_author_info":{"display_name":"Pavel Zubarevich","author_link":"https:\/\/iscanner.com\/pt\/author\/pavel-zubarevich\/"},"uagb_comment_info":0,"uagb_excerpt":"Incentive Seu Filho ao Voluntariado Ecol\u00f3gico Com o iScanner, crian\u00e7as e adolescentes podem contribuir para sua comunidade local. Se voc\u00ea acha que a escola de seu filho usa muito papel, n\u00f3s os convidamos a participar de nosso projeto de voluntariado chamado \u00abGerencie Seu Consumo de Papel para um Futuro Melhor\u00bb. Deixe que eles fa\u00e7am uma&hellip;","_links":{"self":[{"href":"https:\/\/iscanner.com\/pt\/wp-json\/wp\/v2\/pages\/7857","targetHints":{"allow":["GET"]}}],"collection":[{"href":"https:\/\/iscanner.com\/pt\/wp-json\/wp\/v2\/pages"}],"about":[{"href":"https:\/\/iscanner.com\/pt\/wp-json\/wp\/v2\/types\/page"}],"author":[{"embeddable":true,"href":"https:\/\/iscanner.com\/pt\/wp-json\/wp\/v2\/users\/9"}],"replies":[{"embeddable":true,"href":"https:\/\/iscanner.com\/pt\/wp-json\/wp\/v2\/comments?post=7857"}],"version-history":[{"count":8,"href":"https:\/\/iscanner.com\/pt\/wp-json\/wp\/v2\/pages\/7857\/revisions"}],"predecessor-version":[{"id":9727,"href":"https:\/\/iscanner.com\/pt\/wp-json\/wp\/v2\/pages\/7857\/revisions\/9727"}],"wp:attachment":[{"href":"https:\/\/iscanner.com\/pt\/wp-json\/wp\/v2\/media?parent=7857"}],"curies":[{"name":"wp","href":"https:\/\/api.w.org\/{rel}","templated":true}]}}