{"id":7851,"date":"2025-06-30T13:06:54","date_gmt":"2025-06-30T13:06:54","guid":{"rendered":"https:\/\/iscanner.com\/?page_id=7851"},"modified":"2025-12-08T14:22:11","modified_gmt":"2025-12-08T14:22:11","slug":"privacy-and-security","status":"publish","type":"page","link":"https:\/\/iscanner.com\/pt\/privacy-and-security\/","title":{"rendered":"Privacidade e seguran\u00e7a"},"content":{"rendered":"<section  class=\"section\" >\r\n    <div class=\"container\">\r\n        <div class=\"h2-center col-10 col-sm-12\">\r\n                        <h2>Sua Privacidade \u00e9 Nossa Preocupa\u00e7\u00e3o<\/h2>\r\n            <p class=\"lead col-8 col-sm-12\">Os documentos s\u00e3o armazenados localmente no aplicativo por padr\u00e3o e a sincroniza\u00e7\u00e3o na nuvem \u00e9 opcional. Nem o desenvolvedor nem terceiros t\u00eam acesso ao conte\u00fado de seus arquivos.<\/p>\r\n        <\/div>\r\n    <\/div>\r\n<\/section>\n\n<section class=\"section\">\r\n    <div class=\"container\">\r\n        <div class=\"gutenberg-features\">\r\n                            <div class=\"gutenberg-features__item\" style=\"background-color:#19b4ff; color:#ffffff;\">\r\n                    <div>\r\n                        <h3 class=\"gutenberg-features__title\">Conformidade Rigorosa com a Prote\u00e7\u00e3o de Dados<\/h3>\r\n                        <p class=\"gutenberg-features__text\">Aderimos ao GDPR da UE e ao CCPA para proteger a privacidade do usu\u00e1rio.<\/p>\r\n                    <\/div>\r\n                    <div class=\"gutenberg-features__img\">\r\n                        <img decoding=\"async\" src=\"https:\/\/iscanner.com\/wp-content\/uploads\/2025\/12\/privacy-feature-1.png\" alt=\"\" title=\"\">\r\n                    <\/div>\r\n                <\/div>\r\n                            <div class=\"gutenberg-features__item\" style=\"background-color:#f3f5fc; color:#41485b;\">\r\n                    <div>\r\n                        <h3 class=\"gutenberg-features__title\">Seus Documentos Permanecem Locais<\/h3>\r\n                        <p class=\"gutenberg-features__text\">Seu perfil n\u00e3o ser\u00e1 sincronizado com o armazenamento em nuvem, a menos que voc\u00ea queira.<\/p>\r\n                    <\/div>\r\n                    <div class=\"gutenberg-features__img\">\r\n                        <img decoding=\"async\" src=\"https:\/\/iscanner.com\/wp-content\/uploads\/2025\/12\/privacy-feature-2.png\" alt=\"\" title=\"\">\r\n                    <\/div>\r\n                <\/div>\r\n                            <div class=\"gutenberg-features__item\" style=\"background-color:#f3f5fc; color:#41485b;\">\r\n                    <div>\r\n                        <h3 class=\"gutenberg-features__title\">Sem Rastreamento do Seu Conte\u00fado<\/h3>\r\n                        <p class=\"gutenberg-features__text\">Nem n\u00f3s nem terceiros temos acesso ao conte\u00fado de seus documentos. Conceder acesso aos seus documentos por meio de compartilhamento est\u00e1 totalmente sob seu controle.<\/p>\r\n                    <\/div>\r\n                    <div class=\"gutenberg-features__img\">\r\n                        <img decoding=\"async\" src=\"https:\/\/iscanner.com\/wp-content\/uploads\/2025\/12\/privacy-feature-3.png\" alt=\"\" title=\"\">\r\n                    <\/div>\r\n                <\/div>\r\n                            <div class=\"gutenberg-features__item\" style=\"background-color:#495795; color:#ffffff;\">\r\n                    <div>\r\n                        <h3 class=\"gutenberg-features__title\">Acesso controlado \u00e0 sua c\u00e2mera e galeria.<\/h3>\r\n                        <p class=\"gutenberg-features__text\">O aplicativo requer permiss\u00e3o para tarefas espec\u00edficas: c\u00e2mera para digitalizar e galeria para carregamentos. O aplicativo acessa apenas os arquivos que voc\u00ea seleciona a cada vez.<\/p>\r\n                    <\/div>\r\n                    <div class=\"gutenberg-features__img\">\r\n                        <img decoding=\"async\" src=\"https:\/\/iscanner.com\/wp-content\/uploads\/2025\/12\/privacy-feature-4.png\" alt=\"\" title=\"\">\r\n                    <\/div>\r\n                <\/div>\r\n                    <\/div>\r\n    <\/div>\r\n<\/section>\n\n<section  class=\"section\" >\r\n    <div class=\"container\">\r\n        <div class=\"h2-center col-11 col-sm-12\">\r\n                        <h2>Quais Recursos de Seguran\u00e7a Fazem o iScanner se Destacar?<\/h2>\r\n            <p class=\"lead col-8 col-sm-12\"><\/p>\r\n        <\/div>\r\n    <\/div>\r\n<\/section>\n\n<section class=\"section banner-1\">\r\n    <div class=\"container\">\r\n        <style>\r\n            @media(max-width: 767.98px) {\n  .banner-1 .excerpt-image {\n    margin-bottom: 0;\n  }\n  .banner-1 .excerpt-image img {\n    transform: scale(1.1);\n  }\n .banner-1 .excerpt-content p {\n    margin-bottom: 60px;\n  }\n}\n        <\/style>\r\n        <div class=\"excerpt\">\r\n            <div class=\"excerpt-image col-7 col-sm-12 mobile-bottom\" data-aos=\"fade-right\">\r\n                <img decoding=\"async\" src=\"https:\/\/iscanner.com\/wp-content\/uploads\/2025\/12\/privacy-banner-1.png\" alt=\"\" title=\"\">\r\n            <\/div>\r\n            <div class=\"excerpt-content col-5 col-sm-12\" data-aos=\"fade-left\">\r\n                <h2>Bloqueie informa\u00e7\u00f5es confidenciais com PIN, Face ID ou Touch ID.<\/h2>\r\n                <p>Voc\u00ea pode criar um PIN que somente voc\u00ea sabe ou definir o Face ID ou Touch ID para proteger todo o aplicativo iScanner ou bloquear pastas e documentos espec\u00edficos.<\/p>\n            <\/div>\r\n        <\/div>\r\n    <\/div>\r\n<\/section>\n\n<section class=\"section banner-2\">\r\n    <div class=\"container\">\r\n        <style>\r\n            @media(max-width: 767.98px) {\n.banner-2 .excerpt-image {\nmargin-bottom: 0;\n}\n.banner-2 .excerpt-image img {\ntransform: scale(1.1);\n}\n.banner-2 .excerpt-content p {\nmargin-bottom: 60px;\n}\n}\n        <\/style>\r\n        <div class=\"excerpt rtl\">\r\n            <div class=\"excerpt-image col-7 col-sm-12 mobile-bottom\" data-aos=\"fade-left\">\r\n                <img decoding=\"async\" src=\"https:\/\/iscanner.com\/wp-content\/uploads\/2025\/12\/privacy-banner-2.png\" alt=\"\" title=\"\">\r\n            <\/div>\r\n            <div class=\"excerpt-content col-5 col-sm-12\" data-aos=\"fade-right\">\r\n                <h2>Proteja PDFs que voc\u00ea compartilha: adicione uma senha ou defina uma data de expira\u00e7\u00e3o do link.<\/h2>\r\n                <p>Adicione uma senha antes de enviar um PDF para garantir que somente voc\u00ea e o destinat\u00e1rio possam acessar o arquivo. Voc\u00ea tamb\u00e9m pode definir uma data de expira\u00e7\u00e3o personalizada do link, para que o arquivo n\u00e3o fique acess\u00edvel a ningu\u00e9m ap\u00f3s expirar.<\/p>\n            <\/div>\r\n        <\/div>\r\n    <\/div>\r\n<\/section>\n\n<section class=\"section banner-3\">\r\n    <div class=\"container\">\r\n        <style>\r\n            @media(max-width: 767.98px) {\n.banner-3 .excerpt-image {\nmargin-bottom: 0;\n}\n.banner-3 .excerpt-image img {\ntransform: scale(1.1);\n}\n.banner-3 .excerpt-content p {\nmargin-bottom: 60px;\n}\n}\n        <\/style>\r\n        <div class=\"excerpt\">\r\n            <div class=\"excerpt-image col-7 col-sm-12 mobile-bottom\" data-aos=\"fade-right\">\r\n                <img decoding=\"async\" src=\"https:\/\/iscanner.com\/wp-content\/uploads\/2025\/12\/privacy-banner-3.png\" alt=\"\" title=\"\">\r\n            <\/div>\r\n            <div class=\"excerpt-content col-5 col-sm-12\" data-aos=\"fade-left\">\r\n                <h2>Aumente a seguran\u00e7a de seus arquivos com a Pasta do Cofre e uma senha falsa.<\/h2>\r\n                <p>A Pasta do Cofre protege seus documentos com um c\u00f3digo de acesso que somente voc\u00ea conhece. Uma senha falsa adiciona seguran\u00e7a extra ao ocultar seus arquivos importantes e mostrar arquivos insignificantes se algu\u00e9m for\u00e7ar voc\u00ea a desbloquear seu dispositivo.<\/p>\n            <\/div>\r\n        <\/div>\r\n    <\/div>\r\n<\/section>\n\n<section class=\"section banner-4\">\r\n    <div class=\"container\">\r\n        <style>\r\n            @media(max-width: 767.98px) {\n.banner-4 .excerpt-image {\nmargin-bottom: 0;\n}\n.banner-4 .excerpt-image img {\ntransform: scale(1.1);\n}\n.banner-4 .excerpt-content p {\nmargin-bottom: 60px;\n}\n}\n        <\/style>\r\n        <div class=\"excerpt rtl\">\r\n            <div class=\"excerpt-image col-7 col-sm-12 mobile-bottom\" data-aos=\"fade-left\">\r\n                <img decoding=\"async\" src=\"https:\/\/iscanner.com\/wp-content\/uploads\/2025\/12\/privacy-banner-4.png\" alt=\"\" title=\"\">\r\n            <\/div>\r\n            <div class=\"excerpt-content col-5 col-sm-12\" data-aos=\"fade-right\">\r\n                <h2>Finalize sess\u00e3o remotamente caso precise.<\/h2>\r\n                <p>Isso protege seus documentos confidenciais permitindo que voc\u00ea saia remotamente de sua conta iScanner em um dispositivo perdido, apagando todos os arquivos armazenados imediatamente e impedindo acesso n\u00e3o autorizado. Dessa forma, seus dados permanecem seguros mesmo se seu telefone ou tablet for perdido ou roubado<\/p>\n            <\/div>\r\n        <\/div>\r\n    <\/div>\r\n<\/section>\n\n<section class=\"section\">\r\n    <div class=\"container\">\r\n        <style>\r\n            .privacy-banner a {\nfont-size: 16px;\npadding: 0 50px;\nmargin-top: 60px;\n}\n.privacy-banner p {\ncolor: #41485B;\n}\n@media(max-width: 1024px) {\n.privacy-banner a {\nmargin-top: 40px\n}\n}\n        <\/style>\r\n        <div class=\"customizable-banner privacy-banner right mobile-top\" style=\"background-color: #f8fdff; border: 1px solid #b0d6f8;\">\r\n            <div class=\"customizable-banner__content\" data-aos=\"fade-down\">\r\n                <h2>Armazenamento em nuvem seguro<\/h2>\r\n                                    <p><strong>Seus arquivos<\/strong> s\u00e3o armazenados em <strong>servidores da AWS<\/strong>, a principal provedora de nuvem do mundo, <strong>confiada pela maioria das empresas Fortune 500<\/strong>, com os mesmos padr\u00f5es de seguran\u00e7a que o ex\u00e9rcito e os principais bancos.<\/p>\n<p><strong>O armazenamento em nuvem \u00e9 opcional<\/strong> e voc\u00ea pode voltar ao armazenamento local a qualquer momento.<br \/>\n<a class=\"btn btn-banner\" href=\"https:\/\/iscanner.com\/pt\/cloud\/\">Saber Mais<\/a><\/p>\n                            <\/div>\r\n                            <div class=\"customizable-banner__image\" data-aos=\"fade-up\">\r\n                    <picture>\r\n                                                                            <source media=\"(min-width:1024px)\" srcset=\"https:\/\/iscanner.com\/wp-content\/uploads\/2025\/12\/privacy-banner-5.svg\">\r\n                            <img decoding=\"async\" src=\"https:\/\/iscanner.com\/wp-content\/uploads\/2025\/12\/privacy-banner-5.svg\">\r\n                                            <\/picture>\r\n                <\/div>\r\n                    <\/div>\r\n    <\/div>\r\n<\/section>\n\n<section  class=\"section\" >\r\n    <div class=\"container\">\r\n        <div class=\"h2-center col-10 col-sm-12\">\r\n                            <a target=\"_blank\" href=\"https:\/\/app-eu1.hubspotdocuments.com\/documents\/2378615\/view\/509573829?accessId=fa4575\">\r\n                                            <img decoding=\"async\" class=\"headline-img\" src=\"https:\/\/iscanner.com\/wp-content\/uploads\/2025\/12\/privacy-banner-6.png\" \/>\r\n                                    <\/a>\r\n                        <h2>Aplicativo Android mais seguro de 2022<\/h2>\r\n            <p class=\"lead col-8 col-sm-12\">Em relat\u00f3rio de 2023, o provedor de seguran\u00e7a de aplicativos Pradeo listou o iScanner entre os aplicativos empresariais mais seguros no Android em sua categoria, ap\u00f3s analisar 49 aplicativos de scanner.<\/p>\r\n        <\/div>\r\n    <\/div>\r\n<\/section>","protected":false},"excerpt":{"rendered":"","protected":false},"author":9,"featured_media":0,"parent":0,"menu_order":0,"comment_status":"closed","ping_status":"closed","template":"template\/feature-new.php","meta":{"footnotes":""},"class_list":["post-7851","page","type-page","status-publish","hentry"],"yoast_head":"<!-- This site is optimized with the Yoast SEO plugin v24.5 - https:\/\/yoast.com\/wordpress\/plugins\/seo\/ -->\n<title>iScanner - Aplicativo de Digitalizar Privado e Seguro<\/title>\n<meta name=\"description\" content=\"O iScanner armazena documentos confidenciais apenas no aplicativo, no celular do usu\u00e1rio: nem o desenvolvedor nem terceiros t\u00eam acesso a eles. Total conformidade com os protocolos de seguran\u00e7a do BBB.\" \/>\n<meta name=\"robots\" content=\"index, follow, max-snippet:-1, max-image-preview:large, max-video-preview:-1\" \/>\n<link rel=\"canonical\" href=\"https:\/\/iscanner.com\/pt\/privacy-and-security\/\" \/>\n<meta property=\"og:locale\" content=\"pt_PT\" \/>\n<meta property=\"og:type\" content=\"article\" \/>\n<meta property=\"og:title\" content=\"iScanner - Private and Secure Scanning Application\" \/>\n<meta property=\"og:description\" content=\"iScanner stores confidential documents only in the app on the user&#039;s phone: neither the developer nor third parties have access to it. Full compliance with BBB security protocols.\" \/>\n<meta property=\"og:url\" content=\"https:\/\/iscanner.com\/pt\/privacy-and-security\/\" \/>\n<meta property=\"og:site_name\" content=\"iScanner\" \/>\n<meta property=\"article:modified_time\" content=\"2025-12-08T14:22:11+00:00\" \/>\n<meta name=\"twitter:card\" content=\"summary_large_image\" \/>\n<meta name=\"twitter:title\" content=\"iScanner - Private and Secure Scanning Application\" \/>\n<meta name=\"twitter:description\" content=\"iScanner stores confidential documents only in the app on the user&#039;s phone: neither the developer nor third parties have access to it. Full compliance with BBB security protocols.\" \/>\n<!-- \/ Yoast SEO plugin. -->","yoast_head_json":{"title":"iScanner - Aplicativo de Digitalizar Privado e Seguro","description":"O iScanner armazena documentos confidenciais apenas no aplicativo, no celular do usu\u00e1rio: nem o desenvolvedor nem terceiros t\u00eam acesso a eles. Total conformidade com os protocolos de seguran\u00e7a do BBB.","robots":{"index":"index","follow":"follow","max-snippet":"max-snippet:-1","max-image-preview":"max-image-preview:large","max-video-preview":"max-video-preview:-1"},"canonical":"https:\/\/iscanner.com\/pt\/privacy-and-security\/","og_locale":"pt_PT","og_type":"article","og_title":"iScanner - Private and Secure Scanning Application","og_description":"iScanner stores confidential documents only in the app on the user's phone: neither the developer nor third parties have access to it. Full compliance with BBB security protocols.","og_url":"https:\/\/iscanner.com\/pt\/privacy-and-security\/","og_site_name":"iScanner","article_modified_time":"2025-12-08T14:22:11+00:00","twitter_card":"summary_large_image","twitter_title":"iScanner - Private and Secure Scanning Application","twitter_description":"iScanner stores confidential documents only in the app on the user's phone: neither the developer nor third parties have access to it. Full compliance with BBB security protocols.","schema":{"@context":"https:\/\/schema.org","@graph":[{"@type":"WebPage","@id":"https:\/\/iscanner.com\/pt\/privacy-and-security\/","url":"https:\/\/iscanner.com\/pt\/privacy-and-security\/","name":"iScanner - Aplicativo de Digitalizar Privado e Seguro","isPartOf":{"@id":"https:\/\/iscanner.com\/pt\/#website"},"datePublished":"2025-06-30T13:06:54+00:00","dateModified":"2025-12-08T14:22:11+00:00","description":"O iScanner armazena documentos confidenciais apenas no aplicativo, no celular do usu\u00e1rio: nem o desenvolvedor nem terceiros t\u00eam acesso a eles. Total conformidade com os protocolos de seguran\u00e7a do BBB.","breadcrumb":{"@id":"https:\/\/iscanner.com\/pt\/privacy-and-security\/#breadcrumb"},"inLanguage":"pt-PT","potentialAction":[{"@type":"ReadAction","target":["https:\/\/iscanner.com\/pt\/privacy-and-security\/"]}]},{"@type":"BreadcrumbList","@id":"https:\/\/iscanner.com\/pt\/privacy-and-security\/#breadcrumb","itemListElement":[{"@type":"ListItem","position":1,"name":"Home","item":"https:\/\/iscanner.com\/pt\/"},{"@type":"ListItem","position":2,"name":"Privacidade e seguran\u00e7a"}]},{"@type":"WebSite","@id":"https:\/\/iscanner.com\/pt\/#website","url":"https:\/\/iscanner.com\/pt\/","name":"iScanner","description":"Mobile Scanner App. Download for FREE (Android, iPhone)","potentialAction":[{"@type":"SearchAction","target":{"@type":"EntryPoint","urlTemplate":"https:\/\/iscanner.com\/pt\/?s={search_term_string}"},"query-input":{"@type":"PropertyValueSpecification","valueRequired":true,"valueName":"search_term_string"}}],"inLanguage":"pt-PT"},{"@type":"SoftwareApplication","name":"Iscanner","operatingSystem":"iOS, Android","applicationCategory":"Document converter","aggregateRating":{"@type":"AggregateRating","ratingValue":"4.5","ratingCount":"100"}}]}},"uagb_featured_image_src":{"full":false,"thumbnail":false,"medium":false,"medium_large":false,"large":false,"1536x1536":false,"2048x2048":false,"trp-custom-language-flag":false},"uagb_author_info":{"display_name":"Pavel Zubarevich","author_link":"https:\/\/iscanner.com\/pt\/author\/pavel-zubarevich\/"},"uagb_comment_info":0,"uagb_excerpt":null,"_links":{"self":[{"href":"https:\/\/iscanner.com\/pt\/wp-json\/wp\/v2\/pages\/7851","targetHints":{"allow":["GET"]}}],"collection":[{"href":"https:\/\/iscanner.com\/pt\/wp-json\/wp\/v2\/pages"}],"about":[{"href":"https:\/\/iscanner.com\/pt\/wp-json\/wp\/v2\/types\/page"}],"author":[{"embeddable":true,"href":"https:\/\/iscanner.com\/pt\/wp-json\/wp\/v2\/users\/9"}],"replies":[{"embeddable":true,"href":"https:\/\/iscanner.com\/pt\/wp-json\/wp\/v2\/comments?post=7851"}],"version-history":[{"count":10,"href":"https:\/\/iscanner.com\/pt\/wp-json\/wp\/v2\/pages\/7851\/revisions"}],"predecessor-version":[{"id":9754,"href":"https:\/\/iscanner.com\/pt\/wp-json\/wp\/v2\/pages\/7851\/revisions\/9754"}],"wp:attachment":[{"href":"https:\/\/iscanner.com\/pt\/wp-json\/wp\/v2\/media?parent=7851"}],"curies":[{"name":"wp","href":"https:\/\/api.w.org\/{rel}","templated":true}]}}