{"id":7845,"date":"2025-06-30T13:05:49","date_gmt":"2025-06-30T13:05:49","guid":{"rendered":"https:\/\/iscanner.com\/?page_id=7845"},"modified":"2025-06-30T13:05:50","modified_gmt":"2025-06-30T13:05:50","slug":"advanced-technology","status":"publish","type":"page","link":"https:\/\/iscanner.com\/pt\/advanced-technology\/","title":{"rendered":"Tecnologia avan\u00e7ada"},"content":{"rendered":"<section  class=\"section\" >\r\n    <div class=\"container\">\r\n        <div class=\"h2-center col-10 col-sm-12\">\r\n                        <h2>Estamos determinados a fornecer solu\u00e7\u00f5es tecnol\u00f3gicas avan\u00e7adas.<\/h2>\r\n            <p class=\"lead col-8 col-sm-12\">Mesmo se voc\u00ea digitalizar um documento em movimento, voc\u00ea obter\u00e1 uma imagem perfeitamente n\u00edtida. A tecnologia de IA melhora o processo de digitaliza\u00e7\u00e3o de recibos, contas e outros documentos.<\/p>\r\n        <\/div>\r\n    <\/div>\r\n<\/section>\n\n<section class=\"section\">\r\n    <div class=\"container\">\r\n        <style>\r\n                    <\/style>\r\n        <div class=\"excerpt\">\r\n            <div class=\"excerpt-image col-7 col-sm-12 mobile-\" data-aos=\"fade-right\">\r\n                <img decoding=\"async\" src=\"https:\/\/iscanner.com\/wp-content\/uploads\/2024\/10\/excerpt-1-1.png\" alt=\"\" title=\"\">\r\n            <\/div>\r\n            <div class=\"excerpt-content col-5 col-sm-12\" data-aos=\"fade-left\">\r\n                <h2>IA e vis\u00e3o computacional<\/h2>\r\n                <p><span style=\"font-weight: 400;\">O reconhecimento \u00e9 baseado em uma rede neural de autoaprendizagem, que detecta bordas e recorta documentos sem perda de qualidade.<\/span><\/p>\n            <\/div>\r\n        <\/div>\r\n    <\/div>\r\n<\/section>\n\n<section class=\"section\">\r\n    <div class=\"container\">\r\n        <style>\r\n                    <\/style>\r\n        <div class=\"excerpt rtl\">\r\n            <div class=\"excerpt-image col-7 col-sm-12 mobile-\" data-aos=\"fade-left\">\r\n                <img decoding=\"async\" src=\"https:\/\/iscanner.com\/wp-content\/uploads\/2024\/10\/excerpt-2-1.png\" alt=\"\" title=\"\">\r\n            <\/div>\r\n            <div class=\"excerpt-content col-5 col-sm-12\" data-aos=\"fade-right\">\r\n                <h2>An\u00e1lise de fluxo de v\u00eddeo<\/h2>\r\n                <p><span style=\"font-weight: 400;\">O iScanner n\u00e3o captura apenas uma foto separada, mas usa um fluxo de v\u00eddeo, combinando v\u00e1rios quadros e escolhendo o melhor, aumentando assim a nitidez e a qualidade do objeto digitalizado. <\/span><\/p>\n            <\/div>\r\n        <\/div>\r\n    <\/div>\r\n<\/section>\n\n<section class=\"section\">\r\n    <div class=\"container\">\r\n        <div class=\"banner device-bg\" style=\"background-color: #f3f5fc; \">\r\n            <div class=\"banner-content col-5 col-lg-6 col-sm-12\" data-aos=\"fade-down\">\r\n                <h2>Transforma\u00e7\u00e3o de perspectiva<\/h2>\r\n                <p class=\"lead\">O iScanner aplica a transforma\u00e7\u00e3o de perspectiva de um ponto de vista 3D a uma vers\u00e3o digitalizada para formatos de documentos como A4 ou ID e produz uma imagem perfeitamente retangular.<\/p>\r\n            <\/div>\r\n            <div class=\"banner-image col-6 col-lg-5 col-sm-12 banner-image-bottom\" style=\"background-color: #f3f5fc; \" data-aos=\"fade-up\">\r\n                <img class=\"lozad\" data-src=\"https:\/\/iscanner.com\/wp-content\/uploads\/2021\/05\/perspective.jpeg\" alt=\"\" title=\"\">\r\n            <\/div>\r\n        <\/div>\r\n    <\/div>\r\n<\/section>\n\n<section class=\"section\">\r\n    <div class=\"container\">\r\n        <style>\r\n                    <\/style>\r\n        <div class=\"excerpt\">\r\n            <div class=\"excerpt-image col-7 col-sm-12 mobile-\" data-aos=\"fade-right\">\r\n                <img decoding=\"async\" src=\"https:\/\/iscanner.com\/wp-content\/uploads\/2024\/10\/ai-powered.png\" alt=\"\" title=\"\">\r\n            <\/div>\r\n            <div class=\"excerpt-content col-5 col-sm-12\" data-aos=\"fade-left\">\r\n                <h2>Alisador de Digitaliza\u00e7\u00e3o com IA<\/h2>\r\n                <p>Detecta distor\u00e7\u00f5es automaticamente<br \/>\nEndireita linhas de texto distorcidas<br \/>\nMelhora a precis\u00e3o do OCR quando o documento de origem \u00e9 dobrado ou distorcido<br \/>\nRestaura a geometria de um documento<\/p>\n            <\/div>\r\n        <\/div>\r\n    <\/div>\r\n<\/section>","protected":false},"excerpt":{"rendered":"","protected":false},"author":9,"featured_media":0,"parent":0,"menu_order":0,"comment_status":"closed","ping_status":"closed","template":"template\/feature.php","meta":{"footnotes":""},"class_list":["post-7845","page","type-page","status-publish","hentry"],"yoast_head":"<!-- This site is optimized with the Yoast SEO plugin v24.5 - https:\/\/yoast.com\/wordpress\/plugins\/seo\/ -->\n<title>iScanner - Tecnologias Avan\u00e7adas de Digitaliza\u00e7\u00e3o<\/title>\n<meta name=\"description\" content=\"O iScanner utiliza tecnologias avan\u00e7adas de scanner com IA e vis\u00e3o computacional. Voc\u00ea obter\u00e1 uma imagem perfeitamente n\u00edtida e de alta qualidade, mesmo se digitalizar uma folha de papel amassada.\" \/>\n<meta name=\"robots\" content=\"index, follow, max-snippet:-1, max-image-preview:large, max-video-preview:-1\" \/>\n<link rel=\"canonical\" href=\"https:\/\/iscanner.com\/pt\/advanced-technology\/\" \/>\n<meta property=\"og:locale\" content=\"pt_PT\" \/>\n<meta property=\"og:type\" content=\"article\" \/>\n<meta property=\"og:title\" content=\"iScanner - Advanced Scanning Technologies\" \/>\n<meta property=\"og:description\" content=\"iScanner uses advanced scanner technologies using AI &amp; Computer vision. You will get a perfectly clear, top-quality image even if you scan a crumpled sheet of paper.\" \/>\n<meta property=\"og:url\" content=\"https:\/\/iscanner.com\/pt\/advanced-technology\/\" \/>\n<meta property=\"og:site_name\" content=\"iScanner\" \/>\n<meta property=\"article:modified_time\" content=\"2025-06-30T13:05:50+00:00\" \/>\n<meta name=\"twitter:card\" content=\"summary_large_image\" \/>\n<meta name=\"twitter:title\" content=\"iScanner - Advanced Scanning Technologies\" \/>\n<meta name=\"twitter:description\" content=\"iScanner uses advanced scanner technologies using AI &amp; Computer vision. You will get a perfectly clear, top-quality image even if you scan a crumpled sheet of paper.\" \/>\n<!-- \/ Yoast SEO plugin. -->","yoast_head_json":{"title":"iScanner - Tecnologias Avan\u00e7adas de Digitaliza\u00e7\u00e3o","description":"O iScanner utiliza tecnologias avan\u00e7adas de scanner com IA e vis\u00e3o computacional. Voc\u00ea obter\u00e1 uma imagem perfeitamente n\u00edtida e de alta qualidade, mesmo se digitalizar uma folha de papel amassada.","robots":{"index":"index","follow":"follow","max-snippet":"max-snippet:-1","max-image-preview":"max-image-preview:large","max-video-preview":"max-video-preview:-1"},"canonical":"https:\/\/iscanner.com\/pt\/advanced-technology\/","og_locale":"pt_PT","og_type":"article","og_title":"iScanner - Advanced Scanning Technologies","og_description":"iScanner uses advanced scanner technologies using AI & Computer vision. You will get a perfectly clear, top-quality image even if you scan a crumpled sheet of paper.","og_url":"https:\/\/iscanner.com\/pt\/advanced-technology\/","og_site_name":"iScanner","article_modified_time":"2025-06-30T13:05:50+00:00","twitter_card":"summary_large_image","twitter_title":"iScanner - Advanced Scanning Technologies","twitter_description":"iScanner uses advanced scanner technologies using AI & Computer vision. You will get a perfectly clear, top-quality image even if you scan a crumpled sheet of paper.","schema":{"@context":"https:\/\/schema.org","@graph":[{"@type":"WebPage","@id":"https:\/\/iscanner.com\/pt\/advanced-technology\/","url":"https:\/\/iscanner.com\/pt\/advanced-technology\/","name":"iScanner - Tecnologias Avan\u00e7adas de Digitaliza\u00e7\u00e3o","isPartOf":{"@id":"https:\/\/iscanner.com\/pt\/#website"},"datePublished":"2025-06-30T13:05:49+00:00","dateModified":"2025-06-30T13:05:50+00:00","description":"O iScanner utiliza tecnologias avan\u00e7adas de scanner com IA e vis\u00e3o computacional. Voc\u00ea obter\u00e1 uma imagem perfeitamente n\u00edtida e de alta qualidade, mesmo se digitalizar uma folha de papel amassada.","breadcrumb":{"@id":"https:\/\/iscanner.com\/pt\/advanced-technology\/#breadcrumb"},"inLanguage":"pt-PT","potentialAction":[{"@type":"ReadAction","target":["https:\/\/iscanner.com\/pt\/advanced-technology\/"]}]},{"@type":"BreadcrumbList","@id":"https:\/\/iscanner.com\/pt\/advanced-technology\/#breadcrumb","itemListElement":[{"@type":"ListItem","position":1,"name":"Home","item":"https:\/\/iscanner.com\/pt\/"},{"@type":"ListItem","position":2,"name":"Tecnologia avan\u00e7ada"}]},{"@type":"WebSite","@id":"https:\/\/iscanner.com\/pt\/#website","url":"https:\/\/iscanner.com\/pt\/","name":"iScanner","description":"Mobile Scanner App. Download for FREE (Android, iPhone)","potentialAction":[{"@type":"SearchAction","target":{"@type":"EntryPoint","urlTemplate":"https:\/\/iscanner.com\/pt\/?s={search_term_string}"},"query-input":{"@type":"PropertyValueSpecification","valueRequired":true,"valueName":"search_term_string"}}],"inLanguage":"pt-PT"},{"@type":"SoftwareApplication","name":"Iscanner","operatingSystem":"iOS, Android","applicationCategory":"Document converter","aggregateRating":{"@type":"AggregateRating","ratingValue":"4.5","ratingCount":"100"}}]}},"uagb_featured_image_src":{"full":false,"thumbnail":false,"medium":false,"medium_large":false,"large":false,"1536x1536":false,"2048x2048":false,"trp-custom-language-flag":false},"uagb_author_info":{"display_name":"Pavel Zubarevich","author_link":"https:\/\/iscanner.com\/pt\/author\/pavel-zubarevich\/"},"uagb_comment_info":0,"uagb_excerpt":null,"_links":{"self":[{"href":"https:\/\/iscanner.com\/pt\/wp-json\/wp\/v2\/pages\/7845","targetHints":{"allow":["GET"]}}],"collection":[{"href":"https:\/\/iscanner.com\/pt\/wp-json\/wp\/v2\/pages"}],"about":[{"href":"https:\/\/iscanner.com\/pt\/wp-json\/wp\/v2\/types\/page"}],"author":[{"embeddable":true,"href":"https:\/\/iscanner.com\/pt\/wp-json\/wp\/v2\/users\/9"}],"replies":[{"embeddable":true,"href":"https:\/\/iscanner.com\/pt\/wp-json\/wp\/v2\/comments?post=7845"}],"version-history":[{"count":2,"href":"https:\/\/iscanner.com\/pt\/wp-json\/wp\/v2\/pages\/7845\/revisions"}],"predecessor-version":[{"id":7849,"href":"https:\/\/iscanner.com\/pt\/wp-json\/wp\/v2\/pages\/7845\/revisions\/7849"}],"wp:attachment":[{"href":"https:\/\/iscanner.com\/pt\/wp-json\/wp\/v2\/media?parent=7845"}],"curies":[{"name":"wp","href":"https:\/\/api.w.org\/{rel}","templated":true}]}}