{"id":7838,"date":"2025-05-30T14:26:43","date_gmt":"2025-05-30T14:26:43","guid":{"rendered":"https:\/\/iscanner.com\/?page_id=7838"},"modified":"2025-06-30T13:06:21","modified_gmt":"2025-06-30T13:06:21","slug":"high-performance","status":"publish","type":"page","link":"https:\/\/iscanner.com\/pt\/high-performance\/","title":{"rendered":"Alto desempenho"},"content":{"rendered":"<section  class=\"section\" >\r\n    <div class=\"container\">\r\n        <div class=\"h2-center col-10 col-sm-12\">\r\n                        <h2>Estamos prontos para oferecer aos usu\u00e1rios as ferramentas que precisarem<\/h2>\r\n            <p class=\"lead col-8 col-sm-12\">O iScanner tem uma variedade de modos de digitaliza\u00e7\u00e3o e edi\u00e7\u00e3o avan\u00e7ada.<\/p>\r\n        <\/div>\r\n    <\/div>\r\n<\/section>\n\n<section >\r\n    <div class=\"container\">\r\n        <div class=\"h2-center col-10 col-sm-12 activeblue\">\r\n                        <h2>V\u00e1rios modos de digitaliza\u00e7\u00e3o<\/h2>\r\n            <p class=\"lead col-8 col-sm-12\"><\/p>\r\n        <\/div>\r\n    <\/div>\r\n<\/section>\n\n<section class=\"section\">\r\n    <div class=\"container\">\r\n        <style>\r\n                    <\/style>\r\n        <div class=\"excerpt\">\r\n            <div class=\"excerpt-image col-7 col-sm-12 mobile-\" data-aos=\"fade-right\">\r\n                <img decoding=\"async\" src=\"https:\/\/iscanner.com\/wp-content\/uploads\/2024\/10\/app-ui.png\" alt=\"\" title=\"\">\r\n            <\/div>\r\n            <div class=\"excerpt-content col-5 col-sm-12\" data-aos=\"fade-left\">\r\n                <h2>Digitalize seus documentos<\/h2>\r\n                <p><span style=\"font-weight: 400;\">Digitalize seus documentos, IDs, recibos e muito mais para PDF ou importe documentos da sua galeria. O iScanner tamb\u00e9m tem recursos para produtividade aprimorada:<\/span><\/p>\n            <\/div>\r\n        <\/div>\r\n    <\/div>\r\n<\/section>\n\n<section class=\"section cards\">\r\n    <div class=\"container\">\r\n        <div class=\"cards-list row-flex\">\r\n                        <div class=\"cards-list__item col-4\" data-aos=\"zoom-in\">\r\n                <div class=\"cards-list__item-img\">\r\n                    <img decoding=\"async\" src=\"https:\/\/iscanner.com\/wp-content\/uploads\/2021\/05\/count.svg\" alt=\"\" title=\"\">\r\n                <\/div>\r\n                <h2 class=\"mainblue\">Modo contagem<\/h2>\r\n                <p>Recurso de IA para contar muitos objetos semelhantes.<\/p>\r\n            <\/div>\r\n                        <div class=\"cards-list__item col-4\" data-aos=\"zoom-in\">\r\n                <div class=\"cards-list__item-img\">\r\n                    <img decoding=\"async\" src=\"https:\/\/iscanner.com\/wp-content\/uploads\/2021\/05\/math.svg\" alt=\"\" title=\"\">\r\n                <\/div>\r\n                <h2 class=\"mainblue\">Matem\u00e1tica<\/h2>\r\n                <p>Recurso para resolver equa\u00e7\u00f5es e problemas matem\u00e1ticos.<\/p>\r\n            <\/div>\r\n                        <div class=\"cards-list__item col-4\" data-aos=\"zoom-in\">\r\n                <div class=\"cards-list__item-img\">\r\n                    <img decoding=\"async\" src=\"https:\/\/iscanner.com\/wp-content\/uploads\/2021\/05\/area.svg\" alt=\"\" title=\"\">\r\n                <\/div>\r\n                <h2 class=\"mainblue\">\u00c1rea<\/h2>\r\n                <p>C\u00e1lculo autom\u00e1tico do comprimento e da \u00e1rea de diferentes objetos.<\/p>\r\n            <\/div>\r\n                    <\/div>\r\n    <\/div>\r\n<\/section>\r\n\n\n<section class=\"section\">\r\n    <div class=\"container\">\r\n        <style>\r\n                    <\/style>\r\n        <div class=\"excerpt rtl\">\r\n            <div class=\"excerpt-image col-7 col-sm-12 mobile-\" data-aos=\"fade-left\">\r\n                <img decoding=\"async\" src=\"https:\/\/iscanner.com\/wp-content\/uploads\/2024\/10\/text-recognition.png\" alt=\"\" title=\"\">\r\n            <\/div>\r\n            <div class=\"excerpt-content col-5 col-sm-12\" data-aos=\"fade-right\">\r\n                <h2>Reconhecimento de texto<\/h2>\r\n                <p><span style=\"font-weight: 400;\">Extraia texto de uma p\u00e1gina digitalizada, edite e salve como um novo documento. O scanner de texto OCR reconhece mais de 23 idiomas e pode detectar v\u00e1rios idiomas em um documento.<\/span><\/p>\n            <\/div>\r\n        <\/div>\r\n    <\/div>\r\n<\/section>\n\n<section class=\"section\">\n    <div class=\"container\">\n        <div class=\"banner banner-advanced-editing device-bg  ltr\" style=\"background-color: #f3f5fc; height:527px;\">\n            <div class=\"banner-image col-6 col-lg-5 col-sm-12 banner-image-bottom\" style=\"background-color: #f3f5fc;\" data-aos=\"fade-up\">\n                <img class=\"lozad\" data-src=\"https:\/\/iscanner.com\/wp-content\/uploads\/2023\/12\/advanced-editing.png\" alt=\"\" title=\"\">\n            <\/div>\n            <div class=\"banner-content col-5 col-lg-6 col-sm-12\" data-aos=\"fade-down\">\n                <h2>Edi\u00e7\u00e3o avan\u00e7ada<\/h2>\n                <p class=\"lead\">Ferramenta de Marca\u00e7\u00e3o, Oculta\u00e7\u00e3o e Texto: adicione e edite texto, preencha automaticamente seus documentos usando modelos personalizados.<\/p>\n            <\/div>\n        <\/div>\n    <\/div>\n<\/section>\n\n\n<section class=\"section\">\r\n    <div class=\"container\">\r\n        <style>\r\n                    <\/style>\r\n        <div class=\"excerpt rtl\">\r\n            <div class=\"excerpt-image col-7 col-sm-12 mobile-\" data-aos=\"fade-left\">\r\n                <img decoding=\"async\" src=\"https:\/\/iscanner.com\/wp-content\/uploads\/2024\/10\/document-sharing.png\" alt=\"\" title=\"\">\r\n            <\/div>\r\n            <div class=\"excerpt-content col-5 col-sm-12\" data-aos=\"fade-right\">\r\n                <h2>F\u00e1cil compartilhamento de documentos<\/h2>\r\n                <ul>\n<li>Digitalize documentos para PDF, JPG, PPT ou converta-os em TXT, EXCEL, DOC e compartilhe-os com apenas alguns toques<\/li>\n<li>Imprima contratos e faturas diretamente do aplicativo de digitaliza\u00e7\u00e3o<\/li>\n<li>Compartilhe e carregue documentos digitalizados para servi\u00e7os de nuvem como Dropbox, Evernote ou Google Drive<\/li>\n<\/ul>\n            <\/div>\r\n        <\/div>\r\n    <\/div>\r\n<\/section>\n\n<section class=\"section\">\n    <div class=\"container\">\n        <div class=\"banner banner-cloud-sync device-bg  ltr\" style=\"background-color: #f3f5fc; height:560px;\">\n            <div class=\"banner-image col-5 col-lg-5 col-sm-12 banner-image-bottom\" style=\"background-color: #f3f5fc;\" data-aos=\"fade-up\">\n                <img class=\"lozad\" data-src=\"https:\/\/iscanner.com\/wp-content\/uploads\/2023\/12\/sync-files.png\" alt=\"\" title=\"\">\n            <\/div>\n            <div class=\"banner-content col-6 col-lg-6 col-sm-12\" data-aos=\"fade-down\">\n                <h2>Fa\u00e7a Backup e Sincronize Seus Arquivos<\/h2>\n                <p class=\"lead\"><ul>\r\n<li>Tenha um lugar para tudo! Obtenha 200 Mb, 10 ou 100 Gb de espa\u00e7o de armazenamento no iScanner Cloud.<\/li>\r\n<li>Continue trabalhando de onde parou em qualquer dispositivo.<\/li>\r\n<li>Trabalhe sem internet.<\/li>\r\n<\/ul><\/p>\n            <\/div>\n        <\/div>\n    <\/div>\n<\/section>","protected":false},"excerpt":{"rendered":"","protected":false},"author":9,"featured_media":0,"parent":0,"menu_order":0,"comment_status":"closed","ping_status":"closed","template":"template\/feature.php","meta":{"footnotes":""},"class_list":["post-7838","page","type-page","status-publish","hentry"],"yoast_head":"<!-- This site is optimized with the Yoast SEO plugin v24.5 - https:\/\/yoast.com\/wordpress\/plugins\/seo\/ -->\n<title>Use OCR, Edite, Compartilhe ou Imprima Documentos com iScanner<\/title>\n<meta name=\"description\" content=\"Digitalize seus documentos (identidades, recibos e muito mais) em PDFs. Use o reconhecimento de texto para editar documentos digitalizados e salv\u00e1-los como novos arquivos. Compartilhe ou imprima documentos diretamente do aplicativo iScanner.\" \/>\n<meta name=\"robots\" content=\"index, follow, max-snippet:-1, max-image-preview:large, max-video-preview:-1\" \/>\n<link rel=\"canonical\" href=\"https:\/\/iscanner.com\/pt\/high-performance\/\" \/>\n<meta property=\"og:locale\" content=\"pt_PT\" \/>\n<meta property=\"og:type\" content=\"article\" \/>\n<meta property=\"og:title\" content=\"Recognize, Edit, Share, or Print Documents with iScanner\" \/>\n<meta property=\"og:description\" content=\"Scan your documents IDs, receipts, and more into PDFs. Use text recognition to edit scanned documents and save them as new files. Share or print documents right from the iScanner app.\" \/>\n<meta property=\"og:url\" content=\"https:\/\/iscanner.com\/pt\/high-performance\/\" \/>\n<meta property=\"og:site_name\" content=\"iScanner\" \/>\n<meta property=\"article:modified_time\" content=\"2025-06-30T13:06:21+00:00\" \/>\n<meta name=\"twitter:card\" content=\"summary_large_image\" \/>\n<meta name=\"twitter:title\" content=\"Recognize, Edit, Share, or Print Documents with iScanner\" \/>\n<meta name=\"twitter:description\" content=\"Scan your documents IDs, receipts, and more into PDFs. Use text recognition to edit scanned documents and save them as new files. Share or print documents right from the iScanner app.\" \/>\n<!-- \/ Yoast SEO plugin. -->","yoast_head_json":{"title":"Use OCR, Edite, Compartilhe ou Imprima Documentos com iScanner","description":"Digitalize seus documentos (identidades, recibos e muito mais) em PDFs. Use o reconhecimento de texto para editar documentos digitalizados e salv\u00e1-los como novos arquivos. Compartilhe ou imprima documentos diretamente do aplicativo iScanner.","robots":{"index":"index","follow":"follow","max-snippet":"max-snippet:-1","max-image-preview":"max-image-preview:large","max-video-preview":"max-video-preview:-1"},"canonical":"https:\/\/iscanner.com\/pt\/high-performance\/","og_locale":"pt_PT","og_type":"article","og_title":"Recognize, Edit, Share, or Print Documents with iScanner","og_description":"Scan your documents IDs, receipts, and more into PDFs. Use text recognition to edit scanned documents and save them as new files. Share or print documents right from the iScanner app.","og_url":"https:\/\/iscanner.com\/pt\/high-performance\/","og_site_name":"iScanner","article_modified_time":"2025-06-30T13:06:21+00:00","twitter_card":"summary_large_image","twitter_title":"Recognize, Edit, Share, or Print Documents with iScanner","twitter_description":"Scan your documents IDs, receipts, and more into PDFs. Use text recognition to edit scanned documents and save them as new files. Share or print documents right from the iScanner app.","schema":{"@context":"https:\/\/schema.org","@graph":[{"@type":"WebPage","@id":"https:\/\/iscanner.com\/pt\/high-performance\/","url":"https:\/\/iscanner.com\/pt\/high-performance\/","name":"Use OCR, Edite, Compartilhe ou Imprima Documentos com iScanner","isPartOf":{"@id":"https:\/\/iscanner.com\/pt\/#website"},"datePublished":"2025-05-30T14:26:43+00:00","dateModified":"2025-06-30T13:06:21+00:00","description":"Digitalize seus documentos (identidades, recibos e muito mais) em PDFs. Use o reconhecimento de texto para editar documentos digitalizados e salv\u00e1-los como novos arquivos. Compartilhe ou imprima documentos diretamente do aplicativo iScanner.","breadcrumb":{"@id":"https:\/\/iscanner.com\/pt\/high-performance\/#breadcrumb"},"inLanguage":"pt-PT","potentialAction":[{"@type":"ReadAction","target":["https:\/\/iscanner.com\/pt\/high-performance\/"]}]},{"@type":"BreadcrumbList","@id":"https:\/\/iscanner.com\/pt\/high-performance\/#breadcrumb","itemListElement":[{"@type":"ListItem","position":1,"name":"Home","item":"https:\/\/iscanner.com\/pt\/"},{"@type":"ListItem","position":2,"name":"Alto desempenho"}]},{"@type":"WebSite","@id":"https:\/\/iscanner.com\/pt\/#website","url":"https:\/\/iscanner.com\/pt\/","name":"iScanner","description":"Mobile Scanner App. Download for FREE (Android, iPhone)","potentialAction":[{"@type":"SearchAction","target":{"@type":"EntryPoint","urlTemplate":"https:\/\/iscanner.com\/pt\/?s={search_term_string}"},"query-input":{"@type":"PropertyValueSpecification","valueRequired":true,"valueName":"search_term_string"}}],"inLanguage":"pt-PT"},{"@type":"SoftwareApplication","name":"Iscanner","operatingSystem":"iOS, Android","applicationCategory":"Document converter","aggregateRating":{"@type":"AggregateRating","ratingValue":"4.5","ratingCount":"100"}}]}},"uagb_featured_image_src":{"full":false,"thumbnail":false,"medium":false,"medium_large":false,"large":false,"1536x1536":false,"2048x2048":false,"trp-custom-language-flag":false},"uagb_author_info":{"display_name":"Pavel Zubarevich","author_link":"https:\/\/iscanner.com\/pt\/author\/pavel-zubarevich\/"},"uagb_comment_info":0,"uagb_excerpt":null,"_links":{"self":[{"href":"https:\/\/iscanner.com\/pt\/wp-json\/wp\/v2\/pages\/7838","targetHints":{"allow":["GET"]}}],"collection":[{"href":"https:\/\/iscanner.com\/pt\/wp-json\/wp\/v2\/pages"}],"about":[{"href":"https:\/\/iscanner.com\/pt\/wp-json\/wp\/v2\/types\/page"}],"author":[{"embeddable":true,"href":"https:\/\/iscanner.com\/pt\/wp-json\/wp\/v2\/users\/9"}],"replies":[{"embeddable":true,"href":"https:\/\/iscanner.com\/pt\/wp-json\/wp\/v2\/comments?post=7838"}],"version-history":[{"count":4,"href":"https:\/\/iscanner.com\/pt\/wp-json\/wp\/v2\/pages\/7838\/revisions"}],"predecessor-version":[{"id":7894,"href":"https:\/\/iscanner.com\/pt\/wp-json\/wp\/v2\/pages\/7838\/revisions\/7894"}],"wp:attachment":[{"href":"https:\/\/iscanner.com\/pt\/wp-json\/wp\/v2\/media?parent=7838"}],"curies":[{"name":"wp","href":"https:\/\/api.w.org\/{rel}","templated":true}]}}