{"id":7832,"date":"2025-06-30T13:05:25","date_gmt":"2025-06-30T13:05:25","guid":{"rendered":"https:\/\/iscanner.com\/?page_id=7832"},"modified":"2025-06-30T13:05:26","modified_gmt":"2025-06-30T13:05:26","slug":"user-friendliness","status":"publish","type":"page","link":"https:\/\/iscanner.com\/pt\/user-friendliness\/","title":{"rendered":"Facilidade de uso"},"content":{"rendered":"<section  class=\"section\" >\r\n    <div class=\"container\">\r\n        <div class=\"h2-center col-10 col-sm-12\">\r\n                        <h2>Estamos comprometidos em tornar a experi\u00eancia de nossos usu\u00e1rios agrad\u00e1vel: com nosso aplicativo, s\u00f3 leva alguns segundos para digitalizar um documento.<\/h2>\r\n            <p class=\"lead col-8 col-sm-12\"><\/p>\r\n        <\/div>\r\n    <\/div>\r\n<\/section>\n\n<section class=\"section\">\r\n    <div class=\"container\">\r\n        <style>\r\n                    <\/style>\r\n        <div class=\"excerpt\">\r\n            <div class=\"excerpt-image col-7 col-sm-12 mobile-\" data-aos=\"fade-right\">\r\n                <img decoding=\"async\" src=\"https:\/\/iscanner.com\/wp-content\/uploads\/2024\/10\/excerpt-1.png\" alt=\"\" title=\"\">\r\n            <\/div>\r\n            <div class=\"excerpt-content col-5 col-sm-12\" data-aos=\"fade-left\">\r\n                <h2>Mais f\u00e1cil e pr\u00e1tico.<\/h2>\r\n                <p>O iScanner foi criado para facilitar a vida dos usu\u00e1rios, permitindo que eles fa\u00e7am digitaliza\u00e7\u00f5es de alta qualidade em qualquer lugar.<\/p>\n<p>&nbsp;<\/p>\n            <\/div>\r\n        <\/div>\r\n    <\/div>\r\n<\/section>\n\n<section class=\"section\">\r\n    <div class=\"container\">\r\n        <style>\r\n                    <\/style>\r\n        <div class=\"excerpt rtl\">\r\n            <div class=\"excerpt-image col-7 col-sm-12 mobile-\" data-aos=\"fade-left\">\r\n                <img decoding=\"async\" src=\"https:\/\/iscanner.com\/wp-content\/uploads\/2024\/10\/excerpt-2.png\" alt=\"\" title=\"\">\r\n            <\/div>\r\n            <div class=\"excerpt-content col-5 col-sm-12\" data-aos=\"fade-right\">\r\n                <h2>Trabalhe e estude em casa.<\/h2>\r\n                <p>Transformar telefones em ferramentas multifuncionais pode ajudar as pessoas a administrar sua rotina di\u00e1ria de forma mais eficaz, al\u00e9m de trabalhar e estudar no conforto de suas casas.<\/p>\n            <\/div>\r\n        <\/div>\r\n    <\/div>\r\n<\/section>\n\n<section class=\"section\">\r\n    <div class=\"container\">\r\n        <div class=\"banner dark\" style=\"background-color: undefined;background-image: url(https:\/\/iscanner.com\/wp-content\/uploads\/2021\/05\/banner-bg-1.png)\">\r\n            <div class=\"banner-content col-5 col-lg-6 col-sm-12\" data-aos=\"fade-down\">\r\n                <h2>Hoje, 100 milh\u00f5es de usu\u00e1rios podem realizar tarefas em qualquer lugar gra\u00e7as ao iScanner.<\/h2>\r\n            <\/div>\r\n            <div class=\"banner-bgimage col-6 col-sm-12\" data-aos=\"fade-up\">\r\n                <img class=\"lozad\" data-src=\"https:\/\/iscanner.com\/wp-content\/uploads\/2021\/05\/banner-device-1.png\" alt=\"\" title=\"\">\r\n            <\/div>\r\n        <\/div>\r\n    <\/div>\r\n<\/section>\n\n<section  class=\"section\" >\r\n    <div class=\"container\">\r\n        <div class=\"h2-center col-10 col-sm-12\">\r\n                        <h2>Embora tenhamos orgulho deste produto, continuamos trabalhando em mais recursos que ajudar\u00e3o os usu\u00e1rios a fazer mais em menos tempo.<\/h2>\r\n            <p class=\"lead col-8 col-sm-12\"><\/p>\r\n        <\/div>\r\n    <\/div>\r\n<\/section>\n\n<section class=\"section section-last\">\r\n    <div class=\"container\">\r\n        <img decoding=\"async\" class=\"section-last-image\" src=\"https:\/\/iscanner.com\/wp-content\/uploads\/2024\/10\/bottom.png\" alt=\"\" data-aos=\"fade-up\">\r\n    <\/div>\r\n<\/section>","protected":false},"excerpt":{"rendered":"","protected":false},"author":9,"featured_media":0,"parent":0,"menu_order":0,"comment_status":"closed","ping_status":"closed","template":"template\/feature.php","meta":{"footnotes":""},"class_list":["post-7832","page","type-page","status-publish","hentry"],"yoast_head":"<!-- This site is optimized with the Yoast SEO plugin v24.5 - https:\/\/yoast.com\/wordpress\/plugins\/seo\/ -->\n<title>iScanner - Aplicativo de Digitalizar F\u00e1cil de Usar<\/title>\n<meta name=\"description\" content=\"O aplicativo iScanner \u00e9 intuitivo e f\u00e1cil de usar. Digitalizar um documento leva apenas alguns segundos, tornando a experi\u00eancia dos usu\u00e1rios bastante agrad\u00e1vel.\" \/>\n<meta name=\"robots\" content=\"index, follow, max-snippet:-1, max-image-preview:large, max-video-preview:-1\" \/>\n<link rel=\"canonical\" href=\"https:\/\/iscanner.com\/pt\/user-friendliness\/\" \/>\n<meta property=\"og:locale\" content=\"pt_PT\" \/>\n<meta property=\"og:type\" content=\"article\" \/>\n<meta property=\"og:title\" content=\"iScanner - User-Friendly Scanning Application\" \/>\n<meta property=\"og:description\" content=\"iScanner app is intuitive and easy to use. It takes a few seconds to scan a document because we are committed to making our users\u2019 experience really enjoyable.\" \/>\n<meta property=\"og:url\" content=\"https:\/\/iscanner.com\/pt\/user-friendliness\/\" \/>\n<meta property=\"og:site_name\" content=\"iScanner\" \/>\n<meta property=\"article:modified_time\" content=\"2025-06-30T13:05:26+00:00\" \/>\n<meta name=\"twitter:card\" content=\"summary_large_image\" \/>\n<meta name=\"twitter:title\" content=\"iScanner - User-Friendly Scanning Application\" \/>\n<meta name=\"twitter:description\" content=\"iScanner app is intuitive and easy to use. It takes a few seconds to scan a document because we are committed to making our users\u2019 experience really enjoyable.\" \/>\n<!-- \/ Yoast SEO plugin. -->","yoast_head_json":{"title":"iScanner - Aplicativo de Digitalizar F\u00e1cil de Usar","description":"O aplicativo iScanner \u00e9 intuitivo e f\u00e1cil de usar. Digitalizar um documento leva apenas alguns segundos, tornando a experi\u00eancia dos usu\u00e1rios bastante agrad\u00e1vel.","robots":{"index":"index","follow":"follow","max-snippet":"max-snippet:-1","max-image-preview":"max-image-preview:large","max-video-preview":"max-video-preview:-1"},"canonical":"https:\/\/iscanner.com\/pt\/user-friendliness\/","og_locale":"pt_PT","og_type":"article","og_title":"iScanner - User-Friendly Scanning Application","og_description":"iScanner app is intuitive and easy to use. It takes a few seconds to scan a document because we are committed to making our users\u2019 experience really enjoyable.","og_url":"https:\/\/iscanner.com\/pt\/user-friendliness\/","og_site_name":"iScanner","article_modified_time":"2025-06-30T13:05:26+00:00","twitter_card":"summary_large_image","twitter_title":"iScanner - User-Friendly Scanning Application","twitter_description":"iScanner app is intuitive and easy to use. It takes a few seconds to scan a document because we are committed to making our users\u2019 experience really enjoyable.","schema":{"@context":"https:\/\/schema.org","@graph":[{"@type":"WebPage","@id":"https:\/\/iscanner.com\/pt\/user-friendliness\/","url":"https:\/\/iscanner.com\/pt\/user-friendliness\/","name":"iScanner - Aplicativo de Digitalizar F\u00e1cil de Usar","isPartOf":{"@id":"https:\/\/iscanner.com\/pt\/#website"},"datePublished":"2025-06-30T13:05:25+00:00","dateModified":"2025-06-30T13:05:26+00:00","description":"O aplicativo iScanner \u00e9 intuitivo e f\u00e1cil de usar. Digitalizar um documento leva apenas alguns segundos, tornando a experi\u00eancia dos usu\u00e1rios bastante agrad\u00e1vel.","breadcrumb":{"@id":"https:\/\/iscanner.com\/pt\/user-friendliness\/#breadcrumb"},"inLanguage":"pt-PT","potentialAction":[{"@type":"ReadAction","target":["https:\/\/iscanner.com\/pt\/user-friendliness\/"]}]},{"@type":"BreadcrumbList","@id":"https:\/\/iscanner.com\/pt\/user-friendliness\/#breadcrumb","itemListElement":[{"@type":"ListItem","position":1,"name":"Home","item":"https:\/\/iscanner.com\/pt\/"},{"@type":"ListItem","position":2,"name":"Facilidade de uso"}]},{"@type":"WebSite","@id":"https:\/\/iscanner.com\/pt\/#website","url":"https:\/\/iscanner.com\/pt\/","name":"iScanner","description":"Mobile Scanner App. Download for FREE (Android, iPhone)","potentialAction":[{"@type":"SearchAction","target":{"@type":"EntryPoint","urlTemplate":"https:\/\/iscanner.com\/pt\/?s={search_term_string}"},"query-input":{"@type":"PropertyValueSpecification","valueRequired":true,"valueName":"search_term_string"}}],"inLanguage":"pt-PT"},{"@type":"SoftwareApplication","name":"Iscanner","operatingSystem":"iOS, Android","applicationCategory":"Document converter","aggregateRating":{"@type":"AggregateRating","ratingValue":"4.5","ratingCount":"100"}}]}},"uagb_featured_image_src":{"full":false,"thumbnail":false,"medium":false,"medium_large":false,"large":false,"1536x1536":false,"2048x2048":false,"trp-custom-language-flag":false},"uagb_author_info":{"display_name":"Pavel Zubarevich","author_link":"https:\/\/iscanner.com\/pt\/author\/pavel-zubarevich\/"},"uagb_comment_info":0,"uagb_excerpt":null,"_links":{"self":[{"href":"https:\/\/iscanner.com\/pt\/wp-json\/wp\/v2\/pages\/7832","targetHints":{"allow":["GET"]}}],"collection":[{"href":"https:\/\/iscanner.com\/pt\/wp-json\/wp\/v2\/pages"}],"about":[{"href":"https:\/\/iscanner.com\/pt\/wp-json\/wp\/v2\/types\/page"}],"author":[{"embeddable":true,"href":"https:\/\/iscanner.com\/pt\/wp-json\/wp\/v2\/users\/9"}],"replies":[{"embeddable":true,"href":"https:\/\/iscanner.com\/pt\/wp-json\/wp\/v2\/comments?post=7832"}],"version-history":[{"count":3,"href":"https:\/\/iscanner.com\/pt\/wp-json\/wp\/v2\/pages\/7832\/revisions"}],"predecessor-version":[{"id":7837,"href":"https:\/\/iscanner.com\/pt\/wp-json\/wp\/v2\/pages\/7832\/revisions\/7837"}],"wp:attachment":[{"href":"https:\/\/iscanner.com\/pt\/wp-json\/wp\/v2\/media?parent=7832"}],"curies":[{"name":"wp","href":"https:\/\/api.w.org\/{rel}","templated":true}]}}