{"id":7793,"date":"2025-06-30T13:09:50","date_gmt":"2025-06-30T13:09:50","guid":{"rendered":"https:\/\/iscanner.com\/?page_id=7793"},"modified":"2025-08-27T08:13:02","modified_gmt":"2025-08-27T08:13:02","slug":"contact-us","status":"publish","type":"page","link":"https:\/\/iscanner.com\/pt\/contact-us\/","title":{"rendered":"Contatar-nos"},"content":{"rendered":"","protected":false},"excerpt":{"rendered":"","protected":false},"author":9,"featured_media":0,"parent":0,"menu_order":0,"comment_status":"closed","ping_status":"closed","template":"template\/contact.php","meta":{"footnotes":""},"class_list":["post-7793","page","type-page","status-publish","hentry"],"yoast_head":"<!-- This site is optimized with the Yoast SEO plugin v24.5 - https:\/\/yoast.com\/wordpress\/plugins\/seo\/ -->\n<title>Contatar-nos - iScanner<\/title>\n<meta name=\"description\" content=\"Estamos \u00e0 sua disposi\u00e7\u00e3o para nos comunicarmos. Envie-nos a sua sugest\u00e3o ou pergunta sobre o iScanner; todas as mensagens receber\u00e3o resposta\" \/>\n<meta name=\"robots\" content=\"index, follow, max-snippet:-1, max-image-preview:large, max-video-preview:-1\" \/>\n<link rel=\"canonical\" href=\"https:\/\/iscanner.com\/pt\/contact-us\/\" \/>\n<meta property=\"og:locale\" content=\"pt_PT\" \/>\n<meta property=\"og:type\" content=\"article\" \/>\n<meta property=\"og:title\" content=\"Contact Us - iScanner\" \/>\n<meta property=\"og:description\" content=\"We are open to communication. Send us your suggestion or question about iScanner - no message will remain unanswered.\" \/>\n<meta property=\"og:url\" content=\"https:\/\/iscanner.com\/pt\/contact-us\/\" \/>\n<meta property=\"og:site_name\" content=\"iScanner\" \/>\n<meta property=\"article:modified_time\" content=\"2025-08-27T08:13:02+00:00\" \/>\n<meta name=\"twitter:card\" content=\"summary_large_image\" \/>\n<meta name=\"twitter:title\" content=\"Contact Us - iScanner\" \/>\n<meta name=\"twitter:description\" content=\"We are open to communication. Send us your suggestion or question about iScanner - no message will remain unanswered.\" \/>\n<!-- \/ Yoast SEO plugin. -->","yoast_head_json":{"title":"Contatar-nos - iScanner","description":"Estamos \u00e0 sua disposi\u00e7\u00e3o para nos comunicarmos. Envie-nos a sua sugest\u00e3o ou pergunta sobre o iScanner; todas as mensagens receber\u00e3o resposta","robots":{"index":"index","follow":"follow","max-snippet":"max-snippet:-1","max-image-preview":"max-image-preview:large","max-video-preview":"max-video-preview:-1"},"canonical":"https:\/\/iscanner.com\/pt\/contact-us\/","og_locale":"pt_PT","og_type":"article","og_title":"Contact Us - iScanner","og_description":"We are open to communication. Send us your suggestion or question about iScanner - no message will remain unanswered.","og_url":"https:\/\/iscanner.com\/pt\/contact-us\/","og_site_name":"iScanner","article_modified_time":"2025-08-27T08:13:02+00:00","twitter_card":"summary_large_image","twitter_title":"Contact Us - iScanner","twitter_description":"We are open to communication. Send us your suggestion or question about iScanner - no message will remain unanswered.","schema":{"@context":"https:\/\/schema.org","@graph":[{"@type":"WebPage","@id":"https:\/\/iscanner.com\/pt\/contact-us\/","url":"https:\/\/iscanner.com\/pt\/contact-us\/","name":"Contatar-nos - iScanner","isPartOf":{"@id":"https:\/\/iscanner.com\/pt\/#website"},"datePublished":"2025-06-30T13:09:50+00:00","dateModified":"2025-08-27T08:13:02+00:00","description":"Estamos \u00e0 sua disposi\u00e7\u00e3o para nos comunicarmos. Envie-nos a sua sugest\u00e3o ou pergunta sobre o iScanner; todas as mensagens receber\u00e3o resposta","breadcrumb":{"@id":"https:\/\/iscanner.com\/pt\/contact-us\/#breadcrumb"},"inLanguage":"pt-PT","potentialAction":[{"@type":"ReadAction","target":["https:\/\/iscanner.com\/pt\/contact-us\/"]}]},{"@type":"BreadcrumbList","@id":"https:\/\/iscanner.com\/pt\/contact-us\/#breadcrumb","itemListElement":[{"@type":"ListItem","position":1,"name":"Home","item":"https:\/\/iscanner.com\/pt\/"},{"@type":"ListItem","position":2,"name":"Contatar-nos"}]},{"@type":"WebSite","@id":"https:\/\/iscanner.com\/pt\/#website","url":"https:\/\/iscanner.com\/pt\/","name":"iScanner","description":"Mobile Scanner App. Download for FREE (Android, iPhone)","potentialAction":[{"@type":"SearchAction","target":{"@type":"EntryPoint","urlTemplate":"https:\/\/iscanner.com\/pt\/?s={search_term_string}"},"query-input":{"@type":"PropertyValueSpecification","valueRequired":true,"valueName":"search_term_string"}}],"inLanguage":"pt-PT"},{"@type":"SoftwareApplication","name":"Iscanner","operatingSystem":"iOS, Android","applicationCategory":"Document converter","aggregateRating":{"@type":"AggregateRating","ratingValue":"4.5","ratingCount":"100"}}]}},"uagb_featured_image_src":{"full":false,"thumbnail":false,"medium":false,"medium_large":false,"large":false,"1536x1536":false,"2048x2048":false,"trp-custom-language-flag":false},"uagb_author_info":{"display_name":"Pavel Zubarevich","author_link":"https:\/\/iscanner.com\/pt\/author\/pavel-zubarevich\/"},"uagb_comment_info":0,"uagb_excerpt":null,"_links":{"self":[{"href":"https:\/\/iscanner.com\/pt\/wp-json\/wp\/v2\/pages\/7793","targetHints":{"allow":["GET"]}}],"collection":[{"href":"https:\/\/iscanner.com\/pt\/wp-json\/wp\/v2\/pages"}],"about":[{"href":"https:\/\/iscanner.com\/pt\/wp-json\/wp\/v2\/types\/page"}],"author":[{"embeddable":true,"href":"https:\/\/iscanner.com\/pt\/wp-json\/wp\/v2\/users\/9"}],"replies":[{"embeddable":true,"href":"https:\/\/iscanner.com\/pt\/wp-json\/wp\/v2\/comments?post=7793"}],"version-history":[{"count":3,"href":"https:\/\/iscanner.com\/pt\/wp-json\/wp\/v2\/pages\/7793\/revisions"}],"predecessor-version":[{"id":7798,"href":"https:\/\/iscanner.com\/pt\/wp-json\/wp\/v2\/pages\/7793\/revisions\/7798"}],"wp:attachment":[{"href":"https:\/\/iscanner.com\/pt\/wp-json\/wp\/v2\/media?parent=7793"}],"curies":[{"name":"wp","href":"https:\/\/api.w.org\/{rel}","templated":true}]}}