{"id":7787,"date":"2025-06-30T13:10:19","date_gmt":"2025-06-30T13:10:19","guid":{"rendered":"https:\/\/iscanner.com\/?page_id=7787"},"modified":"2025-06-30T13:10:19","modified_gmt":"2025-06-30T13:10:19","slug":"cloud","status":"publish","type":"page","link":"https:\/\/iscanner.com\/pt\/cloud\/","title":{"rendered":"Cloud Storage &amp; Document Manager &#8211; pt"},"content":{"rendered":"","protected":false},"excerpt":{"rendered":"","protected":false},"author":9,"featured_media":0,"parent":0,"menu_order":0,"comment_status":"closed","ping_status":"closed","template":"template\/iscanner-web.php","meta":{"footnotes":""},"class_list":["post-7787","page","type-page","status-publish","hentry"],"yoast_head":"<!-- This site is optimized with the Yoast SEO plugin v24.5 - https:\/\/yoast.com\/wordpress\/plugins\/seo\/ -->\n<title>Armazenamento em Nuvem e Gerenciador de Documentos - iScanner<\/title>\n<meta name=\"description\" content=\"O iScanner \u00e9 o assistente de digitaliza\u00e7\u00e3o de documentos n\u00ba1 que facilita o gerenciamento de documentos online. O aplicativo m\u00f3vel com IA vem com armazenamento em nuvem para organizar, salvar e visualizar arquivos digitalizados. Experimente o iScanner hoje e gerencie seus arquivos com facilidade!\" \/>\n<meta name=\"robots\" content=\"index, follow, max-snippet:-1, max-image-preview:large, max-video-preview:-1\" \/>\n<link rel=\"canonical\" href=\"https:\/\/iscanner.com\/pt\/cloud\/\" \/>\n<meta property=\"og:locale\" content=\"pt_PT\" \/>\n<meta property=\"og:type\" content=\"article\" \/>\n<meta property=\"og:title\" content=\"Armazenamento em Nuvem e Gerenciador de Documentos - iScanner\" \/>\n<meta property=\"og:description\" content=\"O iScanner \u00e9 o assistente de digitaliza\u00e7\u00e3o de documentos n\u00ba1 que facilita o gerenciamento de documentos online. O aplicativo m\u00f3vel com IA vem com armazenamento em nuvem para organizar, salvar e visualizar arquivos digitalizados. Experimente o iScanner hoje e gerencie seus arquivos com facilidade!\" \/>\n<meta property=\"og:url\" content=\"https:\/\/iscanner.com\/pt\/cloud\/\" \/>\n<meta property=\"og:site_name\" content=\"iScanner\" \/>\n<meta name=\"twitter:card\" content=\"summary_large_image\" \/>\n<!-- \/ Yoast SEO plugin. -->","yoast_head_json":{"title":"Armazenamento em Nuvem e Gerenciador de Documentos - iScanner","description":"O iScanner \u00e9 o assistente de digitaliza\u00e7\u00e3o de documentos n\u00ba1 que facilita o gerenciamento de documentos online. O aplicativo m\u00f3vel com IA vem com armazenamento em nuvem para organizar, salvar e visualizar arquivos digitalizados. Experimente o iScanner hoje e gerencie seus arquivos com facilidade!","robots":{"index":"index","follow":"follow","max-snippet":"max-snippet:-1","max-image-preview":"max-image-preview:large","max-video-preview":"max-video-preview:-1"},"canonical":"https:\/\/iscanner.com\/pt\/cloud\/","og_locale":"pt_PT","og_type":"article","og_title":"Armazenamento em Nuvem e Gerenciador de Documentos - iScanner","og_description":"O iScanner \u00e9 o assistente de digitaliza\u00e7\u00e3o de documentos n\u00ba1 que facilita o gerenciamento de documentos online. O aplicativo m\u00f3vel com IA vem com armazenamento em nuvem para organizar, salvar e visualizar arquivos digitalizados. Experimente o iScanner hoje e gerencie seus arquivos com facilidade!","og_url":"https:\/\/iscanner.com\/pt\/cloud\/","og_site_name":"iScanner","twitter_card":"summary_large_image","schema":{"@context":"https:\/\/schema.org","@graph":[{"@type":"WebPage","@id":"https:\/\/iscanner.com\/pt\/cloud\/","url":"https:\/\/iscanner.com\/pt\/cloud\/","name":"Armazenamento em Nuvem e Gerenciador de Documentos - iScanner","isPartOf":{"@id":"https:\/\/iscanner.com\/pt\/#website"},"datePublished":"2025-06-30T13:10:19+00:00","description":"O iScanner \u00e9 o assistente de digitaliza\u00e7\u00e3o de documentos n\u00ba1 que facilita o gerenciamento de documentos online. O aplicativo m\u00f3vel com IA vem com armazenamento em nuvem para organizar, salvar e visualizar arquivos digitalizados. Experimente o iScanner hoje e gerencie seus arquivos com facilidade!","breadcrumb":{"@id":"https:\/\/iscanner.com\/pt\/cloud\/#breadcrumb"},"inLanguage":"pt-PT","potentialAction":[{"@type":"ReadAction","target":["https:\/\/iscanner.com\/pt\/cloud\/"]}]},{"@type":"BreadcrumbList","@id":"https:\/\/iscanner.com\/pt\/cloud\/#breadcrumb","itemListElement":[{"@type":"ListItem","position":1,"name":"Home","item":"https:\/\/iscanner.com\/pt\/"},{"@type":"ListItem","position":2,"name":"Cloud Storage &amp; Document Manager &#8211; pt"}]},{"@type":"WebSite","@id":"https:\/\/iscanner.com\/pt\/#website","url":"https:\/\/iscanner.com\/pt\/","name":"iScanner","description":"Mobile Scanner App. Download for FREE (Android, iPhone)","potentialAction":[{"@type":"SearchAction","target":{"@type":"EntryPoint","urlTemplate":"https:\/\/iscanner.com\/pt\/?s={search_term_string}"},"query-input":{"@type":"PropertyValueSpecification","valueRequired":true,"valueName":"search_term_string"}}],"inLanguage":"pt-PT"},{"@type":"SoftwareApplication","name":"Iscanner","operatingSystem":"iOS, Android","applicationCategory":"Document converter","aggregateRating":{"@type":"AggregateRating","ratingValue":"4.5","ratingCount":"100"}}]}},"uagb_featured_image_src":{"full":false,"thumbnail":false,"medium":false,"medium_large":false,"large":false,"1536x1536":false,"2048x2048":false,"trp-custom-language-flag":false},"uagb_author_info":{"display_name":"Pavel Zubarevich","author_link":"https:\/\/iscanner.com\/pt\/author\/pavel-zubarevich\/"},"uagb_comment_info":0,"uagb_excerpt":null,"_links":{"self":[{"href":"https:\/\/iscanner.com\/pt\/wp-json\/wp\/v2\/pages\/7787","targetHints":{"allow":["GET"]}}],"collection":[{"href":"https:\/\/iscanner.com\/pt\/wp-json\/wp\/v2\/pages"}],"about":[{"href":"https:\/\/iscanner.com\/pt\/wp-json\/wp\/v2\/types\/page"}],"author":[{"embeddable":true,"href":"https:\/\/iscanner.com\/pt\/wp-json\/wp\/v2\/users\/9"}],"replies":[{"embeddable":true,"href":"https:\/\/iscanner.com\/pt\/wp-json\/wp\/v2\/comments?post=7787"}],"version-history":[{"count":2,"href":"https:\/\/iscanner.com\/pt\/wp-json\/wp\/v2\/pages\/7787\/revisions"}],"predecessor-version":[{"id":7789,"href":"https:\/\/iscanner.com\/pt\/wp-json\/wp\/v2\/pages\/7787\/revisions\/7789"}],"wp:attachment":[{"href":"https:\/\/iscanner.com\/pt\/wp-json\/wp\/v2\/media?parent=7787"}],"curies":[{"name":"wp","href":"https:\/\/api.w.org\/{rel}","templated":true}]}}