{"id":7744,"date":"2025-03-14T15:46:03","date_gmt":"2025-03-14T15:46:03","guid":{"rendered":"https:\/\/iscanner.com\/?page_id=7744"},"modified":"2025-06-04T15:10:34","modified_gmt":"2025-06-04T15:10:34","slug":"delete-pdf-pages","status":"publish","type":"page","link":"https:\/\/iscanner.com\/pt\/delete-pdf-pages\/","title":{"rendered":"Excluir P\u00e1ginas PDF"},"content":{"rendered":"","protected":false},"excerpt":{"rendered":"","protected":false},"author":2,"featured_media":0,"parent":0,"menu_order":0,"comment_status":"closed","ping_status":"closed","template":"template\/pdf-tool.php","meta":{"footnotes":""},"class_list":["post-7744","page","type-page","status-publish","hentry"],"yoast_head":"<!-- This site is optimized with the Yoast SEO plugin v24.5 - https:\/\/yoast.com\/wordpress\/plugins\/seo\/ -->\n<title>Eliminar P\u00e1ginas de PDF | Remova P\u00e1ginas Desnecess\u00e1rias<\/title>\n<meta name=\"description\" content=\"Exclua facilmente p\u00e1ginas espec\u00edficas ou indesejadas do seu arquivo PDF. Ferramenta online gratuita, segura e r\u00e1pida para otimizar seus documentos.\" \/>\n<meta name=\"robots\" content=\"index, follow, max-snippet:-1, max-image-preview:large, max-video-preview:-1\" \/>\n<link rel=\"canonical\" href=\"https:\/\/iscanner.com\/pt\/delete-pdf-pages\/\" \/>\n<meta property=\"og:locale\" content=\"pt_PT\" \/>\n<meta property=\"og:type\" content=\"article\" \/>\n<meta property=\"og:title\" content=\"Eliminar P\u00e1ginas de PDF | Remova P\u00e1ginas Desnecess\u00e1rias\" \/>\n<meta property=\"og:description\" content=\"Exclua facilmente p\u00e1ginas espec\u00edficas ou indesejadas do seu arquivo PDF. Ferramenta online gratuita, segura e r\u00e1pida para otimizar seus documentos.\" \/>\n<meta property=\"og:url\" content=\"https:\/\/iscanner.com\/pt\/delete-pdf-pages\/\" \/>\n<meta property=\"og:site_name\" content=\"iScanner\" \/>\n<meta property=\"article:modified_time\" content=\"2025-06-04T15:10:34+00:00\" \/>\n<meta name=\"twitter:card\" content=\"summary_large_image\" \/>\n<!-- \/ Yoast SEO plugin. -->","yoast_head_json":{"title":"Eliminar P\u00e1ginas de PDF | Remova P\u00e1ginas Desnecess\u00e1rias","description":"Exclua facilmente p\u00e1ginas espec\u00edficas ou indesejadas do seu arquivo PDF. Ferramenta online gratuita, segura e r\u00e1pida para otimizar seus documentos.","robots":{"index":"index","follow":"follow","max-snippet":"max-snippet:-1","max-image-preview":"max-image-preview:large","max-video-preview":"max-video-preview:-1"},"canonical":"https:\/\/iscanner.com\/pt\/delete-pdf-pages\/","og_locale":"pt_PT","og_type":"article","og_title":"Eliminar P\u00e1ginas de PDF | Remova P\u00e1ginas Desnecess\u00e1rias","og_description":"Exclua facilmente p\u00e1ginas espec\u00edficas ou indesejadas do seu arquivo PDF. Ferramenta online gratuita, segura e r\u00e1pida para otimizar seus documentos.","og_url":"https:\/\/iscanner.com\/pt\/delete-pdf-pages\/","og_site_name":"iScanner","article_modified_time":"2025-06-04T15:10:34+00:00","twitter_card":"summary_large_image","schema":{"@context":"https:\/\/schema.org","@graph":[{"@type":"WebPage","@id":"https:\/\/iscanner.com\/pt\/delete-pdf-pages\/","url":"https:\/\/iscanner.com\/pt\/delete-pdf-pages\/","name":"Eliminar P\u00e1ginas de PDF | Remova P\u00e1ginas Desnecess\u00e1rias","isPartOf":{"@id":"https:\/\/iscanner.com\/pt\/#website"},"datePublished":"2025-03-14T15:46:03+00:00","dateModified":"2025-06-04T15:10:34+00:00","description":"Exclua facilmente p\u00e1ginas espec\u00edficas ou indesejadas do seu arquivo PDF. Ferramenta online gratuita, segura e r\u00e1pida para otimizar seus documentos.","breadcrumb":{"@id":"https:\/\/iscanner.com\/pt\/delete-pdf-pages\/#breadcrumb"},"inLanguage":"pt-PT","potentialAction":[{"@type":"ReadAction","target":["https:\/\/iscanner.com\/pt\/delete-pdf-pages\/"]}]},{"@type":"BreadcrumbList","@id":"https:\/\/iscanner.com\/pt\/delete-pdf-pages\/#breadcrumb","itemListElement":[{"@type":"ListItem","position":1,"name":"Home","item":"https:\/\/iscanner.com\/pt\/"},{"@type":"ListItem","position":2,"name":"Excluir P\u00e1ginas PDF"}]},{"@type":"WebSite","@id":"https:\/\/iscanner.com\/pt\/#website","url":"https:\/\/iscanner.com\/pt\/","name":"iScanner","description":"Mobile Scanner App. Download for FREE (Android, iPhone)","potentialAction":[{"@type":"SearchAction","target":{"@type":"EntryPoint","urlTemplate":"https:\/\/iscanner.com\/pt\/?s={search_term_string}"},"query-input":{"@type":"PropertyValueSpecification","valueRequired":true,"valueName":"search_term_string"}}],"inLanguage":"pt-PT"},{"@type":"SoftwareApplication","name":"Iscanner","operatingSystem":"iOS, Android","applicationCategory":"Document converter","aggregateRating":{"@type":"AggregateRating","ratingValue":"4.5","ratingCount":"100"}},{"@type":"Service","provider":{"@id":"https:\/\/iscanner.com\/#organization"},"serviceType":"Excluir P\u00e1ginas PDF","description":"Exclua facilmente p\u00e1ginas espec\u00edficas ou indesejadas do seu arquivo PDF. Ferramenta online gratuita, segura e r\u00e1pida para otimizar seus documentos."}]}},"uagb_featured_image_src":{"full":false,"thumbnail":false,"medium":false,"medium_large":false,"large":false,"1536x1536":false,"2048x2048":false,"trp-custom-language-flag":false},"uagb_author_info":{"display_name":"Maxim Miroshnik","author_link":"https:\/\/iscanner.com\/pt\/author\/max-miroshnik\/"},"uagb_comment_info":0,"uagb_excerpt":null,"_links":{"self":[{"href":"https:\/\/iscanner.com\/pt\/wp-json\/wp\/v2\/pages\/7744","targetHints":{"allow":["GET"]}}],"collection":[{"href":"https:\/\/iscanner.com\/pt\/wp-json\/wp\/v2\/pages"}],"about":[{"href":"https:\/\/iscanner.com\/pt\/wp-json\/wp\/v2\/types\/page"}],"author":[{"embeddable":true,"href":"https:\/\/iscanner.com\/pt\/wp-json\/wp\/v2\/users\/2"}],"replies":[{"embeddable":true,"href":"https:\/\/iscanner.com\/pt\/wp-json\/wp\/v2\/comments?post=7744"}],"version-history":[{"count":2,"href":"https:\/\/iscanner.com\/pt\/wp-json\/wp\/v2\/pages\/7744\/revisions"}],"predecessor-version":[{"id":8043,"href":"https:\/\/iscanner.com\/pt\/wp-json\/wp\/v2\/pages\/7744\/revisions\/8043"}],"wp:attachment":[{"href":"https:\/\/iscanner.com\/pt\/wp-json\/wp\/v2\/media?parent=7744"}],"curies":[{"name":"wp","href":"https:\/\/api.w.org\/{rel}","templated":true}]}}