{"id":7736,"date":"2025-03-14T15:35:10","date_gmt":"2025-03-14T15:35:10","guid":{"rendered":"https:\/\/iscanner.com\/?page_id=7736"},"modified":"2025-06-26T14:19:21","modified_gmt":"2025-06-26T14:19:21","slug":"split-pdf","status":"publish","type":"page","link":"https:\/\/iscanner.com\/pt\/split-pdf\/","title":{"rendered":"Split PDF \u2013 PT"},"content":{"rendered":"","protected":false},"excerpt":{"rendered":"","protected":false},"author":2,"featured_media":0,"parent":0,"menu_order":0,"comment_status":"closed","ping_status":"closed","template":"template\/split-pdf.php","meta":{"footnotes":""},"class_list":["post-7736","page","type-page","status-publish","hentry"],"yoast_head":"<!-- This site is optimized with the Yoast SEO plugin v24.5 - https:\/\/yoast.com\/wordpress\/plugins\/seo\/ -->\n<title>Dividir PDF Online | Separe P\u00e1ginas em Arquivos Individuais<\/title>\n<meta name=\"description\" content=\"Corte ou extraia p\u00e1ginas espec\u00edficas de um arquivo PDF com poucos cliques. Ferramenta gratuita, r\u00e1pida e sem instala\u00e7\u00e3o para organizar seus documentos.\" \/>\n<meta name=\"robots\" content=\"index, follow, max-snippet:-1, max-image-preview:large, max-video-preview:-1\" \/>\n<link rel=\"canonical\" href=\"https:\/\/iscanner.com\/pt\/split-pdf\/\" \/>\n<meta property=\"og:locale\" content=\"pt_PT\" \/>\n<meta property=\"og:type\" content=\"article\" \/>\n<meta property=\"og:title\" content=\"Dividir PDF Online | Separe P\u00e1ginas em Arquivos Individuais\" \/>\n<meta property=\"og:description\" content=\"Corte ou extraia p\u00e1ginas espec\u00edficas de um arquivo PDF com poucos cliques. Ferramenta gratuita, r\u00e1pida e sem instala\u00e7\u00e3o para organizar seus documentos.\" \/>\n<meta property=\"og:url\" content=\"https:\/\/iscanner.com\/pt\/split-pdf\/\" \/>\n<meta property=\"og:site_name\" content=\"iScanner\" \/>\n<meta property=\"article:modified_time\" content=\"2025-06-26T14:19:21+00:00\" \/>\n<meta name=\"twitter:card\" content=\"summary_large_image\" \/>\n<!-- \/ Yoast SEO plugin. -->","yoast_head_json":{"title":"Dividir PDF Online | Separe P\u00e1ginas em Arquivos Individuais","description":"Corte ou extraia p\u00e1ginas espec\u00edficas de um arquivo PDF com poucos cliques. Ferramenta gratuita, r\u00e1pida e sem instala\u00e7\u00e3o para organizar seus documentos.","robots":{"index":"index","follow":"follow","max-snippet":"max-snippet:-1","max-image-preview":"max-image-preview:large","max-video-preview":"max-video-preview:-1"},"canonical":"https:\/\/iscanner.com\/pt\/split-pdf\/","og_locale":"pt_PT","og_type":"article","og_title":"Dividir PDF Online | Separe P\u00e1ginas em Arquivos Individuais","og_description":"Corte ou extraia p\u00e1ginas espec\u00edficas de um arquivo PDF com poucos cliques. Ferramenta gratuita, r\u00e1pida e sem instala\u00e7\u00e3o para organizar seus documentos.","og_url":"https:\/\/iscanner.com\/pt\/split-pdf\/","og_site_name":"iScanner","article_modified_time":"2025-06-26T14:19:21+00:00","twitter_card":"summary_large_image","schema":{"@context":"https:\/\/schema.org","@graph":[{"@type":"WebPage","@id":"https:\/\/iscanner.com\/pt\/split-pdf\/","url":"https:\/\/iscanner.com\/pt\/split-pdf\/","name":"Dividir PDF Online | Separe P\u00e1ginas em Arquivos Individuais","isPartOf":{"@id":"https:\/\/iscanner.com\/pt\/#website"},"datePublished":"2025-03-14T15:35:10+00:00","dateModified":"2025-06-26T14:19:21+00:00","description":"Corte ou extraia p\u00e1ginas espec\u00edficas de um arquivo PDF com poucos cliques. Ferramenta gratuita, r\u00e1pida e sem instala\u00e7\u00e3o para organizar seus documentos.","breadcrumb":{"@id":"https:\/\/iscanner.com\/pt\/split-pdf\/#breadcrumb"},"inLanguage":"pt-PT","potentialAction":[{"@type":"ReadAction","target":["https:\/\/iscanner.com\/pt\/split-pdf\/"]}]},{"@type":"BreadcrumbList","@id":"https:\/\/iscanner.com\/pt\/split-pdf\/#breadcrumb","itemListElement":[{"@type":"ListItem","position":1,"name":"Home","item":"https:\/\/iscanner.com\/pt\/"},{"@type":"ListItem","position":2,"name":"Split PDF \u2013 PT"}]},{"@type":"WebSite","@id":"https:\/\/iscanner.com\/pt\/#website","url":"https:\/\/iscanner.com\/pt\/","name":"iScanner","description":"Mobile Scanner App. Download for FREE (Android, iPhone)","potentialAction":[{"@type":"SearchAction","target":{"@type":"EntryPoint","urlTemplate":"https:\/\/iscanner.com\/pt\/?s={search_term_string}"},"query-input":{"@type":"PropertyValueSpecification","valueRequired":true,"valueName":"search_term_string"}}],"inLanguage":"pt-PT"},{"@type":"SoftwareApplication","name":"Iscanner","operatingSystem":"iOS, Android","applicationCategory":"Document converter","aggregateRating":{"@type":"AggregateRating","ratingValue":"4.5","ratingCount":"100"}},{"@type":"Service","provider":{"@id":"https:\/\/iscanner.com\/#organization"},"serviceType":"Split PDF \u2013 PT","description":"Corte ou extraia p\u00e1ginas espec\u00edficas de um arquivo PDF com poucos cliques. Ferramenta gratuita, r\u00e1pida e sem instala\u00e7\u00e3o para organizar seus documentos."}]}},"uagb_featured_image_src":{"full":false,"thumbnail":false,"medium":false,"medium_large":false,"large":false,"1536x1536":false,"2048x2048":false,"trp-custom-language-flag":false},"uagb_author_info":{"display_name":"Maxim Miroshnik","author_link":"https:\/\/iscanner.com\/pt\/author\/max-miroshnik\/"},"uagb_comment_info":0,"uagb_excerpt":null,"_links":{"self":[{"href":"https:\/\/iscanner.com\/pt\/wp-json\/wp\/v2\/pages\/7736","targetHints":{"allow":["GET"]}}],"collection":[{"href":"https:\/\/iscanner.com\/pt\/wp-json\/wp\/v2\/pages"}],"about":[{"href":"https:\/\/iscanner.com\/pt\/wp-json\/wp\/v2\/types\/page"}],"author":[{"embeddable":true,"href":"https:\/\/iscanner.com\/pt\/wp-json\/wp\/v2\/users\/2"}],"replies":[{"embeddable":true,"href":"https:\/\/iscanner.com\/pt\/wp-json\/wp\/v2\/comments?post=7736"}],"version-history":[{"count":3,"href":"https:\/\/iscanner.com\/pt\/wp-json\/wp\/v2\/pages\/7736\/revisions"}],"predecessor-version":[{"id":8934,"href":"https:\/\/iscanner.com\/pt\/wp-json\/wp\/v2\/pages\/7736\/revisions\/8934"}],"wp:attachment":[{"href":"https:\/\/iscanner.com\/pt\/wp-json\/wp\/v2\/media?parent=7736"}],"curies":[{"name":"wp","href":"https:\/\/api.w.org\/{rel}","templated":true}]}}