{"id":7702,"date":"2025-03-14T14:48:08","date_gmt":"2025-03-14T14:48:08","guid":{"rendered":"https:\/\/iscanner.com\/?page_id=7702"},"modified":"2025-06-04T15:02:01","modified_gmt":"2025-06-04T15:02:01","slug":"pdf-to-ppt-converter","status":"publish","type":"page","link":"https:\/\/iscanner.com\/pt\/pdf-to-ppt-converter\/","title":{"rendered":"Converter PDF em PPT"},"content":{"rendered":"","protected":false},"excerpt":{"rendered":"","protected":false},"author":2,"featured_media":0,"parent":0,"menu_order":0,"comment_status":"closed","ping_status":"closed","template":"template\/converter.php","meta":{"footnotes":""},"class_list":["post-7702","page","type-page","status-publish","hentry"],"yoast_head":"<!-- This site is optimized with the Yoast SEO plugin v24.5 - https:\/\/yoast.com\/wordpress\/plugins\/seo\/ -->\n<title>Converter PDF em PowerPoint | Crie Apresenta\u00e7\u00f5es Edit\u00e1veis<\/title>\n<meta name=\"description\" content=\"Converta PDFs em slides PPT em poucos cliques. Ferramenta online gratuita para personalizar suas apresenta\u00e7\u00f5es com facilidade e rapidez.\" \/>\n<meta name=\"robots\" content=\"index, follow, max-snippet:-1, max-image-preview:large, max-video-preview:-1\" \/>\n<link rel=\"canonical\" href=\"https:\/\/iscanner.com\/pt\/pdf-to-ppt-converter\/\" \/>\n<meta property=\"og:locale\" content=\"pt_PT\" \/>\n<meta property=\"og:type\" content=\"article\" \/>\n<meta property=\"og:title\" content=\"Converter PDF em PowerPoint | Crie Apresenta\u00e7\u00f5es Edit\u00e1veis\" \/>\n<meta property=\"og:description\" content=\"Converta PDFs em slides PPT em poucos cliques. Ferramenta online gratuita para personalizar suas apresenta\u00e7\u00f5es com facilidade e rapidez.\" \/>\n<meta property=\"og:url\" content=\"https:\/\/iscanner.com\/pt\/pdf-to-ppt-converter\/\" \/>\n<meta property=\"og:site_name\" content=\"iScanner\" \/>\n<meta property=\"article:modified_time\" content=\"2025-06-04T15:02:01+00:00\" \/>\n<meta name=\"twitter:card\" content=\"summary_large_image\" \/>\n<!-- \/ Yoast SEO plugin. -->","yoast_head_json":{"title":"Converter PDF em PowerPoint | Crie Apresenta\u00e7\u00f5es Edit\u00e1veis","description":"Converta PDFs em slides PPT em poucos cliques. Ferramenta online gratuita para personalizar suas apresenta\u00e7\u00f5es com facilidade e rapidez.","robots":{"index":"index","follow":"follow","max-snippet":"max-snippet:-1","max-image-preview":"max-image-preview:large","max-video-preview":"max-video-preview:-1"},"canonical":"https:\/\/iscanner.com\/pt\/pdf-to-ppt-converter\/","og_locale":"pt_PT","og_type":"article","og_title":"Converter PDF em PowerPoint | Crie Apresenta\u00e7\u00f5es Edit\u00e1veis","og_description":"Converta PDFs em slides PPT em poucos cliques. Ferramenta online gratuita para personalizar suas apresenta\u00e7\u00f5es com facilidade e rapidez.","og_url":"https:\/\/iscanner.com\/pt\/pdf-to-ppt-converter\/","og_site_name":"iScanner","article_modified_time":"2025-06-04T15:02:01+00:00","twitter_card":"summary_large_image","schema":{"@context":"https:\/\/schema.org","@graph":[{"@type":"WebPage","@id":"https:\/\/iscanner.com\/pt\/pdf-to-ppt-converter\/","url":"https:\/\/iscanner.com\/pt\/pdf-to-ppt-converter\/","name":"Converter PDF em PowerPoint | Crie Apresenta\u00e7\u00f5es Edit\u00e1veis","isPartOf":{"@id":"https:\/\/iscanner.com\/pt\/#website"},"datePublished":"2025-03-14T14:48:08+00:00","dateModified":"2025-06-04T15:02:01+00:00","description":"Converta PDFs em slides PPT em poucos cliques. Ferramenta online gratuita para personalizar suas apresenta\u00e7\u00f5es com facilidade e rapidez.","breadcrumb":{"@id":"https:\/\/iscanner.com\/pt\/pdf-to-ppt-converter\/#breadcrumb"},"inLanguage":"pt-PT","potentialAction":[{"@type":"ReadAction","target":["https:\/\/iscanner.com\/pt\/pdf-to-ppt-converter\/"]}]},{"@type":"BreadcrumbList","@id":"https:\/\/iscanner.com\/pt\/pdf-to-ppt-converter\/#breadcrumb","itemListElement":[{"@type":"ListItem","position":1,"name":"Home","item":"https:\/\/iscanner.com\/pt\/"},{"@type":"ListItem","position":2,"name":"Converter PDF em PPT"}]},{"@type":"WebSite","@id":"https:\/\/iscanner.com\/pt\/#website","url":"https:\/\/iscanner.com\/pt\/","name":"iScanner","description":"Mobile Scanner App. Download for FREE (Android, iPhone)","potentialAction":[{"@type":"SearchAction","target":{"@type":"EntryPoint","urlTemplate":"https:\/\/iscanner.com\/pt\/?s={search_term_string}"},"query-input":{"@type":"PropertyValueSpecification","valueRequired":true,"valueName":"search_term_string"}}],"inLanguage":"pt-PT"},{"@type":"SoftwareApplication","name":"Iscanner","operatingSystem":"iOS, Android","applicationCategory":"Document converter","aggregateRating":{"@type":"AggregateRating","ratingValue":"4.5","ratingCount":"100"}},{"@type":"Service","provider":{"@id":"https:\/\/iscanner.com\/#organization"},"serviceType":"Converter PDF em PPT","description":"Converta PDFs em slides PPT em poucos cliques. Ferramenta online gratuita para personalizar suas apresenta\u00e7\u00f5es com facilidade e rapidez."},{"@type":"ConvertAction","actionStatus":"http:\/\/schema.org\/ActiveActionStatus","agent":{"@id":"https:\/\/iscanner.com\/#organization"},"object":{"@type":"Thing","name":"Converter PDF em PPT"}}]}},"uagb_featured_image_src":{"full":false,"thumbnail":false,"medium":false,"medium_large":false,"large":false,"1536x1536":false,"2048x2048":false,"trp-custom-language-flag":false},"uagb_author_info":{"display_name":"Maxim Miroshnik","author_link":"https:\/\/iscanner.com\/pt\/author\/max-miroshnik\/"},"uagb_comment_info":0,"uagb_excerpt":null,"_links":{"self":[{"href":"https:\/\/iscanner.com\/pt\/wp-json\/wp\/v2\/pages\/7702","targetHints":{"allow":["GET"]}}],"collection":[{"href":"https:\/\/iscanner.com\/pt\/wp-json\/wp\/v2\/pages"}],"about":[{"href":"https:\/\/iscanner.com\/pt\/wp-json\/wp\/v2\/types\/page"}],"author":[{"embeddable":true,"href":"https:\/\/iscanner.com\/pt\/wp-json\/wp\/v2\/users\/2"}],"replies":[{"embeddable":true,"href":"https:\/\/iscanner.com\/pt\/wp-json\/wp\/v2\/comments?post=7702"}],"version-history":[{"count":2,"href":"https:\/\/iscanner.com\/pt\/wp-json\/wp\/v2\/pages\/7702\/revisions"}],"predecessor-version":[{"id":8090,"href":"https:\/\/iscanner.com\/pt\/wp-json\/wp\/v2\/pages\/7702\/revisions\/8090"}],"wp:attachment":[{"href":"https:\/\/iscanner.com\/pt\/wp-json\/wp\/v2\/media?parent=7702"}],"curies":[{"name":"wp","href":"https:\/\/api.w.org\/{rel}","templated":true}]}}