{"id":9293,"date":"2025-07-09T12:29:58","date_gmt":"2025-07-09T12:29:58","guid":{"rendered":"https:\/\/iscanner.com\/?page_id=8058"},"modified":"2025-08-26T11:18:27","modified_gmt":"2025-08-26T11:18:27","slug":"crop-pdf","status":"publish","type":"page","link":"https:\/\/iscanner.com\/fr\/crop-pdf\/","title":{"rendered":"Crop FR"},"content":{"rendered":"","protected":false},"excerpt":{"rendered":"","protected":false},"author":22,"featured_media":0,"parent":0,"menu_order":0,"comment_status":"closed","ping_status":"closed","template":"template\/pdf-tool.php","meta":{"footnotes":""},"class_list":["post-9293","page","type-page","status-publish","hentry"],"yoast_head":"<!-- This site is optimized with the Yoast SEO plugin v24.5 - https:\/\/yoast.com\/wordpress\/plugins\/seo\/ -->\n<title>Rogner un PDF en ligne | iScanner<\/title>\n<meta name=\"description\" content=\"Rogner PDF facilement : d\u00e9coupe tes pages en quelques secondes avec l\u2019outil de rognage de iScanner. T\u00e9l\u00e9charge tes fichiers PDF modifi\u00e9s sans filigrane.\" \/>\n<meta name=\"robots\" content=\"index, follow, max-snippet:-1, max-image-preview:large, max-video-preview:-1\" \/>\n<link rel=\"canonical\" href=\"https:\/\/iscanner.com\/fr\/crop-pdf\/\" \/>\n<meta property=\"og:locale\" content=\"fr_FR\" \/>\n<meta property=\"og:type\" content=\"article\" \/>\n<meta property=\"og:title\" content=\"Rogner un PDF en ligne | iScanner\" \/>\n<meta property=\"og:description\" content=\"Rogner PDF facilement : d\u00e9coupe tes pages en quelques secondes avec l\u2019outil de rognage de iScanner. T\u00e9l\u00e9charge tes fichiers PDF modifi\u00e9s sans filigrane.\" \/>\n<meta property=\"og:url\" content=\"https:\/\/iscanner.com\/fr\/crop-pdf\/\" \/>\n<meta property=\"og:site_name\" content=\"iScanner\" \/>\n<meta property=\"article:modified_time\" content=\"2025-08-26T11:18:27+00:00\" \/>\n<meta name=\"twitter:card\" content=\"summary_large_image\" \/>\n<!-- \/ Yoast SEO plugin. -->","yoast_head_json":{"title":"Rogner un PDF en ligne | iScanner","description":"Rogner PDF facilement : d\u00e9coupe tes pages en quelques secondes avec l\u2019outil de rognage de iScanner. T\u00e9l\u00e9charge tes fichiers PDF modifi\u00e9s sans filigrane.","robots":{"index":"index","follow":"follow","max-snippet":"max-snippet:-1","max-image-preview":"max-image-preview:large","max-video-preview":"max-video-preview:-1"},"canonical":"https:\/\/iscanner.com\/fr\/crop-pdf\/","og_locale":"fr_FR","og_type":"article","og_title":"Rogner un PDF en ligne | iScanner","og_description":"Rogner PDF facilement : d\u00e9coupe tes pages en quelques secondes avec l\u2019outil de rognage de iScanner. T\u00e9l\u00e9charge tes fichiers PDF modifi\u00e9s sans filigrane.","og_url":"https:\/\/iscanner.com\/fr\/crop-pdf\/","og_site_name":"iScanner","article_modified_time":"2025-08-26T11:18:27+00:00","twitter_card":"summary_large_image","schema":{"@context":"https:\/\/schema.org","@graph":[{"@type":"WebPage","@id":"https:\/\/iscanner.com\/fr\/crop-pdf\/","url":"https:\/\/iscanner.com\/fr\/crop-pdf\/","name":"Rogner un PDF en ligne | iScanner","isPartOf":{"@id":"https:\/\/iscanner.com\/fr\/#website"},"datePublished":"2025-07-09T12:29:58+00:00","dateModified":"2025-08-26T11:18:27+00:00","description":"Rogner PDF facilement : d\u00e9coupe tes pages en quelques secondes avec l\u2019outil de rognage de iScanner. T\u00e9l\u00e9charge tes fichiers PDF modifi\u00e9s sans filigrane.","breadcrumb":{"@id":"https:\/\/iscanner.com\/fr\/crop-pdf\/#breadcrumb"},"inLanguage":"fr-FR","potentialAction":[{"@type":"ReadAction","target":["https:\/\/iscanner.com\/fr\/crop-pdf\/"]}]},{"@type":"BreadcrumbList","@id":"https:\/\/iscanner.com\/fr\/crop-pdf\/#breadcrumb","itemListElement":[{"@type":"ListItem","position":1,"name":"Home","item":"https:\/\/iscanner.com\/fr\/"},{"@type":"ListItem","position":2,"name":"Crop FR"}]},{"@type":"WebSite","@id":"https:\/\/iscanner.com\/fr\/#website","url":"https:\/\/iscanner.com\/fr\/","name":"iScanner","description":"Mobile Scanner App. Download for FREE (Android, iPhone)","potentialAction":[{"@type":"SearchAction","target":{"@type":"EntryPoint","urlTemplate":"https:\/\/iscanner.com\/fr\/?s={search_term_string}"},"query-input":{"@type":"PropertyValueSpecification","valueRequired":true,"valueName":"search_term_string"}}],"inLanguage":"fr-FR"},{"@type":"SoftwareApplication","name":"Iscanner","operatingSystem":"iOS, Android","applicationCategory":"Document converter","aggregateRating":{"@type":"AggregateRating","ratingValue":"4.5","ratingCount":"100"}},{"@type":"Service","provider":{"@id":"https:\/\/iscanner.com\/#organization"},"serviceType":"Crop FR","description":"Rogner PDF facilement : d\u00e9coupe tes pages en quelques secondes avec l\u2019outil de rognage de iScanner. T\u00e9l\u00e9charge tes fichiers PDF modifi\u00e9s sans filigrane."}]}},"uagb_featured_image_src":{"full":false,"thumbnail":false,"medium":false,"medium_large":false,"large":false,"1536x1536":false,"2048x2048":false,"trp-custom-language-flag":false},"uagb_author_info":{"display_name":"Exporter","author_link":"https:\/\/iscanner.com\/fr\/author\/exporter\/"},"uagb_comment_info":0,"uagb_excerpt":null,"_links":{"self":[{"href":"https:\/\/iscanner.com\/fr\/wp-json\/wp\/v2\/pages\/9293","targetHints":{"allow":["GET"]}}],"collection":[{"href":"https:\/\/iscanner.com\/fr\/wp-json\/wp\/v2\/pages"}],"about":[{"href":"https:\/\/iscanner.com\/fr\/wp-json\/wp\/v2\/types\/page"}],"author":[{"embeddable":true,"href":"https:\/\/iscanner.com\/fr\/wp-json\/wp\/v2\/users\/22"}],"replies":[{"embeddable":true,"href":"https:\/\/iscanner.com\/fr\/wp-json\/wp\/v2\/comments?post=9293"}],"version-history":[{"count":3,"href":"https:\/\/iscanner.com\/fr\/wp-json\/wp\/v2\/pages\/9293\/revisions"}],"predecessor-version":[{"id":9308,"href":"https:\/\/iscanner.com\/fr\/wp-json\/wp\/v2\/pages\/9293\/revisions\/9308"}],"wp:attachment":[{"href":"https:\/\/iscanner.com\/fr\/wp-json\/wp\/v2\/media?parent=9293"}],"curies":[{"name":"wp","href":"https:\/\/api.w.org\/{rel}","templated":true}]}}