{"id":9186,"date":"2025-08-27T09:12:42","date_gmt":"2025-08-27T09:12:42","guid":{"rendered":"https:\/\/iscanner.com\/?page_id=9186"},"modified":"2025-08-27T09:12:43","modified_gmt":"2025-08-27T09:12:43","slug":"user-friendliness","status":"publish","type":"page","link":"https:\/\/iscanner.com\/fr\/user-friendliness\/","title":{"rendered":"Convivialit\u00e9"},"content":{"rendered":"<section  class=\"section\" >\r\n    <div class=\"container\">\r\n        <div class=\"h2-center col-10 col-sm-12\">\r\n                        <h2>Nous nous engageons \u00e0 rendre l\u2019exp\u00e9rience de nos utilisateurs agr\u00e9able\u00a0: avec notre application, il suffit de quelques secondes pour scanner un document.<\/h2>\r\n            <p class=\"lead col-8 col-sm-12\"><\/p>\r\n        <\/div>\r\n    <\/div>\r\n<\/section>\n\n<section class=\"section\">\r\n    <div class=\"container\">\r\n        <style>\r\n                    <\/style>\r\n        <div class=\"excerpt\">\r\n            <div class=\"excerpt-image col-7 col-sm-12 mobile-\" data-aos=\"fade-right\">\r\n                <img decoding=\"async\" src=\"https:\/\/iscanner.com\/wp-content\/uploads\/2024\/10\/excerpt-1.png\" alt=\"\" title=\"\">\r\n            <\/div>\r\n            <div class=\"excerpt-content col-5 col-sm-12\" data-aos=\"fade-left\">\r\n                <h2>Plus facile et plus pratique.<\/h2>\r\n                <p>iScanner a \u00e9t\u00e9 cr\u00e9\u00e9 pour faciliter la vie des utilisateurs en leur permettant de r\u00e9aliser des num\u00e9risations de haute qualit\u00e9 lorsqu&#8217;ils sont en d\u00e9placement.<\/p>\n<p>&nbsp;<\/p>\n            <\/div>\r\n        <\/div>\r\n    <\/div>\r\n<\/section>\n\n<section class=\"section\">\r\n    <div class=\"container\">\r\n        <style>\r\n                    <\/style>\r\n        <div class=\"excerpt rtl\">\r\n            <div class=\"excerpt-image col-7 col-sm-12 mobile-\" data-aos=\"fade-left\">\r\n                <img decoding=\"async\" src=\"https:\/\/iscanner.com\/wp-content\/uploads\/2024\/10\/excerpt-2.png\" alt=\"\" title=\"\">\r\n            <\/div>\r\n            <div class=\"excerpt-content col-5 col-sm-12\" data-aos=\"fade-right\">\r\n                <h2>Travailler et \u00e9tudier \u00e0 domicile.<\/h2>\r\n                <p>Transformer les t\u00e9l\u00e9phones en outils multifonctionnels peut aider les gens \u00e0 g\u00e9rer leur routine quotidienne plus efficacement, ainsi qu\u2019\u00e0 travailler et \u00e9tudier dans le confort de leur foyer.<\/p>\n            <\/div>\r\n        <\/div>\r\n    <\/div>\r\n<\/section>\n\n<section class=\"section\">\r\n    <div class=\"container\">\r\n        <div class=\"banner dark\" style=\"background-color: undefined;background-image: url(https:\/\/iscanner.com\/wp-content\/uploads\/2021\/05\/banner-bg-1.png)\">\r\n            <div class=\"banner-content col-5 col-lg-6 col-sm-12\" data-aos=\"fade-down\">\r\n                <h2>Aujourd&#8217;hui, 100 millions d&#8217;utilisateurs peuvent g\u00e9rer leurs t\u00e2ches en d\u00e9placement gr\u00e2ce \u00e0 iScanner. <\/h2>\r\n            <\/div>\r\n            <div class=\"banner-bgimage col-6 col-sm-12\" data-aos=\"fade-up\">\r\n                <img class=\"lozad\" data-src=\"https:\/\/iscanner.com\/wp-content\/uploads\/2021\/05\/banner-device-1.png\" alt=\"\" title=\"\">\r\n            <\/div>\r\n        <\/div>\r\n    <\/div>\r\n<\/section>\n\n<section  class=\"section\" >\r\n    <div class=\"container\">\r\n        <div class=\"h2-center col-10 col-sm-12\">\r\n                        <h2>Tout en \u00e9tant fiers de ce produit, nous continuons \u00e0 travailler sur davantage de fonctions qui aideront les utilisateurs \u00e0 faire plus en moins de temps.<\/h2>\r\n            <p class=\"lead col-8 col-sm-12\"><\/p>\r\n        <\/div>\r\n    <\/div>\r\n<\/section>\n\n<section class=\"section section-last\">\r\n    <div class=\"container\">\r\n        <img decoding=\"async\" class=\"section-last-image\" src=\"https:\/\/iscanner.com\/wp-content\/uploads\/2024\/10\/bottom.png\" alt=\"\" data-aos=\"fade-up\">\r\n    <\/div>\r\n<\/section>","protected":false},"excerpt":{"rendered":"","protected":false},"author":21,"featured_media":0,"parent":0,"menu_order":0,"comment_status":"closed","ping_status":"closed","template":"template\/feature.php","meta":{"footnotes":""},"class_list":["post-9186","page","type-page","status-publish","hentry"],"yoast_head":"<!-- This site is optimized with the Yoast SEO plugin v24.5 - https:\/\/yoast.com\/wordpress\/plugins\/seo\/ -->\n<title>iScanner \u2013 Application de num\u00e9risation conviviale<\/title>\n<meta name=\"description\" content=\"L&#039;application iScanner est intuitive et facile \u00e0 utiliser. Num\u00e9riser un document ne demande que quelques secondes, car nous nous employons \u00e0 offrir une exp\u00e9rience utilisateur optimale.\" \/>\n<meta name=\"robots\" content=\"index, follow, max-snippet:-1, max-image-preview:large, max-video-preview:-1\" \/>\n<link rel=\"canonical\" href=\"https:\/\/iscanner.com\/fr\/user-friendliness\/\" \/>\n<meta property=\"og:locale\" content=\"fr_FR\" \/>\n<meta property=\"og:type\" content=\"article\" \/>\n<meta property=\"og:title\" content=\"iScanner - User-Friendly Scanning Application\" \/>\n<meta property=\"og:description\" content=\"iScanner app is intuitive and easy to use. It takes a few seconds to scan a document because we are committed to making our users\u2019 experience really enjoyable.\" \/>\n<meta property=\"og:url\" content=\"https:\/\/iscanner.com\/fr\/user-friendliness\/\" \/>\n<meta property=\"og:site_name\" content=\"iScanner\" \/>\n<meta property=\"article:modified_time\" content=\"2025-08-27T09:12:43+00:00\" \/>\n<meta name=\"twitter:card\" content=\"summary_large_image\" \/>\n<meta name=\"twitter:title\" content=\"iScanner - User-Friendly Scanning Application\" \/>\n<meta name=\"twitter:description\" content=\"iScanner app is intuitive and easy to use. It takes a few seconds to scan a document because we are committed to making our users\u2019 experience really enjoyable.\" \/>\n<!-- \/ Yoast SEO plugin. -->","yoast_head_json":{"title":"iScanner \u2013 Application de num\u00e9risation conviviale","description":"L'application iScanner est intuitive et facile \u00e0 utiliser. Num\u00e9riser un document ne demande que quelques secondes, car nous nous employons \u00e0 offrir une exp\u00e9rience utilisateur optimale.","robots":{"index":"index","follow":"follow","max-snippet":"max-snippet:-1","max-image-preview":"max-image-preview:large","max-video-preview":"max-video-preview:-1"},"canonical":"https:\/\/iscanner.com\/fr\/user-friendliness\/","og_locale":"fr_FR","og_type":"article","og_title":"iScanner - User-Friendly Scanning Application","og_description":"iScanner app is intuitive and easy to use. It takes a few seconds to scan a document because we are committed to making our users\u2019 experience really enjoyable.","og_url":"https:\/\/iscanner.com\/fr\/user-friendliness\/","og_site_name":"iScanner","article_modified_time":"2025-08-27T09:12:43+00:00","twitter_card":"summary_large_image","twitter_title":"iScanner - User-Friendly Scanning Application","twitter_description":"iScanner app is intuitive and easy to use. It takes a few seconds to scan a document because we are committed to making our users\u2019 experience really enjoyable.","schema":{"@context":"https:\/\/schema.org","@graph":[{"@type":"WebPage","@id":"https:\/\/iscanner.com\/fr\/user-friendliness\/","url":"https:\/\/iscanner.com\/fr\/user-friendliness\/","name":"iScanner \u2013 Application de num\u00e9risation conviviale","isPartOf":{"@id":"https:\/\/iscanner.com\/fr\/#website"},"datePublished":"2025-08-27T09:12:42+00:00","dateModified":"2025-08-27T09:12:43+00:00","description":"L'application iScanner est intuitive et facile \u00e0 utiliser. Num\u00e9riser un document ne demande que quelques secondes, car nous nous employons \u00e0 offrir une exp\u00e9rience utilisateur optimale.","breadcrumb":{"@id":"https:\/\/iscanner.com\/fr\/user-friendliness\/#breadcrumb"},"inLanguage":"fr-FR","potentialAction":[{"@type":"ReadAction","target":["https:\/\/iscanner.com\/fr\/user-friendliness\/"]}]},{"@type":"BreadcrumbList","@id":"https:\/\/iscanner.com\/fr\/user-friendliness\/#breadcrumb","itemListElement":[{"@type":"ListItem","position":1,"name":"Home","item":"https:\/\/iscanner.com\/fr\/"},{"@type":"ListItem","position":2,"name":"Convivialit\u00e9"}]},{"@type":"WebSite","@id":"https:\/\/iscanner.com\/fr\/#website","url":"https:\/\/iscanner.com\/fr\/","name":"iScanner","description":"Mobile Scanner App. Download for FREE (Android, iPhone)","potentialAction":[{"@type":"SearchAction","target":{"@type":"EntryPoint","urlTemplate":"https:\/\/iscanner.com\/fr\/?s={search_term_string}"},"query-input":{"@type":"PropertyValueSpecification","valueRequired":true,"valueName":"search_term_string"}}],"inLanguage":"fr-FR"},{"@type":"SoftwareApplication","name":"Iscanner","operatingSystem":"iOS, Android","applicationCategory":"Document converter","aggregateRating":{"@type":"AggregateRating","ratingValue":"4.5","ratingCount":"100"}}]}},"uagb_featured_image_src":{"full":false,"thumbnail":false,"medium":false,"medium_large":false,"large":false,"1536x1536":false,"2048x2048":false,"trp-custom-language-flag":false},"uagb_author_info":{"display_name":"o.markevich","author_link":"https:\/\/iscanner.com\/fr\/author\/o-markevich\/"},"uagb_comment_info":0,"uagb_excerpt":null,"_links":{"self":[{"href":"https:\/\/iscanner.com\/fr\/wp-json\/wp\/v2\/pages\/9186","targetHints":{"allow":["GET"]}}],"collection":[{"href":"https:\/\/iscanner.com\/fr\/wp-json\/wp\/v2\/pages"}],"about":[{"href":"https:\/\/iscanner.com\/fr\/wp-json\/wp\/v2\/types\/page"}],"author":[{"embeddable":true,"href":"https:\/\/iscanner.com\/fr\/wp-json\/wp\/v2\/users\/21"}],"replies":[{"embeddable":true,"href":"https:\/\/iscanner.com\/fr\/wp-json\/wp\/v2\/comments?post=9186"}],"version-history":[{"count":3,"href":"https:\/\/iscanner.com\/fr\/wp-json\/wp\/v2\/pages\/9186\/revisions"}],"predecessor-version":[{"id":9192,"href":"https:\/\/iscanner.com\/fr\/wp-json\/wp\/v2\/pages\/9186\/revisions\/9192"}],"wp:attachment":[{"href":"https:\/\/iscanner.com\/fr\/wp-json\/wp\/v2\/media?parent=9186"}],"curies":[{"name":"wp","href":"https:\/\/api.w.org\/{rel}","templated":true}]}}