{"id":9179,"date":"2025-08-27T09:14:30","date_gmt":"2025-08-27T09:14:30","guid":{"rendered":"https:\/\/iscanner.com\/?page_id=9179"},"modified":"2025-08-27T09:14:31","modified_gmt":"2025-08-27T09:14:31","slug":"advanced-technology","status":"publish","type":"page","link":"https:\/\/iscanner.com\/fr\/advanced-technology\/","title":{"rendered":"Technologie de pointe"},"content":{"rendered":"<section  class=\"section\" >\r\n    <div class=\"container\">\r\n        <div class=\"h2-center col-10 col-sm-12\">\r\n                        <h2>Nous sommes d\u00e9termin\u00e9s \u00e0 fournir des solutions technologiques avanc\u00e9es.<\/h2>\r\n            <p class=\"lead col-8 col-sm-12\">M\u00eame si vous num\u00e9risez un document en d\u00e9placement, vous obtiendrez une image parfaitement nette. L&#8217;IA am\u00e9liore le processus de num\u00e9risation des re\u00e7us, factures et autres documents.<\/p>\r\n        <\/div>\r\n    <\/div>\r\n<\/section>\n\n<section class=\"section\">\r\n    <div class=\"container\">\r\n        <style>\r\n                    <\/style>\r\n        <div class=\"excerpt\">\r\n            <div class=\"excerpt-image col-7 col-sm-12 mobile-\" data-aos=\"fade-right\">\r\n                <img decoding=\"async\" src=\"https:\/\/iscanner.com\/wp-content\/uploads\/2024\/10\/excerpt-1-1.png\" alt=\"\" title=\"\">\r\n            <\/div>\r\n            <div class=\"excerpt-content col-5 col-sm-12\" data-aos=\"fade-left\">\r\n                <h2>IA et vision par ordinateur<\/h2>\r\n                <p>La reconnaissance est bas\u00e9e sur un r\u00e9seau neuronal auto-apprenant, qui d\u00e9tecte les bordures et rogne les documents sans perte de qualit\u00e9.<\/p>\n            <\/div>\r\n        <\/div>\r\n    <\/div>\r\n<\/section>\n\n<section class=\"section\">\r\n    <div class=\"container\">\r\n        <style>\r\n                    <\/style>\r\n        <div class=\"excerpt rtl\">\r\n            <div class=\"excerpt-image col-7 col-sm-12 mobile-\" data-aos=\"fade-left\">\r\n                <img decoding=\"async\" src=\"https:\/\/iscanner.com\/wp-content\/uploads\/2024\/10\/excerpt-2-1.png\" alt=\"\" title=\"\">\r\n            <\/div>\r\n            <div class=\"excerpt-content col-5 col-sm-12\" data-aos=\"fade-right\">\r\n                <h2>Analyse du flux vid\u00e9o<\/h2>\r\n                <p>iScanner ne se contente pas de capturer une photo s\u00e9par\u00e9e, mais utilise un flux vid\u00e9o, en faisant correspondre plusieurs images et en choisissant la meilleure, augmentant ainsi la nettet\u00e9 et la qualit\u00e9 de l&#8217;objet num\u00e9ris\u00e9.<\/p>\n            <\/div>\r\n        <\/div>\r\n    <\/div>\r\n<\/section>\n\n<section class=\"section\">\r\n    <div class=\"container\">\r\n        <div class=\"banner device-bg\" style=\"background-color: #f3f5fc; \">\r\n            <div class=\"banner-content col-5 col-lg-6 col-sm-12\" data-aos=\"fade-down\">\r\n                <h2>Transformation de perspective<\/h2>\r\n                <p class=\"lead\">iScanner applique la transformation de perspective d&#8217;un point de vue 3D \u00e0 une version num\u00e9ris\u00e9e pour des formats de documents tels que A4 ou les pi\u00e8ces d&#8217;identit\u00e9 et produit une image parfaitement rectangulaire.<\/p>\r\n            <\/div>\r\n            <div class=\"banner-image col-6 col-lg-5 col-sm-12 banner-image-bottom\" style=\"background-color: #f3f5fc; \" data-aos=\"fade-up\">\r\n                <img class=\"lozad\" data-src=\"https:\/\/iscanner.com\/wp-content\/uploads\/2021\/05\/perspective.jpeg\" alt=\"\" title=\"\">\r\n            <\/div>\r\n        <\/div>\r\n    <\/div>\r\n<\/section>\n\n<section class=\"section\">\r\n    <div class=\"container\">\r\n        <style>\r\n                    <\/style>\r\n        <div class=\"excerpt\">\r\n            <div class=\"excerpt-image col-7 col-sm-12 mobile-\" data-aos=\"fade-right\">\r\n                <img decoding=\"async\" src=\"https:\/\/iscanner.com\/wp-content\/uploads\/2024\/10\/ai-powered.png\" alt=\"\" title=\"\">\r\n            <\/div>\r\n            <div class=\"excerpt-content col-5 col-sm-12\" data-aos=\"fade-left\">\r\n                <h2>Redresseur de balayage aliment\u00e9 par l&#8217;IA<\/h2>\r\n                <p>D\u00e9tecte automatiquement les distorsions<br \/>\nRedresse les lignes de texte d\u00e9form\u00e9es<br \/>\nAm\u00e9liore la pr\u00e9cision de l&#8217;OCR lorsque le document source est pli\u00e9 ou d\u00e9form\u00e9<br \/>\nRestaure la g\u00e9om\u00e9trie des documents&#8221;<\/p>\n            <\/div>\r\n        <\/div>\r\n    <\/div>\r\n<\/section>","protected":false},"excerpt":{"rendered":"","protected":false},"author":21,"featured_media":0,"parent":0,"menu_order":0,"comment_status":"closed","ping_status":"closed","template":"template\/feature.php","meta":{"footnotes":""},"class_list":["post-9179","page","type-page","status-publish","hentry"],"yoast_head":"<!-- This site is optimized with the Yoast SEO plugin v24.5 - https:\/\/yoast.com\/wordpress\/plugins\/seo\/ -->\n<title>iScanner \u2013 Technologies de num\u00e9risation avanc\u00e9es<\/title>\n<meta name=\"description\" content=\"iScanner a recours \u00e0 des technologies de num\u00e9risation avanc\u00e9es utilisant l&#039;IA et la vision par ordinateur. Vous obtiendrez ainsi une image parfaitement nette et de qualit\u00e9 sup\u00e9rieure, m\u00eame si vous num\u00e9risez une feuille de papier froiss\u00e9e.\" \/>\n<meta name=\"robots\" content=\"index, follow, max-snippet:-1, max-image-preview:large, max-video-preview:-1\" \/>\n<link rel=\"canonical\" href=\"https:\/\/iscanner.com\/fr\/advanced-technology\/\" \/>\n<meta property=\"og:locale\" content=\"fr_FR\" \/>\n<meta property=\"og:type\" content=\"article\" \/>\n<meta property=\"og:title\" content=\"iScanner - Advanced Scanning Technologies\" \/>\n<meta property=\"og:description\" content=\"iScanner uses advanced scanner technologies using AI &amp; Computer vision. You will get a perfectly clear, top-quality image even if you scan a crumpled sheet of paper.\" \/>\n<meta property=\"og:url\" content=\"https:\/\/iscanner.com\/fr\/advanced-technology\/\" \/>\n<meta property=\"og:site_name\" content=\"iScanner\" \/>\n<meta property=\"article:modified_time\" content=\"2025-08-27T09:14:31+00:00\" \/>\n<meta name=\"twitter:card\" content=\"summary_large_image\" \/>\n<meta name=\"twitter:title\" content=\"iScanner - Advanced Scanning Technologies\" \/>\n<meta name=\"twitter:description\" content=\"iScanner uses advanced scanner technologies using AI &amp; Computer vision. You will get a perfectly clear, top-quality image even if you scan a crumpled sheet of paper.\" \/>\n<!-- \/ Yoast SEO plugin. -->","yoast_head_json":{"title":"iScanner \u2013 Technologies de num\u00e9risation avanc\u00e9es","description":"iScanner a recours \u00e0 des technologies de num\u00e9risation avanc\u00e9es utilisant l'IA et la vision par ordinateur. Vous obtiendrez ainsi une image parfaitement nette et de qualit\u00e9 sup\u00e9rieure, m\u00eame si vous num\u00e9risez une feuille de papier froiss\u00e9e.","robots":{"index":"index","follow":"follow","max-snippet":"max-snippet:-1","max-image-preview":"max-image-preview:large","max-video-preview":"max-video-preview:-1"},"canonical":"https:\/\/iscanner.com\/fr\/advanced-technology\/","og_locale":"fr_FR","og_type":"article","og_title":"iScanner - Advanced Scanning Technologies","og_description":"iScanner uses advanced scanner technologies using AI & Computer vision. You will get a perfectly clear, top-quality image even if you scan a crumpled sheet of paper.","og_url":"https:\/\/iscanner.com\/fr\/advanced-technology\/","og_site_name":"iScanner","article_modified_time":"2025-08-27T09:14:31+00:00","twitter_card":"summary_large_image","twitter_title":"iScanner - Advanced Scanning Technologies","twitter_description":"iScanner uses advanced scanner technologies using AI & Computer vision. You will get a perfectly clear, top-quality image even if you scan a crumpled sheet of paper.","schema":{"@context":"https:\/\/schema.org","@graph":[{"@type":"WebPage","@id":"https:\/\/iscanner.com\/fr\/advanced-technology\/","url":"https:\/\/iscanner.com\/fr\/advanced-technology\/","name":"iScanner \u2013 Technologies de num\u00e9risation avanc\u00e9es","isPartOf":{"@id":"https:\/\/iscanner.com\/fr\/#website"},"datePublished":"2025-08-27T09:14:30+00:00","dateModified":"2025-08-27T09:14:31+00:00","description":"iScanner a recours \u00e0 des technologies de num\u00e9risation avanc\u00e9es utilisant l'IA et la vision par ordinateur. Vous obtiendrez ainsi une image parfaitement nette et de qualit\u00e9 sup\u00e9rieure, m\u00eame si vous num\u00e9risez une feuille de papier froiss\u00e9e.","breadcrumb":{"@id":"https:\/\/iscanner.com\/fr\/advanced-technology\/#breadcrumb"},"inLanguage":"fr-FR","potentialAction":[{"@type":"ReadAction","target":["https:\/\/iscanner.com\/fr\/advanced-technology\/"]}]},{"@type":"BreadcrumbList","@id":"https:\/\/iscanner.com\/fr\/advanced-technology\/#breadcrumb","itemListElement":[{"@type":"ListItem","position":1,"name":"Home","item":"https:\/\/iscanner.com\/fr\/"},{"@type":"ListItem","position":2,"name":"Technologie de pointe"}]},{"@type":"WebSite","@id":"https:\/\/iscanner.com\/fr\/#website","url":"https:\/\/iscanner.com\/fr\/","name":"iScanner","description":"Mobile Scanner App. Download for FREE (Android, iPhone)","potentialAction":[{"@type":"SearchAction","target":{"@type":"EntryPoint","urlTemplate":"https:\/\/iscanner.com\/fr\/?s={search_term_string}"},"query-input":{"@type":"PropertyValueSpecification","valueRequired":true,"valueName":"search_term_string"}}],"inLanguage":"fr-FR"},{"@type":"SoftwareApplication","name":"Iscanner","operatingSystem":"iOS, Android","applicationCategory":"Document converter","aggregateRating":{"@type":"AggregateRating","ratingValue":"4.5","ratingCount":"100"}}]}},"uagb_featured_image_src":{"full":false,"thumbnail":false,"medium":false,"medium_large":false,"large":false,"1536x1536":false,"2048x2048":false,"trp-custom-language-flag":false},"uagb_author_info":{"display_name":"o.markevich","author_link":"https:\/\/iscanner.com\/fr\/author\/o-markevich\/"},"uagb_comment_info":0,"uagb_excerpt":null,"_links":{"self":[{"href":"https:\/\/iscanner.com\/fr\/wp-json\/wp\/v2\/pages\/9179","targetHints":{"allow":["GET"]}}],"collection":[{"href":"https:\/\/iscanner.com\/fr\/wp-json\/wp\/v2\/pages"}],"about":[{"href":"https:\/\/iscanner.com\/fr\/wp-json\/wp\/v2\/types\/page"}],"author":[{"embeddable":true,"href":"https:\/\/iscanner.com\/fr\/wp-json\/wp\/v2\/users\/21"}],"replies":[{"embeddable":true,"href":"https:\/\/iscanner.com\/fr\/wp-json\/wp\/v2\/comments?post=9179"}],"version-history":[{"count":2,"href":"https:\/\/iscanner.com\/fr\/wp-json\/wp\/v2\/pages\/9179\/revisions"}],"predecessor-version":[{"id":9182,"href":"https:\/\/iscanner.com\/fr\/wp-json\/wp\/v2\/pages\/9179\/revisions\/9182"}],"wp:attachment":[{"href":"https:\/\/iscanner.com\/fr\/wp-json\/wp\/v2\/media?parent=9179"}],"curies":[{"name":"wp","href":"https:\/\/api.w.org\/{rel}","templated":true}]}}