{"id":9170,"date":"2025-08-27T09:16:01","date_gmt":"2025-08-27T09:16:01","guid":{"rendered":"https:\/\/iscanner.com\/?page_id=9170"},"modified":"2025-08-27T09:16:02","modified_gmt":"2025-08-27T09:16:02","slug":"high-performance","status":"publish","type":"page","link":"https:\/\/iscanner.com\/fr\/high-performance\/","title":{"rendered":"Haute performance"},"content":{"rendered":"<section  class=\"section\" >\r\n    <div class=\"container\">\r\n        <div class=\"h2-center col-10 col-sm-12\">\r\n                        <h2>Nous sommes pr\u00eats \u00e0 fournir \u00e0 nos utilisateurs tous les outils dont ils ont besoin<\/h2>\r\n            <p class=\"lead col-8 col-sm-12\">iScanner dispose d&#8217;une vari\u00e9t\u00e9 de modes de num\u00e9risation et d&#8217;\u00e9dition avanc\u00e9e.<\/p>\r\n        <\/div>\r\n    <\/div>\r\n<\/section>\n\n<section >\r\n    <div class=\"container\">\r\n        <div class=\"h2-center col-10 col-sm-12 activeblue\">\r\n                        <h2>Plusieurs modes de num\u00e9risation<\/h2>\r\n            <p class=\"lead col-8 col-sm-12\"><\/p>\r\n        <\/div>\r\n    <\/div>\r\n<\/section>\n\n<section class=\"section\">\r\n    <div class=\"container\">\r\n        <style>\r\n                    <\/style>\r\n        <div class=\"excerpt\">\r\n            <div class=\"excerpt-image col-7 col-sm-12 mobile-\" data-aos=\"fade-right\">\r\n                <img decoding=\"async\" src=\"https:\/\/iscanner.com\/wp-content\/uploads\/2024\/10\/app-ui.png\" alt=\"\" title=\"\">\r\n            <\/div>\r\n            <div class=\"excerpt-content col-5 col-sm-12\" data-aos=\"fade-left\">\r\n                <h2>Num\u00e9risez vos documents<\/h2>\r\n                <p>Num\u00e9risez vos documents, pi\u00e8ces d&#8217;identit\u00e9, re\u00e7us et autres documents au format PDF ou importez-les depuis votre galerie. iScanner propose \u00e9galement des fonctions pour une productivit\u00e9 accrue\u00a0:<\/p>\n            <\/div>\r\n        <\/div>\r\n    <\/div>\r\n<\/section>\n\n<section class=\"section cards\">\r\n    <div class=\"container\">\r\n        <div class=\"cards-list row-flex\">\r\n                        <div class=\"cards-list__item col-4\" data-aos=\"zoom-in\">\r\n                <div class=\"cards-list__item-img\">\r\n                    <img decoding=\"async\" src=\"https:\/\/iscanner.com\/wp-content\/uploads\/2021\/05\/count.svg\" alt=\"\" title=\"\">\r\n                <\/div>\r\n                <h2 class=\"mainblue\">Mode d\u00e9compte<\/h2>\r\n                <p>Fonction de d\u00e9compte avec l&#8217;IA permettant de compter de nombreux objets similaires.<\/p>\r\n            <\/div>\r\n                        <div class=\"cards-list__item col-4\" data-aos=\"zoom-in\">\r\n                <div class=\"cards-list__item-img\">\r\n                    <img decoding=\"async\" src=\"https:\/\/iscanner.com\/wp-content\/uploads\/2021\/05\/math.svg\" alt=\"\" title=\"\">\r\n                <\/div>\r\n                <h2 class=\"mainblue\">Maths<\/h2>\r\n                <p>Fonction de r\u00e9solution d&#8217;\u00e9quations et de probl\u00e8mes math\u00e9matiques.<\/p>\r\n            <\/div>\r\n                        <div class=\"cards-list__item col-4\" data-aos=\"zoom-in\">\r\n                <div class=\"cards-list__item-img\">\r\n                    <img decoding=\"async\" src=\"https:\/\/iscanner.com\/wp-content\/uploads\/2021\/05\/area.svg\" alt=\"\" title=\"\">\r\n                <\/div>\r\n                <h2 class=\"mainblue\">Surface<\/h2>\r\n                <p>Calcul automatique de la longueur et de la surface de diff\u00e9rents objets.<\/p>\r\n            <\/div>\r\n                    <\/div>\r\n    <\/div>\r\n<\/section>\r\n\n\n<section class=\"section\">\r\n    <div class=\"container\">\r\n        <style>\r\n                    <\/style>\r\n        <div class=\"excerpt rtl\">\r\n            <div class=\"excerpt-image col-7 col-sm-12 mobile-\" data-aos=\"fade-left\">\r\n                <img decoding=\"async\" src=\"https:\/\/iscanner.com\/wp-content\/uploads\/2024\/10\/text-recognition.png\" alt=\"\" title=\"\">\r\n            <\/div>\r\n            <div class=\"excerpt-content col-5 col-sm-12\" data-aos=\"fade-right\">\r\n                <h2>Reconnaissance de texte (OCR)<\/h2>\r\n                <p>Extrayez le texte d&#8217;une page num\u00e9ris\u00e9e, modifiez-le et enregistrez-le comme nouveau document. Le scanner de texte OCR reconna\u00eet plus de 23 langues et peut d\u00e9tecter plusieurs langues au sein d&#8217;un m\u00eame document.<\/p>\n            <\/div>\r\n        <\/div>\r\n    <\/div>\r\n<\/section>\n\n<section class=\"section\">\n    <div class=\"container\">\n        <div class=\"banner banner-advanced-editing device-bg  ltr\" style=\"background-color: #f3f5fc; height:527px;\">\n            <div class=\"banner-image col-6 col-lg-5 col-sm-12 banner-image-bottom\" style=\"background-color: #f3f5fc;\" data-aos=\"fade-up\">\n                <img class=\"lozad\" data-src=\"https:\/\/iscanner.com\/wp-content\/uploads\/2023\/12\/advanced-editing.png\" alt=\"\" title=\"\">\n            <\/div>\n            <div class=\"banner-content col-5 col-lg-6 col-sm-12\" data-aos=\"fade-down\">\n                <h2>\u00c9dition avanc\u00e9e<\/h2>\n                <p class=\"lead\">Outil de balisage, de masquage et de texte\u00a0: ajoutez et modifiez du texte, remplissez automatiquement vos documents \u00e0 l&#8217;aide de mod\u00e8les personnalis\u00e9s.<\/p>\n            <\/div>\n        <\/div>\n    <\/div>\n<\/section>\n\n\n<section class=\"section\">\r\n    <div class=\"container\">\r\n        <style>\r\n                    <\/style>\r\n        <div class=\"excerpt rtl\">\r\n            <div class=\"excerpt-image col-7 col-sm-12 mobile-\" data-aos=\"fade-left\">\r\n                <img decoding=\"async\" src=\"https:\/\/iscanner.com\/wp-content\/uploads\/2024\/10\/document-sharing.png\" alt=\"\" title=\"\">\r\n            <\/div>\r\n            <div class=\"excerpt-content col-5 col-sm-12\" data-aos=\"fade-right\">\r\n                <h2>Partage facile de documents<\/h2>\r\n                <ul>\n<li>Num\u00e9risez des documents au format PDF, JPG, PPT ou convertissez-les au format TXT, EXCEL, DOC et partagez-les en quelques clics<\/li>\n<li>Imprimez des contrats et des factures directement depuis l&#8217;application de num\u00e9risation<\/li>\n<li>Partagez et t\u00e9l\u00e9chargez des documents num\u00e9ris\u00e9s vers des services cloud comme Dropbox, Evernote ou Google Drive<\/li>\n<\/ul>\n            <\/div>\r\n        <\/div>\r\n    <\/div>\r\n<\/section>\n\n<section class=\"section\">\n    <div class=\"container\">\n        <div class=\"banner banner-cloud-sync device-bg  ltr\" style=\"background-color: #f3f5fc; height:527px;\">\n            <div class=\"banner-image col-5 col-lg-5 col-sm-12 banner-image-bottom\" style=\"background-color: #f3f5fc;\" data-aos=\"fade-up\">\n                <img class=\"lozad\" data-src=\"https:\/\/iscanner.com\/wp-content\/uploads\/2023\/12\/sync-files.png\" alt=\"\" title=\"\">\n            <\/div>\n            <div class=\"banner-content col-6 col-lg-6 col-sm-12\" data-aos=\"fade-down\">\n                <h2>Sauvegardez et synchronisez vos fichiers<\/h2>\n                <p class=\"lead\"><ul>\r\n  <li>Gardez une place pour chaque chose\u00a0! Obtenez 200\u00a0Mo, 10 ou 100\u00a0Go d&#8217;espace de stockage dans iScanner Cloud.<\/li>\r\n  <li>Continuez \u00e0 travailler l\u00e0 o\u00f9 vous vous \u00e9tiez arr\u00eat\u00e9, sur n&#8217;importe quel appareil.<\/li>\r\n  <li>Travaillez sans Internet.<\/li>\r\n<\/ul><\/p>\n            <\/div>\n        <\/div>\n    <\/div>\n<\/section>\n\n\n\n<p><\/p>","protected":false},"excerpt":{"rendered":"","protected":false},"author":21,"featured_media":0,"parent":0,"menu_order":0,"comment_status":"closed","ping_status":"closed","template":"template\/feature.php","meta":{"footnotes":""},"class_list":["post-9170","page","type-page","status-publish","hentry"],"yoast_head":"<!-- This site is optimized with the Yoast SEO plugin v24.5 - https:\/\/yoast.com\/wordpress\/plugins\/seo\/ -->\n<title>Reconnaissez, modifiez, partagez ou imprimez des documents avec iScanner<\/title>\n<meta name=\"description\" content=\"Num\u00e9risez vos documents (cartes d&#039;identit\u00e9, re\u00e7us, etc.) au format PDF. Utilisez la reconnaissance de texte pour modifier les documents num\u00e9ris\u00e9s et les enregistrer en tant que nouveaux fichiers. Partagez ou imprimez des documents directement depuis l&#039;application iScanner.\" \/>\n<meta name=\"robots\" content=\"index, follow, max-snippet:-1, max-image-preview:large, max-video-preview:-1\" \/>\n<link rel=\"canonical\" href=\"https:\/\/iscanner.com\/fr\/high-performance\/\" \/>\n<meta property=\"og:locale\" content=\"fr_FR\" \/>\n<meta property=\"og:type\" content=\"article\" \/>\n<meta property=\"og:title\" content=\"Recognize, Edit, Share, or Print Documents with iScanner\" \/>\n<meta property=\"og:description\" content=\"Scan your documents IDs, receipts, and more into PDFs. Use text recognition to edit scanned documents and save them as new files. Share or print documents right from the iScanner app.\" \/>\n<meta property=\"og:url\" content=\"https:\/\/iscanner.com\/fr\/high-performance\/\" \/>\n<meta property=\"og:site_name\" content=\"iScanner\" \/>\n<meta property=\"article:modified_time\" content=\"2025-08-27T09:16:02+00:00\" \/>\n<meta name=\"twitter:card\" content=\"summary_large_image\" \/>\n<meta name=\"twitter:title\" content=\"Recognize, Edit, Share, or Print Documents with iScanner\" \/>\n<meta name=\"twitter:description\" content=\"Scan your documents IDs, receipts, and more into PDFs. Use text recognition to edit scanned documents and save them as new files. Share or print documents right from the iScanner app.\" \/>\n<!-- \/ Yoast SEO plugin. -->","yoast_head_json":{"title":"Reconnaissez, modifiez, partagez ou imprimez des documents avec iScanner","description":"Num\u00e9risez vos documents (cartes d'identit\u00e9, re\u00e7us, etc.) au format PDF. Utilisez la reconnaissance de texte pour modifier les documents num\u00e9ris\u00e9s et les enregistrer en tant que nouveaux fichiers. Partagez ou imprimez des documents directement depuis l'application iScanner.","robots":{"index":"index","follow":"follow","max-snippet":"max-snippet:-1","max-image-preview":"max-image-preview:large","max-video-preview":"max-video-preview:-1"},"canonical":"https:\/\/iscanner.com\/fr\/high-performance\/","og_locale":"fr_FR","og_type":"article","og_title":"Recognize, Edit, Share, or Print Documents with iScanner","og_description":"Scan your documents IDs, receipts, and more into PDFs. Use text recognition to edit scanned documents and save them as new files. Share or print documents right from the iScanner app.","og_url":"https:\/\/iscanner.com\/fr\/high-performance\/","og_site_name":"iScanner","article_modified_time":"2025-08-27T09:16:02+00:00","twitter_card":"summary_large_image","twitter_title":"Recognize, Edit, Share, or Print Documents with iScanner","twitter_description":"Scan your documents IDs, receipts, and more into PDFs. Use text recognition to edit scanned documents and save them as new files. Share or print documents right from the iScanner app.","schema":{"@context":"https:\/\/schema.org","@graph":[{"@type":"WebPage","@id":"https:\/\/iscanner.com\/fr\/high-performance\/","url":"https:\/\/iscanner.com\/fr\/high-performance\/","name":"Reconnaissez, modifiez, partagez ou imprimez des documents avec iScanner","isPartOf":{"@id":"https:\/\/iscanner.com\/fr\/#website"},"datePublished":"2025-08-27T09:16:01+00:00","dateModified":"2025-08-27T09:16:02+00:00","description":"Num\u00e9risez vos documents (cartes d'identit\u00e9, re\u00e7us, etc.) au format PDF. Utilisez la reconnaissance de texte pour modifier les documents num\u00e9ris\u00e9s et les enregistrer en tant que nouveaux fichiers. Partagez ou imprimez des documents directement depuis l'application iScanner.","breadcrumb":{"@id":"https:\/\/iscanner.com\/fr\/high-performance\/#breadcrumb"},"inLanguage":"fr-FR","potentialAction":[{"@type":"ReadAction","target":["https:\/\/iscanner.com\/fr\/high-performance\/"]}]},{"@type":"BreadcrumbList","@id":"https:\/\/iscanner.com\/fr\/high-performance\/#breadcrumb","itemListElement":[{"@type":"ListItem","position":1,"name":"Home","item":"https:\/\/iscanner.com\/fr\/"},{"@type":"ListItem","position":2,"name":"Haute performance"}]},{"@type":"WebSite","@id":"https:\/\/iscanner.com\/fr\/#website","url":"https:\/\/iscanner.com\/fr\/","name":"iScanner","description":"Mobile Scanner App. Download for FREE (Android, iPhone)","potentialAction":[{"@type":"SearchAction","target":{"@type":"EntryPoint","urlTemplate":"https:\/\/iscanner.com\/fr\/?s={search_term_string}"},"query-input":{"@type":"PropertyValueSpecification","valueRequired":true,"valueName":"search_term_string"}}],"inLanguage":"fr-FR"},{"@type":"SoftwareApplication","name":"Iscanner","operatingSystem":"iOS, Android","applicationCategory":"Document converter","aggregateRating":{"@type":"AggregateRating","ratingValue":"4.5","ratingCount":"100"}}]}},"uagb_featured_image_src":{"full":false,"thumbnail":false,"medium":false,"medium_large":false,"large":false,"1536x1536":false,"2048x2048":false,"trp-custom-language-flag":false},"uagb_author_info":{"display_name":"o.markevich","author_link":"https:\/\/iscanner.com\/fr\/author\/o-markevich\/"},"uagb_comment_info":0,"uagb_excerpt":null,"_links":{"self":[{"href":"https:\/\/iscanner.com\/fr\/wp-json\/wp\/v2\/pages\/9170","targetHints":{"allow":["GET"]}}],"collection":[{"href":"https:\/\/iscanner.com\/fr\/wp-json\/wp\/v2\/pages"}],"about":[{"href":"https:\/\/iscanner.com\/fr\/wp-json\/wp\/v2\/types\/page"}],"author":[{"embeddable":true,"href":"https:\/\/iscanner.com\/fr\/wp-json\/wp\/v2\/users\/21"}],"replies":[{"embeddable":true,"href":"https:\/\/iscanner.com\/fr\/wp-json\/wp\/v2\/comments?post=9170"}],"version-history":[{"count":3,"href":"https:\/\/iscanner.com\/fr\/wp-json\/wp\/v2\/pages\/9170\/revisions"}],"predecessor-version":[{"id":9173,"href":"https:\/\/iscanner.com\/fr\/wp-json\/wp\/v2\/pages\/9170\/revisions\/9173"}],"wp:attachment":[{"href":"https:\/\/iscanner.com\/fr\/wp-json\/wp\/v2\/media?parent=9170"}],"curies":[{"name":"wp","href":"https:\/\/api.w.org\/{rel}","templated":true}]}}