{"id":9161,"date":"2025-08-27T09:17:28","date_gmt":"2025-08-27T09:17:28","guid":{"rendered":"https:\/\/iscanner.com\/?page_id=9161"},"modified":"2025-12-08T14:22:25","modified_gmt":"2025-12-08T14:22:25","slug":"privacy-and-security","status":"publish","type":"page","link":"https:\/\/iscanner.com\/fr\/privacy-and-security\/","title":{"rendered":"Confidentialit\u00e9 et s\u00e9curit\u00e9"},"content":{"rendered":"<section  class=\"section\" >\r\n    <div class=\"container\">\r\n        <div class=\"h2-center col-10 col-sm-12\">\r\n                        <h2>Votre vie priv\u00e9e est notre priorit\u00e9<\/h2>\r\n            <p class=\"lead col-8 col-sm-12\">Les documents sont stock\u00e9s localement dans l&#8217;application par d\u00e9faut, et la synchronisation dans le nuage est facultative. Ni le d\u00e9veloppeur ni aucun tiers n&#8217;ont acc\u00e8s au contenu de vos fichiers.<\/p>\r\n        <\/div>\r\n    <\/div>\r\n<\/section>\n\n<section class=\"section\">\r\n    <div class=\"container\">\r\n        <div class=\"gutenberg-features\">\r\n                            <div class=\"gutenberg-features__item\" style=\"background-color:#19b4ff; color:#ffffff;\">\r\n                    <div>\r\n                        <h3 class=\"gutenberg-features__title\">Stricte conformit\u00e9 \u00e0 la protection des donn\u00e9es<\/h3>\r\n                        <p class=\"gutenberg-features__text\">Nous respectons le RGPD de l&#8217;UE et le CCPA pour prot\u00e9ger la confidentialit\u00e9 des utilisateurs.<\/p>\r\n                    <\/div>\r\n                    <div class=\"gutenberg-features__img\">\r\n                        <img decoding=\"async\" src=\"https:\/\/iscanner.com\/wp-content\/uploads\/2025\/12\/privacy-feature-1.png\" alt=\"\" title=\"\">\r\n                    <\/div>\r\n                <\/div>\r\n                            <div class=\"gutenberg-features__item\" style=\"background-color:#f3f5fc; color:#41485b;\">\r\n                    <div>\r\n                        <h3 class=\"gutenberg-features__title\">Vos documents restent locaux<\/h3>\r\n                        <p class=\"gutenberg-features__text\">Votre profil ne sera pas synchronis\u00e9 avec le stockage dans le nuage \u00e0 moins que vous le d\u00e9cidiez.<\/p>\r\n                    <\/div>\r\n                    <div class=\"gutenberg-features__img\">\r\n                        <img decoding=\"async\" src=\"https:\/\/iscanner.com\/wp-content\/uploads\/2025\/12\/privacy-feature-2.png\" alt=\"\" title=\"\">\r\n                    <\/div>\r\n                <\/div>\r\n                            <div class=\"gutenberg-features__item\" style=\"background-color:#f3f5fc; color:#41485b;\">\r\n                    <div>\r\n                        <h3 class=\"gutenberg-features__title\">Aucun suivi de votre contenu<\/h3>\r\n                        <p class=\"gutenberg-features__text\">Ni nous ni aucun tiers n&#8217;avons acc\u00e8s au contenu de vos documents. L&#8217;acc\u00e8s \u00e0 vos documents par le biais du partage est enti\u00e8rement sous votre contr\u00f4le.<\/p>\r\n                    <\/div>\r\n                    <div class=\"gutenberg-features__img\">\r\n                        <img decoding=\"async\" src=\"https:\/\/iscanner.com\/wp-content\/uploads\/2025\/12\/privacy-feature-3.png\" alt=\"\" title=\"\">\r\n                    <\/div>\r\n                <\/div>\r\n                            <div class=\"gutenberg-features__item\" style=\"background-color:#495795; color:#ffffff;\">\r\n                    <div>\r\n                        <h3 class=\"gutenberg-features__title\">Acc\u00e8s contr\u00f4l\u00e9 \u00e0 votre appareil photo et galerie.<\/h3>\r\n                        <p class=\"gutenberg-features__text\">L&#8217;application n\u00e9cessite une autorisation pour des t\u00e2ches sp\u00e9cifiques : l&#8217;appareil photo pour le scanner et la galerie pour les t\u00e9l\u00e9chargements. L&#8217;application acc\u00e8de uniquement aux fichiers que vous s\u00e9lectionnez \u00e0 chaque fois.<\/p>\r\n                    <\/div>\r\n                    <div class=\"gutenberg-features__img\">\r\n                        <img decoding=\"async\" src=\"https:\/\/iscanner.com\/wp-content\/uploads\/2025\/12\/privacy-feature-4.png\" alt=\"\" title=\"\">\r\n                    <\/div>\r\n                <\/div>\r\n                    <\/div>\r\n    <\/div>\r\n<\/section>\n\n<section  class=\"section\" >\r\n    <div class=\"container\">\r\n        <div class=\"h2-center col-11 col-sm-12\">\r\n                        <h2>Quelles fonctions de s\u00e9curit\u00e9 distinguent iScanner ?<\/h2>\r\n            <p class=\"lead col-8 col-sm-12\"><\/p>\r\n        <\/div>\r\n    <\/div>\r\n<\/section>\n\n<section class=\"section banner-1\">\r\n    <div class=\"container\">\r\n        <style>\r\n            @media(max-width: 767.98px) {\n  .banner-1 .excerpt-image {\n    margin-bottom: 0;\n  }\n  .banner-1 .excerpt-image img {\n    transform: scale(1.1);\n  }\n .banner-1 .excerpt-content p {\n    margin-bottom: 60px;\n  }\n}\n        <\/style>\r\n        <div class=\"excerpt\">\r\n            <div class=\"excerpt-image col-7 col-sm-12 mobile-bottom\" data-aos=\"fade-right\">\r\n                <img decoding=\"async\" src=\"https:\/\/iscanner.com\/wp-content\/uploads\/2025\/12\/privacy-banner-1.png\" alt=\"\" title=\"\">\r\n            <\/div>\r\n            <div class=\"excerpt-content col-5 col-sm-12\" data-aos=\"fade-left\">\r\n                <h2>Verrouillez les informations sensibles avec un code PIN, Face ID ou Touch ID.<\/h2>\r\n                <p>Vous pouvez cr\u00e9er un code PIN, configurer Face ID ou Touch ID pour prot\u00e9ger l&#8217;ensemble de l&#8217;application iScanner ou verrouiller des dossiers et documents sp\u00e9cifiques.<\/p>\n            <\/div>\r\n        <\/div>\r\n    <\/div>\r\n<\/section>\n\n<section class=\"section banner-2\">\r\n    <div class=\"container\">\r\n        <style>\r\n            @media(max-width: 767.98px) {\n.banner-2 .excerpt-image {\nmargin-bottom: 0;\n}\n.banner-2 .excerpt-image img {\ntransform: scale(1.1);\n}\n.banner-2 .excerpt-content p {\nmargin-bottom: 60px;\n}\n}\n        <\/style>\r\n        <div class=\"excerpt rtl\">\r\n            <div class=\"excerpt-image col-7 col-sm-12 mobile-bottom\" data-aos=\"fade-left\">\r\n                <img decoding=\"async\" src=\"https:\/\/iscanner.com\/wp-content\/uploads\/2025\/12\/privacy-banner-2.png\" alt=\"\" title=\"\">\r\n            <\/div>\r\n            <div class=\"excerpt-content col-5 col-sm-12\" data-aos=\"fade-right\">\r\n                <h2>Prot\u00e9gez les PDF que vous partagez : ajoutez un mot de passe ou d\u00e9finissez une date d&#8217;expiration du lien.<\/h2>\r\n                <p>Ajoutez un mot de passe avant d&#8217;envoyer un PDF pour vous assurer que seuls vous et le destinataire pouvez acc\u00e9der au fichier. Vous pouvez \u00e9galement d\u00e9finir une date d&#8217;expiration personnalis\u00e9e du lien, de sorte que le fichier ne sera accessible \u00e0 personne apr\u00e8s son expiration.<\/p>\n            <\/div>\r\n        <\/div>\r\n    <\/div>\r\n<\/section>\n\n<section class=\"section banner-3\">\r\n    <div class=\"container\">\r\n        <style>\r\n            @media(max-width: 767.98px) {\n.banner-3 .excerpt-image {\nmargin-bottom: 0;\n}\n.banner-3 .excerpt-image img {\ntransform: scale(1.1);\n}\n.banner-3 .excerpt-content p {\nmargin-bottom: 60px;\n}\n}\n        <\/style>\r\n        <div class=\"excerpt\">\r\n            <div class=\"excerpt-image col-7 col-sm-12 mobile-bottom\" data-aos=\"fade-right\">\r\n                <img decoding=\"async\" src=\"https:\/\/iscanner.com\/wp-content\/uploads\/2025\/12\/privacy-banner-3.png\" alt=\"\" title=\"\">\r\n            <\/div>\r\n            <div class=\"excerpt-content col-5 col-sm-12\" data-aos=\"fade-left\">\r\n                <h2>Renforcez la s\u00e9curit\u00e9 de vos fichiers avec le Dossier coffre-fort et un mot de passe leurre.<\/h2>\r\n                <p>Le Dossier coffre-fort prot\u00e8ge vos documents avec un code d&#8217;acc\u00e8s que vous seul connaissez. Un mot de passe leurre ajoute une s\u00e9curit\u00e9 suppl\u00e9mentaire en cachant vos fichiers importants et en affichant des fichiers insignifiants si quelqu&#8217;un vous force \u00e0 d\u00e9verrouiller votre appareil.<\/p>\n            <\/div>\r\n        <\/div>\r\n    <\/div>\r\n<\/section>\n\n<section class=\"section banner-4\">\r\n    <div class=\"container\">\r\n        <style>\r\n            @media(max-width: 767.98px) {\n.banner-4 .excerpt-image {\nmargin-bottom: 0;\n}\n.banner-4 .excerpt-image img {\ntransform: scale(1.1);\n}\n.banner-4 .excerpt-content p {\nmargin-bottom: 60px;\n}\n}\n        <\/style>\r\n        <div class=\"excerpt rtl\">\r\n            <div class=\"excerpt-image col-7 col-sm-12 mobile-bottom\" data-aos=\"fade-left\">\r\n                <img decoding=\"async\" src=\"https:\/\/iscanner.com\/wp-content\/uploads\/2025\/12\/privacy-banner-4.png\" alt=\"\" title=\"\">\r\n            <\/div>\r\n            <div class=\"excerpt-content col-5 col-sm-12\" data-aos=\"fade-right\">\r\n                <h2>D\u00e9connectez-vous \u00e0 distance si n\u00e9cessaire.<\/h2>\r\n                <p>L&#8217;application prot\u00e8ge vos documents sensibles en vous permettant de vous d\u00e9connecter \u00e0 distance de votre compte iScanner sur un appareil perdu, supprimant imm\u00e9diatement tous les fichiers stock\u00e9s et emp\u00eachant tout acc\u00e8s non autoris\u00e9. Ainsi, vos donn\u00e9es restent s\u00e9curis\u00e9es m\u00eame si votre t\u00e9l\u00e9phone ou tablette est perdu ou vol\u00e9.<\/p>\n            <\/div>\r\n        <\/div>\r\n    <\/div>\r\n<\/section>\n\n<section class=\"section\">\r\n    <div class=\"container\">\r\n        <style>\r\n            .privacy-banner a {\nfont-size: 16px;\npadding: 0 50px;\nmargin-top: 60px;\n}\n.privacy-banner p {\ncolor: #41485B;\n}\n@media(max-width: 1024px) {\n.privacy-banner a {\nmargin-top: 40px\n}\n}\n        <\/style>\r\n        <div class=\"customizable-banner privacy-banner right mobile-top\" style=\"background-color: #f8fdff; border: 1px solid #b0d6f8;\">\r\n            <div class=\"customizable-banner__content\" data-aos=\"fade-down\">\r\n                <h2>Stockage s\u00e9curis\u00e9 dans le nuage<\/h2>\r\n                                    <p><strong>Vos fichiers<\/strong> sont stock\u00e9s sur des <strong>serveurs AWS<\/strong>, le principal fournisseur cloud mondial, <strong>auquel font confiance la plupart des entreprises du Fortune 500<\/strong>, avec les m\u00eames normes de s\u00e9curit\u00e9 que l&#8217;arm\u00e9e et les grandes banques.<\/p>\n<p><strong>Le stockage dans le nuage est facultatif<\/strong> et vous pouvez revenir au stockage local \u00e0 tout moment.<br \/>\n<a class=\"btn btn-banner\" href=\"https:\/\/iscanner.com\/fr\/cloud\/\">En savoir plus<\/a><\/p>\n                            <\/div>\r\n                            <div class=\"customizable-banner__image\" data-aos=\"fade-up\">\r\n                    <picture>\r\n                                                                            <source media=\"(min-width:1024px)\" srcset=\"https:\/\/iscanner.com\/wp-content\/uploads\/2025\/12\/privacy-banner-5.svg\">\r\n                            <img decoding=\"async\" src=\"https:\/\/iscanner.com\/wp-content\/uploads\/2025\/12\/privacy-banner-5.svg\">\r\n                                            <\/picture>\r\n                <\/div>\r\n                    <\/div>\r\n    <\/div>\r\n<\/section>\n\n<section  class=\"section\" >\r\n    <div class=\"container\">\r\n        <div class=\"h2-center col-10 col-sm-12\">\r\n                            <a target=\"_blank\" href=\"https:\/\/app-eu1.hubspotdocuments.com\/documents\/2378615\/view\/509573829?accessId=fa4575\">\r\n                                            <img decoding=\"async\" class=\"headline-img\" src=\"https:\/\/iscanner.com\/wp-content\/uploads\/2025\/12\/privacy-banner-6.png\" \/>\r\n                                    <\/a>\r\n                        <h2>Application Android la plus s\u00e9curis\u00e9e 2022<\/h2>\r\n            <p class=\"lead col-8 col-sm-12\">Dans son rapport 2023, le fournisseur de s\u00e9curit\u00e9 des applications Pradeo a class\u00e9 iScanner parmi les applications professionnelles les plus s\u00e9curis\u00e9es sur Android dans sa cat\u00e9gorie, apr\u00e8s avoir analys\u00e9 49 applications de scanner.<\/p>\r\n        <\/div>\r\n    <\/div>\r\n<\/section>","protected":false},"excerpt":{"rendered":"","protected":false},"author":21,"featured_media":0,"parent":0,"menu_order":0,"comment_status":"closed","ping_status":"closed","template":"template\/feature-new.php","meta":{"footnotes":""},"class_list":["post-9161","page","type-page","status-publish","hentry"],"yoast_head":"<!-- This site is optimized with the Yoast SEO plugin v24.5 - https:\/\/yoast.com\/wordpress\/plugins\/seo\/ -->\n<title>iScanner \u2013 Application de num\u00e9risation priv\u00e9e et s\u00e9curis\u00e9e<\/title>\n<meta name=\"description\" content=\"iScanner stocke les documents confidentiels uniquement dans l&#039;application sur le t\u00e9l\u00e9phone de l&#039;utilisateur : ni le d\u00e9veloppeur ni des tiers n&#039;y ont acc\u00e8s. Conformit\u00e9 totale aux protocoles de s\u00e9curit\u00e9 BBB.\" \/>\n<meta name=\"robots\" content=\"index, follow, max-snippet:-1, max-image-preview:large, max-video-preview:-1\" \/>\n<link rel=\"canonical\" href=\"https:\/\/iscanner.com\/fr\/privacy-and-security\/\" \/>\n<meta property=\"og:locale\" content=\"fr_FR\" \/>\n<meta property=\"og:type\" content=\"article\" \/>\n<meta property=\"og:title\" content=\"iScanner - Private and Secure Scanning Application\" \/>\n<meta property=\"og:description\" content=\"iScanner stores confidential documents only in the app on the user&#039;s phone: neither the developer nor third parties have access to it. Full compliance with BBB security protocols.\" \/>\n<meta property=\"og:url\" content=\"https:\/\/iscanner.com\/fr\/privacy-and-security\/\" \/>\n<meta property=\"og:site_name\" content=\"iScanner\" \/>\n<meta property=\"article:modified_time\" content=\"2025-12-08T14:22:25+00:00\" \/>\n<meta name=\"twitter:card\" content=\"summary_large_image\" \/>\n<meta name=\"twitter:title\" content=\"iScanner - Private and Secure Scanning Application\" \/>\n<meta name=\"twitter:description\" content=\"iScanner stores confidential documents only in the app on the user&#039;s phone: neither the developer nor third parties have access to it. Full compliance with BBB security protocols.\" \/>\n<!-- \/ Yoast SEO plugin. -->","yoast_head_json":{"title":"iScanner \u2013 Application de num\u00e9risation priv\u00e9e et s\u00e9curis\u00e9e","description":"iScanner stocke les documents confidentiels uniquement dans l'application sur le t\u00e9l\u00e9phone de l'utilisateur : ni le d\u00e9veloppeur ni des tiers n'y ont acc\u00e8s. Conformit\u00e9 totale aux protocoles de s\u00e9curit\u00e9 BBB.","robots":{"index":"index","follow":"follow","max-snippet":"max-snippet:-1","max-image-preview":"max-image-preview:large","max-video-preview":"max-video-preview:-1"},"canonical":"https:\/\/iscanner.com\/fr\/privacy-and-security\/","og_locale":"fr_FR","og_type":"article","og_title":"iScanner - Private and Secure Scanning Application","og_description":"iScanner stores confidential documents only in the app on the user's phone: neither the developer nor third parties have access to it. Full compliance with BBB security protocols.","og_url":"https:\/\/iscanner.com\/fr\/privacy-and-security\/","og_site_name":"iScanner","article_modified_time":"2025-12-08T14:22:25+00:00","twitter_card":"summary_large_image","twitter_title":"iScanner - Private and Secure Scanning Application","twitter_description":"iScanner stores confidential documents only in the app on the user's phone: neither the developer nor third parties have access to it. Full compliance with BBB security protocols.","schema":{"@context":"https:\/\/schema.org","@graph":[{"@type":"WebPage","@id":"https:\/\/iscanner.com\/fr\/privacy-and-security\/","url":"https:\/\/iscanner.com\/fr\/privacy-and-security\/","name":"iScanner \u2013 Application de num\u00e9risation priv\u00e9e et s\u00e9curis\u00e9e","isPartOf":{"@id":"https:\/\/iscanner.com\/fr\/#website"},"datePublished":"2025-08-27T09:17:28+00:00","dateModified":"2025-12-08T14:22:25+00:00","description":"iScanner stocke les documents confidentiels uniquement dans l'application sur le t\u00e9l\u00e9phone de l'utilisateur : ni le d\u00e9veloppeur ni des tiers n'y ont acc\u00e8s. Conformit\u00e9 totale aux protocoles de s\u00e9curit\u00e9 BBB.","breadcrumb":{"@id":"https:\/\/iscanner.com\/fr\/privacy-and-security\/#breadcrumb"},"inLanguage":"fr-FR","potentialAction":[{"@type":"ReadAction","target":["https:\/\/iscanner.com\/fr\/privacy-and-security\/"]}]},{"@type":"BreadcrumbList","@id":"https:\/\/iscanner.com\/fr\/privacy-and-security\/#breadcrumb","itemListElement":[{"@type":"ListItem","position":1,"name":"Home","item":"https:\/\/iscanner.com\/fr\/"},{"@type":"ListItem","position":2,"name":"Confidentialit\u00e9 et s\u00e9curit\u00e9"}]},{"@type":"WebSite","@id":"https:\/\/iscanner.com\/fr\/#website","url":"https:\/\/iscanner.com\/fr\/","name":"iScanner","description":"Mobile Scanner App. Download for FREE (Android, iPhone)","potentialAction":[{"@type":"SearchAction","target":{"@type":"EntryPoint","urlTemplate":"https:\/\/iscanner.com\/fr\/?s={search_term_string}"},"query-input":{"@type":"PropertyValueSpecification","valueRequired":true,"valueName":"search_term_string"}}],"inLanguage":"fr-FR"},{"@type":"SoftwareApplication","name":"Iscanner","operatingSystem":"iOS, Android","applicationCategory":"Document converter","aggregateRating":{"@type":"AggregateRating","ratingValue":"4.5","ratingCount":"100"}}]}},"uagb_featured_image_src":{"full":false,"thumbnail":false,"medium":false,"medium_large":false,"large":false,"1536x1536":false,"2048x2048":false,"trp-custom-language-flag":false},"uagb_author_info":{"display_name":"o.markevich","author_link":"https:\/\/iscanner.com\/fr\/author\/o-markevich\/"},"uagb_comment_info":0,"uagb_excerpt":null,"_links":{"self":[{"href":"https:\/\/iscanner.com\/fr\/wp-json\/wp\/v2\/pages\/9161","targetHints":{"allow":["GET"]}}],"collection":[{"href":"https:\/\/iscanner.com\/fr\/wp-json\/wp\/v2\/pages"}],"about":[{"href":"https:\/\/iscanner.com\/fr\/wp-json\/wp\/v2\/types\/page"}],"author":[{"embeddable":true,"href":"https:\/\/iscanner.com\/fr\/wp-json\/wp\/v2\/users\/21"}],"replies":[{"embeddable":true,"href":"https:\/\/iscanner.com\/fr\/wp-json\/wp\/v2\/comments?post=9161"}],"version-history":[{"count":14,"href":"https:\/\/iscanner.com\/fr\/wp-json\/wp\/v2\/pages\/9161\/revisions"}],"predecessor-version":[{"id":9756,"href":"https:\/\/iscanner.com\/fr\/wp-json\/wp\/v2\/pages\/9161\/revisions\/9756"}],"wp:attachment":[{"href":"https:\/\/iscanner.com\/fr\/wp-json\/wp\/v2\/media?parent=9161"}],"curies":[{"name":"wp","href":"https:\/\/api.w.org\/{rel}","templated":true}]}}