{"id":9147,"date":"2025-08-27T09:18:10","date_gmt":"2025-08-27T09:18:10","guid":{"rendered":"https:\/\/iscanner.com\/?page_id=9147"},"modified":"2025-12-08T10:35:16","modified_gmt":"2025-12-08T10:35:16","slug":"sustainability","status":"publish","type":"page","link":"https:\/\/iscanner.com\/fr\/sustainability\/","title":{"rendered":"Durabilit\u00e9"},"content":{"rendered":"<section  class=\"section\" >\r\n    <div class=\"container\">\r\n        <div class=\"h2-center col-11 col-sm-12\">\r\n                        <h2>Dites adieu au papier<\/h2>\r\n            <p class=\"lead col-11 col-sm-12\">L&#8217;application <strong>iScanner<\/strong> est une \u00e9tape sur le chemin de la r\u00e9duction de votre utilisation de papier. Un petit arbre produit e<strong>nviron 4&nbsp;000 feuilles de papier<\/strong>. Chaque ann\u00e9e, en scannant et en exportant des fichiers num\u00e9riques, les utilisateurs <strong>d&#8217;iScanner <\/strong>sauvent ensemble <strong>16 000 arbres<\/strong>, ce qui suffit \u00e0 couvrir la superficie de <strong>56 terrains de football<\/strong>.<\/p>\r\n        <\/div>\r\n    <\/div>\r\n<\/section>\n\n\n<div class=\"wp-block-group is-content-justification-center is-nowrap is-layout-flex wp-container-core-group-is-layout-94bc23d7 wp-block-group-is-layout-flex\">\n<figure class=\"wp-block-image size-full is-resized\"><img loading=\"lazy\" decoding=\"async\" width=\"264\" height=\"264\" src=\"https:\/\/iscanner.com\/wp-content\/uploads\/2025\/12\/sustainability-leaf-1.png\" alt=\"\" class=\"wp-image-9686\" style=\"object-fit:cover;width:132px;height:132px\" srcset=\"https:\/\/iscanner.com\/wp-content\/uploads\/2025\/12\/sustainability-leaf-1.png 264w, https:\/\/iscanner.com\/wp-content\/uploads\/2025\/12\/sustainability-leaf-1-150x150.png 150w, https:\/\/iscanner.com\/wp-content\/uploads\/2025\/12\/sustainability-leaf-1-12x12.png 12w\" sizes=\"auto, (max-width: 264px) 100vw, 264px\" \/><\/figure>\n<\/div>\n\n\n<section class=\"section\">\r\n    <div class=\"container\">\r\n        <style>\r\n                    <\/style>\r\n        <div class=\"excerpt rtl\">\r\n            <div class=\"excerpt-image col-7 col-sm-12 mobile-bottom\" data-aos=\"fade-left\">\r\n                <img decoding=\"async\" src=\"https:\/\/iscanner.com\/wp-content\/uploads\/2025\/12\/sustainability-banner-1.png\" alt=\"\" title=\"\">\r\n            <\/div>\r\n            <div class=\"excerpt-content col-5 col-sm-12\" data-aos=\"fade-right\">\r\n                <h2>Modifiez et signez num\u00e9riquement au lieu d&#8217;imprimer<\/h2>\r\n                <p>Avec iScanner, il n&#8217;est pas n\u00e9cessaire d&#8217;imprimer vos documents. Vous pouvez modifier les fichiers directement dans l&#8217;application. Besoin d&#8217;ajouter votre signature ? Toujours pas de paperasse. Signez simplement le document \u00e9lectroniquement dans l&#8217;application et partagez-le imm\u00e9diatement via des messageries, un e-mail ou un lien. Tout cela est absolument gratuit.<\/p>\n            <\/div>\r\n        <\/div>\r\n    <\/div>\r\n<\/section>\n\n<section class=\"section\">\r\n    <div class=\"container\">\r\n        <style>\r\n                    <\/style>\r\n        <div class=\"excerpt\">\r\n            <div class=\"excerpt-image col-7 col-sm-12 mobile-bottom\" data-aos=\"fade-right\">\r\n                <img decoding=\"async\" src=\"https:\/\/iscanner.com\/wp-content\/uploads\/2025\/12\/sustainability-banner-2.png\" alt=\"\" title=\"\">\r\n            <\/div>\r\n            <div class=\"excerpt-content col-5 col-sm-12\" data-aos=\"fade-left\">\r\n                <h2>Gagnez des r\u00e9compenses avec notre programme \u00e9cologique<\/h2>\r\n                <p>Tous les utilisateurs enregistr\u00e9s d&#8217;iScanner peuvent s&#8217;amuser \u00e0 gagner des badges \u00e9cologiques en exportant des pages. Chaque exportation aide \u00e0 faire pousser un arbre virtuel. Essayez de gagner les 8 badges, de Graine verte (1 page export\u00e9e) \u00e0 H\u00e9ros des for\u00eats (4 000 pages). Suivez vos progr\u00e8s et voyez votre impact cro\u00eetre dans le menu d&#8217;accueil.<\/p>\n<p><a class=\"btn btn-myfiles\" target=\"_blank\" href=\"https:\/\/www.youtube.com\/watch?v=vD9gPBu7SJ8\">Regarder la vid\u00e9o<\/a><\/p>\n            <\/div>\r\n        <\/div>\r\n    <\/div>\r\n<\/section>\n\n<section class=\"section\">\r\n    <div class=\"container\">\r\n        <style>\r\n                    <\/style>\r\n        <div class=\"excerpt rtl\">\r\n            <div class=\"excerpt-image col-7 col-sm-12 mobile-bottom\" data-aos=\"fade-left\">\r\n                <img decoding=\"async\" src=\"https:\/\/iscanner.com\/wp-content\/uploads\/2025\/12\/sustainability-banner-3.png\" alt=\"\" title=\"\">\r\n            <\/div>\r\n            <div class=\"excerpt-content col-5 col-sm-12\" data-aos=\"fade-right\">\r\n                <h2>Ajoutez des widgets \u00e9cologiques \u00e0 votre \u00e9cran<\/h2>\r\n                <p>Tous les utilisateurs d&#8217;iPhone peuvent ajouter un widget de compteur \u00e9cologique \u00e0 leur \u00e9cran verrouill\u00e9. Cet outil pratique affiche le nombre d&#8217;arbres que vous avez sauv\u00e9s personnellement, ainsi que le nombre total sauv\u00e9 par l&#8217;ensemble de la communaut\u00e9 iScanner. C&#8217;est une fa\u00e7on inspirante de voir votre impact cro\u00eetre chaque jour.<\/p>\n            <\/div>\r\n        <\/div>\r\n    <\/div>\r\n<\/section>\n\n<section class=\"section\">\r\n    <div class=\"container\">\r\n        <style>\r\n                    <\/style>\r\n        <div class=\"excerpt\">\r\n            <div class=\"excerpt-image col-7 col-sm-12 mobile-bottom\" data-aos=\"fade-right\">\r\n                <img decoding=\"async\" src=\"https:\/\/iscanner.com\/wp-content\/uploads\/2025\/12\/sustainability-banner-4.png\" alt=\"\" title=\"\">\r\n            <\/div>\r\n            <div class=\"excerpt-content col-5 col-sm-12\" data-aos=\"fade-left\">\r\n                <h2>Partagez vos \u00e9co-certificats<\/h2>\r\n                <p>Pour chaque badge que vous gagnez, vous recevez un \u00e9co-certificat soulignant votre engagement pour un mode de vie sans papier. Vous pouvez les t\u00e9l\u00e9charger depuis l&#8217;application et les partager sur vos comptes de m\u00e9dias sociaux personnels ou d&#8217;entreprise.<\/p>\n            <\/div>\r\n        <\/div>\r\n    <\/div>\r\n<\/section>\n\n\n<div class=\"wp-block-group is-content-justification-center is-nowrap is-layout-flex wp-container-core-group-is-layout-94bc23d7 wp-block-group-is-layout-flex\">\n<figure class=\"wp-block-image size-full is-resized\"><img loading=\"lazy\" decoding=\"async\" width=\"264\" height=\"264\" src=\"https:\/\/iscanner.com\/wp-content\/uploads\/2025\/12\/sustainability-leaf-1.png\" alt=\"\" class=\"wp-image-9686\" style=\"object-fit:cover;width:132px;height:132px\" srcset=\"https:\/\/iscanner.com\/wp-content\/uploads\/2025\/12\/sustainability-leaf-1.png 264w, https:\/\/iscanner.com\/wp-content\/uploads\/2025\/12\/sustainability-leaf-1-150x150.png 150w, https:\/\/iscanner.com\/wp-content\/uploads\/2025\/12\/sustainability-leaf-1-12x12.png 12w\" sizes=\"auto, (max-width: 264px) 100vw, 264px\" \/><\/figure>\n<\/div>\n\n\n<section class=\"section\">\r\n    <div class=\"container\">\r\n        <style>\r\n            .sustainability-banner {\n  border-radius: 20px;\n  padding: 120px 120px 100px;\n}\n.sustainability-banner .customizable-banner__content {\n  padding-right: 25px;\n}\n.sustainability-banner p {\n  letter-spacing: -1.1px;\n  line-height: 1.5;\n}\n.sustainability-banner a {\n  font-size: 28px;\n  font-weight: 700;\n  margin-top: 30px;\n  padding: 20px;\n  height: auto;\n  max-width: 312px;\n  width: 100%;\n}\n.sustainability-banner .customizable-banner__image {\n  position: absolute;\n  right: 0;\n  bottom: 0;\n  top: 0;\n  max-width: 71%;\n}\n.sustainability-banner .customizable-banner__image img {\n  object-position: right bottom;\n}\n@media(max-width: 1280px) {\n  .sustainability-banner {\n    padding: 70px 60px 60px;\n  }\n}\n@media(max-width: 1024px) {\n  .sustainability-banner {\n    padding-bottom: 0;\n  }\n  .sustainability-banner .customizable-banner__content {\n     padding-right: 0;\n  }\n  .sustainability-banner .customizable-banner__image {\n    position: static;\n    margin-bottom: 0;\n    max-width: 100% !important;\n  }\n}\n@media(max-width: 768px) {\n  .sustainability-banner {\n    padding: 33px 23px 0;\n  }\n}\n        <\/style>\r\n        <div class=\"customizable-banner sustainability-banner right mobile-bottom\" style=\"background-color: #f3f5fc; \">\r\n            <div class=\"customizable-banner__content\" data-aos=\"fade-down\">\r\n                <h2>Soyez \u00e9cologique<\/h2>\r\n                                    <p>Des habitudes simples et durables peuvent d\u00e9clencher un changement durable. Pour c\u00e9l\u00e9brer le Jour de la Terre, nous nous sommes associ\u00e9s \u00e0 Recycling.com pour cr\u00e9er <strong>un guide \u00ab D\u00e9sencombrer et num\u00e9riser \u00bb<\/strong>. Il comprend des conseils pratiques sur les documents \u00e0 conserver, ceux \u00e0 \u00e9liminer, comment recycler intelligemment et quelques \u00e9tapes simples pour&nbsp;passer au z\u00e9ro papier.<br \/>\n<a target=\"_blank\" class=\"btn btn-blue\" href=\"https:\/\/iscanner.com\/wp-content\/uploads\/2022\/04\/earth-day.pdf\">Lire le guide<\/a><\/p>\n                            <\/div>\r\n                            <div class=\"customizable-banner__image\" data-aos=\"fade-up\">\r\n                    <picture>\r\n                                                    <source media=\"(max-width:1024px)\" srcset=\"https:\/\/iscanner.com\/wp-content\/uploads\/2025\/12\/sustainability-banner-5-mobile.png\">\r\n                                                                            <source media=\"(min-width:1024px)\" srcset=\"https:\/\/iscanner.com\/wp-content\/uploads\/2025\/12\/sustainability-banner-5.png\">\r\n                            <img decoding=\"async\" src=\"https:\/\/iscanner.com\/wp-content\/uploads\/2025\/12\/sustainability-banner-5.png\">\r\n                                            <\/picture>\r\n                <\/div>\r\n                    <\/div>\r\n    <\/div>\r\n<\/section>\n\n\n<div class=\"wp-block-group sustainability-full-width-green\"><div class=\"wp-block-group__inner-container is-layout-constrained wp-block-group-is-layout-constrained\">\n<div class=\"wp-block-group is-nowrap is-layout-flex wp-container-core-group-is-layout-ad2f72ca wp-block-group-is-layout-flex\">\n<figure class=\"wp-block-image size-large\"><img loading=\"lazy\" decoding=\"async\" width=\"1024\" height=\"1024\" src=\"https:\/\/iscanner.com\/wp-content\/uploads\/2025\/12\/sustainability-hands-1024x1024.png\" alt=\"\" class=\"wp-image-9685\" srcset=\"https:\/\/iscanner.com\/wp-content\/uploads\/2025\/12\/sustainability-hands-1024x1024.png 1024w, https:\/\/iscanner.com\/wp-content\/uploads\/2025\/12\/sustainability-hands-300x300.png 300w, https:\/\/iscanner.com\/wp-content\/uploads\/2025\/12\/sustainability-hands-150x150.png 150w, https:\/\/iscanner.com\/wp-content\/uploads\/2025\/12\/sustainability-hands-768x768.png 768w, https:\/\/iscanner.com\/wp-content\/uploads\/2025\/12\/sustainability-hands-12x12.png 12w, https:\/\/iscanner.com\/wp-content\/uploads\/2025\/12\/sustainability-hands.png 1500w\" sizes=\"auto, (max-width: 1024px) 100vw, 1024px\" \/><\/figure>\n\n\n\n<div class=\"wp-block-group\"><div class=\"wp-block-group__inner-container is-layout-constrained wp-block-group-is-layout-constrained\">\n<h2 class=\"wp-block-heading\">Initiez votre enfant au b\u00e9n\u00e9volat \u00e9cologique<\/h2>\n\n\n\n<p>Avec iScanner, les enfants et les adolescents peuvent contribuer \u00e0 leur communaut\u00e9 locale. Si vous pensez que l&#8217;\u00e9cole de votre enfant utilise trop de papier, nous les invitons \u00e0 rejoindre notre projet de b\u00e9n\u00e9volat appel\u00e9 \u00ab G\u00e9rez votre empreinte papier pour un meilleur avenir \u00bb. Permettez-leur de faire une vraie diff\u00e9rence de mani\u00e8re amusante et engageante.<br><br><a href=\"https:\/\/iscanner.com\/digital-eco-project-a-volunteering-opportunity-your-child-will-enjoy\/\" target=\"_blank\" rel=\"noreferrer noopener\">V\u00e9rifiez vous-m\u00eame<\/a><\/p>\n<\/div><\/div>\n<\/div>\n<\/div><\/div>\n\n\n<section class=\"section\">\r\n    <div class=\"container\">\r\n        <style>\r\n            .sustainability-banner-1 {\n  border-radius: 20px;\n  padding: 120px 120px 100px;\n}\n.sustainability-banner-1 .customizable-banner__content {\n  padding-right: 25px;\n}\n.sustainability-banner-1 .customizable-banner__content a {\n  color: #495795;\n  font-size: 20px;\n  font-weight: 700;\n  text-decoration: none;\n}\n.sustainability-banner-1 p {\n  letter-spacing: -1.1px;\n  line-height: 1.5;\n}\n.sustainability-banner-1 .customizable-banner__image {\n  position: absolute;\n  right: 0;\n  bottom: 0;\n  top: 0;\n  max-width: 71%;\n}\n.sustainability-banner-1 .customizable-banner__image img {\n  object-position: right bottom;\n}\n@media(max-width: 1280px) {\n  .sustainability-banner-1 {\n    padding: 70px 60px 60px;\n  }\n}\n@media(max-width: 1024px) {\n  .sustainability-banner-1 {\n    padding-bottom: 0;\n  }\n  .sustainability-banner-1 .customizable-banner__content {\n     padding-right: 0;\n  }\n  .sustainability-banner-1 .customizable-banner__image {\n    position: static;\n    margin-bottom: 0;\n    max-width: 100% !important;\n  }\n}\n@media(max-width: 768px) {\n  .sustainability-banner-1 {\n    padding: 33px 23px 0;\n  }\n}\n        <\/style>\r\n        <div class=\"customizable-banner sustainability-banner-1 right mobile-bottom\" style=\"background-color: #f3f5fc; \">\r\n            <div class=\"customizable-banner__content\" data-aos=\"fade-down\">\r\n                <h2>Continuez \u00e0 apprendre et \u00e0 contribuer<\/h2>\r\n                                    <p>Nous ne nous arr\u00eatons pas. Chaque ann\u00e9e, nous c\u00e9l\u00e9brons le <a target=\"_blank\" href=\"https:\/\/iscanner.com\/going-paperless-for-earth-day-with-iscanner\/\">Jour de la Terre<\/a> et la <a target=\"_blank\" href=\"https:\/\/iscanner.com\/how-to-celebrate-world-paper-free-day\/\">Journ\u00e9e mondiale du papier<\/a>, inspirant notre communaut\u00e9 et les \u00e9coliers \u00e0 <a target=\"_blank\" href=\"https:\/\/iscanner.com\/earth-day-activities-for-high-school-students\/\">nous rejoindre<\/a>. Nous cr\u00e9ons des <a target=\"_blank\" href=\"https:\/\/iscanner.com\/how-to-get-your-business-sustainable-on-a-budget-4-easy-steps\/\">guides pour les entreprises<\/a>, partageons des conseils de d\u00e9sencombrement \u00e0 domicile, menons des <a target=\"_blank\" href=\"https:\/\/iscanner.com\/survey-what-eco-friendly-initiatives-are-more-interesting-for-small-businesses-and-what-barriers-do-they-face-while-implementing\/\">enqu\u00eates \u00e9cologiques<\/a> pour les PME et partageons tout cela sur notre application, notre site Web et nos m\u00e9dias sociaux. Rejoignez-nous !<\/p>\n                            <\/div>\r\n                            <div class=\"customizable-banner__image\" data-aos=\"fade-up\">\r\n                    <picture>\r\n                                                    <source media=\"(max-width:1024px)\" srcset=\"https:\/\/iscanner.com\/wp-content\/uploads\/2025\/12\/sustainability-banner-6-mobile.png\">\r\n                                                                            <source media=\"(min-width:1024px)\" srcset=\"https:\/\/iscanner.com\/wp-content\/uploads\/2025\/12\/sustainability-banner-6.png\">\r\n                            <img decoding=\"async\" src=\"https:\/\/iscanner.com\/wp-content\/uploads\/2025\/12\/sustainability-banner-6.png\">\r\n                                            <\/picture>\r\n                <\/div>\r\n                    <\/div>\r\n    <\/div>\r\n<\/section>\n\n<section  class=\"section\" >\r\n    <div class=\"container\">\r\n        <div class=\"h2-center col-10 col-sm-12\">\r\n                        <h2>Depuis 2015, nous avons aid\u00e9 des millions de personnes dans le monde \u00e0 remplacer des millions de feuilles de papier par des documents num\u00e9riques.<\/h2>\r\n            <p class=\"lead col-8 col-sm-12\"><\/p>\r\n        <\/div>\r\n    <\/div>\r\n<\/section>\n\n<section class=\"section section-last\">\r\n    <div class=\"container\">\r\n        <img decoding=\"async\" class=\"section-last-image\" src=\"https:\/\/iscanner.com\/wp-content\/uploads\/2024\/10\/bottom-1.png\" alt=\"\" data-aos=\"fade-up\">\r\n    <\/div>\r\n<\/section>","protected":false},"excerpt":{"rendered":"<p>Initiez votre enfant au b\u00e9n\u00e9volat \u00e9cologique Avec iScanner, les enfants et les adolescents peuvent contribuer \u00e0 leur communaut\u00e9 locale. Si vous pensez que l&#8217;\u00e9cole de votre enfant utilise trop de papier, nous les invitons \u00e0 rejoindre notre projet de b\u00e9n\u00e9volat appel\u00e9 \u00ab G\u00e9rez votre empreinte papier pour un meilleur avenir \u00bb. Permettez-leur de faire une [&hellip;]<\/p>","protected":false},"author":21,"featured_media":0,"parent":0,"menu_order":0,"comment_status":"closed","ping_status":"closed","template":"template\/feature-new.php","meta":{"footnotes":""},"class_list":["post-9147","page","type-page","status-publish","hentry"],"yoast_head":"<!-- This site is optimized with the Yoast SEO plugin v24.5 - https:\/\/yoast.com\/wordpress\/plugins\/seo\/ -->\n<title>D\u00e9mat\u00e9rialisez votre espace de travail avec iScanner<\/title>\n<meta name=\"description\" content=\"Des habitudes simples et \u00e9cologiques peuvent amorcer un changement durable. D\u00e9couvrez notre guide \u00ab D\u00e9sencombrer et num\u00e9riser \u00bb pour d\u00e9sencombrer, recycler efficacement et passer au z\u00e9ro papier.\" \/>\n<meta name=\"robots\" content=\"index, follow, max-snippet:-1, max-image-preview:large, max-video-preview:-1\" \/>\n<link rel=\"canonical\" href=\"https:\/\/iscanner.com\/fr\/sustainability\/\" \/>\n<meta property=\"og:locale\" content=\"fr_FR\" \/>\n<meta property=\"og:type\" content=\"article\" \/>\n<meta property=\"og:title\" content=\"Make Your Workplace Paper-Free with iScanner\" \/>\n<meta property=\"og:description\" content=\"Sustainability is not an empty word for us. Since 2015 iScanner has helped millions of people around the world to replace millions of sheets of paper with digital documents.\" \/>\n<meta property=\"og:url\" content=\"https:\/\/iscanner.com\/fr\/sustainability\/\" \/>\n<meta property=\"og:site_name\" content=\"iScanner\" \/>\n<meta property=\"article:modified_time\" content=\"2025-12-08T10:35:16+00:00\" \/>\n<meta property=\"og:image\" content=\"https:\/\/iscanner.com\/wp-content\/uploads\/2025\/12\/sustainability-leaf-1.png\" \/>\n\t<meta property=\"og:image:width\" content=\"264\" \/>\n\t<meta property=\"og:image:height\" content=\"264\" \/>\n\t<meta property=\"og:image:type\" content=\"image\/png\" \/>\n<meta name=\"twitter:card\" content=\"summary_large_image\" \/>\n<meta name=\"twitter:title\" content=\"Make Your Workplace Paper-Free with iScanner\" \/>\n<meta name=\"twitter:description\" content=\"Sustainability is not an empty word for us. Since 2015 iScanner has helped millions of people around the world to replace millions of sheets of paper with digital documents.\" \/>\n<!-- \/ Yoast SEO plugin. -->","yoast_head_json":{"title":"D\u00e9mat\u00e9rialisez votre espace de travail avec iScanner","description":"Des habitudes simples et \u00e9cologiques peuvent amorcer un changement durable. D\u00e9couvrez notre guide \u00ab D\u00e9sencombrer et num\u00e9riser \u00bb pour d\u00e9sencombrer, recycler efficacement et passer au z\u00e9ro papier.","robots":{"index":"index","follow":"follow","max-snippet":"max-snippet:-1","max-image-preview":"max-image-preview:large","max-video-preview":"max-video-preview:-1"},"canonical":"https:\/\/iscanner.com\/fr\/sustainability\/","og_locale":"fr_FR","og_type":"article","og_title":"Make Your Workplace Paper-Free with iScanner","og_description":"Sustainability is not an empty word for us. Since 2015 iScanner has helped millions of people around the world to replace millions of sheets of paper with digital documents.","og_url":"https:\/\/iscanner.com\/fr\/sustainability\/","og_site_name":"iScanner","article_modified_time":"2025-12-08T10:35:16+00:00","og_image":[{"width":264,"height":264,"url":"https:\/\/iscanner.com\/wp-content\/uploads\/2025\/12\/sustainability-leaf-1.png","type":"image\/png"}],"twitter_card":"summary_large_image","twitter_title":"Make Your Workplace Paper-Free with iScanner","twitter_description":"Sustainability is not an empty word for us. Since 2015 iScanner has helped millions of people around the world to replace millions of sheets of paper with digital documents.","schema":{"@context":"https:\/\/schema.org","@graph":[{"@type":"WebPage","@id":"https:\/\/iscanner.com\/fr\/sustainability\/","url":"https:\/\/iscanner.com\/fr\/sustainability\/","name":"D\u00e9mat\u00e9rialisez votre espace de travail avec iScanner","isPartOf":{"@id":"https:\/\/iscanner.com\/fr\/#website"},"primaryImageOfPage":{"@id":"https:\/\/iscanner.com\/fr\/sustainability\/#primaryimage"},"image":{"@id":"https:\/\/iscanner.com\/fr\/sustainability\/#primaryimage"},"thumbnailUrl":"https:\/\/iscanner.com\/wp-content\/uploads\/2025\/12\/sustainability-leaf-1.png","datePublished":"2025-08-27T09:18:10+00:00","dateModified":"2025-12-08T10:35:16+00:00","description":"Des habitudes simples et \u00e9cologiques peuvent amorcer un changement durable. D\u00e9couvrez notre guide \u00ab D\u00e9sencombrer et num\u00e9riser \u00bb pour d\u00e9sencombrer, recycler efficacement et passer au z\u00e9ro papier.","breadcrumb":{"@id":"https:\/\/iscanner.com\/fr\/sustainability\/#breadcrumb"},"inLanguage":"fr-FR","potentialAction":[{"@type":"ReadAction","target":["https:\/\/iscanner.com\/fr\/sustainability\/"]}]},{"@type":"ImageObject","inLanguage":"fr-FR","@id":"https:\/\/iscanner.com\/fr\/sustainability\/#primaryimage","url":"https:\/\/iscanner.com\/wp-content\/uploads\/2025\/12\/sustainability-leaf-1.png","contentUrl":"https:\/\/iscanner.com\/wp-content\/uploads\/2025\/12\/sustainability-leaf-1.png"},{"@type":"BreadcrumbList","@id":"https:\/\/iscanner.com\/fr\/sustainability\/#breadcrumb","itemListElement":[{"@type":"ListItem","position":1,"name":"Home","item":"https:\/\/iscanner.com\/fr\/"},{"@type":"ListItem","position":2,"name":"Durabilit\u00e9"}]},{"@type":"WebSite","@id":"https:\/\/iscanner.com\/fr\/#website","url":"https:\/\/iscanner.com\/fr\/","name":"iScanner","description":"Mobile Scanner App. Download for FREE (Android, iPhone)","potentialAction":[{"@type":"SearchAction","target":{"@type":"EntryPoint","urlTemplate":"https:\/\/iscanner.com\/fr\/?s={search_term_string}"},"query-input":{"@type":"PropertyValueSpecification","valueRequired":true,"valueName":"search_term_string"}}],"inLanguage":"fr-FR"},{"@type":"SoftwareApplication","name":"Iscanner","operatingSystem":"iOS, Android","applicationCategory":"Document converter","aggregateRating":{"@type":"AggregateRating","ratingValue":"4.5","ratingCount":"100"}}]}},"uagb_featured_image_src":{"full":false,"thumbnail":false,"medium":false,"medium_large":false,"large":false,"1536x1536":false,"2048x2048":false,"trp-custom-language-flag":false},"uagb_author_info":{"display_name":"o.markevich","author_link":"https:\/\/iscanner.com\/fr\/author\/o-markevich\/"},"uagb_comment_info":0,"uagb_excerpt":"Initiez votre enfant au b\u00e9n\u00e9volat \u00e9cologique Avec iScanner, les enfants et les adolescents peuvent contribuer \u00e0 leur communaut\u00e9 locale. Si vous pensez que l&#8217;\u00e9cole de votre enfant utilise trop de papier, nous les invitons \u00e0 rejoindre notre projet de b\u00e9n\u00e9volat appel\u00e9 \u00ab G\u00e9rez votre empreinte papier pour un meilleur avenir \u00bb. Permettez-leur de faire une\u2026","_links":{"self":[{"href":"https:\/\/iscanner.com\/fr\/wp-json\/wp\/v2\/pages\/9147","targetHints":{"allow":["GET"]}}],"collection":[{"href":"https:\/\/iscanner.com\/fr\/wp-json\/wp\/v2\/pages"}],"about":[{"href":"https:\/\/iscanner.com\/fr\/wp-json\/wp\/v2\/types\/page"}],"author":[{"embeddable":true,"href":"https:\/\/iscanner.com\/fr\/wp-json\/wp\/v2\/users\/21"}],"replies":[{"embeddable":true,"href":"https:\/\/iscanner.com\/fr\/wp-json\/wp\/v2\/comments?post=9147"}],"version-history":[{"count":8,"href":"https:\/\/iscanner.com\/fr\/wp-json\/wp\/v2\/pages\/9147\/revisions"}],"predecessor-version":[{"id":9725,"href":"https:\/\/iscanner.com\/fr\/wp-json\/wp\/v2\/pages\/9147\/revisions\/9725"}],"wp:attachment":[{"href":"https:\/\/iscanner.com\/fr\/wp-json\/wp\/v2\/media?parent=9147"}],"curies":[{"name":"wp","href":"https:\/\/api.w.org\/{rel}","templated":true}]}}