{"id":9122,"date":"2025-08-27T09:20:44","date_gmt":"2025-08-27T09:20:44","guid":{"rendered":"https:\/\/iscanner.com\/?page_id=9122"},"modified":"2026-01-26T09:47:09","modified_gmt":"2026-01-26T09:47:09","slug":"educators","status":"publish","type":"page","link":"https:\/\/iscanner.com\/fr\/educators\/","title":{"rendered":"iScanner pour les enseignants"},"content":{"rendered":"<h2 class=\"wp-block-heading has-text-align-center\">Une bonne \u00e9ducation est\u00a0le\u00a0meilleur\u00a0moyen<br>de parvenir \u00e0 un avenir meilleur\u00a0!<\/h2>\n\n\n\n<div class=\"wp-block-group educators-quote-container\"><div class=\"wp-block-group__inner-container is-layout-flow wp-block-group-is-layout-flow\">\n<h3 class=\"wp-block-heading\">Note de l&#8217;enseignant 5\u2b50<\/h3>\n\n\n\n<p><em>\u201ciScanner utilise une conception conviviale, l&#8217;intelligence artificielle et des fonctions que l&#8217;on trouve autrement dans des applications autonomes pour offrir une solution pratique \u00e0 application unique permettant de capturer tout ce que vous souhaitez conserver.\u201d<\/em><\/p>\n\n\n\n<figure class=\"wp-block-image size-full is-resized\"><img loading=\"lazy\" decoding=\"async\" width=\"813\" height=\"133\" src=\"https:\/\/iscanner.com\/wp-content\/uploads\/2022\/03\/eas-logo@3x-1.png\" alt=\"\" class=\"wp-image-1147\" style=\"width:271px;height:44px\" srcset=\"https:\/\/iscanner.com\/wp-content\/uploads\/2022\/03\/eas-logo@3x-1.png 813w, https:\/\/iscanner.com\/wp-content\/uploads\/2022\/03\/eas-logo@3x-1-300x49.png 300w, https:\/\/iscanner.com\/wp-content\/uploads\/2022\/03\/eas-logo@3x-1-768x126.png 768w\" sizes=\"auto, (max-width: 813px) 100vw, 813px\" \/><\/figure>\n\n\n\n<p><\/p>\n<\/div><\/div>\n\n\n\n<div class=\"wp-block-group educators-help-container\"><div class=\"wp-block-group__inner-container is-layout-flow wp-block-group-is-layout-flow\">\n<h3 class=\"wp-block-heading\">Comment iScanner peut-il vous aider dans votre travail&nbsp;?<\/h3>\n\n\n\n<p>Plus besoin de transporter vos documents partout&nbsp;!<br>Num\u00e9risez en d\u00e9placement, travaillez depuis n&#8217;importe quel endroit, gardez tous vos fichiers sur votre appareil mobile.<\/p>\n\n\n\n<div class=\"wp-block-group educators-features-wrapper\"><div class=\"wp-block-group__inner-container is-layout-flow wp-block-group-is-layout-flow\">\n<div class=\"wp-block-group educators-icon-text-container\"><div class=\"wp-block-group__inner-container is-layout-flow wp-block-group-is-layout-flow\">\n<figure class=\"wp-block-image size-full is-resized\"><img loading=\"lazy\" decoding=\"async\" width=\"226\" height=\"200\" src=\"https:\/\/iscanner.com\/wp-content\/uploads\/2025\/05\/edu-diamond.png\" alt=\"\" class=\"wp-image-8413\" style=\"width:74px;height:65px\" srcset=\"https:\/\/iscanner.com\/wp-content\/uploads\/2025\/05\/edu-diamond.png 226w, https:\/\/iscanner.com\/wp-content\/uploads\/2025\/05\/edu-diamond-14x12.png 14w\" sizes=\"auto, (max-width: 226px) 100vw, 226px\" \/><\/figure>\n\n\n\n<h4 class=\"wp-block-heading\">Num\u00e9risation \u00e0 plus de 300 DPI en quelques secondes<\/h4>\n\n\n\n<p>Qu&#8217;il s&#8217;agisse d&#8217;une page de livre, d&#8217;un registre ou d&#8217;une note griffonn\u00e9e, iScanner num\u00e9rise parfaitement en 300 ppp en quelques secondes. Vous pouvez choisir une r\u00e9solution inf\u00e9rieure si vous le souhaitez.<\/p>\n<\/div><\/div>\n\n\n\n<div class=\"wp-block-group educators-icon-text-container\"><div class=\"wp-block-group__inner-container is-layout-flow wp-block-group-is-layout-flow\">\n<figure class=\"wp-block-image size-large is-resized\"><img loading=\"lazy\" decoding=\"async\" width=\"79\" height=\"93\" src=\"https:\/\/iscanner.com\/wp-content\/uploads\/2025\/05\/edu-finger.svg\" alt=\"\" class=\"wp-image-8414\" style=\"width:70px;height:82px\"\/><\/figure>\n\n\n\n<h4 class=\"wp-block-heading\">Un bureau dans votre poche<\/h4>\n\n\n\n<p>Corrigez les devoirs, remplissez des formulaires, ajoutez des notes et des images, modifiez, surlignez, extrayez du texte, imprimez directement depuis l&#8217;application, partagez des extraits d&#8217;un manuel ou m\u00eame des notes au tableau avec toute la classe en quelques secondes via Google Classroom, Canvas ou n&#8217;importe quelle application de messagerie.<\/p>\n<\/div><\/div>\n\n\n\n<div class=\"wp-block-group educators-icon-text-container\"><div class=\"wp-block-group__inner-container is-layout-flow wp-block-group-is-layout-flow\">\n<figure class=\"wp-block-image size-large is-resized\"><img decoding=\"async\" src=\"https:\/\/iscanner.com\/wp-content\/uploads\/2025\/05\/edu-cloud.svg\" alt=\"\" class=\"wp-image-989\" style=\"width:74px;height:55px\"\/><\/figure>\n\n\n\n<h4 class=\"wp-block-heading\"><strong>iOS et Android + Abonnement multiplate-forme<\/strong><\/h4>\n\n\n\n<p>L&#8217;application est offerte sur iPhone et iPad, ainsi que sur t\u00e9l\u00e9phones et tablettes Android. Un seul abonnement couvre tous les appareils, quelle que soit la plate-forme&nbsp;!<\/p>\n<\/div><\/div>\n\n\n\n<div class=\"wp-block-group educators-icon-text-container\"><div class=\"wp-block-group__inner-container is-layout-flow wp-block-group-is-layout-flow\">\n<figure class=\"wp-block-image size-large is-resized\"><img decoding=\"async\" src=\"https:\/\/iscanner.com\/wp-content\/uploads\/2025\/05\/edu-aim.svg\" alt=\"\" class=\"wp-image-990\" style=\"width:67px;height:67px\"\/><\/figure>\n\n\n\n<h4 class=\"wp-block-heading\">Une photo parfaite du premier coup, \u00e0 chaque fois<\/h4>\n\n\n\n<p>Gr\u00e2ce \u00e0 la d\u00e9tection automatique des bords des documents, \u00e0 un \u00e9diteur int\u00e9gr\u00e9 \u00e0 l&#8217;application et \u00e0 une fonction unique de redressement des num\u00e9risations, vous pouvez r\u00e9aliser des num\u00e9risations parfaites en quelques secondes, corriger les num\u00e9risations prises \u00e0 partir de pages pli\u00e9es et supprimer les ombres et les plis.<\/p>\n<\/div><\/div>\n\n\n\n<div class=\"wp-block-group educators-icon-text-container\"><div class=\"wp-block-group__inner-container is-layout-flow wp-block-group-is-layout-flow\">\n<figure class=\"wp-block-image size-large is-resized\"><img loading=\"lazy\" decoding=\"async\" width=\"75\" height=\"75\" src=\"https:\/\/iscanner.com\/wp-content\/uploads\/2025\/05\/edu-pen.svg\" alt=\"\" class=\"wp-image-8415\" style=\"width:60px;height:60px\"\/><\/figure>\n\n\n\n<h4 class=\"wp-block-heading\">E-sign<\/h4>\n\n\n\n<p>Signez \u00e9lectroniquement et collectez des signatures facilement en quelques minutes, o\u00f9 que vous soyez&nbsp;! Plus besoin d&#8217;imprimer des devoirs, des rapports ou des journaux de signatures.<\/p>\n<\/div><\/div>\n\n\n\n<div class=\"wp-block-group educators-icon-text-container\"><div class=\"wp-block-group__inner-container is-layout-flow wp-block-group-is-layout-flow\">\n<figure class=\"wp-block-image size-large is-resized\"><img loading=\"lazy\" decoding=\"async\" width=\"74\" height=\"86\" src=\"https:\/\/iscanner.com\/wp-content\/uploads\/2025\/05\/edu-shield.svg\" alt=\"\" class=\"wp-image-8412\" style=\"width:55px;height:64px\"\/><\/figure>\n\n\n\n<h4 class=\"wp-block-heading\"><strong>Protection des donn\u00e9es et confidentialit\u00e9<\/strong><\/h4>\n\n\n\n<p>Prot\u00e9gez vos donn\u00e9es dans iScanner gr\u00e2ce \u00e0 un code PIN, une identification tactile ou un identifiant facial. De plus, iScanner est enti\u00e8rement conforme aux protocoles de s\u00e9curit\u00e9 de BBB et aux exigences du <a href=\"https:\/\/gdpr.eu\/what-is-gdpr\/#:~:text=The%20General%20Data%20Protection%20Regulation,to%20people%20in%20the%20EU.\" target=\"_blank\" rel=\"noreferrer noopener\">RGPD<\/a>, ce qui signifie qu&#8217;aucune donn\u00e9e ne sera collect\u00e9e \u00e0 votre insu ou sans votre consentement. Ni notre \u00e9quipe ni aucun tiers n&#8217;a acc\u00e8s \u00e0 vos fichiers.<\/p>\n<\/div><\/div>\n<\/div><\/div>\n<\/div><\/div>\n\n\n\n<div class=\"wp-block-group educators-partners-container\"><div class=\"wp-block-group__inner-container is-layout-flow wp-block-group-is-layout-flow\">\n<h3 class=\"wp-block-heading\">Approuv\u00e9 par le<\/h3>\n\n\n\n<ul class=\"wp-block-list\">\n<li>FHE<\/li>\n\n\n\n<li>CSUN<\/li>\n\n\n\n<li>UTD<\/li>\n\n\n\n<li>Purdue<\/li>\n\n\n\n<li>Alto<\/li>\n\n\n\n<li>Clemson<\/li>\n\n\n\n<li>Carleton<\/li>\n<\/ul>\n\n\n\n<p><\/p>\n<\/div><\/div>\n\n\n\n<div class=\"wp-block-group educators-blue-list-container\"><div class=\"wp-block-group__inner-container is-layout-flow wp-block-group-is-layout-flow\">\n<h3 class=\"wp-block-heading\">Avec iScanner pour les enseignants, vous obtenez&nbsp;:<\/h3>\n\n\n\n<ul class=\"wp-block-list\">\n<li>Un acc\u00e8s gratuit \u00e0 iScanner PRO pendant 1 an pour iPhone et iPad, et pendant 90 jours pour Android<\/li>\n\n\n\n<li>Un <a href=\"https:\/\/iscanner.com\/wp-content\/uploads\/2023\/06\/for_educators.pdf\" target=\"_blank\" rel=\"noreferrer noopener\">manuel d&#8217;utilisation<\/a> clair et intuitif, \u00e9tape par \u00e9tape.<\/li>\n\n\n\n<li>Un canal de communication 24h\/24 et 7j\/7 avec l&#8217;\u00e9quipe de l&#8217;application pour le soutien technique et les retours d&#8217;informations.<\/li>\n\n\n\n<li>Un soulagement du stress et plus de temps pour vous concentrer sur l&#8217;essentiel&nbsp;!<\/li>\n<\/ul>\n\n\n\n<p><\/p>\n<\/div><\/div>\n\n\n\n<p><\/p>","protected":false},"excerpt":{"rendered":"<p>Une bonne \u00e9ducation est\u00a0le\u00a0meilleur\u00a0moyende parvenir \u00e0 un avenir meilleur\u00a0! Note de l&#8217;enseignant 5\u2b50 \u201ciScanner utilise une conception conviviale, l&#8217;intelligence artificielle et des fonctions que l&#8217;on trouve autrement dans des applications autonomes pour offrir une solution pratique \u00e0 application unique permettant de capturer tout ce que vous souhaitez conserver.\u201d Comment iScanner peut-il vous aider dans votre [&hellip;]<\/p>","protected":false},"author":21,"featured_media":0,"parent":0,"menu_order":0,"comment_status":"closed","ping_status":"closed","template":"template\/educators.php","meta":{"footnotes":""},"class_list":["post-9122","page","type-page","status-publish","hentry"],"yoast_head":"<!-- This site is optimized with the Yoast SEO plugin v24.5 - https:\/\/yoast.com\/wordpress\/plugins\/seo\/ -->\n<title>iScanner pour les enseignants - iScanner<\/title>\n<meta name=\"description\" content=\"iScanner offre un acc\u00e8s gratuit aux enseignants et au personnel universitaire aux \u00c9tats-Unis, au Royaume-Uni, au Canada, en France et en Allemagne. Num\u00e9risez en 300 ppp o\u00f9 que vous soyez, modifiez des PDF et signez des documents. Et conservez tous vos fichiers sur votre appareil mobile.\" \/>\n<meta name=\"robots\" content=\"index, follow, max-snippet:-1, max-image-preview:large, max-video-preview:-1\" \/>\n<link rel=\"canonical\" href=\"https:\/\/iscanner.com\/fr\/educators\/\" \/>\n<meta property=\"og:locale\" content=\"fr_FR\" \/>\n<meta property=\"og:type\" content=\"article\" \/>\n<meta property=\"og:title\" content=\"iScanner pour les enseignants - iScanner\" \/>\n<meta property=\"og:description\" content=\"iScanner offre un acc\u00e8s gratuit aux enseignants et au personnel universitaire aux \u00c9tats-Unis, au Royaume-Uni, au Canada, en France et en Allemagne. Num\u00e9risez en 300 ppp o\u00f9 que vous soyez, modifiez des PDF et signez des documents. Et conservez tous vos fichiers sur votre appareil mobile.\" \/>\n<meta property=\"og:url\" content=\"https:\/\/iscanner.com\/fr\/educators\/\" \/>\n<meta property=\"og:site_name\" content=\"iScanner\" \/>\n<meta property=\"article:modified_time\" content=\"2026-01-26T09:47:09+00:00\" \/>\n<meta property=\"og:image\" content=\"https:\/\/iscanner.com\/wp-content\/uploads\/2022\/05\/640\u0445360.png\" \/>\n<meta name=\"twitter:card\" content=\"summary_large_image\" \/>\n<meta name=\"twitter:label1\" content=\"Dur\u00e9e de lecture estim\u00e9e\" \/>\n\t<meta name=\"twitter:data1\" content=\"2 minutes\" \/>\n<!-- \/ Yoast SEO plugin. -->","yoast_head_json":{"title":"iScanner pour les enseignants - iScanner","description":"iScanner offre un acc\u00e8s gratuit aux enseignants et au personnel universitaire aux \u00c9tats-Unis, au Royaume-Uni, au Canada, en France et en Allemagne. Num\u00e9risez en 300 ppp o\u00f9 que vous soyez, modifiez des PDF et signez des documents. Et conservez tous vos fichiers sur votre appareil mobile.","robots":{"index":"index","follow":"follow","max-snippet":"max-snippet:-1","max-image-preview":"max-image-preview:large","max-video-preview":"max-video-preview:-1"},"canonical":"https:\/\/iscanner.com\/fr\/educators\/","og_locale":"fr_FR","og_type":"article","og_title":"iScanner pour les enseignants - iScanner","og_description":"iScanner offre un acc\u00e8s gratuit aux enseignants et au personnel universitaire aux \u00c9tats-Unis, au Royaume-Uni, au Canada, en France et en Allemagne. Num\u00e9risez en 300 ppp o\u00f9 que vous soyez, modifiez des PDF et signez des documents. Et conservez tous vos fichiers sur votre appareil mobile.","og_url":"https:\/\/iscanner.com\/fr\/educators\/","og_site_name":"iScanner","article_modified_time":"2026-01-26T09:47:09+00:00","og_image":[{"url":"https:\/\/iscanner.com\/wp-content\/uploads\/2022\/05\/640\u0445360.png","type":"","width":"","height":""}],"twitter_card":"summary_large_image","twitter_misc":{"Dur\u00e9e de lecture estim\u00e9e":"2 minutes"},"schema":{"@context":"https:\/\/schema.org","@graph":[{"@type":"WebPage","@id":"https:\/\/iscanner.com\/fr\/educators\/","url":"https:\/\/iscanner.com\/fr\/educators\/","name":"iScanner pour les enseignants - iScanner","isPartOf":{"@id":"https:\/\/iscanner.com\/fr\/#website"},"primaryImageOfPage":{"@id":"https:\/\/iscanner.com\/fr\/educators\/#primaryimage"},"image":{"@id":"https:\/\/iscanner.com\/fr\/educators\/#primaryimage"},"thumbnailUrl":"https:\/\/iscanner.com\/wp-content\/uploads\/2022\/03\/eas-logo@3x-1.png","datePublished":"2025-08-27T09:20:44+00:00","dateModified":"2026-01-26T09:47:09+00:00","description":"iScanner offre un acc\u00e8s gratuit aux enseignants et au personnel universitaire aux \u00c9tats-Unis, au Royaume-Uni, au Canada, en France et en Allemagne. Num\u00e9risez en 300 ppp o\u00f9 que vous soyez, modifiez des PDF et signez des documents. Et conservez tous vos fichiers sur votre appareil mobile.","breadcrumb":{"@id":"https:\/\/iscanner.com\/fr\/educators\/#breadcrumb"},"inLanguage":"fr-FR","potentialAction":[{"@type":"ReadAction","target":["https:\/\/iscanner.com\/fr\/educators\/"]}]},{"@type":"ImageObject","inLanguage":"fr-FR","@id":"https:\/\/iscanner.com\/fr\/educators\/#primaryimage","url":"https:\/\/iscanner.com\/wp-content\/uploads\/2022\/03\/eas-logo@3x-1.png","contentUrl":"https:\/\/iscanner.com\/wp-content\/uploads\/2022\/03\/eas-logo@3x-1.png"},{"@type":"BreadcrumbList","@id":"https:\/\/iscanner.com\/fr\/educators\/#breadcrumb","itemListElement":[{"@type":"ListItem","position":1,"name":"Home","item":"https:\/\/iscanner.com\/fr\/"},{"@type":"ListItem","position":2,"name":"iScanner pour les enseignants"}]},{"@type":"WebSite","@id":"https:\/\/iscanner.com\/fr\/#website","url":"https:\/\/iscanner.com\/fr\/","name":"iScanner","description":"Mobile Scanner App. Download for FREE (Android, iPhone)","potentialAction":[{"@type":"SearchAction","target":{"@type":"EntryPoint","urlTemplate":"https:\/\/iscanner.com\/fr\/?s={search_term_string}"},"query-input":{"@type":"PropertyValueSpecification","valueRequired":true,"valueName":"search_term_string"}}],"inLanguage":"fr-FR"},{"@type":"SoftwareApplication","name":"Iscanner","operatingSystem":"iOS, Android","applicationCategory":"Document converter","aggregateRating":{"@type":"AggregateRating","ratingValue":"4.5","ratingCount":"100"}}]}},"uagb_featured_image_src":{"full":false,"thumbnail":false,"medium":false,"medium_large":false,"large":false,"1536x1536":false,"2048x2048":false,"trp-custom-language-flag":false},"uagb_author_info":{"display_name":"o.markevich","author_link":"https:\/\/iscanner.com\/fr\/author\/o-markevich\/"},"uagb_comment_info":0,"uagb_excerpt":"Une bonne \u00e9ducation est\u00a0le\u00a0meilleur\u00a0moyende parvenir \u00e0 un avenir meilleur\u00a0! Note de l&#8217;enseignant 5\u2b50 \u201ciScanner utilise une conception conviviale, l&#8217;intelligence artificielle et des fonctions que l&#8217;on trouve autrement dans des applications autonomes pour offrir une solution pratique \u00e0 application unique permettant de capturer tout ce que vous souhaitez conserver.\u201d Comment iScanner peut-il vous aider dans votre\u2026","_links":{"self":[{"href":"https:\/\/iscanner.com\/fr\/wp-json\/wp\/v2\/pages\/9122","targetHints":{"allow":["GET"]}}],"collection":[{"href":"https:\/\/iscanner.com\/fr\/wp-json\/wp\/v2\/pages"}],"about":[{"href":"https:\/\/iscanner.com\/fr\/wp-json\/wp\/v2\/types\/page"}],"author":[{"embeddable":true,"href":"https:\/\/iscanner.com\/fr\/wp-json\/wp\/v2\/users\/21"}],"replies":[{"embeddable":true,"href":"https:\/\/iscanner.com\/fr\/wp-json\/wp\/v2\/comments?post=9122"}],"version-history":[{"count":8,"href":"https:\/\/iscanner.com\/fr\/wp-json\/wp\/v2\/pages\/9122\/revisions"}],"predecessor-version":[{"id":9904,"href":"https:\/\/iscanner.com\/fr\/wp-json\/wp\/v2\/pages\/9122\/revisions\/9904"}],"wp:attachment":[{"href":"https:\/\/iscanner.com\/fr\/wp-json\/wp\/v2\/media?parent=9122"}],"curies":[{"name":"wp","href":"https:\/\/api.w.org\/{rel}","templated":true}]}}