{"id":9108,"date":"2025-08-27T09:21:10","date_gmt":"2025-08-27T09:21:10","guid":{"rendered":"https:\/\/iscanner.com\/?page_id=9108"},"modified":"2025-12-08T07:16:51","modified_gmt":"2025-12-08T07:16:51","slug":"for-media","status":"publish","type":"page","link":"https:\/\/iscanner.com\/fr\/for-media\/","title":{"rendered":"Pour les m\u00e9dias"},"content":{"rendered":"<h2 class=\"wp-block-heading\">\u00c0 propos d&#8217;iScanner<\/h2>\n\n\n\n<p>iScanner est une application prim\u00e9e de num\u00e9risation et de gestion de documents aliment\u00e9e par l&#8217;IA avec plus de 125 millions de t\u00e9l\u00e9chargements, disponible sur iOS, Android et le Web.<br><br>L&#8217;application permet aux utilisateurs de convertir les num\u00e9risations en divers formats, de modifier et de signer des documents, et de transformer n&#8217;importe quelle image en fichiers modifiables et consultables. Pionnier de la num\u00e9risation IA, iScanner offre des fonctions innovantes aliment\u00e9es par l&#8217;IA telles que la suppression des doigts des images, la clarification, l&#8217;am\u00e9lioration des documents pour offrir des num\u00e9risations de haute qualit\u00e9, un OCR robuste, une recherche intelligente, et plus encore.<br><br>Chez iScanner, la confidentialit\u00e9 des utilisateurs et la s\u00e9curit\u00e9 des donn\u00e9es sont des priorit\u00e9s absolues. Les documents sont stock\u00e9s localement par d\u00e9faut, sans synchronisation dans le nuage sans consentement. Des politiques de confidentialit\u00e9 strictes, des fonctions d\u00e9di\u00e9es telles que Face ID, Dossier s\u00e9curis\u00e9, d\u00e9connexion \u00e0 distance et conformit\u00e9 totale RGPD\/CCPA garantissent que les donn\u00e9es des utilisateurs restent prot\u00e9g\u00e9es.<br><br>iScanner aide \u00e0 avoir une plan\u00e8te plus verte avec sa fonction \u00e9cologique unique, une premi\u00e8re sur le march\u00e9, qui transforme chaque document export\u00e9 en une partie d&#8217;un arbre sauv\u00e9. Des millions de personnes \u00e9conomisent du papier et suivent leur impact environnemental exact gr\u00e2ce \u00e0 ce programme.<\/p>\n\n\n\n<figure class=\"wp-block-image size-large media-page-image\"><img loading=\"lazy\" decoding=\"async\" width=\"1024\" height=\"681\" src=\"https:\/\/iscanner.com\/wp-content\/uploads\/2024\/10\/our-team-1024x681-1.jpeg\" alt=\"\" class=\"wp-image-6226\" srcset=\"https:\/\/iscanner.com\/wp-content\/uploads\/2024\/10\/our-team-1024x681-1.jpeg 1024w, https:\/\/iscanner.com\/wp-content\/uploads\/2024\/10\/our-team-1024x681-1-300x200.jpeg 300w, https:\/\/iscanner.com\/wp-content\/uploads\/2024\/10\/our-team-1024x681-1-768x511.jpeg 768w\" sizes=\"auto, (max-width: 1024px) 100vw, 1024px\" \/><\/figure>\n\n\n\n<h2 class=\"wp-block-heading\">\u00c0 propos de l&#8217;\u00e9quipe iScanner<\/h2>\n\n\n\n<p>iScanner a \u00e9t\u00e9 cr\u00e9\u00e9e par une \u00e9quipe de professionnels bas\u00e9e aux \u00c9tats-Unis, r\u00e9solument d\u00e9termin\u00e9e \u00e0 simplifier et am\u00e9liorer la vie des gens. Nous travaillons sur l&#8217;application depuis 2015 et nous nous effor\u00e7ons de suivre les derni\u00e8res tendances afin d&#8217;offrir \u00e0 nos utilisateurs la meilleure exp\u00e9rience possible.<\/p>\n\n\n\n<p>Nous avons d\u00e9velopp\u00e9 iScanner dans l&#8217;espoir qu&#8217;il contribuera \u00e0 mettre en \u0153uvre des processus sans papier, \u00e0 accro\u00eetre la mobilit\u00e9, \u00e0 gagner du temps, \u00e0 \u00e9liminer le besoin d&#8217;aller au bureau pour signer un document et \u00e0 utiliser le courrier et le fax.<\/p>\n\n\n\n<section class=\"wp-block-group media-page-over-years\"><div class=\"wp-block-group__inner-container is-layout-constrained wp-block-group-is-layout-constrained\">\n<h2 class=\"wp-block-heading\">10 ans d&#8217;iScanner<\/h2>\n\n\n\n<h3 class=\"wp-block-heading\">C\u00e9l\u00e9brons 10 ans de num\u00e9risation de documents de confiance.<\/h3>\n\n\n\n<div class=\"wp-block-group media-page-over-years__list is-vertical is-layout-flex wp-container-core-group-is-layout-8cf370e7 wp-block-group-is-layout-flex\">\n<div class=\"wp-block-group is-nowrap is-layout-flex wp-container-core-group-is-layout-ad2f72ca wp-block-group-is-layout-flex\">\n<figure class=\"wp-block-image size-full\"><img loading=\"lazy\" decoding=\"async\" width=\"294\" height=\"290\" src=\"https:\/\/iscanner.com\/wp-content\/uploads\/2025\/12\/media-history-1.png\" alt=\"\" class=\"wp-image-9601\" srcset=\"https:\/\/iscanner.com\/wp-content\/uploads\/2025\/12\/media-history-1.png 294w, https:\/\/iscanner.com\/wp-content\/uploads\/2025\/12\/media-history-1-12x12.png 12w\" sizes=\"auto, (max-width: 294px) 100vw, 294px\" \/><\/figure>\n\n\n\n<div class=\"wp-block-group is-vertical is-layout-flex wp-container-core-group-is-layout-8cf370e7 wp-block-group-is-layout-flex\">\n<h4 class=\"wp-block-heading\">Lancement de l&#8217;application sur iOS<\/h4>\n\n\n\n<p>L&#8217;\u00e9quipe de BP Mobile a vu une tendance \u00e9mergente dans la num\u00e9risation mobile et a cr\u00e9\u00e9 une application de scanner qui transformait les photos de t\u00e9l\u00e9phone en PDF de haute qualit\u00e9. Elle \u00e9tait rapide, simple et ador\u00e9e par les utilisateurs d\u00e8s le premier jour.<\/p>\n<\/div>\n<\/div>\n\n\n\n<div class=\"wp-block-group is-content-justification-left is-nowrap is-layout-flex wp-container-core-group-is-layout-f56a869c wp-block-group-is-layout-flex\">\n<figure class=\"wp-block-image size-full\"><img loading=\"lazy\" decoding=\"async\" width=\"294\" height=\"290\" src=\"https:\/\/iscanner.com\/wp-content\/uploads\/2025\/12\/media-history-2.png\" alt=\"\" class=\"wp-image-9602\" srcset=\"https:\/\/iscanner.com\/wp-content\/uploads\/2025\/12\/media-history-2.png 294w, https:\/\/iscanner.com\/wp-content\/uploads\/2025\/12\/media-history-2-12x12.png 12w\" sizes=\"auto, (max-width: 294px) 100vw, 294px\" \/><\/figure>\n\n\n\n<div class=\"wp-block-group is-vertical is-layout-flex wp-container-core-group-is-layout-8cf370e7 wp-block-group-is-layout-flex\">\n<h4 class=\"wp-block-heading\">Lancement d&#8217;iScanner sur Android<\/h4>\n\n\n\n<p>Apr\u00e8s le succ\u00e8s sur iOS, iScanner est arriv\u00e9 sur Android, offrant les m\u00eames num\u00e9risations de haute qualit\u00e9 et encore plus d&#8217;outils gratuits pour aider les gens \u00e0 num\u00e9riser, enregistrer et partager des documents facilement.<\/p>\n<\/div>\n<\/div>\n\n\n\n<div class=\"wp-block-group is-nowrap is-layout-flex wp-container-core-group-is-layout-ad2f72ca wp-block-group-is-layout-flex\">\n<figure class=\"wp-block-image size-full\"><img loading=\"lazy\" decoding=\"async\" width=\"294\" height=\"290\" src=\"https:\/\/iscanner.com\/wp-content\/uploads\/2025\/12\/media-history-3.png\" alt=\"\" class=\"wp-image-9603\" srcset=\"https:\/\/iscanner.com\/wp-content\/uploads\/2025\/12\/media-history-3.png 294w, https:\/\/iscanner.com\/wp-content\/uploads\/2025\/12\/media-history-3-12x12.png 12w\" sizes=\"auto, (max-width: 294px) 100vw, 294px\" \/><\/figure>\n\n\n\n<div class=\"wp-block-group is-vertical is-layout-flex wp-container-core-group-is-layout-8cf370e7 wp-block-group-is-layout-flex\">\n<h4 class=\"wp-block-heading\">Atteinte de 10 millions de t\u00e9l\u00e9chargements dans le monde<\/h4>\n\n\n\n<p>Un important jalon. iScanner est devenu une application de scanner mondiale avec des versions localis\u00e9es et a commenc\u00e9 \u00e0 \u00e9voluer vers une application de cycle de documents complet con\u00e7ue pour les t\u00e2ches quotidiennes.<\/p>\n<\/div>\n<\/div>\n\n\n\n<div class=\"wp-block-group is-nowrap is-layout-flex wp-container-core-group-is-layout-ad2f72ca wp-block-group-is-layout-flex\">\n<figure class=\"wp-block-image size-full\"><img loading=\"lazy\" decoding=\"async\" width=\"294\" height=\"290\" src=\"https:\/\/iscanner.com\/wp-content\/uploads\/2025\/12\/media-history-4.png\" alt=\"\" class=\"wp-image-9604\" srcset=\"https:\/\/iscanner.com\/wp-content\/uploads\/2025\/12\/media-history-4.png 294w, https:\/\/iscanner.com\/wp-content\/uploads\/2025\/12\/media-history-4-12x12.png 12w\" sizes=\"auto, (max-width: 294px) 100vw, 294px\" \/><\/figure>\n\n\n\n<div class=\"wp-block-group is-vertical is-layout-flex wp-container-core-group-is-layout-8cf370e7 wp-block-group-is-layout-flex\">\n<h4 class=\"wp-block-heading\">La fonction Signer PDF devient l&#8217;outil le plus utilis\u00e9<\/h4>\n\n\n\n<p>Les utilisateurs ont demand\u00e9 \u00e0 pouvoir faire plus apr\u00e8s la num\u00e9risation, alors nous avons ajout\u00e9 Signer PDF. Cela a fait de l&#8217;application plus qu&#8217;un simple scanner, offrant un ensemble d&#8217;outils de documents avec des fonctions d&#8217;\u00e9dition et de signature PDF.<\/p>\n<\/div>\n<\/div>\n\n\n\n<div class=\"wp-block-group is-nowrap is-layout-flex wp-container-core-group-is-layout-ad2f72ca wp-block-group-is-layout-flex\">\n<figure class=\"wp-block-image size-full\"><img loading=\"lazy\" decoding=\"async\" width=\"294\" height=\"290\" src=\"https:\/\/iscanner.com\/wp-content\/uploads\/2025\/12\/media-history-5.png\" alt=\"\" class=\"wp-image-9605\" srcset=\"https:\/\/iscanner.com\/wp-content\/uploads\/2025\/12\/media-history-5.png 294w, https:\/\/iscanner.com\/wp-content\/uploads\/2025\/12\/media-history-5-12x12.png 12w\" sizes=\"auto, (max-width: 294px) 100vw, 294px\" \/><\/figure>\n\n\n\n<div class=\"wp-block-group is-vertical is-layout-flex wp-container-core-group-is-layout-8cf370e7 wp-block-group-is-layout-flex\">\n<h4 class=\"wp-block-heading\">Lancement de la d\u00e9tection des marges et de la correction de perspective par IA<\/h4>\n\n\n\n<p>Pour am\u00e9liorer la qualit\u00e9 de num\u00e9risation, iScanner a introduit la d\u00e9tection des marges et la correction de la distorsion de perspective par IA. Ces outils ont rendu les documents num\u00e9ris\u00e9s plus clairs et plus pr\u00e9cis.<\/p>\n<\/div>\n<\/div>\n\n\n\n<div class=\"wp-block-group is-nowrap is-layout-flex wp-container-core-group-is-layout-ad2f72ca wp-block-group-is-layout-flex\">\n<figure class=\"wp-block-image size-full\"><img loading=\"lazy\" decoding=\"async\" width=\"294\" height=\"290\" src=\"https:\/\/iscanner.com\/wp-content\/uploads\/2025\/12\/media-history-6.png\" alt=\"\" class=\"wp-image-9606\" srcset=\"https:\/\/iscanner.com\/wp-content\/uploads\/2025\/12\/media-history-6.png 294w, https:\/\/iscanner.com\/wp-content\/uploads\/2025\/12\/media-history-6-12x12.png 12w\" sizes=\"auto, (max-width: 294px) 100vw, 294px\" \/><\/figure>\n\n\n\n<div class=\"wp-block-group is-vertical is-layout-flex wp-container-core-group-is-layout-8cf370e7 wp-block-group-is-layout-flex\">\n<h4 class=\"wp-block-heading\">Application de scanner n\u00b01 dans l&#8217;App Store aux \u00c9tats-Unis<\/h4>\n\n\n\n<p>Pendant le passage au travail \u00e0 distance, iScanner est devenu un outil de confiance. Il a domin\u00e9 les classements am\u00e9ricains des applications de num\u00e9risation en t\u00e9l\u00e9chargements et en revenus, conservant cette position pendant 4 ans.<\/p>\n<\/div>\n<\/div>\n\n\n\n<div class=\"wp-block-group is-nowrap is-layout-flex wp-container-core-group-is-layout-ad2f72ca wp-block-group-is-layout-flex\">\n<figure class=\"wp-block-image size-full\"><img loading=\"lazy\" decoding=\"async\" width=\"294\" height=\"290\" src=\"https:\/\/iscanner.com\/wp-content\/uploads\/2025\/12\/media-history-7.png\" alt=\"\" class=\"wp-image-9607\" srcset=\"https:\/\/iscanner.com\/wp-content\/uploads\/2025\/12\/media-history-7.png 294w, https:\/\/iscanner.com\/wp-content\/uploads\/2025\/12\/media-history-7-12x12.png 12w\" sizes=\"auto, (max-width: 294px) 100vw, 294px\" \/><\/figure>\n\n\n\n<div class=\"wp-block-group is-vertical is-layout-flex wp-container-core-group-is-layout-8cf370e7 wp-block-group-is-layout-flex\">\n<h4 class=\"wp-block-heading\">Compter les objets avec l&#8217;appareil photo est devenu un outil viral<\/h4>\n\n\n\n<p>Les petites entreprises ont ador\u00e9 l&#8217;outil Compter les objets avec l&#8217;appareil photo. Il est rapidement devenu viral et a ouvert une nouvelle cat\u00e9gorie dans la num\u00e9risation, automatisant l&#8217;inventaire et le suivi avec l&#8217;IA.<\/p>\n<\/div>\n<\/div>\n\n\n\n<div class=\"wp-block-group is-nowrap is-layout-flex wp-container-core-group-is-layout-ad2f72ca wp-block-group-is-layout-flex\">\n<figure class=\"wp-block-image size-full\"><img loading=\"lazy\" decoding=\"async\" width=\"294\" height=\"290\" src=\"https:\/\/iscanner.com\/wp-content\/uploads\/2025\/12\/media-history-8.png\" alt=\"\" class=\"wp-image-9608\" srcset=\"https:\/\/iscanner.com\/wp-content\/uploads\/2025\/12\/media-history-8.png 294w, https:\/\/iscanner.com\/wp-content\/uploads\/2025\/12\/media-history-8-12x12.png 12w\" sizes=\"auto, (max-width: 294px) 100vw, 294px\" \/><\/figure>\n\n\n\n<div class=\"wp-block-group is-vertical is-layout-flex wp-container-core-group-is-layout-8cf370e7 wp-block-group-is-layout-flex\">\n<h4 class=\"wp-block-heading\">Lancement du redressement et de la suppression des doigts par IA<\/h4>\n\n\n\n<p>Pour offrir \u00e0 tous des documents de qualit\u00e9 professionnelle sans effort, iScanner a lanc\u00e9 son propre algorithme de redressement et sa fonction de suppression des doigts par IA. Les d\u00e9formations et les inclinaisons ont \u00e9t\u00e9 corrig\u00e9es pour toujours.<\/p>\n<\/div>\n<\/div>\n\n\n\n<div class=\"wp-block-group is-nowrap is-layout-flex wp-container-core-group-is-layout-ad2f72ca wp-block-group-is-layout-flex\">\n<figure class=\"wp-block-image size-full\"><img loading=\"lazy\" decoding=\"async\" width=\"294\" height=\"290\" src=\"https:\/\/iscanner.com\/wp-content\/uploads\/2025\/12\/media-history-9.png\" alt=\"\" class=\"wp-image-9609\" srcset=\"https:\/\/iscanner.com\/wp-content\/uploads\/2025\/12\/media-history-9.png 294w, https:\/\/iscanner.com\/wp-content\/uploads\/2025\/12\/media-history-9-12x12.png 12w\" sizes=\"auto, (max-width: 294px) 100vw, 294px\" \/><\/figure>\n\n\n\n<div class=\"wp-block-group is-vertical is-layout-flex wp-container-core-group-is-layout-8cf370e7 wp-block-group-is-layout-flex\">\n<h4 class=\"wp-block-heading\">Remporte le Webby People&#8217;s Voice et le titre de scanner le plus s\u00fbr pour Android<\/h4>\n\n\n\n<p>La reconnaissance est venue \u00e0 la fois des experts et des utilisateurs : prix Webby, Lovie Gold, et nomm\u00e9e application de scanner la plus s\u00fbre pour Android par Pradeo Security. La confiance et la confidentialit\u00e9 sont des choses qui comptent pour nous.<\/p>\n<\/div>\n<\/div>\n\n\n\n<div class=\"wp-block-group is-nowrap is-layout-flex wp-container-core-group-is-layout-ad2f72ca wp-block-group-is-layout-flex\">\n<figure class=\"wp-block-image size-full\"><img loading=\"lazy\" decoding=\"async\" width=\"294\" height=\"290\" src=\"https:\/\/iscanner.com\/wp-content\/uploads\/2025\/12\/media-history-10.png\" alt=\"\" class=\"wp-image-9610\" srcset=\"https:\/\/iscanner.com\/wp-content\/uploads\/2025\/12\/media-history-10.png 294w, https:\/\/iscanner.com\/wp-content\/uploads\/2025\/12\/media-history-10-12x12.png 12w\" sizes=\"auto, (max-width: 294px) 100vw, 294px\" \/><\/figure>\n\n\n\n<div class=\"wp-block-group is-vertical is-layout-flex wp-container-core-group-is-layout-8cf370e7 wp-block-group-is-layout-flex\">\n<h4 class=\"wp-block-heading\">Lancement du programme de r\u00e9alisations \u00e9cologiques dans l&#8217;application<\/h4>\n\n\n\n<p>iScanner a toujours aid\u00e9 \u00e0 r\u00e9duire l&#8217;utilisation du papier. Maintenant, le nouveau programme de r\u00e9alisations \u00e9cologiques permet aux utilisateurs de suivre leur impact, de sauver des arbres et de soutenir les efforts de transformation num\u00e9rique.<\/p>\n<\/div>\n<\/div>\n\n\n\n<div class=\"wp-block-group is-nowrap is-layout-flex wp-container-core-group-is-layout-ad2f72ca wp-block-group-is-layout-flex\">\n<figure class=\"wp-block-image size-full\"><img loading=\"lazy\" decoding=\"async\" width=\"294\" height=\"290\" src=\"https:\/\/iscanner.com\/wp-content\/uploads\/2025\/12\/media-history-11.png\" alt=\"\" class=\"wp-image-9611\" srcset=\"https:\/\/iscanner.com\/wp-content\/uploads\/2025\/12\/media-history-11.png 294w, https:\/\/iscanner.com\/wp-content\/uploads\/2025\/12\/media-history-11-12x12.png 12w\" sizes=\"auto, (max-width: 294px) 100vw, 294px\" \/><\/figure>\n\n\n\n<div class=\"wp-block-group is-vertical is-layout-flex wp-container-core-group-is-layout-8cf370e7 wp-block-group-is-layout-flex\">\n<h4 class=\"wp-block-heading\">Extension vers une plate-forme de documents compl\u00e8te sur tous les appareils<\/h4>\n\n\n\n<p>Aujourd&#8217;hui, iScanner continue de remplir sa mission, combinant simplicit\u00e9, confidentialit\u00e9 et outils IA avec une \u00e9dition PDF puissante. Une application de scanner r\u00e9invent\u00e9e en tant que hub de documents intelligent.<\/p>\n<\/div>\n<\/div>\n<\/div>\n<\/div><\/section>\n\n\n\n<p><\/p>","protected":false},"excerpt":{"rendered":"<p>\u00c0 propos d&#8217;iScanner iScanner est une application prim\u00e9e de num\u00e9risation et de gestion de documents aliment\u00e9e par l&#8217;IA avec plus de 125 millions de t\u00e9l\u00e9chargements, disponible sur iOS, Android et le Web. L&#8217;application permet aux utilisateurs de convertir les num\u00e9risations en divers formats, de modifier et de signer des documents, et de transformer n&#8217;importe quelle [&hellip;]<\/p>","protected":false},"author":21,"featured_media":0,"parent":0,"menu_order":0,"comment_status":"closed","ping_status":"closed","template":"template\/media.php","meta":{"footnotes":""},"class_list":["post-9108","page","type-page","status-publish","hentry"],"yoast_head":"<!-- This site is optimized with the Yoast SEO plugin v24.5 - https:\/\/yoast.com\/wordpress\/plugins\/seo\/ -->\n<title>iScanner \u2013 Dossier de presse et contacts pour m\u00e9dias<\/title>\n<meta name=\"description\" content=\"Chez iScanner, nous traitons avec le plus grand soin toutes les demandes des m\u00e9dias. T\u00e9l\u00e9chargez notre dossier de presse ou \u00e9crivez-nous \u00e0 pr@iscanner.com.\" \/>\n<meta name=\"robots\" content=\"index, follow, max-snippet:-1, max-image-preview:large, max-video-preview:-1\" \/>\n<link rel=\"canonical\" href=\"https:\/\/iscanner.com\/fr\/for-media\/\" \/>\n<meta property=\"og:locale\" content=\"fr_FR\" \/>\n<meta property=\"og:type\" content=\"article\" \/>\n<meta property=\"og:title\" content=\"iScanner - Press Kit &amp; Contacts for Media\" \/>\n<meta property=\"og:description\" content=\"We in iScanner carefully do with all media inquiries. Download our press kit or feel free to write to us at pr@iscanner.com.\" \/>\n<meta property=\"og:url\" content=\"https:\/\/iscanner.com\/fr\/for-media\/\" \/>\n<meta property=\"og:site_name\" content=\"iScanner\" \/>\n<meta property=\"article:modified_time\" content=\"2025-12-08T07:16:51+00:00\" \/>\n<meta property=\"og:image\" content=\"https:\/\/iscanner.com\/wp-content\/uploads\/2024\/10\/our-team-1024x681-1.jpeg\" \/>\n\t<meta property=\"og:image:width\" content=\"1024\" \/>\n\t<meta property=\"og:image:height\" content=\"681\" \/>\n\t<meta property=\"og:image:type\" content=\"image\/jpeg\" \/>\n<meta name=\"twitter:card\" content=\"summary_large_image\" \/>\n<meta name=\"twitter:title\" content=\"iScanner - Press Kit &amp; Contacts for Media\" \/>\n<meta name=\"twitter:description\" content=\"We in iScanner carefully do with all media inquiries. Download our press kit or feel free to write to us at pr@iscanner.com.\" \/>\n<meta name=\"twitter:label1\" content=\"Dur\u00e9e de lecture estim\u00e9e\" \/>\n\t<meta name=\"twitter:data1\" content=\"4 minutes\" \/>\n<!-- \/ Yoast SEO plugin. -->","yoast_head_json":{"title":"iScanner \u2013 Dossier de presse et contacts pour m\u00e9dias","description":"Chez iScanner, nous traitons avec le plus grand soin toutes les demandes des m\u00e9dias. T\u00e9l\u00e9chargez notre dossier de presse ou \u00e9crivez-nous \u00e0 pr@iscanner.com.","robots":{"index":"index","follow":"follow","max-snippet":"max-snippet:-1","max-image-preview":"max-image-preview:large","max-video-preview":"max-video-preview:-1"},"canonical":"https:\/\/iscanner.com\/fr\/for-media\/","og_locale":"fr_FR","og_type":"article","og_title":"iScanner - Press Kit & Contacts for Media","og_description":"We in iScanner carefully do with all media inquiries. Download our press kit or feel free to write to us at pr@iscanner.com.","og_url":"https:\/\/iscanner.com\/fr\/for-media\/","og_site_name":"iScanner","article_modified_time":"2025-12-08T07:16:51+00:00","og_image":[{"width":1024,"height":681,"url":"https:\/\/iscanner.com\/wp-content\/uploads\/2024\/10\/our-team-1024x681-1.jpeg","type":"image\/jpeg"}],"twitter_card":"summary_large_image","twitter_title":"iScanner - Press Kit & Contacts for Media","twitter_description":"We in iScanner carefully do with all media inquiries. Download our press kit or feel free to write to us at pr@iscanner.com.","twitter_misc":{"Dur\u00e9e de lecture estim\u00e9e":"4 minutes"},"schema":{"@context":"https:\/\/schema.org","@graph":[{"@type":"WebPage","@id":"https:\/\/iscanner.com\/fr\/for-media\/","url":"https:\/\/iscanner.com\/fr\/for-media\/","name":"iScanner \u2013 Dossier de presse et contacts pour m\u00e9dias","isPartOf":{"@id":"https:\/\/iscanner.com\/fr\/#website"},"primaryImageOfPage":{"@id":"https:\/\/iscanner.com\/fr\/for-media\/#primaryimage"},"image":{"@id":"https:\/\/iscanner.com\/fr\/for-media\/#primaryimage"},"thumbnailUrl":"https:\/\/iscanner.com\/wp-content\/uploads\/2024\/10\/our-team-1024x681-1.jpeg","datePublished":"2025-08-27T09:21:10+00:00","dateModified":"2025-12-08T07:16:51+00:00","description":"Chez iScanner, nous traitons avec le plus grand soin toutes les demandes des m\u00e9dias. T\u00e9l\u00e9chargez notre dossier de presse ou \u00e9crivez-nous \u00e0 pr@iscanner.com.","breadcrumb":{"@id":"https:\/\/iscanner.com\/fr\/for-media\/#breadcrumb"},"inLanguage":"fr-FR","potentialAction":[{"@type":"ReadAction","target":["https:\/\/iscanner.com\/fr\/for-media\/"]}]},{"@type":"ImageObject","inLanguage":"fr-FR","@id":"https:\/\/iscanner.com\/fr\/for-media\/#primaryimage","url":"https:\/\/iscanner.com\/wp-content\/uploads\/2024\/10\/our-team-1024x681-1.jpeg","contentUrl":"https:\/\/iscanner.com\/wp-content\/uploads\/2024\/10\/our-team-1024x681-1.jpeg"},{"@type":"BreadcrumbList","@id":"https:\/\/iscanner.com\/fr\/for-media\/#breadcrumb","itemListElement":[{"@type":"ListItem","position":1,"name":"Home","item":"https:\/\/iscanner.com\/fr\/"},{"@type":"ListItem","position":2,"name":"Pour les m\u00e9dias"}]},{"@type":"WebSite","@id":"https:\/\/iscanner.com\/fr\/#website","url":"https:\/\/iscanner.com\/fr\/","name":"iScanner","description":"Mobile Scanner App. Download for FREE (Android, iPhone)","potentialAction":[{"@type":"SearchAction","target":{"@type":"EntryPoint","urlTemplate":"https:\/\/iscanner.com\/fr\/?s={search_term_string}"},"query-input":{"@type":"PropertyValueSpecification","valueRequired":true,"valueName":"search_term_string"}}],"inLanguage":"fr-FR"},{"@type":"SoftwareApplication","name":"Iscanner","operatingSystem":"iOS, Android","applicationCategory":"Document converter","aggregateRating":{"@type":"AggregateRating","ratingValue":"4.5","ratingCount":"100"}}]}},"uagb_featured_image_src":{"full":false,"thumbnail":false,"medium":false,"medium_large":false,"large":false,"1536x1536":false,"2048x2048":false,"trp-custom-language-flag":false},"uagb_author_info":{"display_name":"o.markevich","author_link":"https:\/\/iscanner.com\/fr\/author\/o-markevich\/"},"uagb_comment_info":0,"uagb_excerpt":"\u00c0 propos d&#8217;iScanner iScanner est une application prim\u00e9e de num\u00e9risation et de gestion de documents aliment\u00e9e par l&#8217;IA avec plus de 125 millions de t\u00e9l\u00e9chargements, disponible sur iOS, Android et le Web. L&#8217;application permet aux utilisateurs de convertir les num\u00e9risations en divers formats, de modifier et de signer des documents, et de transformer n&#8217;importe quelle\u2026","_links":{"self":[{"href":"https:\/\/iscanner.com\/fr\/wp-json\/wp\/v2\/pages\/9108","targetHints":{"allow":["GET"]}}],"collection":[{"href":"https:\/\/iscanner.com\/fr\/wp-json\/wp\/v2\/pages"}],"about":[{"href":"https:\/\/iscanner.com\/fr\/wp-json\/wp\/v2\/types\/page"}],"author":[{"embeddable":true,"href":"https:\/\/iscanner.com\/fr\/wp-json\/wp\/v2\/users\/21"}],"replies":[{"embeddable":true,"href":"https:\/\/iscanner.com\/fr\/wp-json\/wp\/v2\/comments?post=9108"}],"version-history":[{"count":4,"href":"https:\/\/iscanner.com\/fr\/wp-json\/wp\/v2\/pages\/9108\/revisions"}],"predecessor-version":[{"id":9630,"href":"https:\/\/iscanner.com\/fr\/wp-json\/wp\/v2\/pages\/9108\/revisions\/9630"}],"wp:attachment":[{"href":"https:\/\/iscanner.com\/fr\/wp-json\/wp\/v2\/media?parent=9108"}],"curies":[{"name":"wp","href":"https:\/\/api.w.org\/{rel}","templated":true}]}}