{"id":9076,"date":"2025-08-27T09:10:55","date_gmt":"2025-08-27T09:10:55","guid":{"rendered":"https:\/\/iscanner.com\/?page_id=9076"},"modified":"2025-08-27T09:10:55","modified_gmt":"2025-08-27T09:10:55","slug":"cloud","status":"publish","type":"page","link":"https:\/\/iscanner.com\/fr\/cloud\/","title":{"rendered":"Cloud Storage &amp; Document Manager &#8211; fr"},"content":{"rendered":"","protected":false},"excerpt":{"rendered":"","protected":false},"author":21,"featured_media":0,"parent":0,"menu_order":0,"comment_status":"closed","ping_status":"closed","template":"template\/iscanner-web.php","meta":{"footnotes":""},"class_list":["post-9076","page","type-page","status-publish","hentry"],"yoast_head":"<!-- This site is optimized with the Yoast SEO plugin v24.5 - https:\/\/yoast.com\/wordpress\/plugins\/seo\/ -->\n<title>Stockage dans le nuage et gestionnaire de documents \u2013 iScanner<\/title>\n<meta name=\"description\" content=\"iScanner est l&#039;assistant de num\u00e9risation de documents n\u00b01 pour la gestion de documents en ligne. L&#039;application mobile aliment\u00e9e par l&#039;IA est livr\u00e9e avec un stockage dans le nuage pour organiser, enregistrer et voir les fichiers num\u00e9ris\u00e9s. Essayez iScanner et g\u00e9rez vos fichiers simplement !\" \/>\n<meta name=\"robots\" content=\"index, follow, max-snippet:-1, max-image-preview:large, max-video-preview:-1\" \/>\n<link rel=\"canonical\" href=\"https:\/\/iscanner.com\/fr\/cloud\/\" \/>\n<meta property=\"og:locale\" content=\"fr_FR\" \/>\n<meta property=\"og:type\" content=\"article\" \/>\n<meta property=\"og:title\" content=\"Stockage dans le nuage et gestionnaire de documents \u2013 iScanner\" \/>\n<meta property=\"og:description\" content=\"iScanner est l&#039;assistant de num\u00e9risation de documents n\u00b01 pour la gestion de documents en ligne. L&#039;application mobile aliment\u00e9e par l&#039;IA est livr\u00e9e avec un stockage dans le nuage pour organiser, enregistrer et voir les fichiers num\u00e9ris\u00e9s. Essayez iScanner et g\u00e9rez vos fichiers simplement !\" \/>\n<meta property=\"og:url\" content=\"https:\/\/iscanner.com\/fr\/cloud\/\" \/>\n<meta property=\"og:site_name\" content=\"iScanner\" \/>\n<meta name=\"twitter:card\" content=\"summary_large_image\" \/>\n<!-- \/ Yoast SEO plugin. -->","yoast_head_json":{"title":"Stockage dans le nuage et gestionnaire de documents \u2013 iScanner","description":"iScanner est l'assistant de num\u00e9risation de documents n\u00b01 pour la gestion de documents en ligne. L'application mobile aliment\u00e9e par l'IA est livr\u00e9e avec un stockage dans le nuage pour organiser, enregistrer et voir les fichiers num\u00e9ris\u00e9s. Essayez iScanner et g\u00e9rez vos fichiers simplement !","robots":{"index":"index","follow":"follow","max-snippet":"max-snippet:-1","max-image-preview":"max-image-preview:large","max-video-preview":"max-video-preview:-1"},"canonical":"https:\/\/iscanner.com\/fr\/cloud\/","og_locale":"fr_FR","og_type":"article","og_title":"Stockage dans le nuage et gestionnaire de documents \u2013 iScanner","og_description":"iScanner est l'assistant de num\u00e9risation de documents n\u00b01 pour la gestion de documents en ligne. L'application mobile aliment\u00e9e par l'IA est livr\u00e9e avec un stockage dans le nuage pour organiser, enregistrer et voir les fichiers num\u00e9ris\u00e9s. Essayez iScanner et g\u00e9rez vos fichiers simplement !","og_url":"https:\/\/iscanner.com\/fr\/cloud\/","og_site_name":"iScanner","twitter_card":"summary_large_image","schema":{"@context":"https:\/\/schema.org","@graph":[{"@type":"WebPage","@id":"https:\/\/iscanner.com\/fr\/cloud\/","url":"https:\/\/iscanner.com\/fr\/cloud\/","name":"Stockage dans le nuage et gestionnaire de documents \u2013 iScanner","isPartOf":{"@id":"https:\/\/iscanner.com\/fr\/#website"},"datePublished":"2025-08-27T09:10:55+00:00","description":"iScanner est l'assistant de num\u00e9risation de documents n\u00b01 pour la gestion de documents en ligne. L'application mobile aliment\u00e9e par l'IA est livr\u00e9e avec un stockage dans le nuage pour organiser, enregistrer et voir les fichiers num\u00e9ris\u00e9s. Essayez iScanner et g\u00e9rez vos fichiers simplement !","breadcrumb":{"@id":"https:\/\/iscanner.com\/fr\/cloud\/#breadcrumb"},"inLanguage":"fr-FR","potentialAction":[{"@type":"ReadAction","target":["https:\/\/iscanner.com\/fr\/cloud\/"]}]},{"@type":"BreadcrumbList","@id":"https:\/\/iscanner.com\/fr\/cloud\/#breadcrumb","itemListElement":[{"@type":"ListItem","position":1,"name":"Home","item":"https:\/\/iscanner.com\/fr\/"},{"@type":"ListItem","position":2,"name":"Cloud Storage &amp; Document Manager &#8211; fr"}]},{"@type":"WebSite","@id":"https:\/\/iscanner.com\/fr\/#website","url":"https:\/\/iscanner.com\/fr\/","name":"iScanner","description":"Mobile Scanner App. Download for FREE (Android, iPhone)","potentialAction":[{"@type":"SearchAction","target":{"@type":"EntryPoint","urlTemplate":"https:\/\/iscanner.com\/fr\/?s={search_term_string}"},"query-input":{"@type":"PropertyValueSpecification","valueRequired":true,"valueName":"search_term_string"}}],"inLanguage":"fr-FR"},{"@type":"SoftwareApplication","name":"Iscanner","operatingSystem":"iOS, Android","applicationCategory":"Document converter","aggregateRating":{"@type":"AggregateRating","ratingValue":"4.5","ratingCount":"100"}}]}},"uagb_featured_image_src":{"full":false,"thumbnail":false,"medium":false,"medium_large":false,"large":false,"1536x1536":false,"2048x2048":false,"trp-custom-language-flag":false},"uagb_author_info":{"display_name":"o.markevich","author_link":"https:\/\/iscanner.com\/fr\/author\/o-markevich\/"},"uagb_comment_info":0,"uagb_excerpt":null,"_links":{"self":[{"href":"https:\/\/iscanner.com\/fr\/wp-json\/wp\/v2\/pages\/9076","targetHints":{"allow":["GET"]}}],"collection":[{"href":"https:\/\/iscanner.com\/fr\/wp-json\/wp\/v2\/pages"}],"about":[{"href":"https:\/\/iscanner.com\/fr\/wp-json\/wp\/v2\/types\/page"}],"author":[{"embeddable":true,"href":"https:\/\/iscanner.com\/fr\/wp-json\/wp\/v2\/users\/21"}],"replies":[{"embeddable":true,"href":"https:\/\/iscanner.com\/fr\/wp-json\/wp\/v2\/comments?post=9076"}],"version-history":[{"count":2,"href":"https:\/\/iscanner.com\/fr\/wp-json\/wp\/v2\/pages\/9076\/revisions"}],"predecessor-version":[{"id":9078,"href":"https:\/\/iscanner.com\/fr\/wp-json\/wp\/v2\/pages\/9076\/revisions\/9078"}],"wp:attachment":[{"href":"https:\/\/iscanner.com\/fr\/wp-json\/wp\/v2\/media?parent=9076"}],"curies":[{"name":"wp","href":"https:\/\/api.w.org\/{rel}","templated":true}]}}