{"id":8579,"date":"2025-07-24T10:06:40","date_gmt":"2025-07-24T10:06:40","guid":{"rendered":"https:\/\/iscanner.com\/?page_id=8579"},"modified":"2025-07-24T10:06:40","modified_gmt":"2025-07-24T10:06:40","slug":"image-to-txt-converter","status":"publish","type":"page","link":"https:\/\/iscanner.com\/fr\/image-to-txt-converter\/","title":{"rendered":"Convert Image to TXT &#8211; FR"},"content":{"rendered":"","protected":false},"excerpt":{"rendered":"","protected":false},"author":9,"featured_media":0,"parent":0,"menu_order":0,"comment_status":"closed","ping_status":"closed","template":"template\/converter.php","meta":{"footnotes":""},"class_list":["post-8579","page","type-page","status-publish","hentry"],"yoast_head":"<!-- This site is optimized with the Yoast SEO plugin v24.5 - https:\/\/yoast.com\/wordpress\/plugins\/seo\/ -->\n<title>Convertir image en texte: Extraire texte d&#039;une image | iScanner<\/title>\n<meta name=\"description\" content=\"Besoin de convertir une image en texte ? Utilisez iScanner pour extraire du texte depuis des images (JPG, PNG, etc.) en ligne, gratuitement et avec pr\u00e9cision. Transformez vos captures en fichiers TXT instantan\u00e9ment, sans installation. Essayez notre outil de conversion image en texte d\u00e8s maintenant!\" \/>\n<meta name=\"robots\" content=\"index, follow, max-snippet:-1, max-image-preview:large, max-video-preview:-1\" \/>\n<link rel=\"canonical\" href=\"https:\/\/iscanner.com\/fr\/image-to-txt-converter\/\" \/>\n<meta property=\"og:locale\" content=\"fr_FR\" \/>\n<meta property=\"og:type\" content=\"article\" \/>\n<meta property=\"og:title\" content=\"Convertir image en texte: Extraire texte d&#039;une image | iScanner\" \/>\n<meta property=\"og:description\" content=\"Besoin de convertir une image en texte ? Utilisez iScanner pour extraire du texte depuis des images (JPG, PNG, etc.) en ligne, gratuitement et avec pr\u00e9cision. Transformez vos captures en fichiers TXT instantan\u00e9ment, sans installation. Essayez notre outil de conversion image en texte d\u00e8s maintenant!\" \/>\n<meta property=\"og:url\" content=\"https:\/\/iscanner.com\/fr\/image-to-txt-converter\/\" \/>\n<meta property=\"og:site_name\" content=\"iScanner\" \/>\n<meta name=\"twitter:card\" content=\"summary_large_image\" \/>\n<!-- \/ Yoast SEO plugin. -->","yoast_head_json":{"title":"Convertir image en texte: Extraire texte d'une image | iScanner","description":"Besoin de convertir une image en texte ? Utilisez iScanner pour extraire du texte depuis des images (JPG, PNG, etc.) en ligne, gratuitement et avec pr\u00e9cision. Transformez vos captures en fichiers TXT instantan\u00e9ment, sans installation. Essayez notre outil de conversion image en texte d\u00e8s maintenant!","robots":{"index":"index","follow":"follow","max-snippet":"max-snippet:-1","max-image-preview":"max-image-preview:large","max-video-preview":"max-video-preview:-1"},"canonical":"https:\/\/iscanner.com\/fr\/image-to-txt-converter\/","og_locale":"fr_FR","og_type":"article","og_title":"Convertir image en texte: Extraire texte d'une image | iScanner","og_description":"Besoin de convertir une image en texte ? Utilisez iScanner pour extraire du texte depuis des images (JPG, PNG, etc.) en ligne, gratuitement et avec pr\u00e9cision. Transformez vos captures en fichiers TXT instantan\u00e9ment, sans installation. Essayez notre outil de conversion image en texte d\u00e8s maintenant!","og_url":"https:\/\/iscanner.com\/fr\/image-to-txt-converter\/","og_site_name":"iScanner","twitter_card":"summary_large_image","schema":{"@context":"https:\/\/schema.org","@graph":[{"@type":"WebPage","@id":"https:\/\/iscanner.com\/fr\/image-to-txt-converter\/","url":"https:\/\/iscanner.com\/fr\/image-to-txt-converter\/","name":"Convertir image en texte: Extraire texte d'une image | iScanner","isPartOf":{"@id":"https:\/\/iscanner.com\/fr\/#website"},"datePublished":"2025-07-24T10:06:40+00:00","description":"Besoin de convertir une image en texte ? Utilisez iScanner pour extraire du texte depuis des images (JPG, PNG, etc.) en ligne, gratuitement et avec pr\u00e9cision. Transformez vos captures en fichiers TXT instantan\u00e9ment, sans installation. Essayez notre outil de conversion image en texte d\u00e8s maintenant!","breadcrumb":{"@id":"https:\/\/iscanner.com\/fr\/image-to-txt-converter\/#breadcrumb"},"inLanguage":"fr-FR","potentialAction":[{"@type":"ReadAction","target":["https:\/\/iscanner.com\/fr\/image-to-txt-converter\/"]}]},{"@type":"BreadcrumbList","@id":"https:\/\/iscanner.com\/fr\/image-to-txt-converter\/#breadcrumb","itemListElement":[{"@type":"ListItem","position":1,"name":"Home","item":"https:\/\/iscanner.com\/fr\/"},{"@type":"ListItem","position":2,"name":"Convert Image to TXT &#8211; FR"}]},{"@type":"WebSite","@id":"https:\/\/iscanner.com\/fr\/#website","url":"https:\/\/iscanner.com\/fr\/","name":"iScanner","description":"Mobile Scanner App. Download for FREE (Android, iPhone)","potentialAction":[{"@type":"SearchAction","target":{"@type":"EntryPoint","urlTemplate":"https:\/\/iscanner.com\/fr\/?s={search_term_string}"},"query-input":{"@type":"PropertyValueSpecification","valueRequired":true,"valueName":"search_term_string"}}],"inLanguage":"fr-FR"},{"@type":"SoftwareApplication","name":"Iscanner","operatingSystem":"iOS, Android","applicationCategory":"Document converter","aggregateRating":{"@type":"AggregateRating","ratingValue":"4.5","ratingCount":"100"}},{"@type":"Service","provider":{"@id":"https:\/\/iscanner.com\/#organization"},"serviceType":"Convert Image to TXT &#8211; FR","description":"Besoin de convertir une image en texte ? Utilisez iScanner pour extraire du texte depuis des images (JPG, PNG, etc.) en ligne, gratuitement et avec pr\u00e9cision. Transformez vos captures en fichiers TXT instantan\u00e9ment, sans installation. Essayez notre outil de conversion image en texte d\u00e8s maintenant!"},{"@type":"ConvertAction","actionStatus":"http:\/\/schema.org\/ActiveActionStatus","agent":{"@id":"https:\/\/iscanner.com\/#organization"},"object":{"@type":"Thing","name":"Convert Image to TXT &#8211; FR"}}]}},"uagb_featured_image_src":{"full":false,"thumbnail":false,"medium":false,"medium_large":false,"large":false,"1536x1536":false,"2048x2048":false,"trp-custom-language-flag":false},"uagb_author_info":{"display_name":"Pavel Zubarevich","author_link":"https:\/\/iscanner.com\/fr\/author\/pavel-zubarevich\/"},"uagb_comment_info":0,"uagb_excerpt":null,"_links":{"self":[{"href":"https:\/\/iscanner.com\/fr\/wp-json\/wp\/v2\/pages\/8579","targetHints":{"allow":["GET"]}}],"collection":[{"href":"https:\/\/iscanner.com\/fr\/wp-json\/wp\/v2\/pages"}],"about":[{"href":"https:\/\/iscanner.com\/fr\/wp-json\/wp\/v2\/types\/page"}],"author":[{"embeddable":true,"href":"https:\/\/iscanner.com\/fr\/wp-json\/wp\/v2\/users\/9"}],"replies":[{"embeddable":true,"href":"https:\/\/iscanner.com\/fr\/wp-json\/wp\/v2\/comments?post=8579"}],"version-history":[{"count":8,"href":"https:\/\/iscanner.com\/fr\/wp-json\/wp\/v2\/pages\/8579\/revisions"}],"predecessor-version":[{"id":9051,"href":"https:\/\/iscanner.com\/fr\/wp-json\/wp\/v2\/pages\/8579\/revisions\/9051"}],"wp:attachment":[{"href":"https:\/\/iscanner.com\/fr\/wp-json\/wp\/v2\/media?parent=8579"}],"curies":[{"name":"wp","href":"https:\/\/api.w.org\/{rel}","templated":true}]}}