{"id":8577,"date":"2025-07-24T10:09:19","date_gmt":"2025-07-24T10:09:19","guid":{"rendered":"https:\/\/iscanner.com\/?page_id=8577"},"modified":"2025-07-24T10:09:20","modified_gmt":"2025-07-24T10:09:20","slug":"png-to-doc-converter","status":"publish","type":"page","link":"https:\/\/iscanner.com\/fr\/png-to-doc-converter\/","title":{"rendered":"Convert PNG to WORD &#8211; FR"},"content":{"rendered":"","protected":false},"excerpt":{"rendered":"","protected":false},"author":9,"featured_media":0,"parent":0,"menu_order":0,"comment_status":"closed","ping_status":"closed","template":"template\/converter.php","meta":{"footnotes":""},"class_list":["post-8577","page","type-page","status-publish","hentry"],"yoast_head":"<!-- This site is optimized with the Yoast SEO plugin v24.5 - https:\/\/yoast.com\/wordpress\/plugins\/seo\/ -->\n<title>Convertir PNG en DOC (WORD) (En ligne et Gratuit) | iScanner<\/title>\n<meta name=\"description\" content=\"Convertissez vos images PNG en documents Word \u00e9ditable en ligne, gratuitement et sans installation. Outil rapide et pr\u00e9cis pour transformer un PNG en DOC. Essayez iScanner d\u00e8s maintenant!\" \/>\n<meta name=\"robots\" content=\"index, follow, max-snippet:-1, max-image-preview:large, max-video-preview:-1\" \/>\n<link rel=\"canonical\" href=\"https:\/\/iscanner.com\/fr\/png-to-doc-converter\/\" \/>\n<meta property=\"og:locale\" content=\"fr_FR\" \/>\n<meta property=\"og:type\" content=\"article\" \/>\n<meta property=\"og:title\" content=\"Convertir PNG en DOC (WORD) (En ligne et Gratuit) | iScanner\" \/>\n<meta property=\"og:description\" content=\"Convertissez vos images PNG en documents Word \u00e9ditable en ligne, gratuitement et sans installation. Outil rapide et pr\u00e9cis pour transformer un PNG en DOC. Essayez iScanner d\u00e8s maintenant!\" \/>\n<meta property=\"og:url\" content=\"https:\/\/iscanner.com\/fr\/png-to-doc-converter\/\" \/>\n<meta property=\"og:site_name\" content=\"iScanner\" \/>\n<meta property=\"article:modified_time\" content=\"2025-07-24T10:09:20+00:00\" \/>\n<meta name=\"twitter:card\" content=\"summary_large_image\" \/>\n<!-- \/ Yoast SEO plugin. -->","yoast_head_json":{"title":"Convertir PNG en DOC (WORD) (En ligne et Gratuit) | iScanner","description":"Convertissez vos images PNG en documents Word \u00e9ditable en ligne, gratuitement et sans installation. Outil rapide et pr\u00e9cis pour transformer un PNG en DOC. Essayez iScanner d\u00e8s maintenant!","robots":{"index":"index","follow":"follow","max-snippet":"max-snippet:-1","max-image-preview":"max-image-preview:large","max-video-preview":"max-video-preview:-1"},"canonical":"https:\/\/iscanner.com\/fr\/png-to-doc-converter\/","og_locale":"fr_FR","og_type":"article","og_title":"Convertir PNG en DOC (WORD) (En ligne et Gratuit) | iScanner","og_description":"Convertissez vos images PNG en documents Word \u00e9ditable en ligne, gratuitement et sans installation. Outil rapide et pr\u00e9cis pour transformer un PNG en DOC. Essayez iScanner d\u00e8s maintenant!","og_url":"https:\/\/iscanner.com\/fr\/png-to-doc-converter\/","og_site_name":"iScanner","article_modified_time":"2025-07-24T10:09:20+00:00","twitter_card":"summary_large_image","schema":{"@context":"https:\/\/schema.org","@graph":[{"@type":"WebPage","@id":"https:\/\/iscanner.com\/fr\/png-to-doc-converter\/","url":"https:\/\/iscanner.com\/fr\/png-to-doc-converter\/","name":"Convertir PNG en DOC (WORD) (En ligne et Gratuit) | iScanner","isPartOf":{"@id":"https:\/\/iscanner.com\/fr\/#website"},"datePublished":"2025-07-24T10:09:19+00:00","dateModified":"2025-07-24T10:09:20+00:00","description":"Convertissez vos images PNG en documents Word \u00e9ditable en ligne, gratuitement et sans installation. Outil rapide et pr\u00e9cis pour transformer un PNG en DOC. Essayez iScanner d\u00e8s maintenant!","breadcrumb":{"@id":"https:\/\/iscanner.com\/fr\/png-to-doc-converter\/#breadcrumb"},"inLanguage":"fr-FR","potentialAction":[{"@type":"ReadAction","target":["https:\/\/iscanner.com\/fr\/png-to-doc-converter\/"]}]},{"@type":"BreadcrumbList","@id":"https:\/\/iscanner.com\/fr\/png-to-doc-converter\/#breadcrumb","itemListElement":[{"@type":"ListItem","position":1,"name":"Home","item":"https:\/\/iscanner.com\/fr\/"},{"@type":"ListItem","position":2,"name":"Convert PNG to WORD &#8211; FR"}]},{"@type":"WebSite","@id":"https:\/\/iscanner.com\/fr\/#website","url":"https:\/\/iscanner.com\/fr\/","name":"iScanner","description":"Mobile Scanner App. Download for FREE (Android, iPhone)","potentialAction":[{"@type":"SearchAction","target":{"@type":"EntryPoint","urlTemplate":"https:\/\/iscanner.com\/fr\/?s={search_term_string}"},"query-input":{"@type":"PropertyValueSpecification","valueRequired":true,"valueName":"search_term_string"}}],"inLanguage":"fr-FR"},{"@type":"SoftwareApplication","name":"Iscanner","operatingSystem":"iOS, Android","applicationCategory":"Document converter","aggregateRating":{"@type":"AggregateRating","ratingValue":"4.5","ratingCount":"100"}},{"@type":"Service","provider":{"@id":"https:\/\/iscanner.com\/#organization"},"serviceType":"Convert PNG to WORD &#8211; FR","description":"Convertissez vos images PNG en documents Word \u00e9ditable en ligne, gratuitement et sans installation. Outil rapide et pr\u00e9cis pour transformer un PNG en DOC. Essayez iScanner d\u00e8s maintenant!"},{"@type":"ConvertAction","actionStatus":"http:\/\/schema.org\/ActiveActionStatus","agent":{"@id":"https:\/\/iscanner.com\/#organization"},"object":{"@type":"Thing","name":"Convert PNG to WORD &#8211; FR"}}]}},"uagb_featured_image_src":{"full":false,"thumbnail":false,"medium":false,"medium_large":false,"large":false,"1536x1536":false,"2048x2048":false,"trp-custom-language-flag":false},"uagb_author_info":{"display_name":"Pavel Zubarevich","author_link":"https:\/\/iscanner.com\/fr\/author\/pavel-zubarevich\/"},"uagb_comment_info":0,"uagb_excerpt":null,"_links":{"self":[{"href":"https:\/\/iscanner.com\/fr\/wp-json\/wp\/v2\/pages\/8577","targetHints":{"allow":["GET"]}}],"collection":[{"href":"https:\/\/iscanner.com\/fr\/wp-json\/wp\/v2\/pages"}],"about":[{"href":"https:\/\/iscanner.com\/fr\/wp-json\/wp\/v2\/types\/page"}],"author":[{"embeddable":true,"href":"https:\/\/iscanner.com\/fr\/wp-json\/wp\/v2\/users\/9"}],"replies":[{"embeddable":true,"href":"https:\/\/iscanner.com\/fr\/wp-json\/wp\/v2\/comments?post=8577"}],"version-history":[{"count":9,"href":"https:\/\/iscanner.com\/fr\/wp-json\/wp\/v2\/pages\/8577\/revisions"}],"predecessor-version":[{"id":9066,"href":"https:\/\/iscanner.com\/fr\/wp-json\/wp\/v2\/pages\/8577\/revisions\/9066"}],"wp:attachment":[{"href":"https:\/\/iscanner.com\/fr\/wp-json\/wp\/v2\/media?parent=8577"}],"curies":[{"name":"wp","href":"https:\/\/api.w.org\/{rel}","templated":true}]}}