{"id":8362,"date":"2025-07-24T10:08:57","date_gmt":"2025-07-24T10:08:57","guid":{"rendered":"https:\/\/iscanner.com\/?page_id=8362"},"modified":"2025-07-24T10:08:57","modified_gmt":"2025-07-24T10:08:57","slug":"ppt-to-pdf-converter","status":"publish","type":"page","link":"https:\/\/iscanner.com\/fr\/ppt-to-pdf-converter\/","title":{"rendered":"Convert PowerPoint to PDF &#8211; FR"},"content":{"rendered":"","protected":false},"excerpt":{"rendered":"","protected":false},"author":9,"featured_media":0,"parent":0,"menu_order":0,"comment_status":"closed","ping_status":"closed","template":"template\/converter.php","meta":{"footnotes":""},"class_list":["post-8362","page","type-page","status-publish","hentry"],"yoast_head":"<!-- This site is optimized with the Yoast SEO plugin v24.5 - https:\/\/yoast.com\/wordpress\/plugins\/seo\/ -->\n<title>Convertissez PowerPoint en PDF. Des pr\u00e9sentations PPT en PDF | iScanner<\/title>\n<meta name=\"description\" content=\"Convertissez vos fichiers PPT en PDF gratuitement en ligne avec iScanner. Conservez la qualit\u00e9 originale et la mise en page. Transformation rapide, s\u00e9curis\u00e9e et compatible avec tous les appareils. Aucune installation requise!\" \/>\n<meta name=\"robots\" content=\"index, follow, max-snippet:-1, max-image-preview:large, max-video-preview:-1\" \/>\n<link rel=\"canonical\" href=\"https:\/\/iscanner.com\/fr\/ppt-to-pdf-converter\/\" \/>\n<meta property=\"og:locale\" content=\"fr_FR\" \/>\n<meta property=\"og:type\" content=\"article\" \/>\n<meta property=\"og:title\" content=\"Convertissez PowerPoint en PDF. Des pr\u00e9sentations PPT en PDF | iScanner\" \/>\n<meta property=\"og:description\" content=\"Convertissez vos fichiers PPT en PDF gratuitement en ligne avec iScanner. Conservez la qualit\u00e9 originale et la mise en page. Transformation rapide, s\u00e9curis\u00e9e et compatible avec tous les appareils. Aucune installation requise!\" \/>\n<meta property=\"og:url\" content=\"https:\/\/iscanner.com\/fr\/ppt-to-pdf-converter\/\" \/>\n<meta property=\"og:site_name\" content=\"iScanner\" \/>\n<meta name=\"twitter:card\" content=\"summary_large_image\" \/>\n<!-- \/ Yoast SEO plugin. -->","yoast_head_json":{"title":"Convertissez PowerPoint en PDF. Des pr\u00e9sentations PPT en PDF | iScanner","description":"Convertissez vos fichiers PPT en PDF gratuitement en ligne avec iScanner. Conservez la qualit\u00e9 originale et la mise en page. Transformation rapide, s\u00e9curis\u00e9e et compatible avec tous les appareils. Aucune installation requise!","robots":{"index":"index","follow":"follow","max-snippet":"max-snippet:-1","max-image-preview":"max-image-preview:large","max-video-preview":"max-video-preview:-1"},"canonical":"https:\/\/iscanner.com\/fr\/ppt-to-pdf-converter\/","og_locale":"fr_FR","og_type":"article","og_title":"Convertissez PowerPoint en PDF. Des pr\u00e9sentations PPT en PDF | iScanner","og_description":"Convertissez vos fichiers PPT en PDF gratuitement en ligne avec iScanner. Conservez la qualit\u00e9 originale et la mise en page. Transformation rapide, s\u00e9curis\u00e9e et compatible avec tous les appareils. Aucune installation requise!","og_url":"https:\/\/iscanner.com\/fr\/ppt-to-pdf-converter\/","og_site_name":"iScanner","twitter_card":"summary_large_image","schema":{"@context":"https:\/\/schema.org","@graph":[{"@type":"WebPage","@id":"https:\/\/iscanner.com\/fr\/ppt-to-pdf-converter\/","url":"https:\/\/iscanner.com\/fr\/ppt-to-pdf-converter\/","name":"Convertissez PowerPoint en PDF. Des pr\u00e9sentations PPT en PDF | iScanner","isPartOf":{"@id":"https:\/\/iscanner.com\/fr\/#website"},"datePublished":"2025-07-24T10:08:57+00:00","description":"Convertissez vos fichiers PPT en PDF gratuitement en ligne avec iScanner. Conservez la qualit\u00e9 originale et la mise en page. Transformation rapide, s\u00e9curis\u00e9e et compatible avec tous les appareils. Aucune installation requise!","breadcrumb":{"@id":"https:\/\/iscanner.com\/fr\/ppt-to-pdf-converter\/#breadcrumb"},"inLanguage":"fr-FR","potentialAction":[{"@type":"ReadAction","target":["https:\/\/iscanner.com\/fr\/ppt-to-pdf-converter\/"]}]},{"@type":"BreadcrumbList","@id":"https:\/\/iscanner.com\/fr\/ppt-to-pdf-converter\/#breadcrumb","itemListElement":[{"@type":"ListItem","position":1,"name":"Home","item":"https:\/\/iscanner.com\/fr\/"},{"@type":"ListItem","position":2,"name":"Convert PowerPoint to PDF &#8211; FR"}]},{"@type":"WebSite","@id":"https:\/\/iscanner.com\/fr\/#website","url":"https:\/\/iscanner.com\/fr\/","name":"iScanner","description":"Mobile Scanner App. Download for FREE (Android, iPhone)","potentialAction":[{"@type":"SearchAction","target":{"@type":"EntryPoint","urlTemplate":"https:\/\/iscanner.com\/fr\/?s={search_term_string}"},"query-input":{"@type":"PropertyValueSpecification","valueRequired":true,"valueName":"search_term_string"}}],"inLanguage":"fr-FR"},{"@type":"SoftwareApplication","name":"Iscanner","operatingSystem":"iOS, Android","applicationCategory":"Document converter","aggregateRating":{"@type":"AggregateRating","ratingValue":"4.5","ratingCount":"100"}},{"@type":"Service","provider":{"@id":"https:\/\/iscanner.com\/#organization"},"serviceType":"Convert PowerPoint to PDF &#8211; FR","description":"Convertissez vos fichiers PPT en PDF gratuitement en ligne avec iScanner. Conservez la qualit\u00e9 originale et la mise en page. Transformation rapide, s\u00e9curis\u00e9e et compatible avec tous les appareils. Aucune installation requise!"},{"@type":"ConvertAction","actionStatus":"http:\/\/schema.org\/ActiveActionStatus","agent":{"@id":"https:\/\/iscanner.com\/#organization"},"object":{"@type":"Thing","name":"Convert PowerPoint to PDF &#8211; FR"}}]}},"uagb_featured_image_src":{"full":false,"thumbnail":false,"medium":false,"medium_large":false,"large":false,"1536x1536":false,"2048x2048":false,"trp-custom-language-flag":false},"uagb_author_info":{"display_name":"Pavel Zubarevich","author_link":"https:\/\/iscanner.com\/fr\/author\/pavel-zubarevich\/"},"uagb_comment_info":0,"uagb_excerpt":null,"_links":{"self":[{"href":"https:\/\/iscanner.com\/fr\/wp-json\/wp\/v2\/pages\/8362","targetHints":{"allow":["GET"]}}],"collection":[{"href":"https:\/\/iscanner.com\/fr\/wp-json\/wp\/v2\/pages"}],"about":[{"href":"https:\/\/iscanner.com\/fr\/wp-json\/wp\/v2\/types\/page"}],"author":[{"embeddable":true,"href":"https:\/\/iscanner.com\/fr\/wp-json\/wp\/v2\/users\/9"}],"replies":[{"embeddable":true,"href":"https:\/\/iscanner.com\/fr\/wp-json\/wp\/v2\/comments?post=8362"}],"version-history":[{"count":13,"href":"https:\/\/iscanner.com\/fr\/wp-json\/wp\/v2\/pages\/8362\/revisions"}],"predecessor-version":[{"id":9063,"href":"https:\/\/iscanner.com\/fr\/wp-json\/wp\/v2\/pages\/8362\/revisions\/9063"}],"wp:attachment":[{"href":"https:\/\/iscanner.com\/fr\/wp-json\/wp\/v2\/media?parent=8362"}],"curies":[{"name":"wp","href":"https:\/\/api.w.org\/{rel}","templated":true}]}}