{"id":8248,"date":"2025-07-24T09:29:41","date_gmt":"2025-07-24T09:29:41","guid":{"rendered":"https:\/\/iscanner.com\/?page_id=8248"},"modified":"2025-07-24T09:29:42","modified_gmt":"2025-07-24T09:29:42","slug":"unzip-files","status":"publish","type":"page","link":"https:\/\/iscanner.com\/fr\/unzip-files\/","title":{"rendered":"Unpack Files &#8211; FR"},"content":{"rendered":"","protected":false},"excerpt":{"rendered":"","protected":false},"author":9,"featured_media":0,"parent":0,"menu_order":0,"comment_status":"closed","ping_status":"closed","template":"template\/unzip.php","meta":{"footnotes":""},"class_list":["post-8248","page","type-page","status-publish","hentry"],"yoast_head":"<!-- This site is optimized with the Yoast SEO plugin v24.5 - https:\/\/yoast.com\/wordpress\/plugins\/seo\/ -->\n<title>Comment d\u00e9compresser fichiers ZIP, RAR, 7Z sur Mac et en ligne | iScanner<\/title>\n<meta name=\"description\" content=\"Apprenez \u00e0 d\u00e9compresser des fichiers ZIP, RAR et 7Z sur Mac gratuitement ou en ligne. Solutions pratiques pour extraire vos archives rapidement sans logiciel.\" \/>\n<meta name=\"robots\" content=\"index, follow, max-snippet:-1, max-image-preview:large, max-video-preview:-1\" \/>\n<link rel=\"canonical\" href=\"https:\/\/iscanner.com\/fr\/unzip-files\/\" \/>\n<meta property=\"og:locale\" content=\"fr_FR\" \/>\n<meta property=\"og:type\" content=\"article\" \/>\n<meta property=\"og:title\" content=\"Comment d\u00e9compresser fichiers ZIP, RAR, 7Z sur Mac et en ligne | iScanner\" \/>\n<meta property=\"og:description\" content=\"Apprenez \u00e0 d\u00e9compresser des fichiers ZIP, RAR et 7Z sur Mac gratuitement ou en ligne. Solutions pratiques pour extraire vos archives rapidement sans logiciel.\" \/>\n<meta property=\"og:url\" content=\"https:\/\/iscanner.com\/fr\/unzip-files\/\" \/>\n<meta property=\"og:site_name\" content=\"iScanner\" \/>\n<meta property=\"article:modified_time\" content=\"2025-07-24T09:29:42+00:00\" \/>\n<meta name=\"twitter:card\" content=\"summary_large_image\" \/>\n<!-- \/ Yoast SEO plugin. -->","yoast_head_json":{"title":"Comment d\u00e9compresser fichiers ZIP, RAR, 7Z sur Mac et en ligne | iScanner","description":"Apprenez \u00e0 d\u00e9compresser des fichiers ZIP, RAR et 7Z sur Mac gratuitement ou en ligne. Solutions pratiques pour extraire vos archives rapidement sans logiciel.","robots":{"index":"index","follow":"follow","max-snippet":"max-snippet:-1","max-image-preview":"max-image-preview:large","max-video-preview":"max-video-preview:-1"},"canonical":"https:\/\/iscanner.com\/fr\/unzip-files\/","og_locale":"fr_FR","og_type":"article","og_title":"Comment d\u00e9compresser fichiers ZIP, RAR, 7Z sur Mac et en ligne | iScanner","og_description":"Apprenez \u00e0 d\u00e9compresser des fichiers ZIP, RAR et 7Z sur Mac gratuitement ou en ligne. Solutions pratiques pour extraire vos archives rapidement sans logiciel.","og_url":"https:\/\/iscanner.com\/fr\/unzip-files\/","og_site_name":"iScanner","article_modified_time":"2025-07-24T09:29:42+00:00","twitter_card":"summary_large_image","schema":{"@context":"https:\/\/schema.org","@graph":[{"@type":"WebPage","@id":"https:\/\/iscanner.com\/fr\/unzip-files\/","url":"https:\/\/iscanner.com\/fr\/unzip-files\/","name":"Comment d\u00e9compresser fichiers ZIP, RAR, 7Z sur Mac et en ligne | iScanner","isPartOf":{"@id":"https:\/\/iscanner.com\/fr\/#website"},"datePublished":"2025-07-24T09:29:41+00:00","dateModified":"2025-07-24T09:29:42+00:00","description":"Apprenez \u00e0 d\u00e9compresser des fichiers ZIP, RAR et 7Z sur Mac gratuitement ou en ligne. Solutions pratiques pour extraire vos archives rapidement sans logiciel.","breadcrumb":{"@id":"https:\/\/iscanner.com\/fr\/unzip-files\/#breadcrumb"},"inLanguage":"fr-FR","potentialAction":[{"@type":"ReadAction","target":["https:\/\/iscanner.com\/fr\/unzip-files\/"]}]},{"@type":"BreadcrumbList","@id":"https:\/\/iscanner.com\/fr\/unzip-files\/#breadcrumb","itemListElement":[{"@type":"ListItem","position":1,"name":"Home","item":"https:\/\/iscanner.com\/fr\/"},{"@type":"ListItem","position":2,"name":"Unpack Files &#8211; FR"}]},{"@type":"WebSite","@id":"https:\/\/iscanner.com\/fr\/#website","url":"https:\/\/iscanner.com\/fr\/","name":"iScanner","description":"Mobile Scanner App. Download for FREE (Android, iPhone)","potentialAction":[{"@type":"SearchAction","target":{"@type":"EntryPoint","urlTemplate":"https:\/\/iscanner.com\/fr\/?s={search_term_string}"},"query-input":{"@type":"PropertyValueSpecification","valueRequired":true,"valueName":"search_term_string"}}],"inLanguage":"fr-FR"},{"@type":"SoftwareApplication","name":"Iscanner","operatingSystem":"iOS, Android","applicationCategory":"Document converter","aggregateRating":{"@type":"AggregateRating","ratingValue":"4.5","ratingCount":"100"}},{"@type":"Service","provider":{"@id":"https:\/\/iscanner.com\/#organization"},"serviceType":"Unpack Files &#8211; FR","description":"Apprenez \u00e0 d\u00e9compresser des fichiers ZIP, RAR et 7Z sur Mac gratuitement ou en ligne. Solutions pratiques pour extraire vos archives rapidement sans logiciel."}]}},"uagb_featured_image_src":{"full":false,"thumbnail":false,"medium":false,"medium_large":false,"large":false,"1536x1536":false,"2048x2048":false,"trp-custom-language-flag":false},"uagb_author_info":{"display_name":"Pavel Zubarevich","author_link":"https:\/\/iscanner.com\/fr\/author\/pavel-zubarevich\/"},"uagb_comment_info":0,"uagb_excerpt":null,"_links":{"self":[{"href":"https:\/\/iscanner.com\/fr\/wp-json\/wp\/v2\/pages\/8248","targetHints":{"allow":["GET"]}}],"collection":[{"href":"https:\/\/iscanner.com\/fr\/wp-json\/wp\/v2\/pages"}],"about":[{"href":"https:\/\/iscanner.com\/fr\/wp-json\/wp\/v2\/types\/page"}],"author":[{"embeddable":true,"href":"https:\/\/iscanner.com\/fr\/wp-json\/wp\/v2\/users\/9"}],"replies":[{"embeddable":true,"href":"https:\/\/iscanner.com\/fr\/wp-json\/wp\/v2\/comments?post=8248"}],"version-history":[{"count":10,"href":"https:\/\/iscanner.com\/fr\/wp-json\/wp\/v2\/pages\/8248\/revisions"}],"predecessor-version":[{"id":8892,"href":"https:\/\/iscanner.com\/fr\/wp-json\/wp\/v2\/pages\/8248\/revisions\/8892"}],"wp:attachment":[{"href":"https:\/\/iscanner.com\/fr\/wp-json\/wp\/v2\/media?parent=8248"}],"curies":[{"name":"wp","href":"https:\/\/api.w.org\/{rel}","templated":true}]}}