{"id":8164,"date":"2025-07-24T09:29:53","date_gmt":"2025-07-24T09:29:53","guid":{"rendered":"https:\/\/iscanner.com\/?page_id=8164"},"modified":"2025-07-24T09:29:53","modified_gmt":"2025-07-24T09:29:53","slug":"split-pdf","status":"publish","type":"page","link":"https:\/\/iscanner.com\/fr\/split-pdf\/","title":{"rendered":"Split PDF &#8211; FR"},"content":{"rendered":"","protected":false},"excerpt":{"rendered":"","protected":false},"author":9,"featured_media":0,"parent":0,"menu_order":0,"comment_status":"closed","ping_status":"closed","template":"template\/split-pdf.php","meta":{"footnotes":""},"class_list":["post-8164","page","type-page","status-publish","hentry"],"yoast_head":"<!-- This site is optimized with the Yoast SEO plugin v24.5 - https:\/\/yoast.com\/wordpress\/plugins\/seo\/ -->\n<title>Divisez des fichiers PDF en ligne. Service gratuit pour diviser des fichiers PDF | iScanner<\/title>\n<meta name=\"description\" content=\"Divisez facilement vos fichiers PDF en ligne gr\u00e2ce \u00e0 iScanner. Service gratuit pour s\u00e9parer un PDF en plusieurs parties ou en 2. Rapide, s\u00e9curis\u00e9 et sans inscription. Essayez maintenant!\" \/>\n<meta name=\"robots\" content=\"index, follow, max-snippet:-1, max-image-preview:large, max-video-preview:-1\" \/>\n<link rel=\"canonical\" href=\"https:\/\/iscanner.com\/fr\/split-pdf\/\" \/>\n<meta property=\"og:locale\" content=\"fr_FR\" \/>\n<meta property=\"og:type\" content=\"article\" \/>\n<meta property=\"og:title\" content=\"Divisez des fichiers PDF en ligne. Service gratuit pour diviser des fichiers PDF | iScanner\" \/>\n<meta property=\"og:description\" content=\"Divisez facilement vos fichiers PDF en ligne gr\u00e2ce \u00e0 iScanner. Service gratuit pour s\u00e9parer un PDF en plusieurs parties ou en 2. Rapide, s\u00e9curis\u00e9 et sans inscription. Essayez maintenant!\" \/>\n<meta property=\"og:url\" content=\"https:\/\/iscanner.com\/fr\/split-pdf\/\" \/>\n<meta property=\"og:site_name\" content=\"iScanner\" \/>\n<meta name=\"twitter:card\" content=\"summary_large_image\" \/>\n<!-- \/ Yoast SEO plugin. -->","yoast_head_json":{"title":"Divisez des fichiers PDF en ligne. Service gratuit pour diviser des fichiers PDF | iScanner","description":"Divisez facilement vos fichiers PDF en ligne gr\u00e2ce \u00e0 iScanner. Service gratuit pour s\u00e9parer un PDF en plusieurs parties ou en 2. Rapide, s\u00e9curis\u00e9 et sans inscription. Essayez maintenant!","robots":{"index":"index","follow":"follow","max-snippet":"max-snippet:-1","max-image-preview":"max-image-preview:large","max-video-preview":"max-video-preview:-1"},"canonical":"https:\/\/iscanner.com\/fr\/split-pdf\/","og_locale":"fr_FR","og_type":"article","og_title":"Divisez des fichiers PDF en ligne. Service gratuit pour diviser des fichiers PDF | iScanner","og_description":"Divisez facilement vos fichiers PDF en ligne gr\u00e2ce \u00e0 iScanner. Service gratuit pour s\u00e9parer un PDF en plusieurs parties ou en 2. Rapide, s\u00e9curis\u00e9 et sans inscription. Essayez maintenant!","og_url":"https:\/\/iscanner.com\/fr\/split-pdf\/","og_site_name":"iScanner","twitter_card":"summary_large_image","schema":{"@context":"https:\/\/schema.org","@graph":[{"@type":"WebPage","@id":"https:\/\/iscanner.com\/fr\/split-pdf\/","url":"https:\/\/iscanner.com\/fr\/split-pdf\/","name":"Divisez des fichiers PDF en ligne. Service gratuit pour diviser des fichiers PDF | iScanner","isPartOf":{"@id":"https:\/\/iscanner.com\/fr\/#website"},"datePublished":"2025-07-24T09:29:53+00:00","description":"Divisez facilement vos fichiers PDF en ligne gr\u00e2ce \u00e0 iScanner. Service gratuit pour s\u00e9parer un PDF en plusieurs parties ou en 2. Rapide, s\u00e9curis\u00e9 et sans inscription. Essayez maintenant!","breadcrumb":{"@id":"https:\/\/iscanner.com\/fr\/split-pdf\/#breadcrumb"},"inLanguage":"fr-FR","potentialAction":[{"@type":"ReadAction","target":["https:\/\/iscanner.com\/fr\/split-pdf\/"]}]},{"@type":"BreadcrumbList","@id":"https:\/\/iscanner.com\/fr\/split-pdf\/#breadcrumb","itemListElement":[{"@type":"ListItem","position":1,"name":"Home","item":"https:\/\/iscanner.com\/fr\/"},{"@type":"ListItem","position":2,"name":"Split PDF &#8211; FR"}]},{"@type":"WebSite","@id":"https:\/\/iscanner.com\/fr\/#website","url":"https:\/\/iscanner.com\/fr\/","name":"iScanner","description":"Mobile Scanner App. Download for FREE (Android, iPhone)","potentialAction":[{"@type":"SearchAction","target":{"@type":"EntryPoint","urlTemplate":"https:\/\/iscanner.com\/fr\/?s={search_term_string}"},"query-input":{"@type":"PropertyValueSpecification","valueRequired":true,"valueName":"search_term_string"}}],"inLanguage":"fr-FR"},{"@type":"SoftwareApplication","name":"Iscanner","operatingSystem":"iOS, Android","applicationCategory":"Document converter","aggregateRating":{"@type":"AggregateRating","ratingValue":"4.5","ratingCount":"100"}},{"@type":"Service","provider":{"@id":"https:\/\/iscanner.com\/#organization"},"serviceType":"Split PDF &#8211; FR","description":"Divisez facilement vos fichiers PDF en ligne gr\u00e2ce \u00e0 iScanner. Service gratuit pour s\u00e9parer un PDF en plusieurs parties ou en 2. Rapide, s\u00e9curis\u00e9 et sans inscription. Essayez maintenant!"}]}},"uagb_featured_image_src":{"full":false,"thumbnail":false,"medium":false,"medium_large":false,"large":false,"1536x1536":false,"2048x2048":false,"trp-custom-language-flag":false},"uagb_author_info":{"display_name":"Pavel Zubarevich","author_link":"https:\/\/iscanner.com\/fr\/author\/pavel-zubarevich\/"},"uagb_comment_info":0,"uagb_excerpt":null,"_links":{"self":[{"href":"https:\/\/iscanner.com\/fr\/wp-json\/wp\/v2\/pages\/8164","targetHints":{"allow":["GET"]}}],"collection":[{"href":"https:\/\/iscanner.com\/fr\/wp-json\/wp\/v2\/pages"}],"about":[{"href":"https:\/\/iscanner.com\/fr\/wp-json\/wp\/v2\/types\/page"}],"author":[{"embeddable":true,"href":"https:\/\/iscanner.com\/fr\/wp-json\/wp\/v2\/users\/9"}],"replies":[{"embeddable":true,"href":"https:\/\/iscanner.com\/fr\/wp-json\/wp\/v2\/comments?post=8164"}],"version-history":[{"count":13,"href":"https:\/\/iscanner.com\/fr\/wp-json\/wp\/v2\/pages\/8164\/revisions"}],"predecessor-version":[{"id":8871,"href":"https:\/\/iscanner.com\/fr\/wp-json\/wp\/v2\/pages\/8164\/revisions\/8871"}],"wp:attachment":[{"href":"https:\/\/iscanner.com\/fr\/wp-json\/wp\/v2\/media?parent=8164"}],"curies":[{"name":"wp","href":"https:\/\/api.w.org\/{rel}","templated":true}]}}