{"id":8008,"date":"2025-05-14T12:50:55","date_gmt":"2025-05-14T12:50:55","guid":{"rendered":"https:\/\/iscanner.com\/?page_id=7913"},"modified":"2025-07-23T13:58:20","modified_gmt":"2025-07-23T13:58:20","slug":"pdf-black-and-white","status":"publish","type":"page","link":"https:\/\/iscanner.com\/fr\/pdf-black-and-white\/","title":{"rendered":"B&amp;W FR"},"content":{"rendered":"","protected":false},"excerpt":{"rendered":"","protected":false},"author":2,"featured_media":0,"parent":0,"menu_order":0,"comment_status":"closed","ping_status":"closed","template":"template\/pdf-tool.php","meta":{"footnotes":""},"class_list":["post-8008","page","type-page","status-publish","hentry"],"yoast_head":"<!-- This site is optimized with the Yoast SEO plugin v24.5 - https:\/\/yoast.com\/wordpress\/plugins\/seo\/ -->\n<title>Convertir le PDF en noir et blanc (niveaux de gris)<\/title>\n<meta name=\"description\" content=\"Convertissez gratuitement des PDF couleur en noir et blanc en ligne. T\u00e9l\u00e9chargez votre PDF et convertissez-le instantan\u00e9ment en niveaux de gris.\" \/>\n<meta name=\"robots\" content=\"index, follow, max-snippet:-1, max-image-preview:large, max-video-preview:-1\" \/>\n<link rel=\"canonical\" href=\"https:\/\/iscanner.com\/fr\/pdf-black-and-white\/\" \/>\n<meta property=\"og:locale\" content=\"fr_FR\" \/>\n<meta property=\"og:type\" content=\"article\" \/>\n<meta property=\"og:title\" content=\"Convertir le PDF en noir et blanc (niveaux de gris)\" \/>\n<meta property=\"og:description\" content=\"Convertissez gratuitement des PDF couleur en noir et blanc en ligne. T\u00e9l\u00e9chargez votre PDF et convertissez-le instantan\u00e9ment en niveaux de gris.\" \/>\n<meta property=\"og:url\" content=\"https:\/\/iscanner.com\/fr\/pdf-black-and-white\/\" \/>\n<meta property=\"og:site_name\" content=\"iScanner\" \/>\n<meta property=\"article:modified_time\" content=\"2025-07-23T13:58:20+00:00\" \/>\n<meta name=\"twitter:card\" content=\"summary_large_image\" \/>\n<!-- \/ Yoast SEO plugin. -->","yoast_head_json":{"title":"Convertir le PDF en noir et blanc (niveaux de gris)","description":"Convertissez gratuitement des PDF couleur en noir et blanc en ligne. T\u00e9l\u00e9chargez votre PDF et convertissez-le instantan\u00e9ment en niveaux de gris.","robots":{"index":"index","follow":"follow","max-snippet":"max-snippet:-1","max-image-preview":"max-image-preview:large","max-video-preview":"max-video-preview:-1"},"canonical":"https:\/\/iscanner.com\/fr\/pdf-black-and-white\/","og_locale":"fr_FR","og_type":"article","og_title":"Convertir le PDF en noir et blanc (niveaux de gris)","og_description":"Convertissez gratuitement des PDF couleur en noir et blanc en ligne. T\u00e9l\u00e9chargez votre PDF et convertissez-le instantan\u00e9ment en niveaux de gris.","og_url":"https:\/\/iscanner.com\/fr\/pdf-black-and-white\/","og_site_name":"iScanner","article_modified_time":"2025-07-23T13:58:20+00:00","twitter_card":"summary_large_image","schema":{"@context":"https:\/\/schema.org","@graph":[{"@type":"WebPage","@id":"https:\/\/iscanner.com\/fr\/pdf-black-and-white\/","url":"https:\/\/iscanner.com\/fr\/pdf-black-and-white\/","name":"Convertir le PDF en noir et blanc (niveaux de gris)","isPartOf":{"@id":"https:\/\/iscanner.com\/fr\/#website"},"datePublished":"2025-05-14T12:50:55+00:00","dateModified":"2025-07-23T13:58:20+00:00","description":"Convertissez gratuitement des PDF couleur en noir et blanc en ligne. T\u00e9l\u00e9chargez votre PDF et convertissez-le instantan\u00e9ment en niveaux de gris.","breadcrumb":{"@id":"https:\/\/iscanner.com\/fr\/pdf-black-and-white\/#breadcrumb"},"inLanguage":"fr-FR","potentialAction":[{"@type":"ReadAction","target":["https:\/\/iscanner.com\/fr\/pdf-black-and-white\/"]}]},{"@type":"BreadcrumbList","@id":"https:\/\/iscanner.com\/fr\/pdf-black-and-white\/#breadcrumb","itemListElement":[{"@type":"ListItem","position":1,"name":"Home","item":"https:\/\/iscanner.com\/fr\/"},{"@type":"ListItem","position":2,"name":"B&amp;W FR"}]},{"@type":"WebSite","@id":"https:\/\/iscanner.com\/fr\/#website","url":"https:\/\/iscanner.com\/fr\/","name":"iScanner","description":"Mobile Scanner App. Download for FREE (Android, iPhone)","potentialAction":[{"@type":"SearchAction","target":{"@type":"EntryPoint","urlTemplate":"https:\/\/iscanner.com\/fr\/?s={search_term_string}"},"query-input":{"@type":"PropertyValueSpecification","valueRequired":true,"valueName":"search_term_string"}}],"inLanguage":"fr-FR"},{"@type":"SoftwareApplication","name":"Iscanner","operatingSystem":"iOS, Android","applicationCategory":"Document converter","aggregateRating":{"@type":"AggregateRating","ratingValue":"4.5","ratingCount":"100"}},{"@type":"Service","provider":{"@id":"https:\/\/iscanner.com\/#organization"},"serviceType":"B&amp;W FR","description":"Convertissez gratuitement des PDF couleur en noir et blanc en ligne. T\u00e9l\u00e9chargez votre PDF et convertissez-le instantan\u00e9ment en niveaux de gris."}]}},"uagb_featured_image_src":{"full":false,"thumbnail":false,"medium":false,"medium_large":false,"large":false,"1536x1536":false,"2048x2048":false,"trp-custom-language-flag":false},"uagb_author_info":{"display_name":"Maxim Miroshnik","author_link":"https:\/\/iscanner.com\/fr\/author\/max-miroshnik\/"},"uagb_comment_info":0,"uagb_excerpt":null,"_links":{"self":[{"href":"https:\/\/iscanner.com\/fr\/wp-json\/wp\/v2\/pages\/8008","targetHints":{"allow":["GET"]}}],"collection":[{"href":"https:\/\/iscanner.com\/fr\/wp-json\/wp\/v2\/pages"}],"about":[{"href":"https:\/\/iscanner.com\/fr\/wp-json\/wp\/v2\/types\/page"}],"author":[{"embeddable":true,"href":"https:\/\/iscanner.com\/fr\/wp-json\/wp\/v2\/users\/2"}],"replies":[{"embeddable":true,"href":"https:\/\/iscanner.com\/fr\/wp-json\/wp\/v2\/comments?post=8008"}],"version-history":[{"count":10,"href":"https:\/\/iscanner.com\/fr\/wp-json\/wp\/v2\/pages\/8008\/revisions"}],"predecessor-version":[{"id":9043,"href":"https:\/\/iscanner.com\/fr\/wp-json\/wp\/v2\/pages\/8008\/revisions\/9043"}],"wp:attachment":[{"href":"https:\/\/iscanner.com\/fr\/wp-json\/wp\/v2\/media?parent=8008"}],"curies":[{"name":"wp","href":"https:\/\/api.w.org\/{rel}","templated":true}]}}