{"id":9390,"date":"2025-09-10T13:27:46","date_gmt":"2025-09-10T13:27:46","guid":{"rendered":"https:\/\/iscanner.com\/?page_id=9345"},"modified":"2025-09-26T11:48:28","modified_gmt":"2025-09-26T11:48:28","slug":"extract-pdf","status":"publish","type":"page","link":"https:\/\/iscanner.com\/es\/extract-pdf\/","title":{"rendered":"Extract ES"},"content":{"rendered":"","protected":false},"excerpt":{"rendered":"","protected":false},"author":17,"featured_media":0,"parent":0,"menu_order":0,"comment_status":"closed","ping_status":"closed","template":"template\/split-pdf.php","meta":{"footnotes":""},"class_list":["post-9390","page","type-page","status-publish","hentry"],"yoast_head":"<!-- This site is optimized with the Yoast SEO plugin v24.5 - https:\/\/yoast.com\/wordpress\/plugins\/seo\/ -->\n<title>Extraer p\u00e1ginas PDF | r\u00e1pido, gratis, en l\u00ednea<\/title>\n<meta name=\"description\" content=\"Extraer p\u00e1ginas de PDF gratis. Selecciona uno o varios archivos, elige las p\u00e1ginas que necesites y gu\u00e1rdalas como un nuevo PDF u otro formato.\" \/>\n<meta name=\"robots\" content=\"index, follow, max-snippet:-1, max-image-preview:large, max-video-preview:-1\" \/>\n<link rel=\"canonical\" href=\"https:\/\/iscanner.com\/es\/extract-pdf\/\" \/>\n<meta property=\"og:locale\" content=\"es_ES\" \/>\n<meta property=\"og:type\" content=\"article\" \/>\n<meta property=\"og:title\" content=\"Extraer p\u00e1ginas PDF | r\u00e1pido, gratis, en l\u00ednea\" \/>\n<meta property=\"og:description\" content=\"Extraer p\u00e1ginas de PDF gratis. Selecciona uno o varios archivos, elige las p\u00e1ginas que necesites y gu\u00e1rdalas como un nuevo PDF u otro formato.\" \/>\n<meta property=\"og:url\" content=\"https:\/\/iscanner.com\/es\/extract-pdf\/\" \/>\n<meta property=\"og:site_name\" content=\"iScanner\" \/>\n<meta property=\"article:modified_time\" content=\"2025-09-26T11:48:28+00:00\" \/>\n<meta name=\"twitter:card\" content=\"summary_large_image\" \/>\n<!-- \/ Yoast SEO plugin. -->","yoast_head_json":{"title":"Extraer p\u00e1ginas PDF | r\u00e1pido, gratis, en l\u00ednea","description":"Extraer p\u00e1ginas de PDF gratis. Selecciona uno o varios archivos, elige las p\u00e1ginas que necesites y gu\u00e1rdalas como un nuevo PDF u otro formato.","robots":{"index":"index","follow":"follow","max-snippet":"max-snippet:-1","max-image-preview":"max-image-preview:large","max-video-preview":"max-video-preview:-1"},"canonical":"https:\/\/iscanner.com\/es\/extract-pdf\/","og_locale":"es_ES","og_type":"article","og_title":"Extraer p\u00e1ginas PDF | r\u00e1pido, gratis, en l\u00ednea","og_description":"Extraer p\u00e1ginas de PDF gratis. Selecciona uno o varios archivos, elige las p\u00e1ginas que necesites y gu\u00e1rdalas como un nuevo PDF u otro formato.","og_url":"https:\/\/iscanner.com\/es\/extract-pdf\/","og_site_name":"iScanner","article_modified_time":"2025-09-26T11:48:28+00:00","twitter_card":"summary_large_image","schema":{"@context":"https:\/\/schema.org","@graph":[{"@type":"WebPage","@id":"https:\/\/iscanner.com\/es\/extract-pdf\/","url":"https:\/\/iscanner.com\/es\/extract-pdf\/","name":"Extraer p\u00e1ginas PDF | r\u00e1pido, gratis, en l\u00ednea","isPartOf":{"@id":"https:\/\/iscanner.com\/es\/#website"},"datePublished":"2025-09-10T13:27:46+00:00","dateModified":"2025-09-26T11:48:28+00:00","description":"Extraer p\u00e1ginas de PDF gratis. Selecciona uno o varios archivos, elige las p\u00e1ginas que necesites y gu\u00e1rdalas como un nuevo PDF u otro formato.","breadcrumb":{"@id":"https:\/\/iscanner.com\/es\/extract-pdf\/#breadcrumb"},"inLanguage":"es","potentialAction":[{"@type":"ReadAction","target":["https:\/\/iscanner.com\/es\/extract-pdf\/"]}]},{"@type":"BreadcrumbList","@id":"https:\/\/iscanner.com\/es\/extract-pdf\/#breadcrumb","itemListElement":[{"@type":"ListItem","position":1,"name":"Home","item":"https:\/\/iscanner.com\/es\/"},{"@type":"ListItem","position":2,"name":"Extract ES"}]},{"@type":"WebSite","@id":"https:\/\/iscanner.com\/es\/#website","url":"https:\/\/iscanner.com\/es\/","name":"iScanner","description":"Mobile Scanner App. Download for FREE (Android, iPhone)","potentialAction":[{"@type":"SearchAction","target":{"@type":"EntryPoint","urlTemplate":"https:\/\/iscanner.com\/es\/?s={search_term_string}"},"query-input":{"@type":"PropertyValueSpecification","valueRequired":true,"valueName":"search_term_string"}}],"inLanguage":"es"},{"@type":"SoftwareApplication","name":"Iscanner","operatingSystem":"iOS, Android","applicationCategory":"Document converter","aggregateRating":{"@type":"AggregateRating","ratingValue":"4.5","ratingCount":"100"}},{"@type":"Service","provider":{"@id":"https:\/\/iscanner.com\/#organization"},"serviceType":"Extract ES","description":"Extraer p\u00e1ginas de PDF gratis. Selecciona uno o varios archivos, elige las p\u00e1ginas que necesites y gu\u00e1rdalas como un nuevo PDF u otro formato."}]}},"uagb_featured_image_src":{"full":false,"thumbnail":false,"medium":false,"medium_large":false,"large":false,"1536x1536":false,"2048x2048":false,"trp-custom-language-flag":false},"uagb_author_info":{"display_name":"Vladimir Shamsheev","author_link":"https:\/\/iscanner.com\/es\/author\/vladimir-shamsheev\/"},"uagb_comment_info":0,"uagb_excerpt":null,"_links":{"self":[{"href":"https:\/\/iscanner.com\/es\/wp-json\/wp\/v2\/pages\/9390","targetHints":{"allow":["GET"]}}],"collection":[{"href":"https:\/\/iscanner.com\/es\/wp-json\/wp\/v2\/pages"}],"about":[{"href":"https:\/\/iscanner.com\/es\/wp-json\/wp\/v2\/types\/page"}],"author":[{"embeddable":true,"href":"https:\/\/iscanner.com\/es\/wp-json\/wp\/v2\/users\/17"}],"replies":[{"embeddable":true,"href":"https:\/\/iscanner.com\/es\/wp-json\/wp\/v2\/comments?post=9390"}],"version-history":[{"count":2,"href":"https:\/\/iscanner.com\/es\/wp-json\/wp\/v2\/pages\/9390\/revisions"}],"predecessor-version":[{"id":9398,"href":"https:\/\/iscanner.com\/es\/wp-json\/wp\/v2\/pages\/9390\/revisions\/9398"}],"wp:attachment":[{"href":"https:\/\/iscanner.com\/es\/wp-json\/wp\/v2\/media?parent=9390"}],"curies":[{"name":"wp","href":"https:\/\/api.w.org\/{rel}","templated":true}]}}