{"id":7885,"date":"2025-06-30T13:09:18","date_gmt":"2025-06-30T13:09:18","guid":{"rendered":"https:\/\/iscanner.com\/?page_id=7885"},"modified":"2025-12-08T07:01:22","modified_gmt":"2025-12-08T07:01:22","slug":"for-media","status":"publish","type":"page","link":"https:\/\/iscanner.com\/es\/for-media\/","title":{"rendered":"Para los medios"},"content":{"rendered":"<h2 class=\"wp-block-heading\">Acerca de iScanner<\/h2>\n\n\n\n<p>iScanner es una aplicaci\u00f3n galardonada de escaneo y gesti\u00f3n de documentos impulsada por IA con m\u00e1s de 125 millones de descargas, disponible en iOS, Android y la Web.<br><br>La aplicaci\u00f3n permite a los usuarios convertir escaneos a varios formatos, editar y firmar documentos, y convertir cualquier imagen en archivos editables y con texto reconocible. Pionera en escaneo con IA, iScanner ofrece funciones innovadoras impulsadas por IA como eliminar dedos de im\u00e1genes, desenfocar, mejorar documentos para ofrecer escaneos de alta calidad, OCR robusto, b\u00fasqueda inteligente y m\u00e1s.<br><br>En iScanner, la privacidad del usuario y la seguridad de los datos son nuestras principales prioridades. Los documentos se almacenan localmente por defecto, y no se sincronizan en la nube sin tu consentimiento. Nuestras pol\u00edticas de privacidad s\u00f3lidas, las funciones dedicadas como Face ID, la carpeta Caja Fuerte, el cierre de sesi\u00f3n remoto y el cumplimiento total con GDPR\/CCPA garantizan que los datos de los usuarios permanezcan protegidos.<br><br>iScanner ayuda a construir un planeta m\u00e1s ecol\u00f3gico con su ecofunci\u00f3n \u00fanica y primera en el mercado que convierte cada documento exportado en parte de un \u00e1rbol salvado. Millones de personas est\u00e1n ahorrando papel y siguiendo su impacto ambiental gracias a este programa.<\/p>\n\n\n\n<figure class=\"wp-block-image size-large media-page-image\"><img loading=\"lazy\" decoding=\"async\" width=\"1024\" height=\"681\" src=\"https:\/\/iscanner.com\/wp-content\/uploads\/2024\/10\/our-team-1024x681-1.jpeg\" alt=\"\" class=\"wp-image-6226\" srcset=\"https:\/\/iscanner.com\/wp-content\/uploads\/2024\/10\/our-team-1024x681-1.jpeg 1024w, https:\/\/iscanner.com\/wp-content\/uploads\/2024\/10\/our-team-1024x681-1-300x200.jpeg 300w, https:\/\/iscanner.com\/wp-content\/uploads\/2024\/10\/our-team-1024x681-1-768x511.jpeg 768w\" sizes=\"auto, (max-width: 1024px) 100vw, 1024px\" \/><\/figure>\n\n\n\n<h2 class=\"wp-block-heading\">Sobre el equipo de iScanner<\/h2>\n\n\n\n<p>iScanner fue creada por un equipo de profesionales de Estados Unidos con un gran deseo de facilitar y mejorar la vida de las personas. Estuvimos trabajando en la app desde 2015 y no escatimamos esfuerzos para seguir las \u00faltimas tendencias y brindarles a nuestros usuarios la mejor experiencia posible.<\/p>\n\n\n\n<p>Desarrollamos iScanner con la esperanza de que permita implementar procesos sin papel, aumentar la movilidad, ahorrar tiempo, eliminar la necesidad de ir a la oficina a firmar un documento o el uso del correo postal y del fax.<\/p>\n\n\n\n<section class=\"wp-block-group media-page-over-years\"><div class=\"wp-block-group__inner-container is-layout-constrained wp-block-group-is-layout-constrained\">\n<h2 class=\"wp-block-heading\">10 a\u00f1os de iScanner<\/h2>\n\n\n\n<h3 class=\"wp-block-heading\">Celebramos 10 a\u00f1os de escaneo confiable de documentos.<\/h3>\n\n\n\n<div class=\"wp-block-group media-page-over-years__list is-vertical is-layout-flex wp-container-core-group-is-layout-8cf370e7 wp-block-group-is-layout-flex\">\n<div class=\"wp-block-group is-nowrap is-layout-flex wp-container-core-group-is-layout-ad2f72ca wp-block-group-is-layout-flex\">\n<figure class=\"wp-block-image size-full\"><img loading=\"lazy\" decoding=\"async\" width=\"294\" height=\"290\" src=\"https:\/\/iscanner.com\/wp-content\/uploads\/2025\/12\/media-history-1.png\" alt=\"\" class=\"wp-image-9601\" srcset=\"https:\/\/iscanner.com\/wp-content\/uploads\/2025\/12\/media-history-1.png 294w, https:\/\/iscanner.com\/wp-content\/uploads\/2025\/12\/media-history-1-12x12.png 12w\" sizes=\"auto, (max-width: 294px) 100vw, 294px\" \/><\/figure>\n\n\n\n<div class=\"wp-block-group is-vertical is-layout-flex wp-container-core-group-is-layout-8cf370e7 wp-block-group-is-layout-flex\">\n<h4 class=\"wp-block-heading\">Lanzamiento de la app en iOS<\/h4>\n\n\n\n<p>El equipo de BP Mobile vio una tendencia emergente en el escaneo m\u00f3vil y cre\u00f3 una aplicaci\u00f3n de esc\u00e1ner que convert\u00eda fotos de tel\u00e9fono en PDF de alta calidad. Era r\u00e1pida, simple y los usuarios la adoraron desde el primer d\u00eda.<\/p>\n<\/div>\n<\/div>\n\n\n\n<div class=\"wp-block-group is-content-justification-left is-nowrap is-layout-flex wp-container-core-group-is-layout-f56a869c wp-block-group-is-layout-flex\">\n<figure class=\"wp-block-image size-full\"><img loading=\"lazy\" decoding=\"async\" width=\"294\" height=\"290\" src=\"https:\/\/iscanner.com\/wp-content\/uploads\/2025\/12\/media-history-2.png\" alt=\"\" class=\"wp-image-9602\" srcset=\"https:\/\/iscanner.com\/wp-content\/uploads\/2025\/12\/media-history-2.png 294w, https:\/\/iscanner.com\/wp-content\/uploads\/2025\/12\/media-history-2-12x12.png 12w\" sizes=\"auto, (max-width: 294px) 100vw, 294px\" \/><\/figure>\n\n\n\n<div class=\"wp-block-group is-vertical is-layout-flex wp-container-core-group-is-layout-8cf370e7 wp-block-group-is-layout-flex\">\n<h4 class=\"wp-block-heading\">iScanner lanzado en Android<\/h4>\n\n\n\n<p>Despu\u00e9s del \u00e9xito en iOS, iScanner lleg\u00f3 a Android, con los mismos escaneos de alta calidad y a\u00fan m\u00e1s herramientas gratuitas para ayudar a las personas a escanear, guardar y compartir documentos f\u00e1cilmente.<\/p>\n<\/div>\n<\/div>\n\n\n\n<div class=\"wp-block-group is-nowrap is-layout-flex wp-container-core-group-is-layout-ad2f72ca wp-block-group-is-layout-flex\">\n<figure class=\"wp-block-image size-full\"><img loading=\"lazy\" decoding=\"async\" width=\"294\" height=\"290\" src=\"https:\/\/iscanner.com\/wp-content\/uploads\/2025\/12\/media-history-3.png\" alt=\"\" class=\"wp-image-9603\" srcset=\"https:\/\/iscanner.com\/wp-content\/uploads\/2025\/12\/media-history-3.png 294w, https:\/\/iscanner.com\/wp-content\/uploads\/2025\/12\/media-history-3-12x12.png 12w\" sizes=\"auto, (max-width: 294px) 100vw, 294px\" \/><\/figure>\n\n\n\n<div class=\"wp-block-group is-vertical is-layout-flex wp-container-core-group-is-layout-8cf370e7 wp-block-group-is-layout-flex\">\n<h4 class=\"wp-block-heading\">Alcanz\u00f3 10M de descargas en todo el mundo<\/h4>\n\n\n\n<p>Un hito clave. iScanner creci\u00f3 hasta convertirse en una aplicaci\u00f3n de esc\u00e1ner global con versiones localizadas y comenz\u00f3 a evolucionar hacia una aplicaci\u00f3n de ciclo completo de documentos dise\u00f1ada para las tareas cotidianas.<\/p>\n<\/div>\n<\/div>\n\n\n\n<div class=\"wp-block-group is-nowrap is-layout-flex wp-container-core-group-is-layout-ad2f72ca wp-block-group-is-layout-flex\">\n<figure class=\"wp-block-image size-full\"><img loading=\"lazy\" decoding=\"async\" width=\"294\" height=\"290\" src=\"https:\/\/iscanner.com\/wp-content\/uploads\/2025\/12\/media-history-4.png\" alt=\"\" class=\"wp-image-9604\" srcset=\"https:\/\/iscanner.com\/wp-content\/uploads\/2025\/12\/media-history-4.png 294w, https:\/\/iscanner.com\/wp-content\/uploads\/2025\/12\/media-history-4-12x12.png 12w\" sizes=\"auto, (max-width: 294px) 100vw, 294px\" \/><\/figure>\n\n\n\n<div class=\"wp-block-group is-vertical is-layout-flex wp-container-core-group-is-layout-8cf370e7 wp-block-group-is-layout-flex\">\n<h4 class=\"wp-block-heading\">La funci\u00f3n Firmar PDF se convierte en la herramienta m\u00e1s usada<\/h4>\n\n\n\n<p>Los usuarios dec\u00edan que quer\u00edan m\u00e1s funciones adem\u00e1s del escaneo, as\u00ed que agregamos Firmar PDF. Esto convirti\u00f3 la aplicaci\u00f3n en m\u00e1s que un esc\u00e1ner: ahora es un conjunto de herramientas de documentos con editor de PDF y funciones de firma.<\/p>\n<\/div>\n<\/div>\n\n\n\n<div class=\"wp-block-group is-nowrap is-layout-flex wp-container-core-group-is-layout-ad2f72ca wp-block-group-is-layout-flex\">\n<figure class=\"wp-block-image size-full\"><img loading=\"lazy\" decoding=\"async\" width=\"294\" height=\"290\" src=\"https:\/\/iscanner.com\/wp-content\/uploads\/2025\/12\/media-history-5.png\" alt=\"\" class=\"wp-image-9605\" srcset=\"https:\/\/iscanner.com\/wp-content\/uploads\/2025\/12\/media-history-5.png 294w, https:\/\/iscanner.com\/wp-content\/uploads\/2025\/12\/media-history-5-12x12.png 12w\" sizes=\"auto, (max-width: 294px) 100vw, 294px\" \/><\/figure>\n\n\n\n<div class=\"wp-block-group is-vertical is-layout-flex wp-container-core-group-is-layout-8cf370e7 wp-block-group-is-layout-flex\">\n<h4 class=\"wp-block-heading\">Lanzamiento de detecci\u00f3n de bordes con IA y correcci\u00f3n de perspectiva<\/h4>\n\n\n\n<p>Para mejorar la calidad del escaneo, iScanner introdujo la detecci\u00f3n de bordes con IA y la correcci\u00f3n de distorsi\u00f3n de perspectiva. Estas herramientas hicieron que los documentos escaneados fueran m\u00e1s claros y precisos.<\/p>\n<\/div>\n<\/div>\n\n\n\n<div class=\"wp-block-group is-nowrap is-layout-flex wp-container-core-group-is-layout-ad2f72ca wp-block-group-is-layout-flex\">\n<figure class=\"wp-block-image size-full\"><img loading=\"lazy\" decoding=\"async\" width=\"294\" height=\"290\" src=\"https:\/\/iscanner.com\/wp-content\/uploads\/2025\/12\/media-history-6.png\" alt=\"\" class=\"wp-image-9606\" srcset=\"https:\/\/iscanner.com\/wp-content\/uploads\/2025\/12\/media-history-6.png 294w, https:\/\/iscanner.com\/wp-content\/uploads\/2025\/12\/media-history-6-12x12.png 12w\" sizes=\"auto, (max-width: 294px) 100vw, 294px\" \/><\/figure>\n\n\n\n<div class=\"wp-block-group is-vertical is-layout-flex wp-container-core-group-is-layout-8cf370e7 wp-block-group-is-layout-flex\">\n<h4 class=\"wp-block-heading\">App de esc\u00e1ner N\u00b0 1 en la App Store de EE. UU.<\/h4>\n\n\n\n<p>Durante el cambio al trabajo remoto, iScanner se convirti\u00f3 en una herramienta confiable. Encabez\u00f3 las listas de EE. UU. para aplicaciones de escaneo tanto en descargas como en ingresos, manteniendo el puesto durante 4 a\u00f1os.<\/p>\n<\/div>\n<\/div>\n\n\n\n<div class=\"wp-block-group is-nowrap is-layout-flex wp-container-core-group-is-layout-ad2f72ca wp-block-group-is-layout-flex\">\n<figure class=\"wp-block-image size-full\"><img loading=\"lazy\" decoding=\"async\" width=\"294\" height=\"290\" src=\"https:\/\/iscanner.com\/wp-content\/uploads\/2025\/12\/media-history-7.png\" alt=\"\" class=\"wp-image-9607\" srcset=\"https:\/\/iscanner.com\/wp-content\/uploads\/2025\/12\/media-history-7.png 294w, https:\/\/iscanner.com\/wp-content\/uploads\/2025\/12\/media-history-7-12x12.png 12w\" sizes=\"auto, (max-width: 294px) 100vw, 294px\" \/><\/figure>\n\n\n\n<div class=\"wp-block-group is-vertical is-layout-flex wp-container-core-group-is-layout-8cf370e7 wp-block-group-is-layout-flex\">\n<h4 class=\"wp-block-heading\">Contar objetos con c\u00e1mara se convirti\u00f3 en herramienta viral<\/h4>\n\n\n\n<p>Las peque\u00f1as empresas adoraron la herramienta Contar objetos con la c\u00e1mara. Se volvi\u00f3 viral r\u00e1pidamente y abri\u00f3 una nueva categor\u00eda en escaneo que permit\u00eda automatizar el inventario y el seguimiento con la IA.<\/p>\n<\/div>\n<\/div>\n\n\n\n<div class=\"wp-block-group is-nowrap is-layout-flex wp-container-core-group-is-layout-ad2f72ca wp-block-group-is-layout-flex\">\n<figure class=\"wp-block-image size-full\"><img loading=\"lazy\" decoding=\"async\" width=\"294\" height=\"290\" src=\"https:\/\/iscanner.com\/wp-content\/uploads\/2025\/12\/media-history-8.png\" alt=\"\" class=\"wp-image-9608\" srcset=\"https:\/\/iscanner.com\/wp-content\/uploads\/2025\/12\/media-history-8.png 294w, https:\/\/iscanner.com\/wp-content\/uploads\/2025\/12\/media-history-8-12x12.png 12w\" sizes=\"auto, (max-width: 294px) 100vw, 294px\" \/><\/figure>\n\n\n\n<div class=\"wp-block-group is-vertical is-layout-flex wp-container-core-group-is-layout-8cf370e7 wp-block-group-is-layout-flex\">\n<h4 class=\"wp-block-heading\">Lanzamiento de enderezamiento de imagen y borrado de dedos con IA<\/h4>\n\n\n\n<p>Para ofrecer a todos documentos de calidad profesional sin esfuerzo, iScanner lanz\u00f3 su propio algoritmo de enderezamiento y borrado de dedos con IA. Las distorsiones e inclinaciones se corrigieron para siempre.<\/p>\n<\/div>\n<\/div>\n\n\n\n<div class=\"wp-block-group is-nowrap is-layout-flex wp-container-core-group-is-layout-ad2f72ca wp-block-group-is-layout-flex\">\n<figure class=\"wp-block-image size-full\"><img loading=\"lazy\" decoding=\"async\" width=\"294\" height=\"290\" src=\"https:\/\/iscanner.com\/wp-content\/uploads\/2025\/12\/media-history-9.png\" alt=\"\" class=\"wp-image-9609\" srcset=\"https:\/\/iscanner.com\/wp-content\/uploads\/2025\/12\/media-history-9.png 294w, https:\/\/iscanner.com\/wp-content\/uploads\/2025\/12\/media-history-9-12x12.png 12w\" sizes=\"auto, (max-width: 294px) 100vw, 294px\" \/><\/figure>\n\n\n\n<div class=\"wp-block-group is-vertical is-layout-flex wp-container-core-group-is-layout-8cf370e7 wp-block-group-is-layout-flex\">\n<h4 class=\"wp-block-heading\">Gan\u00f3 el premio Webby People&#8217;s Voice y esc\u00e1ner m\u00e1s seguro para Android<\/h4>\n\n\n\n<p>El reconocimiento vino tanto de expertos como de usuarios: el Premio Webby, el Lovie Gold y Pradeo Security la nombr\u00f3 como la aplicaci\u00f3n de esc\u00e1ner m\u00e1s segura para Android. La confianza y la privacidad nos importan.<\/p>\n<\/div>\n<\/div>\n\n\n\n<div class=\"wp-block-group is-nowrap is-layout-flex wp-container-core-group-is-layout-ad2f72ca wp-block-group-is-layout-flex\">\n<figure class=\"wp-block-image size-full\"><img loading=\"lazy\" decoding=\"async\" width=\"294\" height=\"290\" src=\"https:\/\/iscanner.com\/wp-content\/uploads\/2025\/12\/media-history-10.png\" alt=\"\" class=\"wp-image-9610\" srcset=\"https:\/\/iscanner.com\/wp-content\/uploads\/2025\/12\/media-history-10.png 294w, https:\/\/iscanner.com\/wp-content\/uploads\/2025\/12\/media-history-10-12x12.png 12w\" sizes=\"auto, (max-width: 294px) 100vw, 294px\" \/><\/figure>\n\n\n\n<div class=\"wp-block-group is-vertical is-layout-flex wp-container-core-group-is-layout-8cf370e7 wp-block-group-is-layout-flex\">\n<h4 class=\"wp-block-heading\">Lanzamiento del programa de Ecologros dentro de la app<\/h4>\n\n\n\n<p>iScanner siempre ha contribu\u00eddo a reducir el uso de papel. Ahora, el nuevo programa de ecologros permite a los usuarios hacer un seguimiento de su impacto, salvar \u00e1rboles y apoyar los esfuerzos de transformaci\u00f3n digital.<\/p>\n<\/div>\n<\/div>\n\n\n\n<div class=\"wp-block-group is-nowrap is-layout-flex wp-container-core-group-is-layout-ad2f72ca wp-block-group-is-layout-flex\">\n<figure class=\"wp-block-image size-full\"><img loading=\"lazy\" decoding=\"async\" width=\"294\" height=\"290\" src=\"https:\/\/iscanner.com\/wp-content\/uploads\/2025\/12\/media-history-11.png\" alt=\"\" class=\"wp-image-9611\" srcset=\"https:\/\/iscanner.com\/wp-content\/uploads\/2025\/12\/media-history-11.png 294w, https:\/\/iscanner.com\/wp-content\/uploads\/2025\/12\/media-history-11-12x12.png 12w\" sizes=\"auto, (max-width: 294px) 100vw, 294px\" \/><\/figure>\n\n\n\n<div class=\"wp-block-group is-vertical is-layout-flex wp-container-core-group-is-layout-8cf370e7 wp-block-group-is-layout-flex\">\n<h4 class=\"wp-block-heading\">Nos expandimos hasta llegar a ser una plataforma de gesti\u00f3n de documentos completa entre dispositivos<\/h4>\n\n\n\n<p>Hoy, iScanner contin\u00faa cumpliendo su misi\u00f3n y combina simplicidad, privacidad y herramientas de IA con una potente edici\u00f3n de PDF. Somo una aplicaci\u00f3n de esc\u00e1ner reimaginada como un centro inteligente de gesti\u00f3n de documentos.<\/p>\n<\/div>\n<\/div>\n<\/div>\n<\/div><\/section>\n\n\n\n<p><\/p>","protected":false},"excerpt":{"rendered":"<p>Acerca de iScanner iScanner es una aplicaci\u00f3n galardonada de escaneo y gesti\u00f3n de documentos impulsada por IA con m\u00e1s de 125 millones de descargas, disponible en iOS, Android y la Web. La aplicaci\u00f3n permite a los usuarios convertir escaneos a varios formatos, editar y firmar documentos, y convertir cualquier imagen en archivos editables y con [&hellip;]<\/p>","protected":false},"author":9,"featured_media":0,"parent":0,"menu_order":0,"comment_status":"closed","ping_status":"closed","template":"template\/media.php","meta":{"footnotes":""},"class_list":["post-7885","page","type-page","status-publish","hentry"],"yoast_head":"<!-- This site is optimized with the Yoast SEO plugin v24.5 - https:\/\/yoast.com\/wordpress\/plugins\/seo\/ -->\n<title>iScanner - Material de prensa y contactos para los medios<\/title>\n<meta name=\"description\" content=\"En iScanner, gestionamos cuidadosamente todas las preguntas de los medios. Descarga nuestro material de prensa o escr\u00edbenos a pr@iscanner.com.\" \/>\n<meta name=\"robots\" content=\"index, follow, max-snippet:-1, max-image-preview:large, max-video-preview:-1\" \/>\n<link rel=\"canonical\" href=\"https:\/\/iscanner.com\/es\/for-media\/\" \/>\n<meta property=\"og:locale\" content=\"es_ES\" \/>\n<meta property=\"og:type\" content=\"article\" \/>\n<meta property=\"og:title\" content=\"iScanner - Press Kit &amp; Contacts for Media\" \/>\n<meta property=\"og:description\" content=\"We in iScanner carefully do with all media inquiries. Download our press kit or feel free to write to us at pr@iscanner.com.\" \/>\n<meta property=\"og:url\" content=\"https:\/\/iscanner.com\/es\/for-media\/\" \/>\n<meta property=\"og:site_name\" content=\"iScanner\" \/>\n<meta property=\"article:modified_time\" content=\"2025-12-08T07:01:22+00:00\" \/>\n<meta property=\"og:image\" content=\"https:\/\/iscanner.com\/wp-content\/uploads\/2024\/10\/our-team-1024x681-1.jpeg\" \/>\n\t<meta property=\"og:image:width\" content=\"1024\" \/>\n\t<meta property=\"og:image:height\" content=\"681\" \/>\n\t<meta property=\"og:image:type\" content=\"image\/jpeg\" \/>\n<meta name=\"twitter:card\" content=\"summary_large_image\" \/>\n<meta name=\"twitter:title\" content=\"iScanner - Press Kit &amp; Contacts for Media\" \/>\n<meta name=\"twitter:description\" content=\"We in iScanner carefully do with all media inquiries. Download our press kit or feel free to write to us at pr@iscanner.com.\" \/>\n<meta name=\"twitter:label1\" content=\"Tiempo de lectura\" \/>\n\t<meta name=\"twitter:data1\" content=\"4 minutos\" \/>\n<!-- \/ Yoast SEO plugin. -->","yoast_head_json":{"title":"iScanner - Material de prensa y contactos para los medios","description":"En iScanner, gestionamos cuidadosamente todas las preguntas de los medios. Descarga nuestro material de prensa o escr\u00edbenos a pr@iscanner.com.","robots":{"index":"index","follow":"follow","max-snippet":"max-snippet:-1","max-image-preview":"max-image-preview:large","max-video-preview":"max-video-preview:-1"},"canonical":"https:\/\/iscanner.com\/es\/for-media\/","og_locale":"es_ES","og_type":"article","og_title":"iScanner - Press Kit & Contacts for Media","og_description":"We in iScanner carefully do with all media inquiries. Download our press kit or feel free to write to us at pr@iscanner.com.","og_url":"https:\/\/iscanner.com\/es\/for-media\/","og_site_name":"iScanner","article_modified_time":"2025-12-08T07:01:22+00:00","og_image":[{"width":1024,"height":681,"url":"https:\/\/iscanner.com\/wp-content\/uploads\/2024\/10\/our-team-1024x681-1.jpeg","type":"image\/jpeg"}],"twitter_card":"summary_large_image","twitter_title":"iScanner - Press Kit & Contacts for Media","twitter_description":"We in iScanner carefully do with all media inquiries. Download our press kit or feel free to write to us at pr@iscanner.com.","twitter_misc":{"Tiempo de lectura":"4 minutos"},"schema":{"@context":"https:\/\/schema.org","@graph":[{"@type":"WebPage","@id":"https:\/\/iscanner.com\/es\/for-media\/","url":"https:\/\/iscanner.com\/es\/for-media\/","name":"iScanner - Material de prensa y contactos para los medios","isPartOf":{"@id":"https:\/\/iscanner.com\/es\/#website"},"primaryImageOfPage":{"@id":"https:\/\/iscanner.com\/es\/for-media\/#primaryimage"},"image":{"@id":"https:\/\/iscanner.com\/es\/for-media\/#primaryimage"},"thumbnailUrl":"https:\/\/iscanner.com\/wp-content\/uploads\/2024\/10\/our-team-1024x681-1.jpeg","datePublished":"2025-06-30T13:09:18+00:00","dateModified":"2025-12-08T07:01:22+00:00","description":"En iScanner, gestionamos cuidadosamente todas las preguntas de los medios. Descarga nuestro material de prensa o escr\u00edbenos a pr@iscanner.com.","breadcrumb":{"@id":"https:\/\/iscanner.com\/es\/for-media\/#breadcrumb"},"inLanguage":"es","potentialAction":[{"@type":"ReadAction","target":["https:\/\/iscanner.com\/es\/for-media\/"]}]},{"@type":"ImageObject","inLanguage":"es","@id":"https:\/\/iscanner.com\/es\/for-media\/#primaryimage","url":"https:\/\/iscanner.com\/wp-content\/uploads\/2024\/10\/our-team-1024x681-1.jpeg","contentUrl":"https:\/\/iscanner.com\/wp-content\/uploads\/2024\/10\/our-team-1024x681-1.jpeg"},{"@type":"BreadcrumbList","@id":"https:\/\/iscanner.com\/es\/for-media\/#breadcrumb","itemListElement":[{"@type":"ListItem","position":1,"name":"Home","item":"https:\/\/iscanner.com\/es\/"},{"@type":"ListItem","position":2,"name":"Para los medios"}]},{"@type":"WebSite","@id":"https:\/\/iscanner.com\/es\/#website","url":"https:\/\/iscanner.com\/es\/","name":"iScanner","description":"Mobile Scanner App. Download for FREE (Android, iPhone)","potentialAction":[{"@type":"SearchAction","target":{"@type":"EntryPoint","urlTemplate":"https:\/\/iscanner.com\/es\/?s={search_term_string}"},"query-input":{"@type":"PropertyValueSpecification","valueRequired":true,"valueName":"search_term_string"}}],"inLanguage":"es"},{"@type":"SoftwareApplication","name":"Iscanner","operatingSystem":"iOS, Android","applicationCategory":"Document converter","aggregateRating":{"@type":"AggregateRating","ratingValue":"4.5","ratingCount":"100"}}]}},"uagb_featured_image_src":{"full":false,"thumbnail":false,"medium":false,"medium_large":false,"large":false,"1536x1536":false,"2048x2048":false,"trp-custom-language-flag":false},"uagb_author_info":{"display_name":"Pavel Zubarevich","author_link":"https:\/\/iscanner.com\/es\/author\/pavel-zubarevich\/"},"uagb_comment_info":0,"uagb_excerpt":"Acerca de iScanner iScanner es una aplicaci\u00f3n galardonada de escaneo y gesti\u00f3n de documentos impulsada por IA con m\u00e1s de 125 millones de descargas, disponible en iOS, Android y la Web. La aplicaci\u00f3n permite a los usuarios convertir escaneos a varios formatos, editar y firmar documentos, y convertir cualquier imagen en archivos editables y con&hellip;","_links":{"self":[{"href":"https:\/\/iscanner.com\/es\/wp-json\/wp\/v2\/pages\/7885","targetHints":{"allow":["GET"]}}],"collection":[{"href":"https:\/\/iscanner.com\/es\/wp-json\/wp\/v2\/pages"}],"about":[{"href":"https:\/\/iscanner.com\/es\/wp-json\/wp\/v2\/types\/page"}],"author":[{"embeddable":true,"href":"https:\/\/iscanner.com\/es\/wp-json\/wp\/v2\/users\/9"}],"replies":[{"embeddable":true,"href":"https:\/\/iscanner.com\/es\/wp-json\/wp\/v2\/comments?post=7885"}],"version-history":[{"count":7,"href":"https:\/\/iscanner.com\/es\/wp-json\/wp\/v2\/pages\/7885\/revisions"}],"predecessor-version":[{"id":9624,"href":"https:\/\/iscanner.com\/es\/wp-json\/wp\/v2\/pages\/7885\/revisions\/9624"}],"wp:attachment":[{"href":"https:\/\/iscanner.com\/es\/wp-json\/wp\/v2\/media?parent=7885"}],"curies":[{"name":"wp","href":"https:\/\/api.w.org\/{rel}","templated":true}]}}