{"id":7876,"date":"2025-06-30T13:08:34","date_gmt":"2025-06-30T13:08:34","guid":{"rendered":"https:\/\/iscanner.com\/?page_id=7876"},"modified":"2026-01-26T09:46:45","modified_gmt":"2026-01-26T09:46:45","slug":"educators","status":"publish","type":"page","link":"https:\/\/iscanner.com\/es\/educators\/","title":{"rendered":"iScanner para educadores"},"content":{"rendered":"<h2 class=\"wp-block-heading has-text-align-center\">\u00a1Una mejor educaci\u00f3n es&nbsp;el&nbsp;mejor&nbsp;camino<br>para lograr un futuro mejor!<\/h2>\n\n\n\n<div class=\"wp-block-group educators-quote-container\"><div class=\"wp-block-group__inner-container is-layout-flow wp-block-group-is-layout-flow\">\n<h3 class=\"wp-block-heading\">Calificaci\u00f3n de docentes de&nbsp;5\u2b50<\/h3>\n\n\n\n<p><em>\u201ciScanner tiene un dise\u00f1o muy amable para el usuario, inteligencia artificial y funciones que suelen encontrarse de forma separada en otras aplicaciones, por lo que ofrece una soluci\u00f3n muy pr\u00e1ctica en una \u00fanica aplicaci\u00f3n que te permite capturar lo que sea que quieras guardar.\u201d<\/em><\/p>\n\n\n\n<figure class=\"wp-block-image size-full is-resized\"><img loading=\"lazy\" decoding=\"async\" width=\"813\" height=\"133\" src=\"https:\/\/iscanner.com\/wp-content\/uploads\/2022\/03\/eas-logo@3x-1.png\" alt=\"\" class=\"wp-image-1147\" style=\"width:271px;height:44px\" srcset=\"https:\/\/iscanner.com\/wp-content\/uploads\/2022\/03\/eas-logo@3x-1.png 813w, https:\/\/iscanner.com\/wp-content\/uploads\/2022\/03\/eas-logo@3x-1-300x49.png 300w, https:\/\/iscanner.com\/wp-content\/uploads\/2022\/03\/eas-logo@3x-1-768x126.png 768w\" sizes=\"auto, (max-width: 813px) 100vw, 813px\" \/><\/figure>\n\n\n\n<p><\/p>\n<\/div><\/div>\n\n\n\n<div class=\"wp-block-group educators-help-container\"><div class=\"wp-block-group__inner-container is-layout-flow wp-block-group-is-layout-flow\">\n<h3 class=\"wp-block-heading\">\u00bfC\u00f3mo iScanner puede ser \u00fatil en tu trabajo?<\/h3>\n\n\n\n<p>\u00a1No necesitas andar con tanto papeler\u00edo!<br>Escanea desde donde est\u00e9s, trabaja desde cualquier lugar y guarda todos los archivos en tu dispositivo m\u00f3vil.<\/p>\n\n\n\n<div class=\"wp-block-group educators-features-wrapper\"><div class=\"wp-block-group__inner-container is-layout-flow wp-block-group-is-layout-flow\">\n<div class=\"wp-block-group educators-icon-text-container\"><div class=\"wp-block-group__inner-container is-layout-flow wp-block-group-is-layout-flow\">\n<figure class=\"wp-block-image size-full is-resized\"><img loading=\"lazy\" decoding=\"async\" width=\"226\" height=\"200\" src=\"https:\/\/iscanner.com\/wp-content\/uploads\/2025\/05\/edu-diamond.png\" alt=\"\" class=\"wp-image-8413\" style=\"width:74px;height:65px\" srcset=\"https:\/\/iscanner.com\/wp-content\/uploads\/2025\/05\/edu-diamond.png 226w, https:\/\/iscanner.com\/wp-content\/uploads\/2025\/05\/edu-diamond-14x12.png 14w\" sizes=\"auto, (max-width: 226px) 100vw, 226px\" \/><\/figure>\n\n\n\n<h4 class=\"wp-block-heading\">Escaneo de 300+ PPP en segundos<\/h4>\n\n\n\n<p>No importa si es la p\u00e1gina de un libro, un registro o una nota que hayas hecho a mano, con iScanner tendr\u00e1s un escaneo perfecto de 300+ ppp en segundos. Tambi\u00e9n puedes elegir una resoluci\u00f3n m\u00e1s baja.<\/p>\n<\/div><\/div>\n\n\n\n<div class=\"wp-block-group educators-icon-text-container\"><div class=\"wp-block-group__inner-container is-layout-flow wp-block-group-is-layout-flow\">\n<figure class=\"wp-block-image size-large is-resized\"><img loading=\"lazy\" decoding=\"async\" width=\"79\" height=\"93\" src=\"https:\/\/iscanner.com\/wp-content\/uploads\/2025\/05\/edu-finger.svg\" alt=\"\" class=\"wp-image-8414\" style=\"width:70px;height:82px\"\/><\/figure>\n\n\n\n<h4 class=\"wp-block-heading\">La oficina en tu bolsillo<\/h4>\n\n\n\n<p>Califica tareas, completa formularios, agrega notas e im\u00e1genes, edita, resalta, extrae texto, imprime directamente desde la aplicaci\u00f3n, comparte extractos de un libro y hasta notas del pizarr\u00f3n con toda la clase en segundos por Google Classroom, Canvas o cualquier aplicaci\u00f3n de mensajer\u00eda.<\/p>\n<\/div><\/div>\n\n\n\n<div class=\"wp-block-group educators-icon-text-container\"><div class=\"wp-block-group__inner-container is-layout-flow wp-block-group-is-layout-flow\">\n<figure class=\"wp-block-image size-large is-resized\"><img loading=\"lazy\" decoding=\"async\" width=\"89\" height=\"67\" src=\"https:\/\/iscanner.com\/wp-content\/uploads\/2025\/05\/edu-cloud.svg\" alt=\"\" class=\"wp-image-8409\" style=\"width:74px;height:55px\"\/><\/figure>\n\n\n\n<h4 class=\"wp-block-heading\"><strong>iOS y Android + suscripci\u00f3n entre plataformas<\/strong><\/h4>\n\n\n\n<p>La aplicaci\u00f3n est\u00e1 disponible para iPhone y iPad, y tambi\u00e9n para tel\u00e9fonos y tabletas Android. \u00a1Con una suscripci\u00f3n basta para todos los dispositivos, sin importar en qu\u00e9 plataforma!<\/p>\n<\/div><\/div>\n\n\n\n<div class=\"wp-block-group educators-icon-text-container\"><div class=\"wp-block-group__inner-container is-layout-flow wp-block-group-is-layout-flow\">\n<figure class=\"wp-block-image size-large is-resized\"><img loading=\"lazy\" decoding=\"async\" width=\"80\" height=\"80\" src=\"https:\/\/iscanner.com\/wp-content\/uploads\/2025\/05\/edu-aim.svg\" alt=\"\" class=\"wp-image-8408\" style=\"width:67px;height:67px\"\/><\/figure>\n\n\n\n<h4 class=\"wp-block-heading\">Una captura perfecta a la primera, siempre<\/h4>\n\n\n\n<p>Gracias a la detecci\u00f3n autom\u00e1tica de bordes del documento, al editor dentro de la aplicaci\u00f3n y a la funci\u00f3n original para enderezar capturas, tus escaneos salen a la perfecci\u00f3n en segundos, puedes arreglar los escaneos de las p\u00e1ginas torcidas y eliminar las sombras y pliegues.<\/p>\n<\/div><\/div>\n\n\n\n<div class=\"wp-block-group educators-icon-text-container\"><div class=\"wp-block-group__inner-container is-layout-flow wp-block-group-is-layout-flow\">\n<figure class=\"wp-block-image size-large is-resized\"><img loading=\"lazy\" decoding=\"async\" width=\"75\" height=\"75\" src=\"https:\/\/iscanner.com\/wp-content\/uploads\/2025\/05\/edu-pen.svg\" alt=\"\" class=\"wp-image-8415\" style=\"width:60px;height:60px\"\/><\/figure>\n\n\n\n<h4 class=\"wp-block-heading\">Firma digitalmente<\/h4>\n\n\n\n<p>\u00a1Firma digitalmente y guarda firmas de manera f\u00e1cil y en cuesti\u00f3n de minutos desde donde est\u00e9s! Olv\u00eddate de imprimir tareas, informes o registros de firmas.<\/p>\n<\/div><\/div>\n\n\n\n<div class=\"wp-block-group educators-icon-text-container\"><div class=\"wp-block-group__inner-container is-layout-flow wp-block-group-is-layout-flow\">\n<figure class=\"wp-block-image size-large is-resized\"><img loading=\"lazy\" decoding=\"async\" width=\"74\" height=\"86\" src=\"https:\/\/iscanner.com\/wp-content\/uploads\/2025\/05\/edu-shield.svg\" alt=\"\" class=\"wp-image-8412\" style=\"width:55px;height:64px\"\/><\/figure>\n\n\n\n<h4 class=\"wp-block-heading\"><strong>Protecci\u00f3n de datos y privacidad<\/strong><\/h4>\n\n\n\n<p>Protege tus datos en iScanner con un PIN, huella o desbloqueo facial. Adem\u00e1s, iScanner cumple con todos los protocolos de seguridad BBB y los requisitos del <a href=\"https:\/\/gdpr.eu\/what-is-gdpr\/#:~:text=The%20General%20Data%20Protection%20Regulation,to%20people%20in%20the%20EU.\">GDPR<\/a> lo que implica que no recopilaremos ning\u00fan dato sin que lo sepas ni sin tu consentimiento. Nadie en nuestro equipo como tampoco ning\u00fan tercero tiene acceso a tus archivos.<\/p>\n<\/div><\/div>\n<\/div><\/div>\n<\/div><\/div>\n\n\n\n<div class=\"wp-block-group educators-partners-container\"><div class=\"wp-block-group__inner-container is-layout-flow wp-block-group-is-layout-flow\">\n<h3 class=\"wp-block-heading\">Nos eligen<\/h3>\n\n\n\n<ul class=\"wp-block-list\">\n<li>FHE<\/li>\n\n\n\n<li>CSUN<\/li>\n\n\n\n<li>UTD<\/li>\n\n\n\n<li>Purdue<\/li>\n\n\n\n<li>Alto<\/li>\n\n\n\n<li>Clemson<\/li>\n\n\n\n<li>Carleton<\/li>\n<\/ul>\n\n\n\n<p><\/p>\n<\/div><\/div>\n\n\n\n<div class=\"wp-block-group educators-blue-list-container\"><div class=\"wp-block-group__inner-container is-layout-flow wp-block-group-is-layout-flow\">\n<h3 class=\"wp-block-heading\">Con iScanner para educadores, obtendr\u00e1s:<\/h3>\n\n\n\n<ul class=\"wp-block-list\">\n<li>Acesso gr\u00e1tis ao iScanner PRO por 1 ano para iPhone e iPad e 90 dias para Android;<\/li>\n\n\n\n<li>Un <a href=\"https:\/\/iscanner.com\/wp-content\/uploads\/2023\/06\/for_educators.pdf\">manual de usuario<\/a> claro e intuitivo paso a paso;<\/li>\n\n\n\n<li>Un canal de comunicaci\u00f3n con el equipo de la aplicaci\u00f3n disponible 24\/7 para recibir soporte t\u00e9cnico y enviar comentarios;<\/li>\n\n\n\n<li>\u00a1Alivio del estr\u00e9s y tiempo extra para que te centres en lo que importa!<\/li>\n<\/ul>\n\n\n\n<p><\/p>\n<\/div><\/div>\n\n\n\n<p><\/p>","protected":false},"excerpt":{"rendered":"<p>\u00a1Una mejor educaci\u00f3n es&nbsp;el&nbsp;mejor&nbsp;caminopara lograr un futuro mejor! Calificaci\u00f3n de docentes de&nbsp;5\u2b50 \u201ciScanner tiene un dise\u00f1o muy amable para el usuario, inteligencia artificial y funciones que suelen encontrarse de forma separada en otras aplicaciones, por lo que ofrece una soluci\u00f3n muy pr\u00e1ctica en una \u00fanica aplicaci\u00f3n que te permite capturar lo que sea que quieras [&hellip;]<\/p>","protected":false},"author":9,"featured_media":0,"parent":0,"menu_order":0,"comment_status":"closed","ping_status":"closed","template":"template\/educators.php","meta":{"footnotes":""},"class_list":["post-7876","page","type-page","status-publish","hentry"],"yoast_head":"<!-- This site is optimized with the Yoast SEO plugin v24.5 - https:\/\/yoast.com\/wordpress\/plugins\/seo\/ -->\n<title>iScanner para educadores - iScanner<\/title>\n<meta name=\"description\" content=\"iScanner ofrece acceso gratuito a los educadores y el personal acad\u00e9mico de EE. UU., Reino Unido, Canad\u00e1, Francia y Alemania. Escanea con resoluci\u00f3n de 300 DPI donde sea que est\u00e9s, edita PDF, firma documentos y ten a mano todos tus archivos en tu dispositivo m\u00f3vil.\" \/>\n<meta name=\"robots\" content=\"index, follow, max-snippet:-1, max-image-preview:large, max-video-preview:-1\" \/>\n<link rel=\"canonical\" href=\"https:\/\/iscanner.com\/es\/educators\/\" \/>\n<meta property=\"og:locale\" content=\"es_ES\" \/>\n<meta property=\"og:type\" content=\"article\" \/>\n<meta property=\"og:title\" content=\"iScanner para educadores - iScanner\" \/>\n<meta property=\"og:description\" content=\"iScanner ofrece acceso gratuito a los educadores y el personal acad\u00e9mico de EE. UU., Reino Unido, Canad\u00e1, Francia y Alemania. Escanea con resoluci\u00f3n de 300 DPI donde sea que est\u00e9s, edita PDF, firma documentos y ten a mano todos tus archivos en tu dispositivo m\u00f3vil.\" \/>\n<meta property=\"og:url\" content=\"https:\/\/iscanner.com\/es\/educators\/\" \/>\n<meta property=\"og:site_name\" content=\"iScanner\" \/>\n<meta property=\"article:modified_time\" content=\"2026-01-26T09:46:45+00:00\" \/>\n<meta property=\"og:image\" content=\"https:\/\/iscanner.com\/wp-content\/uploads\/2022\/05\/640\u0445360.png\" \/>\n<meta name=\"twitter:card\" content=\"summary_large_image\" \/>\n<meta name=\"twitter:label1\" content=\"Tiempo de lectura\" \/>\n\t<meta name=\"twitter:data1\" content=\"2 minutos\" \/>\n<!-- \/ Yoast SEO plugin. -->","yoast_head_json":{"title":"iScanner para educadores - iScanner","description":"iScanner ofrece acceso gratuito a los educadores y el personal acad\u00e9mico de EE. UU., Reino Unido, Canad\u00e1, Francia y Alemania. Escanea con resoluci\u00f3n de 300 DPI donde sea que est\u00e9s, edita PDF, firma documentos y ten a mano todos tus archivos en tu dispositivo m\u00f3vil.","robots":{"index":"index","follow":"follow","max-snippet":"max-snippet:-1","max-image-preview":"max-image-preview:large","max-video-preview":"max-video-preview:-1"},"canonical":"https:\/\/iscanner.com\/es\/educators\/","og_locale":"es_ES","og_type":"article","og_title":"iScanner para educadores - iScanner","og_description":"iScanner ofrece acceso gratuito a los educadores y el personal acad\u00e9mico de EE. UU., Reino Unido, Canad\u00e1, Francia y Alemania. Escanea con resoluci\u00f3n de 300 DPI donde sea que est\u00e9s, edita PDF, firma documentos y ten a mano todos tus archivos en tu dispositivo m\u00f3vil.","og_url":"https:\/\/iscanner.com\/es\/educators\/","og_site_name":"iScanner","article_modified_time":"2026-01-26T09:46:45+00:00","og_image":[{"url":"https:\/\/iscanner.com\/wp-content\/uploads\/2022\/05\/640\u0445360.png","type":"","width":"","height":""}],"twitter_card":"summary_large_image","twitter_misc":{"Tiempo de lectura":"2 minutos"},"schema":{"@context":"https:\/\/schema.org","@graph":[{"@type":"WebPage","@id":"https:\/\/iscanner.com\/es\/educators\/","url":"https:\/\/iscanner.com\/es\/educators\/","name":"iScanner para educadores - iScanner","isPartOf":{"@id":"https:\/\/iscanner.com\/es\/#website"},"primaryImageOfPage":{"@id":"https:\/\/iscanner.com\/es\/educators\/#primaryimage"},"image":{"@id":"https:\/\/iscanner.com\/es\/educators\/#primaryimage"},"thumbnailUrl":"https:\/\/iscanner.com\/wp-content\/uploads\/2022\/03\/eas-logo@3x-1.png","datePublished":"2025-06-30T13:08:34+00:00","dateModified":"2026-01-26T09:46:45+00:00","description":"iScanner ofrece acceso gratuito a los educadores y el personal acad\u00e9mico de EE. UU., Reino Unido, Canad\u00e1, Francia y Alemania. Escanea con resoluci\u00f3n de 300 DPI donde sea que est\u00e9s, edita PDF, firma documentos y ten a mano todos tus archivos en tu dispositivo m\u00f3vil.","breadcrumb":{"@id":"https:\/\/iscanner.com\/es\/educators\/#breadcrumb"},"inLanguage":"es","potentialAction":[{"@type":"ReadAction","target":["https:\/\/iscanner.com\/es\/educators\/"]}]},{"@type":"ImageObject","inLanguage":"es","@id":"https:\/\/iscanner.com\/es\/educators\/#primaryimage","url":"https:\/\/iscanner.com\/wp-content\/uploads\/2022\/03\/eas-logo@3x-1.png","contentUrl":"https:\/\/iscanner.com\/wp-content\/uploads\/2022\/03\/eas-logo@3x-1.png"},{"@type":"BreadcrumbList","@id":"https:\/\/iscanner.com\/es\/educators\/#breadcrumb","itemListElement":[{"@type":"ListItem","position":1,"name":"Home","item":"https:\/\/iscanner.com\/es\/"},{"@type":"ListItem","position":2,"name":"iScanner para educadores"}]},{"@type":"WebSite","@id":"https:\/\/iscanner.com\/es\/#website","url":"https:\/\/iscanner.com\/es\/","name":"iScanner","description":"Mobile Scanner App. Download for FREE (Android, iPhone)","potentialAction":[{"@type":"SearchAction","target":{"@type":"EntryPoint","urlTemplate":"https:\/\/iscanner.com\/es\/?s={search_term_string}"},"query-input":{"@type":"PropertyValueSpecification","valueRequired":true,"valueName":"search_term_string"}}],"inLanguage":"es"},{"@type":"SoftwareApplication","name":"Iscanner","operatingSystem":"iOS, Android","applicationCategory":"Document converter","aggregateRating":{"@type":"AggregateRating","ratingValue":"4.5","ratingCount":"100"}}]}},"uagb_featured_image_src":{"full":false,"thumbnail":false,"medium":false,"medium_large":false,"large":false,"1536x1536":false,"2048x2048":false,"trp-custom-language-flag":false},"uagb_author_info":{"display_name":"Pavel Zubarevich","author_link":"https:\/\/iscanner.com\/es\/author\/pavel-zubarevich\/"},"uagb_comment_info":0,"uagb_excerpt":"\u00a1Una mejor educaci\u00f3n es&nbsp;el&nbsp;mejor&nbsp;caminopara lograr un futuro mejor! Calificaci\u00f3n de docentes de&nbsp;5\u2b50 \u201ciScanner tiene un dise\u00f1o muy amable para el usuario, inteligencia artificial y funciones que suelen encontrarse de forma separada en otras aplicaciones, por lo que ofrece una soluci\u00f3n muy pr\u00e1ctica en una \u00fanica aplicaci\u00f3n que te permite capturar lo que sea que quieras&hellip;","_links":{"self":[{"href":"https:\/\/iscanner.com\/es\/wp-json\/wp\/v2\/pages\/7876","targetHints":{"allow":["GET"]}}],"collection":[{"href":"https:\/\/iscanner.com\/es\/wp-json\/wp\/v2\/pages"}],"about":[{"href":"https:\/\/iscanner.com\/es\/wp-json\/wp\/v2\/types\/page"}],"author":[{"embeddable":true,"href":"https:\/\/iscanner.com\/es\/wp-json\/wp\/v2\/users\/9"}],"replies":[{"embeddable":true,"href":"https:\/\/iscanner.com\/es\/wp-json\/wp\/v2\/comments?post=7876"}],"version-history":[{"count":12,"href":"https:\/\/iscanner.com\/es\/wp-json\/wp\/v2\/pages\/7876\/revisions"}],"predecessor-version":[{"id":9902,"href":"https:\/\/iscanner.com\/es\/wp-json\/wp\/v2\/pages\/7876\/revisions\/9902"}],"wp:attachment":[{"href":"https:\/\/iscanner.com\/es\/wp-json\/wp\/v2\/media?parent=7876"}],"curies":[{"name":"wp","href":"https:\/\/api.w.org\/{rel}","templated":true}]}}