{"id":7870,"date":"2025-06-30T13:08:10","date_gmt":"2025-06-30T13:08:10","guid":{"rendered":"https:\/\/iscanner.com\/?page_id=7870"},"modified":"2025-06-30T13:08:11","modified_gmt":"2025-06-30T13:08:11","slug":"video-tutorials","status":"publish","type":"page","link":"https:\/\/iscanner.com\/es\/video-tutorials\/","title":{"rendered":"Tutoriales"},"content":{"rendered":"","protected":false},"excerpt":{"rendered":"","protected":false},"author":9,"featured_media":0,"parent":0,"menu_order":0,"comment_status":"closed","ping_status":"closed","template":"template\/tutorials.php","meta":{"footnotes":""},"class_list":["post-7870","page","type-page","status-publish","hentry"],"yoast_head":"<!-- This site is optimized with the Yoast SEO plugin v24.5 - https:\/\/yoast.com\/wordpress\/plugins\/seo\/ -->\n<title>Tutoriales - iScanner<\/title>\n<meta name=\"description\" content=\"Si no sabes c\u00f3mo escanear, completar, firmar, gestionar o compartir documentos con la app iScanner, nuestros tutoriales f\u00e1ciles de entender te aclarar\u00e1n todas tus dudas.\" \/>\n<meta name=\"robots\" content=\"index, follow, max-snippet:-1, max-image-preview:large, max-video-preview:-1\" \/>\n<link rel=\"canonical\" href=\"https:\/\/iscanner.com\/es\/video-tutorials\/\" \/>\n<meta property=\"og:locale\" content=\"es_ES\" \/>\n<meta property=\"og:type\" content=\"article\" \/>\n<meta property=\"og:title\" content=\"Tutorials - iScanner\" \/>\n<meta property=\"og:description\" content=\"If you are not sure about how to scan, fill out, sign, manage or share documents with iScanner app, our easy-to-understand tutorials will make everything clear.\" \/>\n<meta property=\"og:url\" content=\"https:\/\/iscanner.com\/es\/video-tutorials\/\" \/>\n<meta property=\"og:site_name\" content=\"iScanner\" \/>\n<meta property=\"article:modified_time\" content=\"2025-06-30T13:08:11+00:00\" \/>\n<meta name=\"twitter:card\" content=\"summary_large_image\" \/>\n<meta name=\"twitter:title\" content=\"Tutorials - iScanner\" \/>\n<meta name=\"twitter:description\" content=\"If you are not sure about how to scan, fill out, sign, manage or share documents with iScanner app, our easy-to-understand tutorials will make everything clear.\" \/>\n<!-- \/ Yoast SEO plugin. -->","yoast_head_json":{"title":"Tutoriales - iScanner","description":"Si no sabes c\u00f3mo escanear, completar, firmar, gestionar o compartir documentos con la app iScanner, nuestros tutoriales f\u00e1ciles de entender te aclarar\u00e1n todas tus dudas.","robots":{"index":"index","follow":"follow","max-snippet":"max-snippet:-1","max-image-preview":"max-image-preview:large","max-video-preview":"max-video-preview:-1"},"canonical":"https:\/\/iscanner.com\/es\/video-tutorials\/","og_locale":"es_ES","og_type":"article","og_title":"Tutorials - iScanner","og_description":"If you are not sure about how to scan, fill out, sign, manage or share documents with iScanner app, our easy-to-understand tutorials will make everything clear.","og_url":"https:\/\/iscanner.com\/es\/video-tutorials\/","og_site_name":"iScanner","article_modified_time":"2025-06-30T13:08:11+00:00","twitter_card":"summary_large_image","twitter_title":"Tutorials - iScanner","twitter_description":"If you are not sure about how to scan, fill out, sign, manage or share documents with iScanner app, our easy-to-understand tutorials will make everything clear.","schema":{"@context":"https:\/\/schema.org","@graph":[{"@type":"WebPage","@id":"https:\/\/iscanner.com\/es\/video-tutorials\/","url":"https:\/\/iscanner.com\/es\/video-tutorials\/","name":"Tutoriales - iScanner","isPartOf":{"@id":"https:\/\/iscanner.com\/es\/#website"},"datePublished":"2025-06-30T13:08:10+00:00","dateModified":"2025-06-30T13:08:11+00:00","description":"Si no sabes c\u00f3mo escanear, completar, firmar, gestionar o compartir documentos con la app iScanner, nuestros tutoriales f\u00e1ciles de entender te aclarar\u00e1n todas tus dudas.","breadcrumb":{"@id":"https:\/\/iscanner.com\/es\/video-tutorials\/#breadcrumb"},"inLanguage":"es","potentialAction":[{"@type":"ReadAction","target":["https:\/\/iscanner.com\/es\/video-tutorials\/"]}]},{"@type":"BreadcrumbList","@id":"https:\/\/iscanner.com\/es\/video-tutorials\/#breadcrumb","itemListElement":[{"@type":"ListItem","position":1,"name":"Home","item":"https:\/\/iscanner.com\/es\/"},{"@type":"ListItem","position":2,"name":"Tutoriales"}]},{"@type":"WebSite","@id":"https:\/\/iscanner.com\/es\/#website","url":"https:\/\/iscanner.com\/es\/","name":"iScanner","description":"Mobile Scanner App. Download for FREE (Android, iPhone)","potentialAction":[{"@type":"SearchAction","target":{"@type":"EntryPoint","urlTemplate":"https:\/\/iscanner.com\/es\/?s={search_term_string}"},"query-input":{"@type":"PropertyValueSpecification","valueRequired":true,"valueName":"search_term_string"}}],"inLanguage":"es"},{"@type":"SoftwareApplication","name":"Iscanner","operatingSystem":"iOS, Android","applicationCategory":"Document converter","aggregateRating":{"@type":"AggregateRating","ratingValue":"4.5","ratingCount":"100"}}]}},"uagb_featured_image_src":{"full":false,"thumbnail":false,"medium":false,"medium_large":false,"large":false,"1536x1536":false,"2048x2048":false,"trp-custom-language-flag":false},"uagb_author_info":{"display_name":"Pavel Zubarevich","author_link":"https:\/\/iscanner.com\/es\/author\/pavel-zubarevich\/"},"uagb_comment_info":0,"uagb_excerpt":null,"_links":{"self":[{"href":"https:\/\/iscanner.com\/es\/wp-json\/wp\/v2\/pages\/7870","targetHints":{"allow":["GET"]}}],"collection":[{"href":"https:\/\/iscanner.com\/es\/wp-json\/wp\/v2\/pages"}],"about":[{"href":"https:\/\/iscanner.com\/es\/wp-json\/wp\/v2\/types\/page"}],"author":[{"embeddable":true,"href":"https:\/\/iscanner.com\/es\/wp-json\/wp\/v2\/users\/9"}],"replies":[{"embeddable":true,"href":"https:\/\/iscanner.com\/es\/wp-json\/wp\/v2\/comments?post=7870"}],"version-history":[{"count":3,"href":"https:\/\/iscanner.com\/es\/wp-json\/wp\/v2\/pages\/7870\/revisions"}],"predecessor-version":[{"id":7973,"href":"https:\/\/iscanner.com\/es\/wp-json\/wp\/v2\/pages\/7870\/revisions\/7973"}],"wp:attachment":[{"href":"https:\/\/iscanner.com\/es\/wp-json\/wp\/v2\/media?parent=7870"}],"curies":[{"name":"wp","href":"https:\/\/api.w.org\/{rel}","templated":true}]}}