{"id":7856,"date":"2025-06-30T13:07:13","date_gmt":"2025-06-30T13:07:13","guid":{"rendered":"https:\/\/iscanner.com\/?page_id=7856"},"modified":"2025-12-08T10:34:52","modified_gmt":"2025-12-08T10:34:52","slug":"sustainability","status":"publish","type":"page","link":"https:\/\/iscanner.com\/es\/sustainability\/","title":{"rendered":"Sostenibilidad"},"content":{"rendered":"<section  class=\"section\" >\r\n    <div class=\"container\">\r\n        <div class=\"h2-center col-11 col-sm-12\">\r\n                        <h2>Lib\u00e9rate de los papeles<\/h2>\r\n            <p class=\"lead col-11 col-sm-12\">La aplicaci\u00f3n <strong>iScanner<\/strong> es un paso en tu camino para reducir el uso de papel. Un \u00e1rbol peque\u00f1o produce alrededor <strong>de 4000 hojas de papel.<\/strong> Cada a\u00f1o, al escanear y exportar archivos digitales, todos los usuarios de <strong>iScanner<\/strong> salvan <strong>16&nbsp;000 \u00e1rboles<\/strong>, lo que es suficiente para cubrir el \u00e1rea de <strong>56 campos de f\u00fatbol<\/strong>.<\/p>\r\n        <\/div>\r\n    <\/div>\r\n<\/section>\n\n\n<div class=\"wp-block-group is-content-justification-center is-nowrap is-layout-flex wp-container-core-group-is-layout-94bc23d7 wp-block-group-is-layout-flex\">\n<figure class=\"wp-block-image size-full is-resized\"><img loading=\"lazy\" decoding=\"async\" width=\"264\" height=\"264\" src=\"https:\/\/iscanner.com\/wp-content\/uploads\/2025\/12\/sustainability-leaf-1.png\" alt=\"\" class=\"wp-image-9686\" style=\"object-fit:cover;width:132px;height:132px\" srcset=\"https:\/\/iscanner.com\/wp-content\/uploads\/2025\/12\/sustainability-leaf-1.png 264w, https:\/\/iscanner.com\/wp-content\/uploads\/2025\/12\/sustainability-leaf-1-150x150.png 150w, https:\/\/iscanner.com\/wp-content\/uploads\/2025\/12\/sustainability-leaf-1-12x12.png 12w\" sizes=\"auto, (max-width: 264px) 100vw, 264px\" \/><\/figure>\n<\/div>\n\n\n<section class=\"section\">\r\n    <div class=\"container\">\r\n        <style>\r\n                    <\/style>\r\n        <div class=\"excerpt rtl\">\r\n            <div class=\"excerpt-image col-7 col-sm-12 mobile-bottom\" data-aos=\"fade-left\">\r\n                <img decoding=\"async\" src=\"https:\/\/iscanner.com\/wp-content\/uploads\/2025\/12\/sustainability-banner-1.png\" alt=\"\" title=\"\">\r\n            <\/div>\r\n            <div class=\"excerpt-content col-5 col-sm-12\" data-aos=\"fade-right\">\r\n                <h2>Edita y firma digitalmente en lugar de imprimir<\/h2>\r\n                <p>Con iScanner, no es necesario imprimir documentos. Puedes editar archivos directamente desde de la aplicaci\u00f3n. \u00bfNecesitas agregar tu firma? Tampoco hacen falta papeles. Simplemente firma el documento electr\u00f3nicamente en la aplicaci\u00f3n y comp\u00e1rtelo de inmediato a trav\u00e9s de mensajer\u00eda, correo electr\u00f3nico o un enlace. Y todo esto es completamente gratis.<\/p>\n            <\/div>\r\n        <\/div>\r\n    <\/div>\r\n<\/section>\n\n<section class=\"section\">\r\n    <div class=\"container\">\r\n        <style>\r\n                    <\/style>\r\n        <div class=\"excerpt\">\r\n            <div class=\"excerpt-image col-7 col-sm-12 mobile-bottom\" data-aos=\"fade-right\">\r\n                <img decoding=\"async\" src=\"https:\/\/iscanner.com\/wp-content\/uploads\/2025\/12\/sustainability-banner-2.png\" alt=\"\" title=\"\">\r\n            <\/div>\r\n            <div class=\"excerpt-content col-5 col-sm-12\" data-aos=\"fade-left\">\r\n                <h2>Gana logros con nuestro programa ecol\u00f3gico<\/h2>\r\n                <p>Todos los usuarios registrados de iScanner pueden divertirse ganando insignias ecol\u00f3gicas cuando exportan p\u00e1ginas. Cada exportaci\u00f3n hace crecer un \u00e1rbol virtual. Intenta ganar las 8 insignias, desde Brote (1 p\u00e1gina exportada) hasta H\u00e9roe del \u00c1rbol (4000 p\u00e1ginas). Sigue tu progreso y observa c\u00f3mo crece tu impacto en el men\u00fa principal.<\/p>\n<p><a class=\"btn btn-myfiles\" target=\"_blank\" href=\"https:\/\/www.youtube.com\/watch?v=vD9gPBu7SJ8\">Mirar video<\/a><\/p>\n            <\/div>\r\n        <\/div>\r\n    <\/div>\r\n<\/section>\n\n<section class=\"section\">\r\n    <div class=\"container\">\r\n        <style>\r\n                    <\/style>\r\n        <div class=\"excerpt rtl\">\r\n            <div class=\"excerpt-image col-7 col-sm-12 mobile-bottom\" data-aos=\"fade-left\">\r\n                <img decoding=\"async\" src=\"https:\/\/iscanner.com\/wp-content\/uploads\/2025\/12\/sustainability-banner-3.png\" alt=\"\" title=\"\">\r\n            <\/div>\r\n            <div class=\"excerpt-content col-5 col-sm-12\" data-aos=\"fade-right\">\r\n                <h2>Agrega widgets ecol\u00f3gicos a tu pantalla<\/h2>\r\n                <p>Todos los usuarios de iPhone pueden agregar un widget de contador ecol\u00f3gico en la pantalla de bloqueo. Esta pr\u00e1ctica herramienta muestra el n\u00famero de \u00e1rboles que t\u00fa has salvado, as\u00ed como el n\u00famero total de \u00e1rboles salvados por toda la comunidad de iScanner. Es una forma inspiradora de ver c\u00f3mo crece tu impacto cada d\u00eda.<\/p>\n            <\/div>\r\n        <\/div>\r\n    <\/div>\r\n<\/section>\n\n<section class=\"section\">\r\n    <div class=\"container\">\r\n        <style>\r\n                    <\/style>\r\n        <div class=\"excerpt\">\r\n            <div class=\"excerpt-image col-7 col-sm-12 mobile-bottom\" data-aos=\"fade-right\">\r\n                <img decoding=\"async\" src=\"https:\/\/iscanner.com\/wp-content\/uploads\/2025\/12\/sustainability-banner-4.png\" alt=\"\" title=\"\">\r\n            <\/div>\r\n            <div class=\"excerpt-content col-5 col-sm-12\" data-aos=\"fade-left\">\r\n                <h2>Comparte tus Ecocertificados<\/h2>\r\n                <p>Por cada insignia que ganes, obtienes un Ecocertificado como reconocimiento de tu compromiso con un estilo de vida sin uso de papel. Puedes descargarlos desde la aplicaci\u00f3n y compartirlos en tus cuentas personales o empresariales de las redes sociales.<\/p>\n            <\/div>\r\n        <\/div>\r\n    <\/div>\r\n<\/section>\n\n\n<div class=\"wp-block-group is-content-justification-center is-nowrap is-layout-flex wp-container-core-group-is-layout-94bc23d7 wp-block-group-is-layout-flex\">\n<figure class=\"wp-block-image size-full is-resized\"><img loading=\"lazy\" decoding=\"async\" width=\"264\" height=\"264\" src=\"https:\/\/iscanner.com\/wp-content\/uploads\/2025\/12\/sustainability-leaf-1.png\" alt=\"\" class=\"wp-image-9686\" style=\"object-fit:cover;width:132px;height:132px\" srcset=\"https:\/\/iscanner.com\/wp-content\/uploads\/2025\/12\/sustainability-leaf-1.png 264w, https:\/\/iscanner.com\/wp-content\/uploads\/2025\/12\/sustainability-leaf-1-150x150.png 150w, https:\/\/iscanner.com\/wp-content\/uploads\/2025\/12\/sustainability-leaf-1-12x12.png 12w\" sizes=\"auto, (max-width: 264px) 100vw, 264px\" \/><\/figure>\n<\/div>\n\n\n<section class=\"section\">\r\n    <div class=\"container\">\r\n        <style>\r\n            .sustainability-banner {\n  border-radius: 20px;\n  padding: 120px 120px 100px;\n}\n.sustainability-banner .customizable-banner__content {\n  padding-right: 25px;\n}\n.sustainability-banner p {\n  letter-spacing: -1.1px;\n  line-height: 1.5;\n}\n.sustainability-banner a {\n  font-size: 28px;\n  font-weight: 700;\n  margin-top: 30px;\n  padding: 20px;\n  height: auto;\n  max-width: 312px;\n  width: 100%;\n}\n.sustainability-banner .customizable-banner__image {\n  position: absolute;\n  right: 0;\n  bottom: 0;\n  top: 0;\n  max-width: 71%;\n}\n.sustainability-banner .customizable-banner__image img {\n  object-position: right bottom;\n}\n@media(max-width: 1280px) {\n  .sustainability-banner {\n    padding: 70px 60px 60px;\n  }\n}\n@media(max-width: 1024px) {\n  .sustainability-banner {\n    padding-bottom: 0;\n  }\n  .sustainability-banner .customizable-banner__content {\n     padding-right: 0;\n  }\n  .sustainability-banner .customizable-banner__image {\n    position: static;\n    margin-bottom: 0;\n    max-width: 100% !important;\n  }\n}\n@media(max-width: 768px) {\n  .sustainability-banner {\n    padding: 33px 23px 0;\n  }\n}\n        <\/style>\r\n        <div class=\"customizable-banner sustainability-banner right mobile-bottom\" style=\"background-color: #f3f5fc; \">\r\n            <div class=\"customizable-banner__content\" data-aos=\"fade-down\">\r\n                <h2>S\u00e9 sostenible<\/h2>\r\n                                    <p>Los h\u00e1bitos simples y sostenibles pueden poner en marcha un cambio duradero. Para celebrar el D\u00eda de la Tierra, nos asociamos con Recycling.com para crear <strong>una gu\u00eda Despeja y Digitaliza<\/strong>. Incluye consejos pr\u00e1cticos sobre qu\u00e9 documentos conservar, cu\u00e1les eliminar, c\u00f3mo reciclar de manera inteligente y algunos pasos simples para evitar el uso de papel.<br \/>\n<a target=\"_blank\" class=\"btn btn-blue\" href=\"https:\/\/iscanner.com\/wp-content\/uploads\/2022\/04\/earth-day.pdf\">Leer la gu\u00eda<\/a><\/p>\n                            <\/div>\r\n                            <div class=\"customizable-banner__image\" data-aos=\"fade-up\">\r\n                    <picture>\r\n                                                    <source media=\"(max-width:1024px)\" srcset=\"https:\/\/iscanner.com\/wp-content\/uploads\/2025\/12\/sustainability-banner-5-mobile.png\">\r\n                                                                            <source media=\"(min-width:1024px)\" srcset=\"https:\/\/iscanner.com\/wp-content\/uploads\/2025\/12\/sustainability-banner-5.png\">\r\n                            <img decoding=\"async\" src=\"https:\/\/iscanner.com\/wp-content\/uploads\/2025\/12\/sustainability-banner-5.png\">\r\n                                            <\/picture>\r\n                <\/div>\r\n                    <\/div>\r\n    <\/div>\r\n<\/section>\n\n\n<div class=\"wp-block-group sustainability-full-width-green\"><div class=\"wp-block-group__inner-container is-layout-constrained wp-block-group-is-layout-constrained\">\n<div class=\"wp-block-group is-nowrap is-layout-flex wp-container-core-group-is-layout-ad2f72ca wp-block-group-is-layout-flex\">\n<figure class=\"wp-block-image size-large\"><img loading=\"lazy\" decoding=\"async\" width=\"1024\" height=\"1024\" src=\"https:\/\/iscanner.com\/wp-content\/uploads\/2025\/12\/sustainability-hands-1024x1024.png\" alt=\"\" class=\"wp-image-9685\" srcset=\"https:\/\/iscanner.com\/wp-content\/uploads\/2025\/12\/sustainability-hands-1024x1024.png 1024w, https:\/\/iscanner.com\/wp-content\/uploads\/2025\/12\/sustainability-hands-300x300.png 300w, https:\/\/iscanner.com\/wp-content\/uploads\/2025\/12\/sustainability-hands-150x150.png 150w, https:\/\/iscanner.com\/wp-content\/uploads\/2025\/12\/sustainability-hands-768x768.png 768w, https:\/\/iscanner.com\/wp-content\/uploads\/2025\/12\/sustainability-hands-12x12.png 12w, https:\/\/iscanner.com\/wp-content\/uploads\/2025\/12\/sustainability-hands.png 1500w\" sizes=\"auto, (max-width: 1024px) 100vw, 1024px\" \/><\/figure>\n\n\n\n<div class=\"wp-block-group\"><div class=\"wp-block-group__inner-container is-layout-constrained wp-block-group-is-layout-constrained\">\n<h2 class=\"wp-block-heading\">Tus hijos pueden participar en el voluntariado ecol\u00f3gico<\/h2>\n\n\n\n<p>Con iScanner, ni\u00f1os y adolescentes pueden contribuir con su comunidad local. Si crees que la escuela de tus hijos usa demasiado papel, los invitamos a unirse a nuestro proyecto de voluntariado llamado \u00abGestiona tu consumo de papel para un futuro mejor\u00bb. Perm\u00edteles hacer una diferencia real de una manera divertida y atractiva.<br><br><a href=\"https:\/\/iscanner.com\/digital-eco-project-a-volunteering-opportunity-your-child-will-enjoy\/\" target=\"_blank\" rel=\"noreferrer noopener\">\u00c9chale un vistazo<\/a><\/p>\n<\/div><\/div>\n<\/div>\n<\/div><\/div>\n\n\n<section class=\"section\">\r\n    <div class=\"container\">\r\n        <style>\r\n            .sustainability-banner-1 {\n  border-radius: 20px;\n  padding: 120px 120px 100px;\n}\n.sustainability-banner-1 .customizable-banner__content {\n  padding-right: 25px;\n}\n.sustainability-banner-1 .customizable-banner__content a {\n  color: #495795;\n  font-size: 20px;\n  font-weight: 700;\n  text-decoration: none;\n}\n.sustainability-banner-1 p {\n  letter-spacing: -1.1px;\n  line-height: 1.5;\n}\n.sustainability-banner-1 .customizable-banner__image {\n  position: absolute;\n  right: 0;\n  bottom: 0;\n  top: 0;\n  max-width: 71%;\n}\n.sustainability-banner-1 .customizable-banner__image img {\n  object-position: right bottom;\n}\n@media(max-width: 1280px) {\n  .sustainability-banner-1 {\n    padding: 70px 60px 60px;\n  }\n}\n@media(max-width: 1024px) {\n  .sustainability-banner-1 {\n    padding-bottom: 0;\n  }\n  .sustainability-banner-1 .customizable-banner__content {\n     padding-right: 0;\n  }\n  .sustainability-banner-1 .customizable-banner__image {\n    position: static;\n    margin-bottom: 0;\n    max-width: 100% !important;\n  }\n}\n@media(max-width: 768px) {\n  .sustainability-banner-1 {\n    padding: 33px 23px 0;\n  }\n}\n        <\/style>\r\n        <div class=\"customizable-banner sustainability-banner-1 right mobile-bottom\" style=\"background-color: #f3f5fc; \">\r\n            <div class=\"customizable-banner__content\" data-aos=\"fade-down\">\r\n                <h2>Sigue aprendiendo y contribuyendo<\/h2>\r\n                                    <p>No nos detenemos donde estamos. Cada a\u00f1o, celebramos el <a target=\"_blank\" href=\"https:\/\/iscanner.com\/going-paperless-for-earth-day-with-iscanner\/\">D\u00eda de la Tierra<\/a> y el <a target=\"_blank\" href=\"https:\/\/iscanner.com\/how-to-celebrate-world-paper-free-day\/\">D\u00eda Mundial del Papel<\/a>, para inspirar a nuestra comunidad y estudiantes de secundaria a <a target=\"_blank\" href=\"https:\/\/iscanner.com\/earth-day-activities-for-high-school-students\/\">unirse a nosotros<\/a>. Creamos <a target=\"_blank\" href=\"https:\/\/iscanner.com\/how-to-get-your-business-sustainable-on-a-budget-4-easy-steps\/\">gu\u00edas para empresas<\/a>, compartimos consejos para ordenar el hogar, realizamos <a target=\"_blank\" href=\"https:\/\/iscanner.com\/how-to-declutter-your-home-5-steps-with-a-focus-on-the-environment\/\">encuestas ecol\u00f3gicas<\/a> para pymes y compartimos todo esto en nuestra aplicaci\u00f3n, sitio web y redes sociales. \u00a1\u00danete a nosotros!<\/p>\n                            <\/div>\r\n                            <div class=\"customizable-banner__image\" data-aos=\"fade-up\">\r\n                    <picture>\r\n                                                    <source media=\"(max-width:1024px)\" srcset=\"https:\/\/iscanner.com\/wp-content\/uploads\/2025\/12\/sustainability-banner-6-mobile.png\">\r\n                                                                            <source media=\"(min-width:1024px)\" srcset=\"https:\/\/iscanner.com\/wp-content\/uploads\/2025\/12\/sustainability-banner-6.png\">\r\n                            <img decoding=\"async\" src=\"https:\/\/iscanner.com\/wp-content\/uploads\/2025\/12\/sustainability-banner-6.png\">\r\n                                            <\/picture>\r\n                <\/div>\r\n                    <\/div>\r\n    <\/div>\r\n<\/section>\n\n<section  class=\"section\" >\r\n    <div class=\"container\">\r\n        <div class=\"h2-center col-10 col-sm-12\">\r\n                        <h2>Desde 2015 hemos ayudado a millones de personas en todo el mundo a reemplazar millones de hojas de papel con documentos digitales.<\/h2>\r\n            <p class=\"lead col-8 col-sm-12\"><\/p>\r\n        <\/div>\r\n    <\/div>\r\n<\/section>\n\n<section class=\"section section-last\">\r\n    <div class=\"container\">\r\n        <img decoding=\"async\" class=\"section-last-image\" src=\"https:\/\/iscanner.com\/wp-content\/uploads\/2024\/10\/bottom-1.png\" alt=\"\" data-aos=\"fade-up\">\r\n    <\/div>\r\n<\/section>","protected":false},"excerpt":{"rendered":"<p>Tus hijos pueden participar en el voluntariado ecol\u00f3gico Con iScanner, ni\u00f1os y adolescentes pueden contribuir con su comunidad local. Si crees que la escuela de tus hijos usa demasiado papel, los invitamos a unirse a nuestro proyecto de voluntariado llamado \u00abGestiona tu consumo de papel para un futuro mejor\u00bb. Perm\u00edteles hacer una diferencia real de [&hellip;]<\/p>","protected":false},"author":9,"featured_media":0,"parent":0,"menu_order":0,"comment_status":"closed","ping_status":"closed","template":"template\/feature-new.php","meta":{"footnotes":""},"class_list":["post-7856","page","type-page","status-publish","hentry"],"yoast_head":"<!-- This site is optimized with the Yoast SEO plugin v24.5 - https:\/\/yoast.com\/wordpress\/plugins\/seo\/ -->\n<title>Elimina el uso de papel en tu oficina con iScanner<\/title>\n<meta name=\"description\" content=\"Los h\u00e1bitos sustentables f\u00e1ciles de cumplir pueden poner en movimiento un cambio duradero. Conoce a nuestra gu\u00eda Despeja y Digitaliza sobre c\u00f3mo ordenar inteligentemente, reciclar correctamente y reducir el uso del papel.\" \/>\n<meta name=\"robots\" content=\"index, follow, max-snippet:-1, max-image-preview:large, max-video-preview:-1\" \/>\n<link rel=\"canonical\" href=\"https:\/\/iscanner.com\/es\/sustainability\/\" \/>\n<meta property=\"og:locale\" content=\"es_ES\" \/>\n<meta property=\"og:type\" content=\"article\" \/>\n<meta property=\"og:title\" content=\"Make Your Workplace Paper-Free with iScanner\" \/>\n<meta property=\"og:description\" content=\"Sustainability is not an empty word for us. Since 2015 iScanner has helped millions of people around the world to replace millions of sheets of paper with digital documents.\" \/>\n<meta property=\"og:url\" content=\"https:\/\/iscanner.com\/es\/sustainability\/\" \/>\n<meta property=\"og:site_name\" content=\"iScanner\" \/>\n<meta property=\"article:modified_time\" content=\"2025-12-08T10:34:52+00:00\" \/>\n<meta property=\"og:image\" content=\"https:\/\/iscanner.com\/wp-content\/uploads\/2025\/12\/sustainability-leaf-1.png\" \/>\n\t<meta property=\"og:image:width\" content=\"264\" \/>\n\t<meta property=\"og:image:height\" content=\"264\" \/>\n\t<meta property=\"og:image:type\" content=\"image\/png\" \/>\n<meta name=\"twitter:card\" content=\"summary_large_image\" \/>\n<meta name=\"twitter:title\" content=\"Make Your Workplace Paper-Free with iScanner\" \/>\n<meta name=\"twitter:description\" content=\"Sustainability is not an empty word for us. Since 2015 iScanner has helped millions of people around the world to replace millions of sheets of paper with digital documents.\" \/>\n<!-- \/ Yoast SEO plugin. -->","yoast_head_json":{"title":"Elimina el uso de papel en tu oficina con iScanner","description":"Los h\u00e1bitos sustentables f\u00e1ciles de cumplir pueden poner en movimiento un cambio duradero. Conoce a nuestra gu\u00eda Despeja y Digitaliza sobre c\u00f3mo ordenar inteligentemente, reciclar correctamente y reducir el uso del papel.","robots":{"index":"index","follow":"follow","max-snippet":"max-snippet:-1","max-image-preview":"max-image-preview:large","max-video-preview":"max-video-preview:-1"},"canonical":"https:\/\/iscanner.com\/es\/sustainability\/","og_locale":"es_ES","og_type":"article","og_title":"Make Your Workplace Paper-Free with iScanner","og_description":"Sustainability is not an empty word for us. Since 2015 iScanner has helped millions of people around the world to replace millions of sheets of paper with digital documents.","og_url":"https:\/\/iscanner.com\/es\/sustainability\/","og_site_name":"iScanner","article_modified_time":"2025-12-08T10:34:52+00:00","og_image":[{"width":264,"height":264,"url":"https:\/\/iscanner.com\/wp-content\/uploads\/2025\/12\/sustainability-leaf-1.png","type":"image\/png"}],"twitter_card":"summary_large_image","twitter_title":"Make Your Workplace Paper-Free with iScanner","twitter_description":"Sustainability is not an empty word for us. Since 2015 iScanner has helped millions of people around the world to replace millions of sheets of paper with digital documents.","schema":{"@context":"https:\/\/schema.org","@graph":[{"@type":"WebPage","@id":"https:\/\/iscanner.com\/es\/sustainability\/","url":"https:\/\/iscanner.com\/es\/sustainability\/","name":"Elimina el uso de papel en tu oficina con iScanner","isPartOf":{"@id":"https:\/\/iscanner.com\/es\/#website"},"primaryImageOfPage":{"@id":"https:\/\/iscanner.com\/es\/sustainability\/#primaryimage"},"image":{"@id":"https:\/\/iscanner.com\/es\/sustainability\/#primaryimage"},"thumbnailUrl":"https:\/\/iscanner.com\/wp-content\/uploads\/2025\/12\/sustainability-leaf-1.png","datePublished":"2025-06-30T13:07:13+00:00","dateModified":"2025-12-08T10:34:52+00:00","description":"Los h\u00e1bitos sustentables f\u00e1ciles de cumplir pueden poner en movimiento un cambio duradero. Conoce a nuestra gu\u00eda Despeja y Digitaliza sobre c\u00f3mo ordenar inteligentemente, reciclar correctamente y reducir el uso del papel.","breadcrumb":{"@id":"https:\/\/iscanner.com\/es\/sustainability\/#breadcrumb"},"inLanguage":"es","potentialAction":[{"@type":"ReadAction","target":["https:\/\/iscanner.com\/es\/sustainability\/"]}]},{"@type":"ImageObject","inLanguage":"es","@id":"https:\/\/iscanner.com\/es\/sustainability\/#primaryimage","url":"https:\/\/iscanner.com\/wp-content\/uploads\/2025\/12\/sustainability-leaf-1.png","contentUrl":"https:\/\/iscanner.com\/wp-content\/uploads\/2025\/12\/sustainability-leaf-1.png"},{"@type":"BreadcrumbList","@id":"https:\/\/iscanner.com\/es\/sustainability\/#breadcrumb","itemListElement":[{"@type":"ListItem","position":1,"name":"Home","item":"https:\/\/iscanner.com\/es\/"},{"@type":"ListItem","position":2,"name":"Sostenibilidad"}]},{"@type":"WebSite","@id":"https:\/\/iscanner.com\/es\/#website","url":"https:\/\/iscanner.com\/es\/","name":"iScanner","description":"Mobile Scanner App. Download for FREE (Android, iPhone)","potentialAction":[{"@type":"SearchAction","target":{"@type":"EntryPoint","urlTemplate":"https:\/\/iscanner.com\/es\/?s={search_term_string}"},"query-input":{"@type":"PropertyValueSpecification","valueRequired":true,"valueName":"search_term_string"}}],"inLanguage":"es"},{"@type":"SoftwareApplication","name":"Iscanner","operatingSystem":"iOS, Android","applicationCategory":"Document converter","aggregateRating":{"@type":"AggregateRating","ratingValue":"4.5","ratingCount":"100"}}]}},"uagb_featured_image_src":{"full":false,"thumbnail":false,"medium":false,"medium_large":false,"large":false,"1536x1536":false,"2048x2048":false,"trp-custom-language-flag":false},"uagb_author_info":{"display_name":"Pavel Zubarevich","author_link":"https:\/\/iscanner.com\/es\/author\/pavel-zubarevich\/"},"uagb_comment_info":0,"uagb_excerpt":"Tus hijos pueden participar en el voluntariado ecol\u00f3gico Con iScanner, ni\u00f1os y adolescentes pueden contribuir con su comunidad local. Si crees que la escuela de tus hijos usa demasiado papel, los invitamos a unirse a nuestro proyecto de voluntariado llamado \u00abGestiona tu consumo de papel para un futuro mejor\u00bb. Perm\u00edteles hacer una diferencia real de&hellip;","_links":{"self":[{"href":"https:\/\/iscanner.com\/es\/wp-json\/wp\/v2\/pages\/7856","targetHints":{"allow":["GET"]}}],"collection":[{"href":"https:\/\/iscanner.com\/es\/wp-json\/wp\/v2\/pages"}],"about":[{"href":"https:\/\/iscanner.com\/es\/wp-json\/wp\/v2\/types\/page"}],"author":[{"embeddable":true,"href":"https:\/\/iscanner.com\/es\/wp-json\/wp\/v2\/users\/9"}],"replies":[{"embeddable":true,"href":"https:\/\/iscanner.com\/es\/wp-json\/wp\/v2\/comments?post=7856"}],"version-history":[{"count":5,"href":"https:\/\/iscanner.com\/es\/wp-json\/wp\/v2\/pages\/7856\/revisions"}],"predecessor-version":[{"id":9705,"href":"https:\/\/iscanner.com\/es\/wp-json\/wp\/v2\/pages\/7856\/revisions\/9705"}],"wp:attachment":[{"href":"https:\/\/iscanner.com\/es\/wp-json\/wp\/v2\/media?parent=7856"}],"curies":[{"name":"wp","href":"https:\/\/api.w.org\/{rel}","templated":true}]}}