{"id":7850,"date":"2025-06-30T13:06:47","date_gmt":"2025-06-30T13:06:47","guid":{"rendered":"https:\/\/iscanner.com\/?page_id=7850"},"modified":"2025-12-08T14:21:58","modified_gmt":"2025-12-08T14:21:58","slug":"privacy-and-security","status":"publish","type":"page","link":"https:\/\/iscanner.com\/es\/privacy-and-security\/","title":{"rendered":"Privacidad y seguridad"},"content":{"rendered":"<section  class=\"section\" >\r\n    <div class=\"container\">\r\n        <div class=\"h2-center col-10 col-sm-12\">\r\n                        <h2>Nos preocupa tu privacidad<\/h2>\r\n            <p class=\"lead col-8 col-sm-12\">Los documentos se almacenan localmente en la aplicaci\u00f3n por defecto y la sincronizaci\u00f3n en la nube es opcional. Ni el desarrollador ni ning\u00fan tercero tienen acceso al contenido de tus archivos.<\/p>\r\n        <\/div>\r\n    <\/div>\r\n<\/section>\n\n<section class=\"section\">\r\n    <div class=\"container\">\r\n        <div class=\"gutenberg-features\">\r\n                            <div class=\"gutenberg-features__item\" style=\"background-color:#19b4ff; color:#ffffff;\">\r\n                    <div>\r\n                        <h3 class=\"gutenberg-features__title\">Cumplimiento estricto de protecci\u00f3n de datos<\/h3>\r\n                        <p class=\"gutenberg-features__text\">Cumplimos con el GDPR de la UE y la CCPA para proteger la privacidad del usuario.<\/p>\r\n                    <\/div>\r\n                    <div class=\"gutenberg-features__img\">\r\n                        <img decoding=\"async\" src=\"https:\/\/iscanner.com\/wp-content\/uploads\/2025\/12\/privacy-feature-1.png\" alt=\"\" title=\"\">\r\n                    <\/div>\r\n                <\/div>\r\n                            <div class=\"gutenberg-features__item\" style=\"background-color:#f3f5fc; color:#41485b;\">\r\n                    <div>\r\n                        <h3 class=\"gutenberg-features__title\">Tus documentos son locales<\/h3>\r\n                        <p class=\"gutenberg-features__text\">Tu perfil no se sincronizar\u00e1 con el almacenamiento en la nube a menos que t\u00fa lo decidas.<\/p>\r\n                    <\/div>\r\n                    <div class=\"gutenberg-features__img\">\r\n                        <img decoding=\"async\" src=\"https:\/\/iscanner.com\/wp-content\/uploads\/2025\/12\/privacy-feature-2.png\" alt=\"\" title=\"\">\r\n                    <\/div>\r\n                <\/div>\r\n                            <div class=\"gutenberg-features__item\" style=\"background-color:#f3f5fc; color:#41485b;\">\r\n                    <div>\r\n                        <h3 class=\"gutenberg-features__title\">Sin seguimiento de tu contenido<\/h3>\r\n                        <p class=\"gutenberg-features__text\">Ni nosotros ni otros terceros tenemos acceso al contenido de tus documentos. Otorgar acceso a tus documentos mediante el uso compartido est\u00e1 completamente bajo tu control.<\/p>\r\n                    <\/div>\r\n                    <div class=\"gutenberg-features__img\">\r\n                        <img decoding=\"async\" src=\"https:\/\/iscanner.com\/wp-content\/uploads\/2025\/12\/privacy-feature-3.png\" alt=\"\" title=\"\">\r\n                    <\/div>\r\n                <\/div>\r\n                            <div class=\"gutenberg-features__item\" style=\"background-color:#495795; color:#ffffff;\">\r\n                    <div>\r\n                        <h3 class=\"gutenberg-features__title\">Acceso controlado a tu c\u00e1mara y galer\u00eda.<\/h3>\r\n                        <p class=\"gutenberg-features__text\">La aplicaci\u00f3n requiere permiso para tareas espec\u00edficas: c\u00e1mara para escanear y galer\u00eda para subir archivos. La aplicaci\u00f3n solo accede a los archivos que seleccionas cada vez.<\/p>\r\n                    <\/div>\r\n                    <div class=\"gutenberg-features__img\">\r\n                        <img decoding=\"async\" src=\"https:\/\/iscanner.com\/wp-content\/uploads\/2025\/12\/privacy-feature-4.png\" alt=\"\" title=\"\">\r\n                    <\/div>\r\n                <\/div>\r\n                    <\/div>\r\n    <\/div>\r\n<\/section>\n\n<section  class=\"section\" >\r\n    <div class=\"container\">\r\n        <div class=\"h2-center col-11 col-sm-12\">\r\n                        <h2>\u00bfQu\u00e9 caracter\u00edsticas de seguridad diferencian a iScanner del resto?<\/h2>\r\n            <p class=\"lead col-8 col-sm-12\"><\/p>\r\n        <\/div>\r\n    <\/div>\r\n<\/section>\n\n<section class=\"section banner-1\">\r\n    <div class=\"container\">\r\n        <style>\r\n            @media(max-width: 767.98px) {\n  .banner-1 .excerpt-image {\n    margin-bottom: 0;\n  }\n  .banner-1 .excerpt-image img {\n    transform: scale(1.1);\n  }\n .banner-1 .excerpt-content p {\n    margin-bottom: 60px;\n  }\n}\n        <\/style>\r\n        <div class=\"excerpt\">\r\n            <div class=\"excerpt-image col-7 col-sm-12 mobile-bottom\" data-aos=\"fade-right\">\r\n                <img decoding=\"async\" src=\"https:\/\/iscanner.com\/wp-content\/uploads\/2025\/12\/privacy-banner-1.png\" alt=\"\" title=\"\">\r\n            <\/div>\r\n            <div class=\"excerpt-content col-5 col-sm-12\" data-aos=\"fade-left\">\r\n                <h2>Bloquea informaci\u00f3n sensible con PIN, Face ID o Touch ID<\/h2>\r\n                <p>Puedes crear un PIN que solo t\u00fa conozcas o configurar Face ID o Touch ID para proteger toda la aplicaci\u00f3n iScanner o bloquear carpetas y documentos espec\u00edficos.<\/p>\n            <\/div>\r\n        <\/div>\r\n    <\/div>\r\n<\/section>\n\n<section class=\"section banner-2\">\r\n    <div class=\"container\">\r\n        <style>\r\n            @media(max-width: 767.98px) {\n.banner-2 .excerpt-image {\nmargin-bottom: 0;\n}\n.banner-2 .excerpt-image img {\ntransform: scale(1.1);\n}\n.banner-2 .excerpt-content p {\nmargin-bottom: 60px;\n}\n}\n        <\/style>\r\n        <div class=\"excerpt rtl\">\r\n            <div class=\"excerpt-image col-7 col-sm-12 mobile-bottom\" data-aos=\"fade-left\">\r\n                <img decoding=\"async\" src=\"https:\/\/iscanner.com\/wp-content\/uploads\/2025\/12\/privacy-banner-2.png\" alt=\"\" title=\"\">\r\n            <\/div>\r\n            <div class=\"excerpt-content col-5 col-sm-12\" data-aos=\"fade-right\">\r\n                <h2>Protege los PDF que compartes: agrega una contrase\u00f1a o establece una fecha de vencimiento del enlace.<\/h2>\r\n                <p>Agrega una contrase\u00f1a antes de enviar un PDF para asegurar que solo t\u00fa y el destinatario puedan acceder al archivo. Tambi\u00e9n puedes establecer una fecha de vencimiento personalizada del enlace, para que el archivo no sea accesible para nadie despu\u00e9s de que expire.<\/p>\n            <\/div>\r\n        <\/div>\r\n    <\/div>\r\n<\/section>\n\n<section class=\"section banner-3\">\r\n    <div class=\"container\">\r\n        <style>\r\n            @media(max-width: 767.98px) {\n.banner-3 .excerpt-image {\nmargin-bottom: 0;\n}\n.banner-3 .excerpt-image img {\ntransform: scale(1.1);\n}\n.banner-3 .excerpt-content p {\nmargin-bottom: 60px;\n}\n}\n        <\/style>\r\n        <div class=\"excerpt\">\r\n            <div class=\"excerpt-image col-7 col-sm-12 mobile-bottom\" data-aos=\"fade-right\">\r\n                <img decoding=\"async\" src=\"https:\/\/iscanner.com\/wp-content\/uploads\/2025\/12\/privacy-banner-3.png\" alt=\"\" title=\"\">\r\n            <\/div>\r\n            <div class=\"excerpt-content col-5 col-sm-12\" data-aos=\"fade-left\">\r\n                <h2>Aumenta la seguridad de tus archivos con la carpeta de Caja fuerte y una contrase\u00f1a se\u00f1uelo<\/h2>\r\n                <p>La carpeta de Caja fuerte protege tus documentos con un c\u00f3digo de acceso que solo t\u00fa conoces. Una contrase\u00f1a se\u00f1uelo agrega seguridad adicional al ocultar tus archivos importantes y mostrar archivos insignificantes si alguien te obliga a desbloquear tu dispositivo.<\/p>\n            <\/div>\r\n        <\/div>\r\n    <\/div>\r\n<\/section>\n\n<section class=\"section banner-4\">\r\n    <div class=\"container\">\r\n        <style>\r\n            @media(max-width: 767.98px) {\n.banner-4 .excerpt-image {\nmargin-bottom: 0;\n}\n.banner-4 .excerpt-image img {\ntransform: scale(1.1);\n}\n.banner-4 .excerpt-content p {\nmargin-bottom: 60px;\n}\n}\n        <\/style>\r\n        <div class=\"excerpt rtl\">\r\n            <div class=\"excerpt-image col-7 col-sm-12 mobile-bottom\" data-aos=\"fade-left\">\r\n                <img decoding=\"async\" src=\"https:\/\/iscanner.com\/wp-content\/uploads\/2025\/12\/privacy-banner-4.png\" alt=\"\" title=\"\">\r\n            <\/div>\r\n            <div class=\"excerpt-content col-5 col-sm-12\" data-aos=\"fade-right\">\r\n                <h2>Cierra sesi\u00f3n de forma remota si lo necesitas.<\/h2>\r\n                <p>Protege tus documentos sensibles y te permite cerrar sesi\u00f3n de tu cuenta iScanner de forma remote en un dispositivo que hayas perdido, elimina todos los archivos almacenados de inmediato y evita el acceso no autorizado. De esta manera, tus datos permanecen seguros incluso si pierdes o te roban tu tel\u00e9fono o tableta.<\/p>\n            <\/div>\r\n        <\/div>\r\n    <\/div>\r\n<\/section>\n\n<section class=\"section\">\r\n    <div class=\"container\">\r\n        <style>\r\n            .privacy-banner a {\nfont-size: 16px;\npadding: 0 50px;\nmargin-top: 60px;\n}\n.privacy-banner p {\ncolor: #41485B;\n}\n@media(max-width: 1024px) {\n.privacy-banner a {\nmargin-top: 40px\n}\n}\n        <\/style>\r\n        <div class=\"customizable-banner privacy-banner right mobile-top\" style=\"background-color: #f8fdff; border: 1px solid #b0d6f8;\">\r\n            <div class=\"customizable-banner__content\" data-aos=\"fade-down\">\r\n                <h2>Almacenamiento seguro en la nube<\/h2>\r\n                                    <p><strong>Tus archivos<\/strong> se almacenan en <strong>servidores de AWS<\/strong>, el proveedor de la nube l\u00edder en el mundo, <strong>en quien conf\u00edan la mayor\u00eda de las empresas Fortune 500<\/strong> y que cuenta con los mismos est\u00e1ndares de seguridad que el ej\u00e9rcito y los bancos m\u00e1s importantes.<\/p>\n<p><strong>El almacenamiento en la nube es opcional<\/strong> y puedes volver al almacenamiento local en cualquier momento.<br \/>\n<a class=\"btn btn-banner\" href=\"https:\/\/iscanner.com\/es\/cloud\/\">M\u00e1s informaci\u00f3n<\/a><\/p>\n                            <\/div>\r\n                            <div class=\"customizable-banner__image\" data-aos=\"fade-up\">\r\n                    <picture>\r\n                                                                            <source media=\"(min-width:1024px)\" srcset=\"https:\/\/iscanner.com\/wp-content\/uploads\/2025\/12\/privacy-banner-5.svg\">\r\n                            <img decoding=\"async\" src=\"https:\/\/iscanner.com\/wp-content\/uploads\/2025\/12\/privacy-banner-5.svg\">\r\n                                            <\/picture>\r\n                <\/div>\r\n                    <\/div>\r\n    <\/div>\r\n<\/section>\n\n<section  class=\"section\" >\r\n    <div class=\"container\">\r\n        <div class=\"h2-center col-10 col-sm-12\">\r\n                            <a target=\"_blank\" href=\"https:\/\/app-eu1.hubspotdocuments.com\/documents\/2378615\/view\/509573829?accessId=fa4575\">\r\n                                            <img decoding=\"async\" class=\"headline-img\" src=\"https:\/\/iscanner.com\/wp-content\/uploads\/2025\/12\/privacy-banner-6.png\" \/>\r\n                                    <\/a>\r\n                        <h2>La aplicaci\u00f3n m\u00e1s segura de Android en 2022<\/h2>\r\n            <p class=\"lead col-8 col-sm-12\">En su informe de 2023, el proveedor de seguridad de aplicaciones Pradeo incluy\u00f3 a iScanner entre las aplicaciones empresariales m\u00e1s seguras de Android en su categor\u00eda, despu\u00e9s de analizar 49 aplicaciones de esc\u00e1ner.<\/p>\r\n        <\/div>\r\n    <\/div>\r\n<\/section>","protected":false},"excerpt":{"rendered":"","protected":false},"author":9,"featured_media":0,"parent":0,"menu_order":0,"comment_status":"closed","ping_status":"closed","template":"template\/feature-new.php","meta":{"footnotes":""},"class_list":["post-7850","page","type-page","status-publish","hentry"],"yoast_head":"<!-- This site is optimized with the Yoast SEO plugin v24.5 - https:\/\/yoast.com\/wordpress\/plugins\/seo\/ -->\n<title>iScanner - Aplicaci\u00f3n de escaneo segura y privada<\/title>\n<meta name=\"description\" content=\"iScanner guarda documentos confidenciales solo en la app del tel\u00e9fono del usuario: ni el desarrollador ni otros terceros tendr\u00e1n acceso a ellos. Cumplimiento total con los protocolos de seguridad BBB.\" \/>\n<meta name=\"robots\" content=\"index, follow, max-snippet:-1, max-image-preview:large, max-video-preview:-1\" \/>\n<link rel=\"canonical\" href=\"https:\/\/iscanner.com\/es\/privacy-and-security\/\" \/>\n<meta property=\"og:locale\" content=\"es_ES\" \/>\n<meta property=\"og:type\" content=\"article\" \/>\n<meta property=\"og:title\" content=\"iScanner - Private and Secure Scanning Application\" \/>\n<meta property=\"og:description\" content=\"iScanner stores confidential documents only in the app on the user&#039;s phone: neither the developer nor third parties have access to it. Full compliance with BBB security protocols.\" \/>\n<meta property=\"og:url\" content=\"https:\/\/iscanner.com\/es\/privacy-and-security\/\" \/>\n<meta property=\"og:site_name\" content=\"iScanner\" \/>\n<meta property=\"article:modified_time\" content=\"2025-12-08T14:21:58+00:00\" \/>\n<meta name=\"twitter:card\" content=\"summary_large_image\" \/>\n<meta name=\"twitter:title\" content=\"iScanner - Private and Secure Scanning Application\" \/>\n<meta name=\"twitter:description\" content=\"iScanner stores confidential documents only in the app on the user&#039;s phone: neither the developer nor third parties have access to it. Full compliance with BBB security protocols.\" \/>\n<!-- \/ Yoast SEO plugin. -->","yoast_head_json":{"title":"iScanner - Aplicaci\u00f3n de escaneo segura y privada","description":"iScanner guarda documentos confidenciales solo en la app del tel\u00e9fono del usuario: ni el desarrollador ni otros terceros tendr\u00e1n acceso a ellos. Cumplimiento total con los protocolos de seguridad BBB.","robots":{"index":"index","follow":"follow","max-snippet":"max-snippet:-1","max-image-preview":"max-image-preview:large","max-video-preview":"max-video-preview:-1"},"canonical":"https:\/\/iscanner.com\/es\/privacy-and-security\/","og_locale":"es_ES","og_type":"article","og_title":"iScanner - Private and Secure Scanning Application","og_description":"iScanner stores confidential documents only in the app on the user's phone: neither the developer nor third parties have access to it. Full compliance with BBB security protocols.","og_url":"https:\/\/iscanner.com\/es\/privacy-and-security\/","og_site_name":"iScanner","article_modified_time":"2025-12-08T14:21:58+00:00","twitter_card":"summary_large_image","twitter_title":"iScanner - Private and Secure Scanning Application","twitter_description":"iScanner stores confidential documents only in the app on the user's phone: neither the developer nor third parties have access to it. Full compliance with BBB security protocols.","schema":{"@context":"https:\/\/schema.org","@graph":[{"@type":"WebPage","@id":"https:\/\/iscanner.com\/es\/privacy-and-security\/","url":"https:\/\/iscanner.com\/es\/privacy-and-security\/","name":"iScanner - Aplicaci\u00f3n de escaneo segura y privada","isPartOf":{"@id":"https:\/\/iscanner.com\/es\/#website"},"datePublished":"2025-06-30T13:06:47+00:00","dateModified":"2025-12-08T14:21:58+00:00","description":"iScanner guarda documentos confidenciales solo en la app del tel\u00e9fono del usuario: ni el desarrollador ni otros terceros tendr\u00e1n acceso a ellos. Cumplimiento total con los protocolos de seguridad BBB.","breadcrumb":{"@id":"https:\/\/iscanner.com\/es\/privacy-and-security\/#breadcrumb"},"inLanguage":"es","potentialAction":[{"@type":"ReadAction","target":["https:\/\/iscanner.com\/es\/privacy-and-security\/"]}]},{"@type":"BreadcrumbList","@id":"https:\/\/iscanner.com\/es\/privacy-and-security\/#breadcrumb","itemListElement":[{"@type":"ListItem","position":1,"name":"Home","item":"https:\/\/iscanner.com\/es\/"},{"@type":"ListItem","position":2,"name":"Privacidad y seguridad"}]},{"@type":"WebSite","@id":"https:\/\/iscanner.com\/es\/#website","url":"https:\/\/iscanner.com\/es\/","name":"iScanner","description":"Mobile Scanner App. Download for FREE (Android, iPhone)","potentialAction":[{"@type":"SearchAction","target":{"@type":"EntryPoint","urlTemplate":"https:\/\/iscanner.com\/es\/?s={search_term_string}"},"query-input":{"@type":"PropertyValueSpecification","valueRequired":true,"valueName":"search_term_string"}}],"inLanguage":"es"},{"@type":"SoftwareApplication","name":"Iscanner","operatingSystem":"iOS, Android","applicationCategory":"Document converter","aggregateRating":{"@type":"AggregateRating","ratingValue":"4.5","ratingCount":"100"}}]}},"uagb_featured_image_src":{"full":false,"thumbnail":false,"medium":false,"medium_large":false,"large":false,"1536x1536":false,"2048x2048":false,"trp-custom-language-flag":false},"uagb_author_info":{"display_name":"Pavel Zubarevich","author_link":"https:\/\/iscanner.com\/es\/author\/pavel-zubarevich\/"},"uagb_comment_info":0,"uagb_excerpt":null,"_links":{"self":[{"href":"https:\/\/iscanner.com\/es\/wp-json\/wp\/v2\/pages\/7850","targetHints":{"allow":["GET"]}}],"collection":[{"href":"https:\/\/iscanner.com\/es\/wp-json\/wp\/v2\/pages"}],"about":[{"href":"https:\/\/iscanner.com\/es\/wp-json\/wp\/v2\/types\/page"}],"author":[{"embeddable":true,"href":"https:\/\/iscanner.com\/es\/wp-json\/wp\/v2\/users\/9"}],"replies":[{"embeddable":true,"href":"https:\/\/iscanner.com\/es\/wp-json\/wp\/v2\/comments?post=7850"}],"version-history":[{"count":10,"href":"https:\/\/iscanner.com\/es\/wp-json\/wp\/v2\/pages\/7850\/revisions"}],"predecessor-version":[{"id":9752,"href":"https:\/\/iscanner.com\/es\/wp-json\/wp\/v2\/pages\/7850\/revisions\/9752"}],"wp:attachment":[{"href":"https:\/\/iscanner.com\/es\/wp-json\/wp\/v2\/media?parent=7850"}],"curies":[{"name":"wp","href":"https:\/\/api.w.org\/{rel}","templated":true}]}}