{"id":7844,"date":"2025-06-30T13:05:41","date_gmt":"2025-06-30T13:05:41","guid":{"rendered":"https:\/\/iscanner.com\/?page_id=7844"},"modified":"2025-06-30T13:05:41","modified_gmt":"2025-06-30T13:05:41","slug":"advanced-technology","status":"publish","type":"page","link":"https:\/\/iscanner.com\/es\/advanced-technology\/","title":{"rendered":"Tecnolog\u00eda avanzada"},"content":{"rendered":"<section  class=\"section\" >\r\n    <div class=\"container\">\r\n        <div class=\"h2-center col-10 col-sm-12\">\r\n                        <h2>Tenemos la misi\u00f3n de brindar soluciones de tecnolog\u00eda avanzada.<\/h2>\r\n            <p class=\"lead col-8 col-sm-12\">Aunque escanees un documento mientras viajas, obtendr\u00e1s una imagen perfectamente clara. La tecnolog\u00eda de IA mejora el proceso de escanear recibos, facturas y otros documentos.<\/p>\r\n        <\/div>\r\n    <\/div>\r\n<\/section>\n\n<section class=\"section\">\r\n    <div class=\"container\">\r\n        <style>\r\n                    <\/style>\r\n        <div class=\"excerpt\">\r\n            <div class=\"excerpt-image col-7 col-sm-12 mobile-\" data-aos=\"fade-right\">\r\n                <img decoding=\"async\" src=\"https:\/\/iscanner.com\/wp-content\/uploads\/2024\/10\/excerpt-1-1.png\" alt=\"\" title=\"\">\r\n            <\/div>\r\n            <div class=\"excerpt-content col-5 col-sm-12\" data-aos=\"fade-left\">\r\n                <h2>Visi\u00f3n de IA y computadora<\/h2>\r\n                <p><span style=\"font-weight: 400;\">El reconocimiento se basa en una red neural de autoaprendizaje, que detecta bordes y corta documentos sin perder calidad.<\/span><\/p>\n            <\/div>\r\n        <\/div>\r\n    <\/div>\r\n<\/section>\n\n<section class=\"section\">\r\n    <div class=\"container\">\r\n        <style>\r\n                    <\/style>\r\n        <div class=\"excerpt rtl\">\r\n            <div class=\"excerpt-image col-7 col-sm-12 mobile-\" data-aos=\"fade-left\">\r\n                <img decoding=\"async\" src=\"https:\/\/iscanner.com\/wp-content\/uploads\/2024\/10\/excerpt-2-1.png\" alt=\"\" title=\"\">\r\n            <\/div>\r\n            <div class=\"excerpt-content col-5 col-sm-12\" data-aos=\"fade-right\">\r\n                <h2>An\u00e1lisis de flujo de video<\/h2>\r\n                <p><span style=\"font-weight: 400;\">iScanner no solo toma una foto separada, sino que utiliza un flujo de video que comparar varios fotogramas y elige el mejor, lo que aumenta la nitidez y la calidad del objeto escaneado. <\/span><\/p>\n            <\/div>\r\n        <\/div>\r\n    <\/div>\r\n<\/section>\n\n<section class=\"section\">\r\n    <div class=\"container\">\r\n        <div class=\"banner device-bg\" style=\"background-color: #f3f5fc; \">\r\n            <div class=\"banner-content col-5 col-lg-6 col-sm-12\" data-aos=\"fade-down\">\r\n                <h2>Transformaci\u00f3n de perspectiva<\/h2>\r\n                <p class=\"lead\">iScanner aplica una transformaci\u00f3n de perspectiva desde un punto de vista 3D a una versi\u00f3n escaneada para formatos de documentos como A4 o ID, y produce una imagen perfectamente rectangular.<\/p>\r\n            <\/div>\r\n            <div class=\"banner-image col-6 col-lg-5 col-sm-12 banner-image-bottom\" style=\"background-color: #f3f5fc; \" data-aos=\"fade-up\">\r\n                <img class=\"lozad\" data-src=\"https:\/\/iscanner.com\/wp-content\/uploads\/2021\/05\/perspective.jpeg\" alt=\"\" title=\"\">\r\n            <\/div>\r\n        <\/div>\r\n    <\/div>\r\n<\/section>\n\n<section class=\"section\">\r\n    <div class=\"container\">\r\n        <style>\r\n                    <\/style>\r\n        <div class=\"excerpt\">\r\n            <div class=\"excerpt-image col-7 col-sm-12 mobile-\" data-aos=\"fade-right\">\r\n                <img decoding=\"async\" src=\"https:\/\/iscanner.com\/wp-content\/uploads\/2024\/10\/ai-powered.png\" alt=\"\" title=\"\">\r\n            <\/div>\r\n            <div class=\"excerpt-content col-5 col-sm-12\" data-aos=\"fade-left\">\r\n                <h2>Enderezador de escaneos potenciado con IA<\/h2>\r\n                <p>Detecta autom\u00e1ticamente las distorsiones<br \/>\nEndereza l\u00edneas de texto deformadas<br \/>\nMejora la precisi\u00f3n del OCR cuando el documento original est\u00e1 doblado o deformado<br \/>\nRestaura la geometr\u00eda de un documento<\/p>\n            <\/div>\r\n        <\/div>\r\n    <\/div>\r\n<\/section>","protected":false},"excerpt":{"rendered":"","protected":false},"author":9,"featured_media":0,"parent":0,"menu_order":0,"comment_status":"closed","ping_status":"closed","template":"template\/feature.php","meta":{"footnotes":""},"class_list":["post-7844","page","type-page","status-publish","hentry"],"yoast_head":"<!-- This site is optimized with the Yoast SEO plugin v24.5 - https:\/\/yoast.com\/wordpress\/plugins\/seo\/ -->\n<title>iScanner - Tecnolog\u00edas de escaneo avanzadas<\/title>\n<meta name=\"description\" content=\"iScanner usa tecnolog\u00edas avanzadas de escaneo con visi\u00f3n de IA y computadora. Obtendr\u00e1s una imagen perfectamente clara de alta calidad, incluso si escaneas una hoja de papel arrugada.\" \/>\n<meta name=\"robots\" content=\"index, follow, max-snippet:-1, max-image-preview:large, max-video-preview:-1\" \/>\n<link rel=\"canonical\" href=\"https:\/\/iscanner.com\/es\/advanced-technology\/\" \/>\n<meta property=\"og:locale\" content=\"es_ES\" \/>\n<meta property=\"og:type\" content=\"article\" \/>\n<meta property=\"og:title\" content=\"iScanner - Advanced Scanning Technologies\" \/>\n<meta property=\"og:description\" content=\"iScanner uses advanced scanner technologies using AI &amp; Computer vision. You will get a perfectly clear, top-quality image even if you scan a crumpled sheet of paper.\" \/>\n<meta property=\"og:url\" content=\"https:\/\/iscanner.com\/es\/advanced-technology\/\" \/>\n<meta property=\"og:site_name\" content=\"iScanner\" \/>\n<meta name=\"twitter:card\" content=\"summary_large_image\" \/>\n<meta name=\"twitter:title\" content=\"iScanner - Advanced Scanning Technologies\" \/>\n<meta name=\"twitter:description\" content=\"iScanner uses advanced scanner technologies using AI &amp; Computer vision. You will get a perfectly clear, top-quality image even if you scan a crumpled sheet of paper.\" \/>\n<!-- \/ Yoast SEO plugin. -->","yoast_head_json":{"title":"iScanner - Tecnolog\u00edas de escaneo avanzadas","description":"iScanner usa tecnolog\u00edas avanzadas de escaneo con visi\u00f3n de IA y computadora. Obtendr\u00e1s una imagen perfectamente clara de alta calidad, incluso si escaneas una hoja de papel arrugada.","robots":{"index":"index","follow":"follow","max-snippet":"max-snippet:-1","max-image-preview":"max-image-preview:large","max-video-preview":"max-video-preview:-1"},"canonical":"https:\/\/iscanner.com\/es\/advanced-technology\/","og_locale":"es_ES","og_type":"article","og_title":"iScanner - Advanced Scanning Technologies","og_description":"iScanner uses advanced scanner technologies using AI & Computer vision. You will get a perfectly clear, top-quality image even if you scan a crumpled sheet of paper.","og_url":"https:\/\/iscanner.com\/es\/advanced-technology\/","og_site_name":"iScanner","twitter_card":"summary_large_image","twitter_title":"iScanner - Advanced Scanning Technologies","twitter_description":"iScanner uses advanced scanner technologies using AI & Computer vision. You will get a perfectly clear, top-quality image even if you scan a crumpled sheet of paper.","schema":{"@context":"https:\/\/schema.org","@graph":[{"@type":"WebPage","@id":"https:\/\/iscanner.com\/es\/advanced-technology\/","url":"https:\/\/iscanner.com\/es\/advanced-technology\/","name":"iScanner - Tecnolog\u00edas de escaneo avanzadas","isPartOf":{"@id":"https:\/\/iscanner.com\/es\/#website"},"datePublished":"2025-06-30T13:05:41+00:00","description":"iScanner usa tecnolog\u00edas avanzadas de escaneo con visi\u00f3n de IA y computadora. Obtendr\u00e1s una imagen perfectamente clara de alta calidad, incluso si escaneas una hoja de papel arrugada.","breadcrumb":{"@id":"https:\/\/iscanner.com\/es\/advanced-technology\/#breadcrumb"},"inLanguage":"es","potentialAction":[{"@type":"ReadAction","target":["https:\/\/iscanner.com\/es\/advanced-technology\/"]}]},{"@type":"BreadcrumbList","@id":"https:\/\/iscanner.com\/es\/advanced-technology\/#breadcrumb","itemListElement":[{"@type":"ListItem","position":1,"name":"Home","item":"https:\/\/iscanner.com\/es\/"},{"@type":"ListItem","position":2,"name":"Tecnolog\u00eda avanzada"}]},{"@type":"WebSite","@id":"https:\/\/iscanner.com\/es\/#website","url":"https:\/\/iscanner.com\/es\/","name":"iScanner","description":"Mobile Scanner App. Download for FREE (Android, iPhone)","potentialAction":[{"@type":"SearchAction","target":{"@type":"EntryPoint","urlTemplate":"https:\/\/iscanner.com\/es\/?s={search_term_string}"},"query-input":{"@type":"PropertyValueSpecification","valueRequired":true,"valueName":"search_term_string"}}],"inLanguage":"es"},{"@type":"SoftwareApplication","name":"Iscanner","operatingSystem":"iOS, Android","applicationCategory":"Document converter","aggregateRating":{"@type":"AggregateRating","ratingValue":"4.5","ratingCount":"100"}}]}},"uagb_featured_image_src":{"full":false,"thumbnail":false,"medium":false,"medium_large":false,"large":false,"1536x1536":false,"2048x2048":false,"trp-custom-language-flag":false},"uagb_author_info":{"display_name":"Pavel Zubarevich","author_link":"https:\/\/iscanner.com\/es\/author\/pavel-zubarevich\/"},"uagb_comment_info":0,"uagb_excerpt":null,"_links":{"self":[{"href":"https:\/\/iscanner.com\/es\/wp-json\/wp\/v2\/pages\/7844","targetHints":{"allow":["GET"]}}],"collection":[{"href":"https:\/\/iscanner.com\/es\/wp-json\/wp\/v2\/pages"}],"about":[{"href":"https:\/\/iscanner.com\/es\/wp-json\/wp\/v2\/types\/page"}],"author":[{"embeddable":true,"href":"https:\/\/iscanner.com\/es\/wp-json\/wp\/v2\/users\/9"}],"replies":[{"embeddable":true,"href":"https:\/\/iscanner.com\/es\/wp-json\/wp\/v2\/comments?post=7844"}],"version-history":[{"count":2,"href":"https:\/\/iscanner.com\/es\/wp-json\/wp\/v2\/pages\/7844\/revisions"}],"predecessor-version":[{"id":7847,"href":"https:\/\/iscanner.com\/es\/wp-json\/wp\/v2\/pages\/7844\/revisions\/7847"}],"wp:attachment":[{"href":"https:\/\/iscanner.com\/es\/wp-json\/wp\/v2\/media?parent=7844"}],"curies":[{"name":"wp","href":"https:\/\/api.w.org\/{rel}","templated":true}]}}