{"id":7839,"date":"2025-06-30T13:06:12","date_gmt":"2025-06-30T13:06:12","guid":{"rendered":"https:\/\/iscanner.com\/?page_id=7839"},"modified":"2025-06-30T13:06:13","modified_gmt":"2025-06-30T13:06:13","slug":"high-performance","status":"publish","type":"page","link":"https:\/\/iscanner.com\/es\/high-performance\/","title":{"rendered":"Alto desempe\u00f1o"},"content":{"rendered":"<section  class=\"section\" >\r\n    <div class=\"container\">\r\n        <div class=\"h2-center col-10 col-sm-12\">\r\n                        <h2>Queremos brindarles a nuestros usuarios todas las herramientas que necesitan<\/h2>\r\n            <p class=\"lead col-8 col-sm-12\">iScanner tiene varios modos de escaneo y de edici\u00f3n avanzada.<\/p>\r\n        <\/div>\r\n    <\/div>\r\n<\/section>\n\n<section >\r\n    <div class=\"container\">\r\n        <div class=\"h2-center col-10 col-sm-12 activeblue\">\r\n                        <h2>M\u00faltiples modos de escaneo<\/h2>\r\n            <p class=\"lead col-8 col-sm-12\"><\/p>\r\n        <\/div>\r\n    <\/div>\r\n<\/section>\n\n<section class=\"section\">\r\n    <div class=\"container\">\r\n        <style>\r\n                    <\/style>\r\n        <div class=\"excerpt\">\r\n            <div class=\"excerpt-image col-7 col-sm-12 mobile-\" data-aos=\"fade-right\">\r\n                <img decoding=\"async\" src=\"https:\/\/iscanner.com\/wp-content\/uploads\/2024\/10\/app-ui.png\" alt=\"\" title=\"\">\r\n            <\/div>\r\n            <div class=\"excerpt-content col-5 col-sm-12\" data-aos=\"fade-left\">\r\n                <h2>Escanea tus documentos<\/h2>\r\n                <p><span style=\"font-weight: 400;\">Escanea tus documentos, ID, recibos y m\u00e1s a PDF o importa documentos de tu galer\u00eda. iScanner tambi\u00e9n tiene funciones para una productividad mejorada:<\/span><\/p>\n            <\/div>\r\n        <\/div>\r\n    <\/div>\r\n<\/section>\n\n<section class=\"section cards\">\r\n    <div class=\"container\">\r\n        <div class=\"cards-list row-flex\">\r\n                        <div class=\"cards-list__item col-4\" data-aos=\"zoom-in\">\r\n                <div class=\"cards-list__item-img\">\r\n                    <img decoding=\"async\" src=\"https:\/\/iscanner.com\/wp-content\/uploads\/2021\/05\/count.svg\" alt=\"\" title=\"\">\r\n                <\/div>\r\n                <h2 class=\"mainblue\">Modo de recuento<\/h2>\r\n                <p>Funci\u00f3n de IA para contar objetos similares.<\/p>\r\n            <\/div>\r\n                        <div class=\"cards-list__item col-4\" data-aos=\"zoom-in\">\r\n                <div class=\"cards-list__item-img\">\r\n                    <img decoding=\"async\" src=\"https:\/\/iscanner.com\/wp-content\/uploads\/2021\/05\/math.svg\" alt=\"\" title=\"\">\r\n                <\/div>\r\n                <h2 class=\"mainblue\">Matem\u00e1tica<\/h2>\r\n                <p>Funci\u00f3n para resolver ecuaciones y problemas matem\u00e1ticos.<\/p>\r\n            <\/div>\r\n                        <div class=\"cards-list__item col-4\" data-aos=\"zoom-in\">\r\n                <div class=\"cards-list__item-img\">\r\n                    <img decoding=\"async\" src=\"https:\/\/iscanner.com\/wp-content\/uploads\/2021\/05\/area.svg\" alt=\"\" title=\"\">\r\n                <\/div>\r\n                <h2 class=\"mainblue\">\u00c1rea<\/h2>\r\n                <p>C\u00e1lculo autom\u00e1tico de la longitud y \u00e1rea de diferentes objetos.<\/p>\r\n            <\/div>\r\n                    <\/div>\r\n    <\/div>\r\n<\/section>\r\n\n\n<section class=\"section\">\r\n    <div class=\"container\">\r\n        <style>\r\n                    <\/style>\r\n        <div class=\"excerpt rtl\">\r\n            <div class=\"excerpt-image col-7 col-sm-12 mobile-\" data-aos=\"fade-left\">\r\n                <img decoding=\"async\" src=\"https:\/\/iscanner.com\/wp-content\/uploads\/2024\/10\/text-recognition.png\" alt=\"\" title=\"\">\r\n            <\/div>\r\n            <div class=\"excerpt-content col-5 col-sm-12\" data-aos=\"fade-right\">\r\n                <h2>Reconocimiento de texto (OCR)<\/h2>\r\n                <p><span style=\"font-weight: 400;\">Extrae texto de una p\u00e1gina escaneada, ed\u00edtalo y gu\u00e1rdalo como un documento nuevo. El esc\u00e1ner de texto con OCR reconoce m\u00e1s de 23 idiomas y puede detectar m\u00faltiples idiomas en un documento.<\/span><\/p>\n            <\/div>\r\n        <\/div>\r\n    <\/div>\r\n<\/section>\n\n<section class=\"section\">\n    <div class=\"container\">\n        <div class=\"banner banner-advanced-editing device-bg  ltr\" style=\"background-color: #f3f5fc; height:527px;\">\n            <div class=\"banner-image col-6 col-lg-5 col-sm-12 banner-image-bottom\" style=\"background-color: #f3f5fc;\" data-aos=\"fade-up\">\n                <img class=\"lozad\" data-src=\"https:\/\/iscanner.com\/wp-content\/uploads\/2023\/12\/advanced-editing.png\" alt=\"\" title=\"\">\n            <\/div>\n            <div class=\"banner-content col-5 col-lg-6 col-sm-12\" data-aos=\"fade-down\">\n                <h2>Edici\u00f3n avanzada<\/h2>\n                <p class=\"lead\">Herramienta de Marcar, Ocultar y Texto: agrega y edita texto, autocompleta tus documentos usando plantillas personalizadas.<\/p>\n            <\/div>\n        <\/div>\n    <\/div>\n<\/section>\n\n\n<section class=\"section\">\r\n    <div class=\"container\">\r\n        <style>\r\n                    <\/style>\r\n        <div class=\"excerpt rtl\">\r\n            <div class=\"excerpt-image col-7 col-sm-12 mobile-\" data-aos=\"fade-left\">\r\n                <img decoding=\"async\" src=\"https:\/\/iscanner.com\/wp-content\/uploads\/2024\/10\/document-sharing.png\" alt=\"\" title=\"\">\r\n            <\/div>\r\n            <div class=\"excerpt-content col-5 col-sm-12\" data-aos=\"fade-right\">\r\n                <h2>Compartir documentos f\u00e1cilmente<\/h2>\r\n                <ul>\n<li>Escanea documentos a PDF, JPG, PPT o convi\u00e9rtelos a TXT, EXCEL, DOC,\u00a0y comp\u00e1rtelos con unas pocas acciones<\/li>\n<li>Imprime contratos y facturas directamente desde la app de escaneo<\/li>\n<li>Comparte y sube documentos escaneados a los servicios de nube como Dropbox, Evernote o Google Drive<\/li>\n<\/ul>\n            <\/div>\r\n        <\/div>\r\n    <\/div>\r\n<\/section>\n\n<section class=\"section\">\n    <div class=\"container\">\n        <div class=\"banner banner-cloud-sync device-bg  ltr\" style=\"background-color: #f3f5fc; height:527px;\">\n            <div class=\"banner-image col-5 col-lg-5 col-sm-12 banner-image-bottom\" style=\"background-color: #f3f5fc;\" data-aos=\"fade-up\">\n                <img class=\"lozad\" data-src=\"https:\/\/iscanner.com\/wp-content\/uploads\/2023\/12\/sync-files.png\" alt=\"\" title=\"\">\n            <\/div>\n            <div class=\"banner-content col-6 col-lg-6 col-sm-12\" data-aos=\"fade-down\">\n                <h2>Haz copias de seguridad y sincroniza tus archivos<\/h2>\n                <p class=\"lead\"><ul>\r\n<li>\u00a1Un solo lugar para todo! Obt\u00e9n 200 MB, 10 o 100 GB de espacio de almacenamiento en iScanner Cloud.<\/li>\r\n<li>Sigue trabajando donde lo dejaste en cualquier dispositivo.<\/li>\r\n<li>Trabaja sin internet.<\/li>\r\n<\/ul><\/p>\n            <\/div>\n        <\/div>\n    <\/div>\n<\/section>","protected":false},"excerpt":{"rendered":"","protected":false},"author":9,"featured_media":0,"parent":0,"menu_order":0,"comment_status":"closed","ping_status":"closed","template":"template\/feature.php","meta":{"footnotes":""},"class_list":["post-7839","page","type-page","status-publish","hentry"],"yoast_head":"<!-- This site is optimized with the Yoast SEO plugin v24.5 - https:\/\/yoast.com\/wordpress\/plugins\/seo\/ -->\n<title>Reconoce, edita, comparte o imprime documentos con iScanner<\/title>\n<meta name=\"description\" content=\"Escanea tus documentos de identidad y m\u00e1s como PDF. Usa el reconocimiento de texto para editar los documentos escaneados y gu\u00e1rdalos como archivos nuevos. Comparte o imprime documentos desde la app de iScanner.\" \/>\n<meta name=\"robots\" content=\"index, follow, max-snippet:-1, max-image-preview:large, max-video-preview:-1\" \/>\n<link rel=\"canonical\" href=\"https:\/\/iscanner.com\/es\/high-performance\/\" \/>\n<meta property=\"og:locale\" content=\"es_ES\" \/>\n<meta property=\"og:type\" content=\"article\" \/>\n<meta property=\"og:title\" content=\"Recognize, Edit, Share, or Print Documents with iScanner\" \/>\n<meta property=\"og:description\" content=\"Scan your documents IDs, receipts, and more into PDFs. Use text recognition to edit scanned documents and save them as new files. Share or print documents right from the iScanner app.\" \/>\n<meta property=\"og:url\" content=\"https:\/\/iscanner.com\/es\/high-performance\/\" \/>\n<meta property=\"og:site_name\" content=\"iScanner\" \/>\n<meta property=\"article:modified_time\" content=\"2025-06-30T13:06:13+00:00\" \/>\n<meta name=\"twitter:card\" content=\"summary_large_image\" \/>\n<meta name=\"twitter:title\" content=\"Recognize, Edit, Share, or Print Documents with iScanner\" \/>\n<meta name=\"twitter:description\" content=\"Scan your documents IDs, receipts, and more into PDFs. Use text recognition to edit scanned documents and save them as new files. Share or print documents right from the iScanner app.\" \/>\n<!-- \/ Yoast SEO plugin. -->","yoast_head_json":{"title":"Reconoce, edita, comparte o imprime documentos con iScanner","description":"Escanea tus documentos de identidad y m\u00e1s como PDF. Usa el reconocimiento de texto para editar los documentos escaneados y gu\u00e1rdalos como archivos nuevos. Comparte o imprime documentos desde la app de iScanner.","robots":{"index":"index","follow":"follow","max-snippet":"max-snippet:-1","max-image-preview":"max-image-preview:large","max-video-preview":"max-video-preview:-1"},"canonical":"https:\/\/iscanner.com\/es\/high-performance\/","og_locale":"es_ES","og_type":"article","og_title":"Recognize, Edit, Share, or Print Documents with iScanner","og_description":"Scan your documents IDs, receipts, and more into PDFs. Use text recognition to edit scanned documents and save them as new files. Share or print documents right from the iScanner app.","og_url":"https:\/\/iscanner.com\/es\/high-performance\/","og_site_name":"iScanner","article_modified_time":"2025-06-30T13:06:13+00:00","twitter_card":"summary_large_image","twitter_title":"Recognize, Edit, Share, or Print Documents with iScanner","twitter_description":"Scan your documents IDs, receipts, and more into PDFs. Use text recognition to edit scanned documents and save them as new files. Share or print documents right from the iScanner app.","schema":{"@context":"https:\/\/schema.org","@graph":[{"@type":"WebPage","@id":"https:\/\/iscanner.com\/es\/high-performance\/","url":"https:\/\/iscanner.com\/es\/high-performance\/","name":"Reconoce, edita, comparte o imprime documentos con iScanner","isPartOf":{"@id":"https:\/\/iscanner.com\/es\/#website"},"datePublished":"2025-06-30T13:06:12+00:00","dateModified":"2025-06-30T13:06:13+00:00","description":"Escanea tus documentos de identidad y m\u00e1s como PDF. Usa el reconocimiento de texto para editar los documentos escaneados y gu\u00e1rdalos como archivos nuevos. Comparte o imprime documentos desde la app de iScanner.","breadcrumb":{"@id":"https:\/\/iscanner.com\/es\/high-performance\/#breadcrumb"},"inLanguage":"es","potentialAction":[{"@type":"ReadAction","target":["https:\/\/iscanner.com\/es\/high-performance\/"]}]},{"@type":"BreadcrumbList","@id":"https:\/\/iscanner.com\/es\/high-performance\/#breadcrumb","itemListElement":[{"@type":"ListItem","position":1,"name":"Home","item":"https:\/\/iscanner.com\/es\/"},{"@type":"ListItem","position":2,"name":"Alto desempe\u00f1o"}]},{"@type":"WebSite","@id":"https:\/\/iscanner.com\/es\/#website","url":"https:\/\/iscanner.com\/es\/","name":"iScanner","description":"Mobile Scanner App. Download for FREE (Android, iPhone)","potentialAction":[{"@type":"SearchAction","target":{"@type":"EntryPoint","urlTemplate":"https:\/\/iscanner.com\/es\/?s={search_term_string}"},"query-input":{"@type":"PropertyValueSpecification","valueRequired":true,"valueName":"search_term_string"}}],"inLanguage":"es"},{"@type":"SoftwareApplication","name":"Iscanner","operatingSystem":"iOS, Android","applicationCategory":"Document converter","aggregateRating":{"@type":"AggregateRating","ratingValue":"4.5","ratingCount":"100"}}]}},"uagb_featured_image_src":{"full":false,"thumbnail":false,"medium":false,"medium_large":false,"large":false,"1536x1536":false,"2048x2048":false,"trp-custom-language-flag":false},"uagb_author_info":{"display_name":"Pavel Zubarevich","author_link":"https:\/\/iscanner.com\/es\/author\/pavel-zubarevich\/"},"uagb_comment_info":0,"uagb_excerpt":null,"_links":{"self":[{"href":"https:\/\/iscanner.com\/es\/wp-json\/wp\/v2\/pages\/7839","targetHints":{"allow":["GET"]}}],"collection":[{"href":"https:\/\/iscanner.com\/es\/wp-json\/wp\/v2\/pages"}],"about":[{"href":"https:\/\/iscanner.com\/es\/wp-json\/wp\/v2\/types\/page"}],"author":[{"embeddable":true,"href":"https:\/\/iscanner.com\/es\/wp-json\/wp\/v2\/users\/9"}],"replies":[{"embeddable":true,"href":"https:\/\/iscanner.com\/es\/wp-json\/wp\/v2\/comments?post=7839"}],"version-history":[{"count":4,"href":"https:\/\/iscanner.com\/es\/wp-json\/wp\/v2\/pages\/7839\/revisions"}],"predecessor-version":[{"id":7892,"href":"https:\/\/iscanner.com\/es\/wp-json\/wp\/v2\/pages\/7839\/revisions\/7892"}],"wp:attachment":[{"href":"https:\/\/iscanner.com\/es\/wp-json\/wp\/v2\/media?parent=7839"}],"curies":[{"name":"wp","href":"https:\/\/api.w.org\/{rel}","templated":true}]}}