{"id":7831,"date":"2025-06-30T13:05:17","date_gmt":"2025-06-30T13:05:17","guid":{"rendered":"https:\/\/iscanner.com\/?page_id=7831"},"modified":"2025-06-30T13:05:18","modified_gmt":"2025-06-30T13:05:18","slug":"user-friendliness","status":"publish","type":"page","link":"https:\/\/iscanner.com\/es\/user-friendliness\/","title":{"rendered":"Facilidad de uso"},"content":{"rendered":"<section  class=\"section\" >\r\n    <div class=\"container\">\r\n        <div class=\"h2-center col-10 col-sm-12\">\r\n                        <h2>Estamos comprometidos a que nuestros usuarios tengan una experiencia disfrutable: con nuestra app, te llevar\u00e1 unos pocos segundos escanear un documento.<\/h2>\r\n            <p class=\"lead col-8 col-sm-12\"><\/p>\r\n        <\/div>\r\n    <\/div>\r\n<\/section>\n\n<section class=\"section\">\r\n    <div class=\"container\">\r\n        <style>\r\n                    <\/style>\r\n        <div class=\"excerpt\">\r\n            <div class=\"excerpt-image col-7 col-sm-12 mobile-\" data-aos=\"fade-right\">\r\n                <img decoding=\"async\" src=\"https:\/\/iscanner.com\/wp-content\/uploads\/2024\/10\/excerpt-1.png\" alt=\"\" title=\"\">\r\n            <\/div>\r\n            <div class=\"excerpt-content col-5 col-sm-12\" data-aos=\"fade-left\">\r\n                <h2>M\u00e1s f\u00e1cil y m\u00e1s conveniente.<\/h2>\r\n                <p>iScanner se cre\u00f3 para facilitar la vida de los usuarios y les permite realizar escaneos de alta calidad sobre la marcha.<\/p>\n<p>&nbsp;<\/p>\n            <\/div>\r\n        <\/div>\r\n    <\/div>\r\n<\/section>\n\n<section class=\"section\">\r\n    <div class=\"container\">\r\n        <style>\r\n                    <\/style>\r\n        <div class=\"excerpt rtl\">\r\n            <div class=\"excerpt-image col-7 col-sm-12 mobile-\" data-aos=\"fade-left\">\r\n                <img decoding=\"async\" src=\"https:\/\/iscanner.com\/wp-content\/uploads\/2024\/10\/excerpt-2.png\" alt=\"\" title=\"\">\r\n            <\/div>\r\n            <div class=\"excerpt-content col-5 col-sm-12\" data-aos=\"fade-right\">\r\n                <h2>Trabaja y estudia desde casa.<\/h2>\r\n                <p>Convertir los tel\u00e9fonos en herramientas multifuncionales permite a las personas a gestionar su rutina diaria de manera m\u00e1s efectiva, as\u00ed como a trabajar y estudiar desde la comodidad de sus hogares.<\/p>\n            <\/div>\r\n        <\/div>\r\n    <\/div>\r\n<\/section>\n\n<section class=\"section\">\r\n    <div class=\"container\">\r\n        <div class=\"banner dark\" style=\"background-color: undefined;background-image: url(https:\/\/iscanner.com\/wp-content\/uploads\/2021\/05\/banner-bg-1.png)\">\r\n            <div class=\"banner-content col-5 col-lg-6 col-sm-12\" data-aos=\"fade-down\">\r\n                <h2>Hoy, 100 millones de usuarios pueden gestionar tareas sobre la marcha gracias a iScanner.<\/h2>\r\n            <\/div>\r\n            <div class=\"banner-bgimage col-6 col-sm-12\" data-aos=\"fade-up\">\r\n                <img class=\"lozad\" data-src=\"https:\/\/iscanner.com\/wp-content\/uploads\/2021\/05\/banner-device-1.png\" alt=\"\" title=\"\">\r\n            <\/div>\r\n        <\/div>\r\n    <\/div>\r\n<\/section>\n\n<section  class=\"section\" >\r\n    <div class=\"container\">\r\n        <div class=\"h2-center col-10 col-sm-12\">\r\n                        <h2>Estamos orgullosos de este producto y seguimos trabajando en m\u00e1s funciones que permitir\u00e1n a los usuarios a hacer m\u00e1s en menos tiempo.<\/h2>\r\n            <p class=\"lead col-8 col-sm-12\"><\/p>\r\n        <\/div>\r\n    <\/div>\r\n<\/section>\n\n<section class=\"section section-last\">\r\n    <div class=\"container\">\r\n        <img decoding=\"async\" class=\"section-last-image\" src=\"https:\/\/iscanner.com\/wp-content\/uploads\/2024\/10\/bottom.png\" alt=\"\" data-aos=\"fade-up\">\r\n    <\/div>\r\n<\/section>","protected":false},"excerpt":{"rendered":"","protected":false},"author":9,"featured_media":0,"parent":0,"menu_order":0,"comment_status":"closed","ping_status":"closed","template":"template\/feature.php","meta":{"footnotes":""},"class_list":["post-7831","page","type-page","status-publish","hentry"],"yoast_head":"<!-- This site is optimized with the Yoast SEO plugin v24.5 - https:\/\/yoast.com\/wordpress\/plugins\/seo\/ -->\n<title>iScanner - Aplicaci\u00f3n de escaneo f\u00e1cil de usar<\/title>\n<meta name=\"description\" content=\"La app de iScanner es intuitiva y f\u00e1cil de usar. Lleva unos poco segundos escanear un documento porque tenemos la meta de hacer que la experiencia de nuestros usuarios sea disfrutable.\" \/>\n<meta name=\"robots\" content=\"index, follow, max-snippet:-1, max-image-preview:large, max-video-preview:-1\" \/>\n<link rel=\"canonical\" href=\"https:\/\/iscanner.com\/es\/user-friendliness\/\" \/>\n<meta property=\"og:locale\" content=\"es_ES\" \/>\n<meta property=\"og:type\" content=\"article\" \/>\n<meta property=\"og:title\" content=\"iScanner - User-Friendly Scanning Application\" \/>\n<meta property=\"og:description\" content=\"iScanner app is intuitive and easy to use. It takes a few seconds to scan a document because we are committed to making our users\u2019 experience really enjoyable.\" \/>\n<meta property=\"og:url\" content=\"https:\/\/iscanner.com\/es\/user-friendliness\/\" \/>\n<meta property=\"og:site_name\" content=\"iScanner\" \/>\n<meta property=\"article:modified_time\" content=\"2025-06-30T13:05:18+00:00\" \/>\n<meta name=\"twitter:card\" content=\"summary_large_image\" \/>\n<meta name=\"twitter:title\" content=\"iScanner - User-Friendly Scanning Application\" \/>\n<meta name=\"twitter:description\" content=\"iScanner app is intuitive and easy to use. It takes a few seconds to scan a document because we are committed to making our users\u2019 experience really enjoyable.\" \/>\n<!-- \/ Yoast SEO plugin. -->","yoast_head_json":{"title":"iScanner - Aplicaci\u00f3n de escaneo f\u00e1cil de usar","description":"La app de iScanner es intuitiva y f\u00e1cil de usar. Lleva unos poco segundos escanear un documento porque tenemos la meta de hacer que la experiencia de nuestros usuarios sea disfrutable.","robots":{"index":"index","follow":"follow","max-snippet":"max-snippet:-1","max-image-preview":"max-image-preview:large","max-video-preview":"max-video-preview:-1"},"canonical":"https:\/\/iscanner.com\/es\/user-friendliness\/","og_locale":"es_ES","og_type":"article","og_title":"iScanner - User-Friendly Scanning Application","og_description":"iScanner app is intuitive and easy to use. It takes a few seconds to scan a document because we are committed to making our users\u2019 experience really enjoyable.","og_url":"https:\/\/iscanner.com\/es\/user-friendliness\/","og_site_name":"iScanner","article_modified_time":"2025-06-30T13:05:18+00:00","twitter_card":"summary_large_image","twitter_title":"iScanner - User-Friendly Scanning Application","twitter_description":"iScanner app is intuitive and easy to use. It takes a few seconds to scan a document because we are committed to making our users\u2019 experience really enjoyable.","schema":{"@context":"https:\/\/schema.org","@graph":[{"@type":"WebPage","@id":"https:\/\/iscanner.com\/es\/user-friendliness\/","url":"https:\/\/iscanner.com\/es\/user-friendliness\/","name":"iScanner - Aplicaci\u00f3n de escaneo f\u00e1cil de usar","isPartOf":{"@id":"https:\/\/iscanner.com\/es\/#website"},"datePublished":"2025-06-30T13:05:17+00:00","dateModified":"2025-06-30T13:05:18+00:00","description":"La app de iScanner es intuitiva y f\u00e1cil de usar. Lleva unos poco segundos escanear un documento porque tenemos la meta de hacer que la experiencia de nuestros usuarios sea disfrutable.","breadcrumb":{"@id":"https:\/\/iscanner.com\/es\/user-friendliness\/#breadcrumb"},"inLanguage":"es","potentialAction":[{"@type":"ReadAction","target":["https:\/\/iscanner.com\/es\/user-friendliness\/"]}]},{"@type":"BreadcrumbList","@id":"https:\/\/iscanner.com\/es\/user-friendliness\/#breadcrumb","itemListElement":[{"@type":"ListItem","position":1,"name":"Home","item":"https:\/\/iscanner.com\/es\/"},{"@type":"ListItem","position":2,"name":"Facilidad de uso"}]},{"@type":"WebSite","@id":"https:\/\/iscanner.com\/es\/#website","url":"https:\/\/iscanner.com\/es\/","name":"iScanner","description":"Mobile Scanner App. Download for FREE (Android, iPhone)","potentialAction":[{"@type":"SearchAction","target":{"@type":"EntryPoint","urlTemplate":"https:\/\/iscanner.com\/es\/?s={search_term_string}"},"query-input":{"@type":"PropertyValueSpecification","valueRequired":true,"valueName":"search_term_string"}}],"inLanguage":"es"},{"@type":"SoftwareApplication","name":"Iscanner","operatingSystem":"iOS, Android","applicationCategory":"Document converter","aggregateRating":{"@type":"AggregateRating","ratingValue":"4.5","ratingCount":"100"}}]}},"uagb_featured_image_src":{"full":false,"thumbnail":false,"medium":false,"medium_large":false,"large":false,"1536x1536":false,"2048x2048":false,"trp-custom-language-flag":false},"uagb_author_info":{"display_name":"Pavel Zubarevich","author_link":"https:\/\/iscanner.com\/es\/author\/pavel-zubarevich\/"},"uagb_comment_info":0,"uagb_excerpt":null,"_links":{"self":[{"href":"https:\/\/iscanner.com\/es\/wp-json\/wp\/v2\/pages\/7831","targetHints":{"allow":["GET"]}}],"collection":[{"href":"https:\/\/iscanner.com\/es\/wp-json\/wp\/v2\/pages"}],"about":[{"href":"https:\/\/iscanner.com\/es\/wp-json\/wp\/v2\/types\/page"}],"author":[{"embeddable":true,"href":"https:\/\/iscanner.com\/es\/wp-json\/wp\/v2\/users\/9"}],"replies":[{"embeddable":true,"href":"https:\/\/iscanner.com\/es\/wp-json\/wp\/v2\/comments?post=7831"}],"version-history":[{"count":4,"href":"https:\/\/iscanner.com\/es\/wp-json\/wp\/v2\/pages\/7831\/revisions"}],"predecessor-version":[{"id":8661,"href":"https:\/\/iscanner.com\/es\/wp-json\/wp\/v2\/pages\/7831\/revisions\/8661"}],"wp:attachment":[{"href":"https:\/\/iscanner.com\/es\/wp-json\/wp\/v2\/media?parent=7831"}],"curies":[{"name":"wp","href":"https:\/\/api.w.org\/{rel}","templated":true}]}}