{"id":7808,"date":"2025-06-30T13:04:52","date_gmt":"2025-06-30T13:04:52","guid":{"rendered":"https:\/\/iscanner.com\/?page_id=7808"},"modified":"2025-12-08T12:34:13","modified_gmt":"2025-12-08T12:34:13","slug":"homepage","status":"publish","type":"page","link":"https:\/\/iscanner.com\/es\/","title":{"rendered":"Homepage"},"content":{"rendered":"","protected":false},"excerpt":{"rendered":"","protected":false},"author":9,"featured_media":0,"parent":0,"menu_order":0,"comment_status":"closed","ping_status":"closed","template":"template\/homepage.php","meta":{"footnotes":""},"class_list":["post-7808","page","type-page","status-publish","hentry"],"yoast_head":"<!-- This site is optimized with the Yoast SEO plugin v24.5 - https:\/\/yoast.com\/wordpress\/plugins\/seo\/ -->\n<title>Aplicaci\u00f3n esc\u00e1ner de PDF para Android y iPhone<\/title>\n<meta name=\"description\" content=\"Escanea documentos con precisi\u00f3n y eficiencia utilizando nuestra soluci\u00f3n profesional. Ideal para empresas que requieren una digitalizaci\u00f3n r\u00e1pida y segura.\" \/>\n<meta name=\"robots\" content=\"index, follow, max-snippet:-1, max-image-preview:large, max-video-preview:-1\" \/>\n<link rel=\"canonical\" href=\"https:\/\/iscanner.com\/es\/\" \/>\n<meta property=\"og:locale\" content=\"es_ES\" \/>\n<meta property=\"og:type\" content=\"article\" \/>\n<meta property=\"og:title\" content=\"Scanner App - Scan to PDF on iPhone &amp; Android - iScanner\" \/>\n<meta property=\"og:description\" content=\"Scan documents on Android or iPhone for FREE with our document scanning app. Download iScanner from App Store or Google Play and enjoy the best scanner application.\" \/>\n<meta property=\"og:url\" content=\"https:\/\/iscanner.com\/es\/\" \/>\n<meta property=\"og:site_name\" content=\"iScanner\" \/>\n<meta property=\"article:modified_time\" content=\"2025-12-08T12:34:13+00:00\" \/>\n<meta property=\"og:image\" content=\"https:\/\/iscanner.com\/wp-content\/uploads\/2023\/07\/facebook-share.png\" \/>\n<meta name=\"twitter:card\" content=\"summary_large_image\" \/>\n<meta name=\"twitter:title\" content=\"Scanner App - Scan to PDF on iPhone &amp; Android - iScanner\" \/>\n<meta name=\"twitter:description\" content=\"Scan documents on Android or iPhone for FREE with our document scanning app. Download iScanner from App Store or Google Play and enjoy the best scanner application.\" \/>\n<!-- \/ Yoast SEO plugin. -->","yoast_head_json":{"title":"Aplicaci\u00f3n esc\u00e1ner de PDF para Android y iPhone","description":"Escanea documentos con precisi\u00f3n y eficiencia utilizando nuestra soluci\u00f3n profesional. Ideal para empresas que requieren una digitalizaci\u00f3n r\u00e1pida y segura.","robots":{"index":"index","follow":"follow","max-snippet":"max-snippet:-1","max-image-preview":"max-image-preview:large","max-video-preview":"max-video-preview:-1"},"canonical":"https:\/\/iscanner.com\/es\/","og_locale":"es_ES","og_type":"article","og_title":"Scanner App - Scan to PDF on iPhone & Android - iScanner","og_description":"Scan documents on Android or iPhone for FREE with our document scanning app. Download iScanner from App Store or Google Play and enjoy the best scanner application.","og_url":"https:\/\/iscanner.com\/es\/","og_site_name":"iScanner","article_modified_time":"2025-12-08T12:34:13+00:00","og_image":[{"url":"https:\/\/iscanner.com\/wp-content\/uploads\/2023\/07\/facebook-share.png","type":"","width":"","height":""}],"twitter_card":"summary_large_image","twitter_title":"Scanner App - Scan to PDF on iPhone & Android - iScanner","twitter_description":"Scan documents on Android or iPhone for FREE with our document scanning app. Download iScanner from App Store or Google Play and enjoy the best scanner application.","schema":{"@context":"https:\/\/schema.org","@graph":[{"@type":"WebPage","@id":"https:\/\/iscanner.com\/es\/","url":"https:\/\/iscanner.com\/es\/","name":"Aplicaci\u00f3n esc\u00e1ner de PDF para Android y iPhone","isPartOf":{"@id":"https:\/\/iscanner.com\/es\/#website"},"datePublished":"2025-06-30T13:04:52+00:00","dateModified":"2025-12-08T12:34:13+00:00","description":"Escanea documentos con precisi\u00f3n y eficiencia utilizando nuestra soluci\u00f3n profesional. Ideal para empresas que requieren una digitalizaci\u00f3n r\u00e1pida y segura.","breadcrumb":{"@id":"https:\/\/iscanner.com\/es\/#breadcrumb"},"inLanguage":"es","potentialAction":[{"@type":"ReadAction","target":["https:\/\/iscanner.com\/es\/"]}]},{"@type":"BreadcrumbList","@id":"https:\/\/iscanner.com\/es\/#breadcrumb","itemListElement":[{"@type":"ListItem","position":1,"name":"Home","item":"https:\/\/iscanner.com\/es\/"},{"@type":"ListItem","position":2,"name":"Home"}]},{"@type":"WebSite","@id":"https:\/\/iscanner.com\/es\/#website","url":"https:\/\/iscanner.com\/es\/","name":"iScanner","description":"Mobile Scanner App. Download for FREE (Android, iPhone)","potentialAction":[{"@type":"SearchAction","target":{"@type":"EntryPoint","urlTemplate":"https:\/\/iscanner.com\/es\/?s={search_term_string}"},"query-input":{"@type":"PropertyValueSpecification","valueRequired":true,"valueName":"search_term_string"}}],"inLanguage":"es"},{"@type":"SoftwareApplication","name":"Iscanner","operatingSystem":"iOS, Android","applicationCategory":"Document converter","aggregateRating":{"@type":"AggregateRating","ratingValue":"4.5","ratingCount":"100"}}]}},"uagb_featured_image_src":{"full":false,"thumbnail":false,"medium":false,"medium_large":false,"large":false,"1536x1536":false,"2048x2048":false,"trp-custom-language-flag":false},"uagb_author_info":{"display_name":"Pavel Zubarevich","author_link":"https:\/\/iscanner.com\/es\/author\/pavel-zubarevich\/"},"uagb_comment_info":0,"uagb_excerpt":null,"_links":{"self":[{"href":"https:\/\/iscanner.com\/es\/wp-json\/wp\/v2\/pages\/7808","targetHints":{"allow":["GET"]}}],"collection":[{"href":"https:\/\/iscanner.com\/es\/wp-json\/wp\/v2\/pages"}],"about":[{"href":"https:\/\/iscanner.com\/es\/wp-json\/wp\/v2\/types\/page"}],"author":[{"embeddable":true,"href":"https:\/\/iscanner.com\/es\/wp-json\/wp\/v2\/users\/9"}],"replies":[{"embeddable":true,"href":"https:\/\/iscanner.com\/es\/wp-json\/wp\/v2\/comments?post=7808"}],"version-history":[{"count":9,"href":"https:\/\/iscanner.com\/es\/wp-json\/wp\/v2\/pages\/7808\/revisions"}],"predecessor-version":[{"id":9747,"href":"https:\/\/iscanner.com\/es\/wp-json\/wp\/v2\/pages\/7808\/revisions\/9747"}],"wp:attachment":[{"href":"https:\/\/iscanner.com\/es\/wp-json\/wp\/v2\/media?parent=7808"}],"curies":[{"name":"wp","href":"https:\/\/api.w.org\/{rel}","templated":true}]}}