{"id":7784,"date":"2025-06-30T13:10:11","date_gmt":"2025-06-30T13:10:11","guid":{"rendered":"https:\/\/iscanner.com\/?page_id=7784"},"modified":"2025-06-30T13:10:12","modified_gmt":"2025-06-30T13:10:12","slug":"cloud","status":"publish","type":"page","link":"https:\/\/iscanner.com\/es\/cloud\/","title":{"rendered":"Cloud Storage &amp; Document Manager &#8211; es"},"content":{"rendered":"","protected":false},"excerpt":{"rendered":"","protected":false},"author":9,"featured_media":0,"parent":0,"menu_order":0,"comment_status":"closed","ping_status":"closed","template":"template\/iscanner-web.php","meta":{"footnotes":""},"class_list":["post-7784","page","type-page","status-publish","hentry"],"yoast_head":"<!-- This site is optimized with the Yoast SEO plugin v24.5 - https:\/\/yoast.com\/wordpress\/plugins\/seo\/ -->\n<title>Almacenamiento en la nube y gesti\u00f3n de documentos - iScanner<\/title>\n<meta name=\"description\" content=\"iScanner es el asistente N\u00ba 1 de escaneo de documentos que facilita la gesti\u00f3n de documentos en l\u00ednea. La app m\u00f3vil potenciada con IA viene con un almacenamiento en la nube para organizar, guardar y ver los archivos escaneados. \u00a1Prueba iScanner hoy y gestiona los archivos f\u00e1cilmente!\" \/>\n<meta name=\"robots\" content=\"index, follow, max-snippet:-1, max-image-preview:large, max-video-preview:-1\" \/>\n<link rel=\"canonical\" href=\"https:\/\/iscanner.com\/es\/cloud\/\" \/>\n<meta property=\"og:locale\" content=\"es_ES\" \/>\n<meta property=\"og:type\" content=\"article\" \/>\n<meta property=\"og:title\" content=\"Almacenamiento en la nube y gesti\u00f3n de documentos - iScanner\" \/>\n<meta property=\"og:description\" content=\"iScanner es el asistente N\u00ba 1 de escaneo de documentos que facilita la gesti\u00f3n de documentos en l\u00ednea. La app m\u00f3vil potenciada con IA viene con un almacenamiento en la nube para organizar, guardar y ver los archivos escaneados. \u00a1Prueba iScanner hoy y gestiona los archivos f\u00e1cilmente!\" \/>\n<meta property=\"og:url\" content=\"https:\/\/iscanner.com\/es\/cloud\/\" \/>\n<meta property=\"og:site_name\" content=\"iScanner\" \/>\n<meta property=\"article:modified_time\" content=\"2025-06-30T13:10:12+00:00\" \/>\n<meta name=\"twitter:card\" content=\"summary_large_image\" \/>\n<!-- \/ Yoast SEO plugin. -->","yoast_head_json":{"title":"Almacenamiento en la nube y gesti\u00f3n de documentos - iScanner","description":"iScanner es el asistente N\u00ba 1 de escaneo de documentos que facilita la gesti\u00f3n de documentos en l\u00ednea. La app m\u00f3vil potenciada con IA viene con un almacenamiento en la nube para organizar, guardar y ver los archivos escaneados. \u00a1Prueba iScanner hoy y gestiona los archivos f\u00e1cilmente!","robots":{"index":"index","follow":"follow","max-snippet":"max-snippet:-1","max-image-preview":"max-image-preview:large","max-video-preview":"max-video-preview:-1"},"canonical":"https:\/\/iscanner.com\/es\/cloud\/","og_locale":"es_ES","og_type":"article","og_title":"Almacenamiento en la nube y gesti\u00f3n de documentos - iScanner","og_description":"iScanner es el asistente N\u00ba 1 de escaneo de documentos que facilita la gesti\u00f3n de documentos en l\u00ednea. La app m\u00f3vil potenciada con IA viene con un almacenamiento en la nube para organizar, guardar y ver los archivos escaneados. \u00a1Prueba iScanner hoy y gestiona los archivos f\u00e1cilmente!","og_url":"https:\/\/iscanner.com\/es\/cloud\/","og_site_name":"iScanner","article_modified_time":"2025-06-30T13:10:12+00:00","twitter_card":"summary_large_image","schema":{"@context":"https:\/\/schema.org","@graph":[{"@type":"WebPage","@id":"https:\/\/iscanner.com\/es\/cloud\/","url":"https:\/\/iscanner.com\/es\/cloud\/","name":"Almacenamiento en la nube y gesti\u00f3n de documentos - iScanner","isPartOf":{"@id":"https:\/\/iscanner.com\/es\/#website"},"datePublished":"2025-06-30T13:10:11+00:00","dateModified":"2025-06-30T13:10:12+00:00","description":"iScanner es el asistente N\u00ba 1 de escaneo de documentos que facilita la gesti\u00f3n de documentos en l\u00ednea. La app m\u00f3vil potenciada con IA viene con un almacenamiento en la nube para organizar, guardar y ver los archivos escaneados. \u00a1Prueba iScanner hoy y gestiona los archivos f\u00e1cilmente!","breadcrumb":{"@id":"https:\/\/iscanner.com\/es\/cloud\/#breadcrumb"},"inLanguage":"es","potentialAction":[{"@type":"ReadAction","target":["https:\/\/iscanner.com\/es\/cloud\/"]}]},{"@type":"BreadcrumbList","@id":"https:\/\/iscanner.com\/es\/cloud\/#breadcrumb","itemListElement":[{"@type":"ListItem","position":1,"name":"Home","item":"https:\/\/iscanner.com\/es\/"},{"@type":"ListItem","position":2,"name":"Cloud Storage &amp; Document Manager &#8211; es"}]},{"@type":"WebSite","@id":"https:\/\/iscanner.com\/es\/#website","url":"https:\/\/iscanner.com\/es\/","name":"iScanner","description":"Mobile Scanner App. Download for FREE (Android, iPhone)","potentialAction":[{"@type":"SearchAction","target":{"@type":"EntryPoint","urlTemplate":"https:\/\/iscanner.com\/es\/?s={search_term_string}"},"query-input":{"@type":"PropertyValueSpecification","valueRequired":true,"valueName":"search_term_string"}}],"inLanguage":"es"},{"@type":"SoftwareApplication","name":"Iscanner","operatingSystem":"iOS, Android","applicationCategory":"Document converter","aggregateRating":{"@type":"AggregateRating","ratingValue":"4.5","ratingCount":"100"}}]}},"uagb_featured_image_src":{"full":false,"thumbnail":false,"medium":false,"medium_large":false,"large":false,"1536x1536":false,"2048x2048":false,"trp-custom-language-flag":false},"uagb_author_info":{"display_name":"Pavel Zubarevich","author_link":"https:\/\/iscanner.com\/es\/author\/pavel-zubarevich\/"},"uagb_comment_info":0,"uagb_excerpt":null,"_links":{"self":[{"href":"https:\/\/iscanner.com\/es\/wp-json\/wp\/v2\/pages\/7784","targetHints":{"allow":["GET"]}}],"collection":[{"href":"https:\/\/iscanner.com\/es\/wp-json\/wp\/v2\/pages"}],"about":[{"href":"https:\/\/iscanner.com\/es\/wp-json\/wp\/v2\/types\/page"}],"author":[{"embeddable":true,"href":"https:\/\/iscanner.com\/es\/wp-json\/wp\/v2\/users\/9"}],"replies":[{"embeddable":true,"href":"https:\/\/iscanner.com\/es\/wp-json\/wp\/v2\/comments?post=7784"}],"version-history":[{"count":2,"href":"https:\/\/iscanner.com\/es\/wp-json\/wp\/v2\/pages\/7784\/revisions"}],"predecessor-version":[{"id":7786,"href":"https:\/\/iscanner.com\/es\/wp-json\/wp\/v2\/pages\/7784\/revisions\/7786"}],"wp:attachment":[{"href":"https:\/\/iscanner.com\/es\/wp-json\/wp\/v2\/media?parent=7784"}],"curies":[{"name":"wp","href":"https:\/\/api.w.org\/{rel}","templated":true}]}}