{"id":7519,"date":"2025-02-25T13:25:52","date_gmt":"2025-02-25T13:25:52","guid":{"rendered":"https:\/\/iscanner.com\/?page_id=7519"},"modified":"2025-05-21T06:49:38","modified_gmt":"2025-05-21T06:49:38","slug":"word-to-pdf-converter","status":"publish","type":"page","link":"https:\/\/iscanner.com\/es\/word-to-pdf-converter\/","title":{"rendered":"\u0421onvertir Word a PDF"},"content":{"rendered":"","protected":false},"excerpt":{"rendered":"","protected":false},"author":2,"featured_media":0,"parent":0,"menu_order":0,"comment_status":"closed","ping_status":"closed","template":"template\/converter.php","meta":{"footnotes":""},"class_list":["post-7519","page","type-page","status-publish","hentry"],"yoast_head":"<!-- This site is optimized with the Yoast SEO plugin v24.5 - https:\/\/yoast.com\/wordpress\/plugins\/seo\/ -->\n<title>Convertir Word a PDF Online Gratis | R\u00e1pido y Seguro<\/title>\n<meta name=\"description\" content=\"Convierte documentos de Word a PDF en segundos. Herramienta en l\u00ednea f\u00e1cil de usar, gratuita y sin registro. \u00a1Ahorra tiempo y comparte con confianza!\" \/>\n<meta name=\"robots\" content=\"index, follow, max-snippet:-1, max-image-preview:large, max-video-preview:-1\" \/>\n<link rel=\"canonical\" href=\"https:\/\/iscanner.com\/es\/word-to-pdf-converter\/\" \/>\n<meta property=\"og:locale\" content=\"es_ES\" \/>\n<meta property=\"og:type\" content=\"article\" \/>\n<meta property=\"og:title\" content=\"Convertir Word a PDF Online Gratis | R\u00e1pido y Seguro\" \/>\n<meta property=\"og:description\" content=\"Convierte documentos de Word a PDF en segundos. Herramienta en l\u00ednea f\u00e1cil de usar, gratuita y sin registro. \u00a1Ahorra tiempo y comparte con confianza!\" \/>\n<meta property=\"og:url\" content=\"https:\/\/iscanner.com\/es\/word-to-pdf-converter\/\" \/>\n<meta property=\"og:site_name\" content=\"iScanner\" \/>\n<meta property=\"article:modified_time\" content=\"2025-05-21T06:49:38+00:00\" \/>\n<meta name=\"twitter:card\" content=\"summary_large_image\" \/>\n<!-- \/ Yoast SEO plugin. -->","yoast_head_json":{"title":"Convertir Word a PDF Online Gratis | R\u00e1pido y Seguro","description":"Convierte documentos de Word a PDF en segundos. Herramienta en l\u00ednea f\u00e1cil de usar, gratuita y sin registro. \u00a1Ahorra tiempo y comparte con confianza!","robots":{"index":"index","follow":"follow","max-snippet":"max-snippet:-1","max-image-preview":"max-image-preview:large","max-video-preview":"max-video-preview:-1"},"canonical":"https:\/\/iscanner.com\/es\/word-to-pdf-converter\/","og_locale":"es_ES","og_type":"article","og_title":"Convertir Word a PDF Online Gratis | R\u00e1pido y Seguro","og_description":"Convierte documentos de Word a PDF en segundos. Herramienta en l\u00ednea f\u00e1cil de usar, gratuita y sin registro. \u00a1Ahorra tiempo y comparte con confianza!","og_url":"https:\/\/iscanner.com\/es\/word-to-pdf-converter\/","og_site_name":"iScanner","article_modified_time":"2025-05-21T06:49:38+00:00","twitter_card":"summary_large_image","schema":{"@context":"https:\/\/schema.org","@graph":[{"@type":"WebPage","@id":"https:\/\/iscanner.com\/es\/word-to-pdf-converter\/","url":"https:\/\/iscanner.com\/es\/word-to-pdf-converter\/","name":"Convertir Word a PDF Online Gratis | R\u00e1pido y Seguro","isPartOf":{"@id":"https:\/\/iscanner.com\/es\/#website"},"datePublished":"2025-02-25T13:25:52+00:00","dateModified":"2025-05-21T06:49:38+00:00","description":"Convierte documentos de Word a PDF en segundos. Herramienta en l\u00ednea f\u00e1cil de usar, gratuita y sin registro. \u00a1Ahorra tiempo y comparte con confianza!","breadcrumb":{"@id":"https:\/\/iscanner.com\/es\/word-to-pdf-converter\/#breadcrumb"},"inLanguage":"es","potentialAction":[{"@type":"ReadAction","target":["https:\/\/iscanner.com\/es\/word-to-pdf-converter\/"]}]},{"@type":"BreadcrumbList","@id":"https:\/\/iscanner.com\/es\/word-to-pdf-converter\/#breadcrumb","itemListElement":[{"@type":"ListItem","position":1,"name":"Home","item":"https:\/\/iscanner.com\/es\/"},{"@type":"ListItem","position":2,"name":"\u0421onvertir Word a PDF"}]},{"@type":"WebSite","@id":"https:\/\/iscanner.com\/es\/#website","url":"https:\/\/iscanner.com\/es\/","name":"iScanner","description":"Mobile Scanner App. Download for FREE (Android, iPhone)","potentialAction":[{"@type":"SearchAction","target":{"@type":"EntryPoint","urlTemplate":"https:\/\/iscanner.com\/es\/?s={search_term_string}"},"query-input":{"@type":"PropertyValueSpecification","valueRequired":true,"valueName":"search_term_string"}}],"inLanguage":"es"},{"@type":"SoftwareApplication","name":"Iscanner","operatingSystem":"iOS, Android","applicationCategory":"Document converter","aggregateRating":{"@type":"AggregateRating","ratingValue":"4.5","ratingCount":"100"}},{"@type":"Service","provider":{"@id":"https:\/\/iscanner.com\/#organization"},"serviceType":"\u0421onvertir Word a PDF","description":"Convierte documentos de Word a PDF en segundos. Herramienta en l\u00ednea f\u00e1cil de usar, gratuita y sin registro. \u00a1Ahorra tiempo y comparte con confianza!"},{"@type":"ConvertAction","actionStatus":"http:\/\/schema.org\/ActiveActionStatus","agent":{"@id":"https:\/\/iscanner.com\/#organization"},"object":{"@type":"Thing","name":"\u0421onvertir Word a PDF"}}]}},"uagb_featured_image_src":{"full":false,"thumbnail":false,"medium":false,"medium_large":false,"large":false,"1536x1536":false,"2048x2048":false,"trp-custom-language-flag":false},"uagb_author_info":{"display_name":"Maxim Miroshnik","author_link":"https:\/\/iscanner.com\/es\/author\/max-miroshnik\/"},"uagb_comment_info":0,"uagb_excerpt":null,"_links":{"self":[{"href":"https:\/\/iscanner.com\/es\/wp-json\/wp\/v2\/pages\/7519","targetHints":{"allow":["GET"]}}],"collection":[{"href":"https:\/\/iscanner.com\/es\/wp-json\/wp\/v2\/pages"}],"about":[{"href":"https:\/\/iscanner.com\/es\/wp-json\/wp\/v2\/types\/page"}],"author":[{"embeddable":true,"href":"https:\/\/iscanner.com\/es\/wp-json\/wp\/v2\/users\/2"}],"replies":[{"embeddable":true,"href":"https:\/\/iscanner.com\/es\/wp-json\/wp\/v2\/comments?post=7519"}],"version-history":[{"count":2,"href":"https:\/\/iscanner.com\/es\/wp-json\/wp\/v2\/pages\/7519\/revisions"}],"predecessor-version":[{"id":8049,"href":"https:\/\/iscanner.com\/es\/wp-json\/wp\/v2\/pages\/7519\/revisions\/8049"}],"wp:attachment":[{"href":"https:\/\/iscanner.com\/es\/wp-json\/wp\/v2\/media?parent=7519"}],"curies":[{"name":"wp","href":"https:\/\/api.w.org\/{rel}","templated":true}]}}