{"id":7436,"date":"2025-02-24T10:20:01","date_gmt":"2025-02-24T10:20:01","guid":{"rendered":"https:\/\/iscanner.com\/?page_id=7399"},"modified":"2025-05-21T06:43:01","modified_gmt":"2025-05-21T06:43:01","slug":"delete-pdf-pages","status":"publish","type":"page","link":"https:\/\/iscanner.com\/es\/delete-pdf-pages\/","title":{"rendered":"Eliminar paginas PDF"},"content":{"rendered":"","protected":false},"excerpt":{"rendered":"","protected":false},"author":2,"featured_media":0,"parent":0,"menu_order":0,"comment_status":"closed","ping_status":"closed","template":"template\/pdf-tool.php","meta":{"footnotes":""},"class_list":["post-7436","page","type-page","status-publish","hentry"],"yoast_head":"<!-- This site is optimized with the Yoast SEO plugin v24.5 - https:\/\/yoast.com\/wordpress\/plugins\/seo\/ -->\n<title>Eliminar p\u00e1ginas de un pdf<\/title>\n<meta name=\"description\" content=\"Herramienta online gratuita para borrar p\u00e1ginas de archivos PDF. Sin p\u00e9rdida de calidad. F\u00e1cil de usar. Sin instalaci\u00f3n\" \/>\n<meta name=\"robots\" content=\"index, follow, max-snippet:-1, max-image-preview:large, max-video-preview:-1\" \/>\n<link rel=\"canonical\" href=\"https:\/\/iscanner.com\/es\/delete-pdf-pages\/\" \/>\n<meta property=\"og:locale\" content=\"es_ES\" \/>\n<meta property=\"og:type\" content=\"article\" \/>\n<meta property=\"og:title\" content=\"Eliminar p\u00e1ginas de un pdf\" \/>\n<meta property=\"og:description\" content=\"Herramienta online gratuita para borrar p\u00e1ginas de archivos PDF. Sin p\u00e9rdida de calidad. F\u00e1cil de usar. Sin instalaci\u00f3n\" \/>\n<meta property=\"og:url\" content=\"https:\/\/iscanner.com\/es\/delete-pdf-pages\/\" \/>\n<meta property=\"og:site_name\" content=\"iScanner\" \/>\n<meta property=\"article:modified_time\" content=\"2025-05-21T06:43:01+00:00\" \/>\n<meta name=\"twitter:card\" content=\"summary_large_image\" \/>\n<!-- \/ Yoast SEO plugin. -->","yoast_head_json":{"title":"Eliminar p\u00e1ginas de un pdf","description":"Herramienta online gratuita para borrar p\u00e1ginas de archivos PDF. Sin p\u00e9rdida de calidad. F\u00e1cil de usar. Sin instalaci\u00f3n","robots":{"index":"index","follow":"follow","max-snippet":"max-snippet:-1","max-image-preview":"max-image-preview:large","max-video-preview":"max-video-preview:-1"},"canonical":"https:\/\/iscanner.com\/es\/delete-pdf-pages\/","og_locale":"es_ES","og_type":"article","og_title":"Eliminar p\u00e1ginas de un pdf","og_description":"Herramienta online gratuita para borrar p\u00e1ginas de archivos PDF. Sin p\u00e9rdida de calidad. F\u00e1cil de usar. Sin instalaci\u00f3n","og_url":"https:\/\/iscanner.com\/es\/delete-pdf-pages\/","og_site_name":"iScanner","article_modified_time":"2025-05-21T06:43:01+00:00","twitter_card":"summary_large_image","schema":{"@context":"https:\/\/schema.org","@graph":[{"@type":"WebPage","@id":"https:\/\/iscanner.com\/es\/delete-pdf-pages\/","url":"https:\/\/iscanner.com\/es\/delete-pdf-pages\/","name":"Eliminar p\u00e1ginas de un pdf","isPartOf":{"@id":"https:\/\/iscanner.com\/es\/#website"},"datePublished":"2025-02-24T10:20:01+00:00","dateModified":"2025-05-21T06:43:01+00:00","description":"Herramienta online gratuita para borrar p\u00e1ginas de archivos PDF. Sin p\u00e9rdida de calidad. F\u00e1cil de usar. Sin instalaci\u00f3n","breadcrumb":{"@id":"https:\/\/iscanner.com\/es\/delete-pdf-pages\/#breadcrumb"},"inLanguage":"es","potentialAction":[{"@type":"ReadAction","target":["https:\/\/iscanner.com\/es\/delete-pdf-pages\/"]}]},{"@type":"BreadcrumbList","@id":"https:\/\/iscanner.com\/es\/delete-pdf-pages\/#breadcrumb","itemListElement":[{"@type":"ListItem","position":1,"name":"Home","item":"https:\/\/iscanner.com\/es\/"},{"@type":"ListItem","position":2,"name":"Eliminar paginas PDF"}]},{"@type":"WebSite","@id":"https:\/\/iscanner.com\/es\/#website","url":"https:\/\/iscanner.com\/es\/","name":"iScanner","description":"Mobile Scanner App. Download for FREE (Android, iPhone)","potentialAction":[{"@type":"SearchAction","target":{"@type":"EntryPoint","urlTemplate":"https:\/\/iscanner.com\/es\/?s={search_term_string}"},"query-input":{"@type":"PropertyValueSpecification","valueRequired":true,"valueName":"search_term_string"}}],"inLanguage":"es"},{"@type":"SoftwareApplication","name":"Iscanner","operatingSystem":"iOS, Android","applicationCategory":"Document converter","aggregateRating":{"@type":"AggregateRating","ratingValue":"4.5","ratingCount":"100"}},{"@type":"Service","provider":{"@id":"https:\/\/iscanner.com\/#organization"},"serviceType":"Eliminar paginas PDF","description":"Herramienta online gratuita para borrar p\u00e1ginas de archivos PDF. Sin p\u00e9rdida de calidad. F\u00e1cil de usar. Sin instalaci\u00f3n"}]}},"uagb_featured_image_src":{"full":false,"thumbnail":false,"medium":false,"medium_large":false,"large":false,"1536x1536":false,"2048x2048":false,"trp-custom-language-flag":false},"uagb_author_info":{"display_name":"Maxim Miroshnik","author_link":"https:\/\/iscanner.com\/es\/author\/max-miroshnik\/"},"uagb_comment_info":0,"uagb_excerpt":null,"_links":{"self":[{"href":"https:\/\/iscanner.com\/es\/wp-json\/wp\/v2\/pages\/7436","targetHints":{"allow":["GET"]}}],"collection":[{"href":"https:\/\/iscanner.com\/es\/wp-json\/wp\/v2\/pages"}],"about":[{"href":"https:\/\/iscanner.com\/es\/wp-json\/wp\/v2\/types\/page"}],"author":[{"embeddable":true,"href":"https:\/\/iscanner.com\/es\/wp-json\/wp\/v2\/users\/2"}],"replies":[{"embeddable":true,"href":"https:\/\/iscanner.com\/es\/wp-json\/wp\/v2\/comments?post=7436"}],"version-history":[{"count":2,"href":"https:\/\/iscanner.com\/es\/wp-json\/wp\/v2\/pages\/7436\/revisions"}],"predecessor-version":[{"id":8042,"href":"https:\/\/iscanner.com\/es\/wp-json\/wp\/v2\/pages\/7436\/revisions\/8042"}],"wp:attachment":[{"href":"https:\/\/iscanner.com\/es\/wp-json\/wp\/v2\/media?parent=7436"}],"curies":[{"name":"wp","href":"https:\/\/api.w.org\/{rel}","templated":true}]}}