{"id":7412,"date":"2025-02-24T14:02:31","date_gmt":"2025-02-24T14:02:31","guid":{"rendered":"https:\/\/iscanner.com\/?page_id=7412"},"modified":"2025-05-20T14:31:23","modified_gmt":"2025-05-20T14:31:23","slug":"merge-pdf","status":"publish","type":"page","link":"https:\/\/iscanner.com\/es\/merge-pdf\/","title":{"rendered":"Unir PDF"},"content":{"rendered":"","protected":false},"excerpt":{"rendered":"","protected":false},"author":2,"featured_media":0,"parent":0,"menu_order":0,"comment_status":"closed","ping_status":"closed","template":"template\/merge-pdf.php","meta":{"footnotes":""},"class_list":["post-7412","page","type-page","status-publish","hentry"],"yoast_head":"<!-- This site is optimized with the Yoast SEO plugin v24.5 - https:\/\/yoast.com\/wordpress\/plugins\/seo\/ -->\n<title>Unir PDFs en L\u00ednea | Combina M\u00faltiples Archivos en Uno Solo<\/title>\n<meta name=\"description\" content=\"Unir PDFs en L\u00ednea. Fusiona varios archivos PDF en un \u00fanico documento de forma gratuita. Ahorra tiempo y organiza tu informaci\u00f3n con esta sencilla herramienta online.\" \/>\n<meta name=\"robots\" content=\"index, follow, max-snippet:-1, max-image-preview:large, max-video-preview:-1\" \/>\n<link rel=\"canonical\" href=\"https:\/\/iscanner.com\/es\/merge-pdf\/\" \/>\n<meta property=\"og:locale\" content=\"es_ES\" \/>\n<meta property=\"og:type\" content=\"article\" \/>\n<meta property=\"og:title\" content=\"Unir PDFs en L\u00ednea | Combina M\u00faltiples Archivos en Uno Solo\" \/>\n<meta property=\"og:description\" content=\"Unir PDFs en L\u00ednea. Fusiona varios archivos PDF en un \u00fanico documento de forma gratuita. Ahorra tiempo y organiza tu informaci\u00f3n con esta sencilla herramienta online.\" \/>\n<meta property=\"og:url\" content=\"https:\/\/iscanner.com\/es\/merge-pdf\/\" \/>\n<meta property=\"og:site_name\" content=\"iScanner\" \/>\n<meta property=\"article:modified_time\" content=\"2025-05-20T14:31:23+00:00\" \/>\n<meta name=\"twitter:card\" content=\"summary_large_image\" \/>\n<!-- \/ Yoast SEO plugin. -->","yoast_head_json":{"title":"Unir PDFs en L\u00ednea | Combina M\u00faltiples Archivos en Uno Solo","description":"Unir PDFs en L\u00ednea. Fusiona varios archivos PDF en un \u00fanico documento de forma gratuita. Ahorra tiempo y organiza tu informaci\u00f3n con esta sencilla herramienta online.","robots":{"index":"index","follow":"follow","max-snippet":"max-snippet:-1","max-image-preview":"max-image-preview:large","max-video-preview":"max-video-preview:-1"},"canonical":"https:\/\/iscanner.com\/es\/merge-pdf\/","og_locale":"es_ES","og_type":"article","og_title":"Unir PDFs en L\u00ednea | Combina M\u00faltiples Archivos en Uno Solo","og_description":"Unir PDFs en L\u00ednea. Fusiona varios archivos PDF en un \u00fanico documento de forma gratuita. Ahorra tiempo y organiza tu informaci\u00f3n con esta sencilla herramienta online.","og_url":"https:\/\/iscanner.com\/es\/merge-pdf\/","og_site_name":"iScanner","article_modified_time":"2025-05-20T14:31:23+00:00","twitter_card":"summary_large_image","schema":{"@context":"https:\/\/schema.org","@graph":[{"@type":"WebPage","@id":"https:\/\/iscanner.com\/es\/merge-pdf\/","url":"https:\/\/iscanner.com\/es\/merge-pdf\/","name":"Unir PDFs en L\u00ednea | Combina M\u00faltiples Archivos en Uno Solo","isPartOf":{"@id":"https:\/\/iscanner.com\/es\/#website"},"datePublished":"2025-02-24T14:02:31+00:00","dateModified":"2025-05-20T14:31:23+00:00","description":"Unir PDFs en L\u00ednea. Fusiona varios archivos PDF en un \u00fanico documento de forma gratuita. Ahorra tiempo y organiza tu informaci\u00f3n con esta sencilla herramienta online.","breadcrumb":{"@id":"https:\/\/iscanner.com\/es\/merge-pdf\/#breadcrumb"},"inLanguage":"es","potentialAction":[{"@type":"ReadAction","target":["https:\/\/iscanner.com\/es\/merge-pdf\/"]}]},{"@type":"BreadcrumbList","@id":"https:\/\/iscanner.com\/es\/merge-pdf\/#breadcrumb","itemListElement":[{"@type":"ListItem","position":1,"name":"Home","item":"https:\/\/iscanner.com\/es\/"},{"@type":"ListItem","position":2,"name":"Unir PDF"}]},{"@type":"WebSite","@id":"https:\/\/iscanner.com\/es\/#website","url":"https:\/\/iscanner.com\/es\/","name":"iScanner","description":"Mobile Scanner App. Download for FREE (Android, iPhone)","potentialAction":[{"@type":"SearchAction","target":{"@type":"EntryPoint","urlTemplate":"https:\/\/iscanner.com\/es\/?s={search_term_string}"},"query-input":{"@type":"PropertyValueSpecification","valueRequired":true,"valueName":"search_term_string"}}],"inLanguage":"es"},{"@type":"SoftwareApplication","name":"Iscanner","operatingSystem":"iOS, Android","applicationCategory":"Document converter","aggregateRating":{"@type":"AggregateRating","ratingValue":"4.5","ratingCount":"100"}},{"@type":"Service","provider":{"@id":"https:\/\/iscanner.com\/#organization"},"serviceType":"Unir PDF","description":"Unir PDFs en L\u00ednea. Fusiona varios archivos PDF en un \u00fanico documento de forma gratuita. Ahorra tiempo y organiza tu informaci\u00f3n con esta sencilla herramienta online."}]}},"uagb_featured_image_src":{"full":false,"thumbnail":false,"medium":false,"medium_large":false,"large":false,"1536x1536":false,"2048x2048":false,"trp-custom-language-flag":false},"uagb_author_info":{"display_name":"Maxim Miroshnik","author_link":"https:\/\/iscanner.com\/es\/author\/max-miroshnik\/"},"uagb_comment_info":0,"uagb_excerpt":null,"_links":{"self":[{"href":"https:\/\/iscanner.com\/es\/wp-json\/wp\/v2\/pages\/7412","targetHints":{"allow":["GET"]}}],"collection":[{"href":"https:\/\/iscanner.com\/es\/wp-json\/wp\/v2\/pages"}],"about":[{"href":"https:\/\/iscanner.com\/es\/wp-json\/wp\/v2\/types\/page"}],"author":[{"embeddable":true,"href":"https:\/\/iscanner.com\/es\/wp-json\/wp\/v2\/users\/2"}],"replies":[{"embeddable":true,"href":"https:\/\/iscanner.com\/es\/wp-json\/wp\/v2\/comments?post=7412"}],"version-history":[{"count":7,"href":"https:\/\/iscanner.com\/es\/wp-json\/wp\/v2\/pages\/7412\/revisions"}],"predecessor-version":[{"id":8029,"href":"https:\/\/iscanner.com\/es\/wp-json\/wp\/v2\/pages\/7412\/revisions\/8029"}],"wp:attachment":[{"href":"https:\/\/iscanner.com\/es\/wp-json\/wp\/v2\/media?parent=7412"}],"curies":[{"name":"wp","href":"https:\/\/api.w.org\/{rel}","templated":true}]}}