{"id":9174,"date":"2025-08-27T09:15:33","date_gmt":"2025-08-27T09:15:33","guid":{"rendered":"https:\/\/iscanner.com\/?page_id=9174"},"modified":"2025-08-27T09:15:33","modified_gmt":"2025-08-27T09:15:33","slug":"high-performance","status":"publish","type":"page","link":"https:\/\/iscanner.com\/de\/high-performance\/","title":{"rendered":"Hohe Leistung"},"content":{"rendered":"<section  class=\"section\" >\r\n    <div class=\"container\">\r\n        <div class=\"h2-center col-10 col-sm-12\">\r\n                        <h2>Wir sind bereit, unseren Nutzern alle erforderlichen Tools zur Verf\u00fcgung zu stellen<\/h2>\r\n            <p class=\"lead col-8 col-sm-12\">iScanner verf\u00fcgt \u00fcber eine Vielzahl von Scanmodi und erweiterte Bearbeitungsfunktionen.<\/p>\r\n        <\/div>\r\n    <\/div>\r\n<\/section>\n\n<section >\r\n    <div class=\"container\">\r\n        <div class=\"h2-center col-10 col-sm-12 activeblue\">\r\n                        <h2>Mehrere Scanmodi<\/h2>\r\n            <p class=\"lead col-8 col-sm-12\"><\/p>\r\n        <\/div>\r\n    <\/div>\r\n<\/section>\n\n<section class=\"section\">\r\n    <div class=\"container\">\r\n        <style>\r\n                    <\/style>\r\n        <div class=\"excerpt\">\r\n            <div class=\"excerpt-image col-7 col-sm-12 mobile-\" data-aos=\"fade-right\">\r\n                <img decoding=\"async\" src=\"https:\/\/iscanner.com\/wp-content\/uploads\/2024\/10\/app-ui.png\" alt=\"\" title=\"\">\r\n            <\/div>\r\n            <div class=\"excerpt-content col-5 col-sm-12\" data-aos=\"fade-left\">\r\n                <h2>Scannen Sie Ihre Dokumente<\/h2>\r\n                <p>Scannen Sie Ihre Dokumente, Ausweise, Quittungen und mehr als PDF oder importieren Sie Dokumente aus Ihrer Galerie. iScanner verf\u00fcgt au\u00dferdem \u00fcber Funktionen zur Steigerung der Produktivit\u00e4t:<\/p>\n            <\/div>\r\n        <\/div>\r\n    <\/div>\r\n<\/section>\n\n<section class=\"section cards\">\r\n    <div class=\"container\">\r\n        <div class=\"cards-list row-flex\">\r\n                        <div class=\"cards-list__item col-4\" data-aos=\"zoom-in\">\r\n                <div class=\"cards-list__item-img\">\r\n                    <img decoding=\"async\" src=\"https:\/\/iscanner.com\/wp-content\/uploads\/2021\/05\/count.svg\" alt=\"\" title=\"\">\r\n                <\/div>\r\n                <h2 class=\"mainblue\">Z\u00e4hlermodus<\/h2>\r\n                <p>KI-Funktion zum Z\u00e4hlen vieler \u00e4hnlicher Objekte.<\/p>\r\n            <\/div>\r\n                        <div class=\"cards-list__item col-4\" data-aos=\"zoom-in\">\r\n                <div class=\"cards-list__item-img\">\r\n                    <img decoding=\"async\" src=\"https:\/\/iscanner.com\/wp-content\/uploads\/2021\/05\/math.svg\" alt=\"\" title=\"\">\r\n                <\/div>\r\n                <h2 class=\"mainblue\">Mathe<\/h2>\r\n                <p>Funktion zum L\u00f6sen von Gleichungen und Matheaufgaben.<\/p>\r\n            <\/div>\r\n                        <div class=\"cards-list__item col-4\" data-aos=\"zoom-in\">\r\n                <div class=\"cards-list__item-img\">\r\n                    <img decoding=\"async\" src=\"https:\/\/iscanner.com\/wp-content\/uploads\/2021\/05\/area.svg\" alt=\"\" title=\"\">\r\n                <\/div>\r\n                <h2 class=\"mainblue\">Fl\u00e4che<\/h2>\r\n                <p>Automatische Berechnung der L\u00e4nge und Fl\u00e4che verschiedener Objekte.<\/p>\r\n            <\/div>\r\n                    <\/div>\r\n    <\/div>\r\n<\/section>\r\n\n\n<section class=\"section\">\r\n    <div class=\"container\">\r\n        <style>\r\n                    <\/style>\r\n        <div class=\"excerpt rtl\">\r\n            <div class=\"excerpt-image col-7 col-sm-12 mobile-\" data-aos=\"fade-left\">\r\n                <img decoding=\"async\" src=\"https:\/\/iscanner.com\/wp-content\/uploads\/2024\/10\/text-recognition.png\" alt=\"\" title=\"\">\r\n            <\/div>\r\n            <div class=\"excerpt-content col-5 col-sm-12\" data-aos=\"fade-right\">\r\n                <h2>Texterkennung (OCR)<\/h2>\r\n                <p>Extrahieren Sie Text aus einer gescannten Seite, bearbeiten und speichern Sie ihn als neues Dokument. Der OCR-Textscanner erkennt \u00fcber 23 Sprachen und kann mehrere Sprachen innerhalb eines Dokuments erkennen.<\/p>\n            <\/div>\r\n        <\/div>\r\n    <\/div>\r\n<\/section>\n\n<section class=\"section\">\n    <div class=\"container\">\n        <div class=\"banner banner-advanced-editing device-bg  ltr\" style=\"background-color: #f3f5fc; height:527px;\">\n            <div class=\"banner-image col-6 col-lg-5 col-sm-12 banner-image-bottom\" style=\"background-color: #f3f5fc;\" data-aos=\"fade-up\">\n                <img class=\"lozad\" data-src=\"https:\/\/iscanner.com\/wp-content\/uploads\/2023\/12\/advanced-editing.png\" alt=\"\" title=\"\">\n            <\/div>\n            <div class=\"banner-content col-5 col-lg-6 col-sm-12\" data-aos=\"fade-down\">\n                <h2>Erweiterte Bearbeitung<\/h2>\n                <p class=\"lead\">Markierungs-, Ausblendungs- und Text-Tool: F\u00fcgen und bearbeiten Sie Text und f\u00fcllen Sie Ihre Dokumente mithilfe benutzerdefinierter Vorlagen automatisch aus.<\/p>\n            <\/div>\n        <\/div>\n    <\/div>\n<\/section>\n\n\n<section class=\"section\">\r\n    <div class=\"container\">\r\n        <style>\r\n                    <\/style>\r\n        <div class=\"excerpt rtl\">\r\n            <div class=\"excerpt-image col-7 col-sm-12 mobile-\" data-aos=\"fade-left\">\r\n                <img decoding=\"async\" src=\"https:\/\/iscanner.com\/wp-content\/uploads\/2024\/10\/document-sharing.png\" alt=\"\" title=\"\">\r\n            <\/div>\r\n            <div class=\"excerpt-content col-5 col-sm-12\" data-aos=\"fade-right\">\r\n                <h2>Einfaches Teilen von Dokumenten<\/h2>\r\n                <ul>\n<li>Scannen Sie Dokumente in PDF, JPG, PPT oder konvertieren Sie sie in TXT, EXCEL, DOC und teilen Sie sie mit nur wenigen Klicks<\/li>\n<li>Drucken Sie Vertr\u00e4ge und Rechnungen direkt aus der Scan-App<\/li>\n<li>Teilen und laden Sie gescannte Dokumente in Cloud-Dienste wie Dropbox, Evernote oder Google Drive hoch<\/li>\n<\/ul>\n            <\/div>\r\n        <\/div>\r\n    <\/div>\r\n<\/section>\n\n<section class=\"section\">\n    <div class=\"container\">\n        <div class=\"banner banner-cloud-sync device-bg  ltr\" style=\"background-color: #f3f5fc; height:527px;\">\n            <div class=\"banner-image col-5 col-lg-5 col-sm-12 banner-image-bottom\" style=\"background-color: #f3f5fc;\" data-aos=\"fade-up\">\n                <img class=\"lozad\" data-src=\"https:\/\/iscanner.com\/wp-content\/uploads\/2023\/12\/sync-files.png\" alt=\"\" title=\"\">\n            <\/div>\n            <div class=\"banner-content col-6 col-lg-6 col-sm-12\" data-aos=\"fade-down\">\n                <h2>Sichern und synchronisieren Sie Ihre Dateien<\/h2>\n                <p class=\"lead\"><ul>\r\n  <li>Schaffen Sie Speicher f\u00fcr alles! Holen Sie sich 200 MB, 10 GB oder 100 GB Speicher in der iScanner Cloud.<\/li>\r\n  <li>Setzen Sie Ihre Arbeit auf jedem Ger\u00e4t dort fort, wo Sie aufgeh\u00f6rt haben.<\/li>\r\n  <li>Arbeiten Sie ohne Internet.<\/li>\r\n<\/ul><\/p>\n            <\/div>\n        <\/div>\n    <\/div>\n<\/section>","protected":false},"excerpt":{"rendered":"","protected":false},"author":21,"featured_media":0,"parent":0,"menu_order":0,"comment_status":"closed","ping_status":"closed","template":"template\/feature.php","meta":{"footnotes":""},"class_list":["post-9174","page","type-page","status-publish","hentry"],"yoast_head":"<!-- This site is optimized with the Yoast SEO plugin v24.5 - https:\/\/yoast.com\/wordpress\/plugins\/seo\/ -->\n<title>Erkennen, bearbeiten, teilen oder drucken Sie Dokumente mit iScanner<\/title>\n<meta name=\"description\" content=\"Scannen Sie Ihre Dokumente, Ausweise, Quittungen und mehr in PDFs. Verwenden Sie Texterkennung, um gescannte Dokumente zu bearbeiten und als neue Dateien zu speichern. Teilen oder drucken Sie Dokumente direkt aus der iScanner App.\" \/>\n<meta name=\"robots\" content=\"index, follow, max-snippet:-1, max-image-preview:large, max-video-preview:-1\" \/>\n<link rel=\"canonical\" href=\"https:\/\/iscanner.com\/de\/high-performance\/\" \/>\n<meta property=\"og:locale\" content=\"de_DE\" \/>\n<meta property=\"og:type\" content=\"article\" \/>\n<meta property=\"og:title\" content=\"Recognize, Edit, Share, or Print Documents with iScanner\" \/>\n<meta property=\"og:description\" content=\"Scan your documents IDs, receipts, and more into PDFs. Use text recognition to edit scanned documents and save them as new files. Share or print documents right from the iScanner app.\" \/>\n<meta property=\"og:url\" content=\"https:\/\/iscanner.com\/de\/high-performance\/\" \/>\n<meta property=\"og:site_name\" content=\"iScanner\" \/>\n<meta name=\"twitter:card\" content=\"summary_large_image\" \/>\n<meta name=\"twitter:title\" content=\"Recognize, Edit, Share, or Print Documents with iScanner\" \/>\n<meta name=\"twitter:description\" content=\"Scan your documents IDs, receipts, and more into PDFs. Use text recognition to edit scanned documents and save them as new files. Share or print documents right from the iScanner app.\" \/>\n<!-- \/ Yoast SEO plugin. -->","yoast_head_json":{"title":"Erkennen, bearbeiten, teilen oder drucken Sie Dokumente mit iScanner","description":"Scannen Sie Ihre Dokumente, Ausweise, Quittungen und mehr in PDFs. Verwenden Sie Texterkennung, um gescannte Dokumente zu bearbeiten und als neue Dateien zu speichern. Teilen oder drucken Sie Dokumente direkt aus der iScanner App.","robots":{"index":"index","follow":"follow","max-snippet":"max-snippet:-1","max-image-preview":"max-image-preview:large","max-video-preview":"max-video-preview:-1"},"canonical":"https:\/\/iscanner.com\/de\/high-performance\/","og_locale":"de_DE","og_type":"article","og_title":"Recognize, Edit, Share, or Print Documents with iScanner","og_description":"Scan your documents IDs, receipts, and more into PDFs. Use text recognition to edit scanned documents and save them as new files. Share or print documents right from the iScanner app.","og_url":"https:\/\/iscanner.com\/de\/high-performance\/","og_site_name":"iScanner","twitter_card":"summary_large_image","twitter_title":"Recognize, Edit, Share, or Print Documents with iScanner","twitter_description":"Scan your documents IDs, receipts, and more into PDFs. Use text recognition to edit scanned documents and save them as new files. Share or print documents right from the iScanner app.","schema":{"@context":"https:\/\/schema.org","@graph":[{"@type":"WebPage","@id":"https:\/\/iscanner.com\/de\/high-performance\/","url":"https:\/\/iscanner.com\/de\/high-performance\/","name":"Erkennen, bearbeiten, teilen oder drucken Sie Dokumente mit iScanner","isPartOf":{"@id":"https:\/\/iscanner.com\/de\/#website"},"datePublished":"2025-08-27T09:15:33+00:00","description":"Scannen Sie Ihre Dokumente, Ausweise, Quittungen und mehr in PDFs. Verwenden Sie Texterkennung, um gescannte Dokumente zu bearbeiten und als neue Dateien zu speichern. Teilen oder drucken Sie Dokumente direkt aus der iScanner App.","breadcrumb":{"@id":"https:\/\/iscanner.com\/de\/high-performance\/#breadcrumb"},"inLanguage":"de","potentialAction":[{"@type":"ReadAction","target":["https:\/\/iscanner.com\/de\/high-performance\/"]}]},{"@type":"BreadcrumbList","@id":"https:\/\/iscanner.com\/de\/high-performance\/#breadcrumb","itemListElement":[{"@type":"ListItem","position":1,"name":"Home","item":"https:\/\/iscanner.com\/de\/"},{"@type":"ListItem","position":2,"name":"Hohe Leistung"}]},{"@type":"WebSite","@id":"https:\/\/iscanner.com\/de\/#website","url":"https:\/\/iscanner.com\/de\/","name":"iScanner","description":"Mobile Scanner App. Download for FREE (Android, iPhone)","potentialAction":[{"@type":"SearchAction","target":{"@type":"EntryPoint","urlTemplate":"https:\/\/iscanner.com\/de\/?s={search_term_string}"},"query-input":{"@type":"PropertyValueSpecification","valueRequired":true,"valueName":"search_term_string"}}],"inLanguage":"de"},{"@type":"SoftwareApplication","name":"Iscanner","operatingSystem":"iOS, Android","applicationCategory":"Document converter","aggregateRating":{"@type":"AggregateRating","ratingValue":"4.5","ratingCount":"100"}}]}},"uagb_featured_image_src":{"full":false,"thumbnail":false,"medium":false,"medium_large":false,"large":false,"1536x1536":false,"2048x2048":false,"trp-custom-language-flag":false},"uagb_author_info":{"display_name":"o.markevich","author_link":"https:\/\/iscanner.com\/de\/author\/o-markevich\/"},"uagb_comment_info":0,"uagb_excerpt":null,"_links":{"self":[{"href":"https:\/\/iscanner.com\/de\/wp-json\/wp\/v2\/pages\/9174","targetHints":{"allow":["GET"]}}],"collection":[{"href":"https:\/\/iscanner.com\/de\/wp-json\/wp\/v2\/pages"}],"about":[{"href":"https:\/\/iscanner.com\/de\/wp-json\/wp\/v2\/types\/page"}],"author":[{"embeddable":true,"href":"https:\/\/iscanner.com\/de\/wp-json\/wp\/v2\/users\/21"}],"replies":[{"embeddable":true,"href":"https:\/\/iscanner.com\/de\/wp-json\/wp\/v2\/comments?post=9174"}],"version-history":[{"count":2,"href":"https:\/\/iscanner.com\/de\/wp-json\/wp\/v2\/pages\/9174\/revisions"}],"predecessor-version":[{"id":9176,"href":"https:\/\/iscanner.com\/de\/wp-json\/wp\/v2\/pages\/9174\/revisions\/9176"}],"wp:attachment":[{"href":"https:\/\/iscanner.com\/de\/wp-json\/wp\/v2\/media?parent=9174"}],"curies":[{"name":"wp","href":"https:\/\/api.w.org\/{rel}","templated":true}]}}