{"id":9167,"date":"2025-08-27T09:16:47","date_gmt":"2025-08-27T09:16:47","guid":{"rendered":"https:\/\/iscanner.com\/?page_id=9167"},"modified":"2025-12-08T14:22:42","modified_gmt":"2025-12-08T14:22:42","slug":"privacy-and-security","status":"publish","type":"page","link":"https:\/\/iscanner.com\/de\/privacy-and-security\/","title":{"rendered":"Datenschutz und Sicherheit"},"content":{"rendered":"<section  class=\"section\" >\r\n    <div class=\"container\">\r\n        <div class=\"h2-center col-10 col-sm-12\">\r\n                        <h2>Der Schutz Ihrer Daten ist uns wichtig<\/h2>\r\n            <p class=\"lead col-8 col-sm-12\">Dokumente werden standardm\u00e4\u00dfig lokal in der App gespeichert, die Cloud-Synchronisierung ist optional. Weder der Entwickler noch Dritte haben Zugriff auf den Inhalt Ihrer Dateien.<\/p>\r\n        <\/div>\r\n    <\/div>\r\n<\/section>\n\n<section class=\"section\">\r\n    <div class=\"container\">\r\n        <div class=\"gutenberg-features\">\r\n                            <div class=\"gutenberg-features__item\" style=\"background-color:#19b4ff; color:#ffffff;\">\r\n                    <div>\r\n                        <h3 class=\"gutenberg-features__title\">Strenge Einhaltung des Datenschutzes<\/h3>\r\n                        <p class=\"gutenberg-features__text\">Wir halten uns an die DSGVO der EU und den CCPA, um die Privatsph\u00e4re der Nutzer zu sch\u00fctzen.<\/p>\r\n                    <\/div>\r\n                    <div class=\"gutenberg-features__img\">\r\n                        <img decoding=\"async\" src=\"https:\/\/iscanner.com\/wp-content\/uploads\/2025\/12\/privacy-feature-1.png\" alt=\"\" title=\"\">\r\n                    <\/div>\r\n                <\/div>\r\n                            <div class=\"gutenberg-features__item\" style=\"background-color:#f3f5fc; color:#41485b;\">\r\n                    <div>\r\n                        <h3 class=\"gutenberg-features__title\">Ihre Dokumente bleiben lokal<\/h3>\r\n                        <p class=\"gutenberg-features__text\">Ihr Profil wird nur dann mit dem Cloud-Speicher synchronisiert, wenn Sie dies ausdr\u00fccklich w\u00fcnschen.<\/p>\r\n                    <\/div>\r\n                    <div class=\"gutenberg-features__img\">\r\n                        <img decoding=\"async\" src=\"https:\/\/iscanner.com\/wp-content\/uploads\/2025\/12\/privacy-feature-2.png\" alt=\"\" title=\"\">\r\n                    <\/div>\r\n                <\/div>\r\n                            <div class=\"gutenberg-features__item\" style=\"background-color:#f3f5fc; color:#41485b;\">\r\n                    <div>\r\n                        <h3 class=\"gutenberg-features__title\">Keine Nachverfolgung Ihrer Inhalte<\/h3>\r\n                        <p class=\"gutenberg-features__text\">Weder wir noch Dritte haben Zugriff auf den Inhalt Ihrer Dokumente. Die Gew\u00e4hrung des Zugriffs auf Ihre Dokumente durch Freigabe liegt vollst\u00e4ndig in Ihrer Hand.<\/p>\r\n                    <\/div>\r\n                    <div class=\"gutenberg-features__img\">\r\n                        <img decoding=\"async\" src=\"https:\/\/iscanner.com\/wp-content\/uploads\/2025\/12\/privacy-feature-3.png\" alt=\"\" title=\"\">\r\n                    <\/div>\r\n                <\/div>\r\n                            <div class=\"gutenberg-features__item\" style=\"background-color:#495795; color:#ffffff;\">\r\n                    <div>\r\n                        <h3 class=\"gutenberg-features__title\">Kontrollierter Zugriff auf Ihre Kamera und Galerie.<\/h3>\r\n                        <p class=\"gutenberg-features__text\">Die App ben\u00f6tigt Berechtigungen f\u00fcr bestimmte Aufgaben: Kamera zum Scannen und Galerie f\u00fcr Uploads. Die App greift nur auf die Dateien zu, die Sie jeweils ausw\u00e4hlen.<\/p>\r\n                    <\/div>\r\n                    <div class=\"gutenberg-features__img\">\r\n                        <img decoding=\"async\" src=\"https:\/\/iscanner.com\/wp-content\/uploads\/2025\/12\/privacy-feature-4.png\" alt=\"\" title=\"\">\r\n                    <\/div>\r\n                <\/div>\r\n                    <\/div>\r\n    <\/div>\r\n<\/section>\n\n<section  class=\"section\" >\r\n    <div class=\"container\">\r\n        <div class=\"h2-center col-11 col-sm-12\">\r\n                        <h2>Welche Sicherheitsfunktionen zeichnen iScanner aus?<\/h2>\r\n            <p class=\"lead col-8 col-sm-12\"><\/p>\r\n        <\/div>\r\n    <\/div>\r\n<\/section>\n\n<section class=\"section banner-1\">\r\n    <div class=\"container\">\r\n        <style>\r\n            @media(max-width: 767.98px) {\n  .banner-1 .excerpt-image {\n    margin-bottom: 0;\n  }\n  .banner-1 .excerpt-image img {\n    transform: scale(1.1);\n  }\n .banner-1 .excerpt-content p {\n    margin-bottom: 60px;\n  }\n}\n        <\/style>\r\n        <div class=\"excerpt\">\r\n            <div class=\"excerpt-image col-7 col-sm-12 mobile-bottom\" data-aos=\"fade-right\">\r\n                <img decoding=\"async\" src=\"https:\/\/iscanner.com\/wp-content\/uploads\/2025\/12\/privacy-banner-1.png\" alt=\"\" title=\"\">\r\n            <\/div>\r\n            <div class=\"excerpt-content col-5 col-sm-12\" data-aos=\"fade-left\">\r\n                <h2>Sichern Sie vertrauliche Informationen mit einer PIN, Face ID oder Touch ID.<\/h2>\r\n                <p>Sie k\u00f6nnen eine PIN erstellen, die nur Sie kennen, oder eine Face- oder Touch-ID einrichten, um die gesamte iScanner-App zu sch\u00fctzen oder bestimmte Ordner und Dokumente zu sperren.<\/p>\n            <\/div>\r\n        <\/div>\r\n    <\/div>\r\n<\/section>\n\n<section class=\"section banner-2\">\r\n    <div class=\"container\">\r\n        <style>\r\n            @media(max-width: 767.98px) {\n.banner-2 .excerpt-image {\nmargin-bottom: 0;\n}\n.banner-2 .excerpt-image img {\ntransform: scale(1.1);\n}\n.banner-2 .excerpt-content p {\nmargin-bottom: 60px;\n}\n}\n        <\/style>\r\n        <div class=\"excerpt rtl\">\r\n            <div class=\"excerpt-image col-7 col-sm-12 mobile-bottom\" data-aos=\"fade-left\">\r\n                <img decoding=\"async\" src=\"https:\/\/iscanner.com\/wp-content\/uploads\/2025\/12\/privacy-banner-2.png\" alt=\"\" title=\"\">\r\n            <\/div>\r\n            <div class=\"excerpt-content col-5 col-sm-12\" data-aos=\"fade-right\">\r\n                <h2>Sch\u00fctzen Sie die von Ihnen freigegebenen PDF-Dateien: F\u00fcgen Sie ein Passwort hinzu oder legen Sie ein Ablaufdatum f\u00fcr den Link fest.<\/h2>\r\n                <p>F\u00fcgen Sie vor dem Senden einer PDF-Datei ein Passwort hinzu, um sicherzustellen, dass nur Sie und der Empf\u00e4nger auf die Datei zugreifen k\u00f6nnen. Sie k\u00f6nnen auch ein benutzerdefiniertes Ablaufdatum f\u00fcr den Link festlegen, sodass die Datei nach Ablauf f\u00fcr niemanden mehr zug\u00e4nglich ist.<\/p>\n            <\/div>\r\n        <\/div>\r\n    <\/div>\r\n<\/section>\n\n<section class=\"section banner-3\">\r\n    <div class=\"container\">\r\n        <style>\r\n            @media(max-width: 767.98px) {\n.banner-3 .excerpt-image {\nmargin-bottom: 0;\n}\n.banner-3 .excerpt-image img {\ntransform: scale(1.1);\n}\n.banner-3 .excerpt-content p {\nmargin-bottom: 60px;\n}\n}\n        <\/style>\r\n        <div class=\"excerpt\">\r\n            <div class=\"excerpt-image col-7 col-sm-12 mobile-bottom\" data-aos=\"fade-right\">\r\n                <img decoding=\"async\" src=\"https:\/\/iscanner.com\/wp-content\/uploads\/2025\/12\/privacy-banner-3.png\" alt=\"\" title=\"\">\r\n            <\/div>\r\n            <div class=\"excerpt-content col-5 col-sm-12\" data-aos=\"fade-left\">\r\n                <h2>Erh\u00f6hen Sie die Sicherheit Ihrer Dateien mit dem sicheren Ordner und einem Scheinpasswort.<\/h2>\r\n                <p>Der sichere Ordner sch\u00fctzt Ihre Dokumente mit einem Zugangscode, den nur Sie kennen. Ein Scheinpasswort sorgt f\u00fcr zus\u00e4tzliche Sicherheit, indem es Ihre wichtigen Dateien versteckt und unbedeutende Dateien anzeigt, wenn jemand Sie zwingt, Ihr Ger\u00e4t zu entsperren.<\/p>\n            <\/div>\r\n        <\/div>\r\n    <\/div>\r\n<\/section>\n\n<section class=\"section banner-4\">\r\n    <div class=\"container\">\r\n        <style>\r\n            @media(max-width: 767.98px) {\n.banner-4 .excerpt-image {\nmargin-bottom: 0;\n}\n.banner-4 .excerpt-image img {\ntransform: scale(1.1);\n}\n.banner-4 .excerpt-content p {\nmargin-bottom: 60px;\n}\n}\n        <\/style>\r\n        <div class=\"excerpt rtl\">\r\n            <div class=\"excerpt-image col-7 col-sm-12 mobile-bottom\" data-aos=\"fade-left\">\r\n                <img decoding=\"async\" src=\"https:\/\/iscanner.com\/wp-content\/uploads\/2025\/12\/privacy-banner-4.png\" alt=\"\" title=\"\">\r\n            <\/div>\r\n            <div class=\"excerpt-content col-5 col-sm-12\" data-aos=\"fade-right\">\r\n                <h2>Melden Sie sich bei Bedarf aus der Ferne ab.<\/h2>\r\n                <p>Es sch\u00fctzt Ihre sensiblen Dokumente, indem es Ihnen erm\u00f6glicht, sich bei Verlust Ihres Ger\u00e4ts aus der Ferne aus Ihrem iScanner-Konto abzumelden, alle gespeicherten Dateien sofort zu l\u00f6schen und unbefugten Zugriff zu verhindern. Auf diese Weise bleiben Ihre Daten auch dann sicher, wenn Ihr Telefon oder Tablet verloren geht oder gestohlen wird.<\/p>\n            <\/div>\r\n        <\/div>\r\n    <\/div>\r\n<\/section>\n\n<section class=\"section\">\r\n    <div class=\"container\">\r\n        <style>\r\n            .privacy-banner a {\nfont-size: 16px;\npadding: 0 50px;\nmargin-top: 60px;\n}\n.privacy-banner p {\ncolor: #41485B;\n}\n@media(max-width: 1024px) {\n.privacy-banner a {\nmargin-top: 40px\n}\n}\n        <\/style>\r\n        <div class=\"customizable-banner privacy-banner right mobile-top\" style=\"background-color: #f8fdff; border: 1px solid #b0d6f8;\">\r\n            <div class=\"customizable-banner__content\" data-aos=\"fade-down\">\r\n                <h2>Sicherer Cloud-Speicher<\/h2>\r\n                                    <p><strong>Ihre Dateien<\/strong> werden auf <strong>AWS-Servern<\/strong> gespeichert, dem weltweit f\u00fchrenden Cloud-Anbieter, dem <strong>die meisten Fortune-500-Unternehmen vertrauen<\/strong> und der dieselben Sicherheitsstandards wie das Milit\u00e4r und gro\u00dfe Banken anwendet.<\/p>\n<p><strong>Cloud-Speicher ist optional<\/strong>, und Sie k\u00f6nnen jederzeit wieder zum lokalen Speicher wechseln.<br \/>\n<a class=\"btn btn-banner\" href=\"https:\/\/iscanner.com\/de\/cloud\/\">Mehr erfahren<\/a><\/p>\n                            <\/div>\r\n                            <div class=\"customizable-banner__image\" data-aos=\"fade-up\">\r\n                    <picture>\r\n                                                                            <source media=\"(min-width:1024px)\" srcset=\"https:\/\/iscanner.com\/wp-content\/uploads\/2025\/12\/privacy-banner-5.svg\">\r\n                            <img decoding=\"async\" src=\"https:\/\/iscanner.com\/wp-content\/uploads\/2025\/12\/privacy-banner-5.svg\">\r\n                                            <\/picture>\r\n                <\/div>\r\n                    <\/div>\r\n    <\/div>\r\n<\/section>\n\n<section  class=\"section\" >\r\n    <div class=\"container\">\r\n        <div class=\"h2-center col-10 col-sm-12\">\r\n                            <a target=\"_blank\" href=\"https:\/\/app-eu1.hubspotdocuments.com\/documents\/2378615\/view\/509573829?accessId=fa4575\">\r\n                                            <img decoding=\"async\" class=\"headline-img\" src=\"https:\/\/iscanner.com\/wp-content\/uploads\/2025\/12\/privacy-banner-6.png\" \/>\r\n                                    <\/a>\r\n                        <h2>Sicherste Android-App 2022<\/h2>\r\n            <p class=\"lead col-8 col-sm-12\">In seinem Bericht f\u00fcr 2023 listete der Anbieter von Anwendungssicherheit Pradeo iScanner nach der Analyse von 49 Scanner-Apps als eine der sichersten Business-Apps f\u00fcr Android in seiner Kategorie auf.<\/p>\r\n        <\/div>\r\n    <\/div>\r\n<\/section>\n\n\n<p><\/p>","protected":false},"excerpt":{"rendered":"","protected":false},"author":21,"featured_media":0,"parent":0,"menu_order":0,"comment_status":"closed","ping_status":"closed","template":"template\/feature-new.php","meta":{"footnotes":""},"class_list":["post-9167","page","type-page","status-publish","hentry"],"yoast_head":"<!-- This site is optimized with the Yoast SEO plugin v24.5 - https:\/\/yoast.com\/wordpress\/plugins\/seo\/ -->\n<title>iScanner \u2013 Private und sichere Scan-Anwendung<\/title>\n<meta name=\"description\" content=\"iScanner speichert vertrauliche Dokumente ausschlie\u00dflich in der App auf dem Smartphone des Benutzers: Weder der Entwickler noch Dritte haben Zugriff darauf. Vollst\u00e4ndige Einhaltung der BBB-Sicherheitsprotokolle.\" \/>\n<meta name=\"robots\" content=\"index, follow, max-snippet:-1, max-image-preview:large, max-video-preview:-1\" \/>\n<link rel=\"canonical\" href=\"https:\/\/iscanner.com\/de\/privacy-and-security\/\" \/>\n<meta property=\"og:locale\" content=\"de_DE\" \/>\n<meta property=\"og:type\" content=\"article\" \/>\n<meta property=\"og:title\" content=\"iScanner - Private and Secure Scanning Application\" \/>\n<meta property=\"og:description\" content=\"iScanner stores confidential documents only in the app on the user&#039;s phone: neither the developer nor third parties have access to it. Full compliance with BBB security protocols.\" \/>\n<meta property=\"og:url\" content=\"https:\/\/iscanner.com\/de\/privacy-and-security\/\" \/>\n<meta property=\"og:site_name\" content=\"iScanner\" \/>\n<meta property=\"article:modified_time\" content=\"2025-12-08T14:22:42+00:00\" \/>\n<meta name=\"twitter:card\" content=\"summary_large_image\" \/>\n<meta name=\"twitter:title\" content=\"iScanner - Private and Secure Scanning Application\" \/>\n<meta name=\"twitter:description\" content=\"iScanner stores confidential documents only in the app on the user&#039;s phone: neither the developer nor third parties have access to it. Full compliance with BBB security protocols.\" \/>\n<!-- \/ Yoast SEO plugin. -->","yoast_head_json":{"title":"iScanner \u2013 Private und sichere Scan-Anwendung","description":"iScanner speichert vertrauliche Dokumente ausschlie\u00dflich in der App auf dem Smartphone des Benutzers: Weder der Entwickler noch Dritte haben Zugriff darauf. Vollst\u00e4ndige Einhaltung der BBB-Sicherheitsprotokolle.","robots":{"index":"index","follow":"follow","max-snippet":"max-snippet:-1","max-image-preview":"max-image-preview:large","max-video-preview":"max-video-preview:-1"},"canonical":"https:\/\/iscanner.com\/de\/privacy-and-security\/","og_locale":"de_DE","og_type":"article","og_title":"iScanner - Private and Secure Scanning Application","og_description":"iScanner stores confidential documents only in the app on the user's phone: neither the developer nor third parties have access to it. Full compliance with BBB security protocols.","og_url":"https:\/\/iscanner.com\/de\/privacy-and-security\/","og_site_name":"iScanner","article_modified_time":"2025-12-08T14:22:42+00:00","twitter_card":"summary_large_image","twitter_title":"iScanner - Private and Secure Scanning Application","twitter_description":"iScanner stores confidential documents only in the app on the user's phone: neither the developer nor third parties have access to it. Full compliance with BBB security protocols.","schema":{"@context":"https:\/\/schema.org","@graph":[{"@type":"WebPage","@id":"https:\/\/iscanner.com\/de\/privacy-and-security\/","url":"https:\/\/iscanner.com\/de\/privacy-and-security\/","name":"iScanner \u2013 Private und sichere Scan-Anwendung","isPartOf":{"@id":"https:\/\/iscanner.com\/de\/#website"},"datePublished":"2025-08-27T09:16:47+00:00","dateModified":"2025-12-08T14:22:42+00:00","description":"iScanner speichert vertrauliche Dokumente ausschlie\u00dflich in der App auf dem Smartphone des Benutzers: Weder der Entwickler noch Dritte haben Zugriff darauf. Vollst\u00e4ndige Einhaltung der BBB-Sicherheitsprotokolle.","breadcrumb":{"@id":"https:\/\/iscanner.com\/de\/privacy-and-security\/#breadcrumb"},"inLanguage":"de","potentialAction":[{"@type":"ReadAction","target":["https:\/\/iscanner.com\/de\/privacy-and-security\/"]}]},{"@type":"BreadcrumbList","@id":"https:\/\/iscanner.com\/de\/privacy-and-security\/#breadcrumb","itemListElement":[{"@type":"ListItem","position":1,"name":"Home","item":"https:\/\/iscanner.com\/de\/"},{"@type":"ListItem","position":2,"name":"Datenschutz und Sicherheit"}]},{"@type":"WebSite","@id":"https:\/\/iscanner.com\/de\/#website","url":"https:\/\/iscanner.com\/de\/","name":"iScanner","description":"Mobile Scanner App. Download for FREE (Android, iPhone)","potentialAction":[{"@type":"SearchAction","target":{"@type":"EntryPoint","urlTemplate":"https:\/\/iscanner.com\/de\/?s={search_term_string}"},"query-input":{"@type":"PropertyValueSpecification","valueRequired":true,"valueName":"search_term_string"}}],"inLanguage":"de"},{"@type":"SoftwareApplication","name":"Iscanner","operatingSystem":"iOS, Android","applicationCategory":"Document converter","aggregateRating":{"@type":"AggregateRating","ratingValue":"4.5","ratingCount":"100"}}]}},"uagb_featured_image_src":{"full":false,"thumbnail":false,"medium":false,"medium_large":false,"large":false,"1536x1536":false,"2048x2048":false,"trp-custom-language-flag":false},"uagb_author_info":{"display_name":"o.markevich","author_link":"https:\/\/iscanner.com\/de\/author\/o-markevich\/"},"uagb_comment_info":0,"uagb_excerpt":null,"_links":{"self":[{"href":"https:\/\/iscanner.com\/de\/wp-json\/wp\/v2\/pages\/9167","targetHints":{"allow":["GET"]}}],"collection":[{"href":"https:\/\/iscanner.com\/de\/wp-json\/wp\/v2\/pages"}],"about":[{"href":"https:\/\/iscanner.com\/de\/wp-json\/wp\/v2\/types\/page"}],"author":[{"embeddable":true,"href":"https:\/\/iscanner.com\/de\/wp-json\/wp\/v2\/users\/21"}],"replies":[{"embeddable":true,"href":"https:\/\/iscanner.com\/de\/wp-json\/wp\/v2\/comments?post=9167"}],"version-history":[{"count":10,"href":"https:\/\/iscanner.com\/de\/wp-json\/wp\/v2\/pages\/9167\/revisions"}],"predecessor-version":[{"id":9758,"href":"https:\/\/iscanner.com\/de\/wp-json\/wp\/v2\/pages\/9167\/revisions\/9758"}],"wp:attachment":[{"href":"https:\/\/iscanner.com\/de\/wp-json\/wp\/v2\/media?parent=9167"}],"curies":[{"name":"wp","href":"https:\/\/api.w.org\/{rel}","templated":true}]}}