{"id":9152,"date":"2025-08-27T09:17:51","date_gmt":"2025-08-27T09:17:51","guid":{"rendered":"https:\/\/iscanner.com\/?page_id=9152"},"modified":"2025-12-08T10:35:27","modified_gmt":"2025-12-08T10:35:27","slug":"sustainability","status":"publish","type":"page","link":"https:\/\/iscanner.com\/de\/sustainability\/","title":{"rendered":"Nachhaltigkeit"},"content":{"rendered":"<section  class=\"section\" >\r\n    <div class=\"container\">\r\n        <div class=\"h2-center col-11 col-sm-12\">\r\n                        <h2>Werden Sie papierfrei<\/h2>\r\n            <p class=\"lead col-11 col-sm-12\">Die <strong>iScanner<\/strong>-App ist ein Schritt auf dem Weg zu weniger Papierverbrauch. Ein kleiner Baum liefert etwa <strong>4.000 Blatt Papier<\/strong>. Jedes Jahr retten <strong>iScanner<\/strong>-Nutzer durch das Scannen und Exportieren digitaler Dateien insgesamt <strong>16.000 B\u00e4ume<\/strong>, was einer Fl\u00e4che von <strong>56 Fu\u00dfballfeldern<\/strong> entspricht.<\/p>\r\n        <\/div>\r\n    <\/div>\r\n<\/section>\n\n\n<div class=\"wp-block-group is-content-justification-center is-nowrap is-layout-flex wp-container-core-group-is-layout-94bc23d7 wp-block-group-is-layout-flex\">\n<figure class=\"wp-block-image size-full is-resized\"><img loading=\"lazy\" decoding=\"async\" width=\"264\" height=\"264\" src=\"https:\/\/iscanner.com\/wp-content\/uploads\/2025\/12\/sustainability-leaf-1.png\" alt=\"\" class=\"wp-image-9686\" style=\"object-fit:cover;width:132px;height:132px\" srcset=\"https:\/\/iscanner.com\/wp-content\/uploads\/2025\/12\/sustainability-leaf-1.png 264w, https:\/\/iscanner.com\/wp-content\/uploads\/2025\/12\/sustainability-leaf-1-150x150.png 150w, https:\/\/iscanner.com\/wp-content\/uploads\/2025\/12\/sustainability-leaf-1-12x12.png 12w\" sizes=\"auto, (max-width: 264px) 100vw, 264px\" \/><\/figure>\n<\/div>\n\n\n<section class=\"section\">\r\n    <div class=\"container\">\r\n        <style>\r\n                    <\/style>\r\n        <div class=\"excerpt rtl\">\r\n            <div class=\"excerpt-image col-7 col-sm-12 mobile-bottom\" data-aos=\"fade-left\">\r\n                <img decoding=\"async\" src=\"https:\/\/iscanner.com\/wp-content\/uploads\/2025\/12\/sustainability-banner-1.png\" alt=\"\" title=\"\">\r\n            <\/div>\r\n            <div class=\"excerpt-content col-5 col-sm-12\" data-aos=\"fade-right\">\r\n                <h2>Bearbeiten und signieren Sie digital, anstatt zu drucken<\/h2>\r\n                <p>Mit iScanner m\u00fcssen Sie keine Dokumente mehr ausdrucken. Sie k\u00f6nnen Dateien direkt in der App bearbeiten. M\u00f6chten Sie Ihre Signatur hinzuf\u00fcgen? Auch daf\u00fcr brauchen Sie keine Unterlagen. Signieren Sie das Dokument einfach elektronisch in der App und teilen Sie es sofort \u00fcber Messenger, E-Mail oder einen Link. All dies ist v\u00f6llig kostenlos.<\/p>\n            <\/div>\r\n        <\/div>\r\n    <\/div>\r\n<\/section>\n\n<section class=\"section\">\r\n    <div class=\"container\">\r\n        <style>\r\n                    <\/style>\r\n        <div class=\"excerpt\">\r\n            <div class=\"excerpt-image col-7 col-sm-12 mobile-bottom\" data-aos=\"fade-right\">\r\n                <img decoding=\"async\" src=\"https:\/\/iscanner.com\/wp-content\/uploads\/2025\/12\/sustainability-banner-2.png\" alt=\"\" title=\"\">\r\n            <\/div>\r\n            <div class=\"excerpt-content col-5 col-sm-12\" data-aos=\"fade-left\">\r\n                <h2>Erzielen Sie Erfolge mit unserem \u00d6ko-Programm<\/h2>\r\n                <p>Alle registrierten iScanner-Nutzer k\u00f6nnen durch den Export von Seiten auf unterhaltsame Weise \u00d6ko-Abzeichen verdienen. Jeder Export tr\u00e4gt zum Wachstum eines virtuellen Baumes bei. Versuchen Sie, alle 8 Abzeichen zu verdienen, von \u201eGr\u00fcn hinter den Ohren\u201d (1 exportierte Seite) bis \u201eBaumheld\u201d (4.000 Seiten). Verfolgen Sie Ihren Fortschritt und sehen Sie im Startmen\u00fc, wie Ihr Einfluss w\u00e4chst.<\/p>\n<p><a class=\"btn btn-myfiles\" target=\"_blank\" href=\"https:\/\/www.youtube.com\/watch?v=vD9gPBu7SJ8\">Video ansehen<\/a><\/p>\n            <\/div>\r\n        <\/div>\r\n    <\/div>\r\n<\/section>\n\n<section class=\"section\">\r\n    <div class=\"container\">\r\n        <style>\r\n                    <\/style>\r\n        <div class=\"excerpt rtl\">\r\n            <div class=\"excerpt-image col-7 col-sm-12 mobile-bottom\" data-aos=\"fade-left\">\r\n                <img decoding=\"async\" src=\"https:\/\/iscanner.com\/wp-content\/uploads\/2025\/12\/sustainability-banner-3.png\" alt=\"\" title=\"\">\r\n            <\/div>\r\n            <div class=\"excerpt-content col-5 col-sm-12\" data-aos=\"fade-right\">\r\n                <h2>F\u00fcgen Sie \u00d6ko-Widgets zu Ihrem Bildschirm hinzu<\/h2>\r\n                <p>Alle iPhone-Nutzer k\u00f6nnen ein \u00d6ko-Z\u00e4hler-Widget zu ihrem Sperrbildschirm hinzuf\u00fcgen. Dieses praktische Tool zeigt die Anzahl der B\u00e4ume, die Sie pers\u00f6nlich gerettet haben, sowie die Gesamtzahl der von der gesamten iScanner-Community geretteten B\u00e4ume an. Es ist eine inspirierende M\u00f6glichkeit, zu sehen, wie Ihr Beitrag jeden Tag w\u00e4chst.<\/p>\n            <\/div>\r\n        <\/div>\r\n    <\/div>\r\n<\/section>\n\n<section class=\"section\">\r\n    <div class=\"container\">\r\n        <style>\r\n                    <\/style>\r\n        <div class=\"excerpt\">\r\n            <div class=\"excerpt-image col-7 col-sm-12 mobile-bottom\" data-aos=\"fade-right\">\r\n                <img decoding=\"async\" src=\"https:\/\/iscanner.com\/wp-content\/uploads\/2025\/12\/sustainability-banner-4.png\" alt=\"\" title=\"\">\r\n            <\/div>\r\n            <div class=\"excerpt-content col-5 col-sm-12\" data-aos=\"fade-left\">\r\n                <h2>Teilen Sie Ihre \u00d6ko-Zertifikate<\/h2>\r\n                <p>F\u00fcr jedes verdiente Abzeichen erhalten Sie ein \u00d6ko-Zertifikat, das Ihr Engagement f\u00fcr einen papierlosen Lebensstil w\u00fcrdigt. Sie k\u00f6nnen diese Zertifikate \u00fcber die App herunterladen und auf Ihren pers\u00f6nlichen oder gesch\u00e4ftlichen Social-Media-Konten teilen.<\/p>\n            <\/div>\r\n        <\/div>\r\n    <\/div>\r\n<\/section>\n\n\n<div class=\"wp-block-group is-content-justification-center is-nowrap is-layout-flex wp-container-core-group-is-layout-94bc23d7 wp-block-group-is-layout-flex\">\n<figure class=\"wp-block-image size-full is-resized\"><img loading=\"lazy\" decoding=\"async\" width=\"264\" height=\"264\" src=\"https:\/\/iscanner.com\/wp-content\/uploads\/2025\/12\/sustainability-leaf-1.png\" alt=\"\" class=\"wp-image-9686\" style=\"object-fit:cover;width:132px;height:132px\" srcset=\"https:\/\/iscanner.com\/wp-content\/uploads\/2025\/12\/sustainability-leaf-1.png 264w, https:\/\/iscanner.com\/wp-content\/uploads\/2025\/12\/sustainability-leaf-1-150x150.png 150w, https:\/\/iscanner.com\/wp-content\/uploads\/2025\/12\/sustainability-leaf-1-12x12.png 12w\" sizes=\"auto, (max-width: 264px) 100vw, 264px\" \/><\/figure>\n<\/div>\n\n\n<section class=\"section\">\r\n    <div class=\"container\">\r\n        <style>\r\n            .sustainability-banner {\n  border-radius: 20px;\n  padding: 120px 120px 100px;\n}\n.sustainability-banner .customizable-banner__content {\n  padding-right: 25px;\n}\n.sustainability-banner p {\n  letter-spacing: -1.1px;\n  line-height: 1.5;\n}\n.sustainability-banner a {\n  font-size: 28px;\n  font-weight: 700;\n  margin-top: 30px;\n  padding: 20px;\n  height: auto;\n  max-width: 312px;\n  width: 100%;\n}\n.sustainability-banner .customizable-banner__image {\n  position: absolute;\n  right: 0;\n  bottom: 0;\n  top: 0;\n  max-width: 71%;\n}\n.sustainability-banner .customizable-banner__image img {\n  object-position: right bottom;\n}\n@media(max-width: 1280px) {\n  .sustainability-banner {\n    padding: 70px 60px 60px;\n  }\n}\n@media(max-width: 1024px) {\n  .sustainability-banner {\n    padding-bottom: 0;\n  }\n  .sustainability-banner .customizable-banner__content {\n     padding-right: 0;\n  }\n  .sustainability-banner .customizable-banner__image {\n    position: static;\n    margin-bottom: 0;\n    max-width: 100% !important;\n  }\n}\n@media(max-width: 768px) {\n  .sustainability-banner {\n    padding: 33px 23px 0;\n  }\n}\n        <\/style>\r\n        <div class=\"customizable-banner sustainability-banner right mobile-bottom\" style=\"background-color: #f3f5fc; \">\r\n            <div class=\"customizable-banner__content\" data-aos=\"fade-down\">\r\n                <h2>Seien Sie nachhaltig<\/h2>\r\n                                    <p>Einfache, nachhaltige Gewohnheiten k\u00f6nnen eine dauerhafte Ver\u00e4nderung in Gang setzen. Anl\u00e4sslich des Tags der Erde haben wir uns mit Recycling.com zusammengetan, um einen <strong>Leitfaden zum Entr\u00fcmpeln und Digitalisieren<\/strong> zu erstellen. Er enth\u00e4lt praktische Tipps dazu, welche Dokumente aufbewahrt und welche entsorgt werden sollten, wie man intelligent recycelt und wie man mit einfachen Schritten papierlos arbeiten kann.<br \/>\n<a target=\"_blank\" class=\"btn btn-blue\" href=\"https:\/\/iscanner.com\/wp-content\/uploads\/2022\/04\/earth-day.pdf\">Die Anleitung lesen<\/a><\/p>\n                            <\/div>\r\n                            <div class=\"customizable-banner__image\" data-aos=\"fade-up\">\r\n                    <picture>\r\n                                                    <source media=\"(max-width:1024px)\" srcset=\"https:\/\/iscanner.com\/wp-content\/uploads\/2025\/12\/sustainability-banner-5-mobile.png\">\r\n                                                                            <source media=\"(min-width:1024px)\" srcset=\"https:\/\/iscanner.com\/wp-content\/uploads\/2025\/12\/sustainability-banner-5.png\">\r\n                            <img decoding=\"async\" src=\"https:\/\/iscanner.com\/wp-content\/uploads\/2025\/12\/sustainability-banner-5.png\">\r\n                                            <\/picture>\r\n                <\/div>\r\n                    <\/div>\r\n    <\/div>\r\n<\/section>\n\n\n<div class=\"wp-block-group sustainability-full-width-green\"><div class=\"wp-block-group__inner-container is-layout-constrained wp-block-group-is-layout-constrained\">\n<div class=\"wp-block-group is-nowrap is-layout-flex wp-container-core-group-is-layout-ad2f72ca wp-block-group-is-layout-flex\">\n<figure class=\"wp-block-image size-large\"><img loading=\"lazy\" decoding=\"async\" width=\"1024\" height=\"1024\" src=\"https:\/\/iscanner.com\/wp-content\/uploads\/2025\/12\/sustainability-hands-1024x1024.png\" alt=\"\" class=\"wp-image-9685\" srcset=\"https:\/\/iscanner.com\/wp-content\/uploads\/2025\/12\/sustainability-hands-1024x1024.png 1024w, https:\/\/iscanner.com\/wp-content\/uploads\/2025\/12\/sustainability-hands-300x300.png 300w, https:\/\/iscanner.com\/wp-content\/uploads\/2025\/12\/sustainability-hands-150x150.png 150w, https:\/\/iscanner.com\/wp-content\/uploads\/2025\/12\/sustainability-hands-768x768.png 768w, https:\/\/iscanner.com\/wp-content\/uploads\/2025\/12\/sustainability-hands-12x12.png 12w, https:\/\/iscanner.com\/wp-content\/uploads\/2025\/12\/sustainability-hands.png 1500w\" sizes=\"auto, (max-width: 1024px) 100vw, 1024px\" \/><\/figure>\n\n\n\n<div class=\"wp-block-group\"><div class=\"wp-block-group__inner-container is-layout-constrained wp-block-group-is-layout-constrained\">\n<h2 class=\"wp-block-heading\">Begeistern Sie Ihr Kind f\u00fcr \u00f6kologisches Ehrenamt<\/h2>\n\n\n\n<p>Mit iScanner k\u00f6nnen Kinder und Jugendliche einen Beitrag f\u00fcr ihre lokale Gemeinschaft leisten. Wenn Sie der Meinung sind, dass die Schule Ihres Kindes zu viel Papier verbraucht, laden wir es ein, an unserem Freiwilligenprojekt \u201eVerwalten Sie Ihren Papierverbrauch f\u00fcr eine bessere Zukunft\u201c teilzunehmen. So k\u00f6nnen sie auf unterhaltsame und spannende Weise etwas bewegen.<br><br><a href=\"https:\/\/iscanner.com\/digital-eco-project-a-volunteering-opportunity-your-child-will-enjoy\/\" target=\"_blank\" rel=\"noreferrer noopener\">Schauen Sie es sich an<\/a><\/p>\n<\/div><\/div>\n<\/div>\n<\/div><\/div>\n\n\n<section class=\"section\">\r\n    <div class=\"container\">\r\n        <style>\r\n            .sustainability-banner-1 {\n  border-radius: 20px;\n  padding: 120px 120px 100px;\n}\n.sustainability-banner-1 .customizable-banner__content {\n  padding-right: 25px;\n}\n.sustainability-banner-1 .customizable-banner__content a {\n  color: #495795;\n  font-size: 20px;\n  font-weight: 700;\n  text-decoration: none;\n}\n.sustainability-banner-1 p {\n  letter-spacing: -1.1px;\n  line-height: 1.5;\n}\n.sustainability-banner-1 .customizable-banner__image {\n  position: absolute;\n  right: 0;\n  bottom: 0;\n  top: 0;\n  max-width: 71%;\n}\n.sustainability-banner-1 .customizable-banner__image img {\n  object-position: right bottom;\n}\n@media(max-width: 1280px) {\n  .sustainability-banner-1 {\n    padding: 70px 60px 60px;\n  }\n}\n@media(max-width: 1024px) {\n  .sustainability-banner-1 {\n    padding-bottom: 0;\n  }\n  .sustainability-banner-1 .customizable-banner__content {\n     padding-right: 0;\n  }\n  .sustainability-banner-1 .customizable-banner__image {\n    position: static;\n    margin-bottom: 0;\n    max-width: 100% !important;\n  }\n}\n@media(max-width: 768px) {\n  .sustainability-banner-1 {\n    padding: 33px 23px 0;\n  }\n}\n        <\/style>\r\n        <div class=\"customizable-banner sustainability-banner-1 right mobile-bottom\" style=\"background-color: #f3f5fc; \">\r\n            <div class=\"customizable-banner__content\" data-aos=\"fade-down\">\r\n                <h2>Lernen und engagieren Sie sich weiter<\/h2>\r\n                                    <p>Wir geben uns nicht mit dem Erreichten zufrieden. Jedes Jahr feiern wir den <a target=\"_blank\" href=\"https:\/\/iscanner.com\/going-paperless-for-earth-day-with-iscanner\/\">Tag der Erde<\/a> und den <a target=\"_blank\" href=\"https:\/\/iscanner.com\/how-to-celebrate-world-paper-free-day\/\">Weltpapiertag<\/a> und motivieren unsere Community und Sch\u00fcler, sich uns <a target=\"_blank\" href=\"https:\/\/iscanner.com\/earth-day-activities-for-high-school-students\/\">anzuschlie\u00dfen<\/a>. Wir erstellen <a target=\"_blank\" href=\"https:\/\/iscanner.com\/how-to-declutter-your-home-5-steps-with-a-focus-on-the-environment\/\">Leitf\u00e4den f\u00fcr Unternehmen<\/a>, geben Tipps zum Entr\u00fcmpeln, f\u00fchren <a target=\"_blank\" href=\"https:\/\/iscanner.com\/survey-what-eco-friendly-initiatives-are-more-interesting-for-small-businesses-and-what-barriers-do-they-face-while-implementing\/\">Umweltumfragen<\/a> f\u00fcr KMUs durch und teilen all das \u00fcber unsere App, Website und sozialen Medien. Machen Sie mit!<\/p>\n                            <\/div>\r\n                            <div class=\"customizable-banner__image\" data-aos=\"fade-up\">\r\n                    <picture>\r\n                                                    <source media=\"(max-width:1024px)\" srcset=\"https:\/\/iscanner.com\/wp-content\/uploads\/2025\/12\/sustainability-banner-6-mobile.png\">\r\n                                                                            <source media=\"(min-width:1024px)\" srcset=\"https:\/\/iscanner.com\/wp-content\/uploads\/2025\/12\/sustainability-banner-6.png\">\r\n                            <img decoding=\"async\" src=\"https:\/\/iscanner.com\/wp-content\/uploads\/2025\/12\/sustainability-banner-6.png\">\r\n                                            <\/picture>\r\n                <\/div>\r\n                    <\/div>\r\n    <\/div>\r\n<\/section>\n\n<section  class=\"section\" >\r\n    <div class=\"container\">\r\n        <div class=\"h2-center col-10 col-sm-12\">\r\n                        <h2>Seit 2015 haben wir Millionen von Menschen weltweit dabei geholfen, Millionen von Papierbl\u00e4ttern durch digitale Dokumente zu ersetzen.<\/h2>\r\n            <p class=\"lead col-8 col-sm-12\"><\/p>\r\n        <\/div>\r\n    <\/div>\r\n<\/section>\n\n<section class=\"section section-last\">\r\n    <div class=\"container\">\r\n        <img decoding=\"async\" class=\"section-last-image\" src=\"https:\/\/iscanner.com\/wp-content\/uploads\/2024\/10\/bottom-1.png\" alt=\"\" data-aos=\"fade-up\">\r\n    <\/div>\r\n<\/section>","protected":false},"excerpt":{"rendered":"<p>Begeistern Sie Ihr Kind f\u00fcr \u00f6kologisches Ehrenamt Mit iScanner k\u00f6nnen Kinder und Jugendliche einen Beitrag f\u00fcr ihre lokale Gemeinschaft leisten. Wenn Sie der Meinung sind, dass die Schule Ihres Kindes zu viel Papier verbraucht, laden wir es ein, an unserem Freiwilligenprojekt \u201eVerwalten Sie Ihren Papierverbrauch f\u00fcr eine bessere Zukunft\u201c teilzunehmen. So k\u00f6nnen sie auf unterhaltsame [&hellip;]<\/p>","protected":false},"author":21,"featured_media":0,"parent":0,"menu_order":0,"comment_status":"closed","ping_status":"closed","template":"template\/feature-new.php","meta":{"footnotes":""},"class_list":["post-9152","page","type-page","status-publish","hentry"],"yoast_head":"<!-- This site is optimized with the Yoast SEO plugin v24.5 - https:\/\/yoast.com\/wordpress\/plugins\/seo\/ -->\n<title>Machen Sie Ihren Arbeitsplatz mit iScanner papierlos<\/title>\n<meta name=\"description\" content=\"Einfache nachhaltige Gewohnheiten k\u00f6nnen eine dauerhafte Ver\u00e4nderung in Gang setzen. In unserem Leitfaden \u201eEntr\u00fcmpeln &amp; Digitalisieren\u201d erfahren Sie, wie Sie bewusst entr\u00fcmpeln, effektiv recyceln und papierlos werden.\" \/>\n<meta name=\"robots\" content=\"index, follow, max-snippet:-1, max-image-preview:large, max-video-preview:-1\" \/>\n<link rel=\"canonical\" href=\"https:\/\/iscanner.com\/de\/sustainability\/\" \/>\n<meta property=\"og:locale\" content=\"de_DE\" \/>\n<meta property=\"og:type\" content=\"article\" \/>\n<meta property=\"og:title\" content=\"Make Your Workplace Paper-Free with iScanner\" \/>\n<meta property=\"og:description\" content=\"Sustainability is not an empty word for us. Since 2015 iScanner has helped millions of people around the world to replace millions of sheets of paper with digital documents.\" \/>\n<meta property=\"og:url\" content=\"https:\/\/iscanner.com\/de\/sustainability\/\" \/>\n<meta property=\"og:site_name\" content=\"iScanner\" \/>\n<meta property=\"article:modified_time\" content=\"2025-12-08T10:35:27+00:00\" \/>\n<meta property=\"og:image\" content=\"https:\/\/iscanner.com\/wp-content\/uploads\/2025\/12\/sustainability-leaf-1.png\" \/>\n\t<meta property=\"og:image:width\" content=\"264\" \/>\n\t<meta property=\"og:image:height\" content=\"264\" \/>\n\t<meta property=\"og:image:type\" content=\"image\/png\" \/>\n<meta name=\"twitter:card\" content=\"summary_large_image\" \/>\n<meta name=\"twitter:title\" content=\"Make Your Workplace Paper-Free with iScanner\" \/>\n<meta name=\"twitter:description\" content=\"Sustainability is not an empty word for us. Since 2015 iScanner has helped millions of people around the world to replace millions of sheets of paper with digital documents.\" \/>\n<!-- \/ Yoast SEO plugin. -->","yoast_head_json":{"title":"Machen Sie Ihren Arbeitsplatz mit iScanner papierlos","description":"Einfache nachhaltige Gewohnheiten k\u00f6nnen eine dauerhafte Ver\u00e4nderung in Gang setzen. In unserem Leitfaden \u201eEntr\u00fcmpeln & Digitalisieren\u201d erfahren Sie, wie Sie bewusst entr\u00fcmpeln, effektiv recyceln und papierlos werden.","robots":{"index":"index","follow":"follow","max-snippet":"max-snippet:-1","max-image-preview":"max-image-preview:large","max-video-preview":"max-video-preview:-1"},"canonical":"https:\/\/iscanner.com\/de\/sustainability\/","og_locale":"de_DE","og_type":"article","og_title":"Make Your Workplace Paper-Free with iScanner","og_description":"Sustainability is not an empty word for us. Since 2015 iScanner has helped millions of people around the world to replace millions of sheets of paper with digital documents.","og_url":"https:\/\/iscanner.com\/de\/sustainability\/","og_site_name":"iScanner","article_modified_time":"2025-12-08T10:35:27+00:00","og_image":[{"width":264,"height":264,"url":"https:\/\/iscanner.com\/wp-content\/uploads\/2025\/12\/sustainability-leaf-1.png","type":"image\/png"}],"twitter_card":"summary_large_image","twitter_title":"Make Your Workplace Paper-Free with iScanner","twitter_description":"Sustainability is not an empty word for us. Since 2015 iScanner has helped millions of people around the world to replace millions of sheets of paper with digital documents.","schema":{"@context":"https:\/\/schema.org","@graph":[{"@type":"WebPage","@id":"https:\/\/iscanner.com\/de\/sustainability\/","url":"https:\/\/iscanner.com\/de\/sustainability\/","name":"Machen Sie Ihren Arbeitsplatz mit iScanner papierlos","isPartOf":{"@id":"https:\/\/iscanner.com\/de\/#website"},"primaryImageOfPage":{"@id":"https:\/\/iscanner.com\/de\/sustainability\/#primaryimage"},"image":{"@id":"https:\/\/iscanner.com\/de\/sustainability\/#primaryimage"},"thumbnailUrl":"https:\/\/iscanner.com\/wp-content\/uploads\/2025\/12\/sustainability-leaf-1.png","datePublished":"2025-08-27T09:17:51+00:00","dateModified":"2025-12-08T10:35:27+00:00","description":"Einfache nachhaltige Gewohnheiten k\u00f6nnen eine dauerhafte Ver\u00e4nderung in Gang setzen. In unserem Leitfaden \u201eEntr\u00fcmpeln & Digitalisieren\u201d erfahren Sie, wie Sie bewusst entr\u00fcmpeln, effektiv recyceln und papierlos werden.","breadcrumb":{"@id":"https:\/\/iscanner.com\/de\/sustainability\/#breadcrumb"},"inLanguage":"de","potentialAction":[{"@type":"ReadAction","target":["https:\/\/iscanner.com\/de\/sustainability\/"]}]},{"@type":"ImageObject","inLanguage":"de","@id":"https:\/\/iscanner.com\/de\/sustainability\/#primaryimage","url":"https:\/\/iscanner.com\/wp-content\/uploads\/2025\/12\/sustainability-leaf-1.png","contentUrl":"https:\/\/iscanner.com\/wp-content\/uploads\/2025\/12\/sustainability-leaf-1.png"},{"@type":"BreadcrumbList","@id":"https:\/\/iscanner.com\/de\/sustainability\/#breadcrumb","itemListElement":[{"@type":"ListItem","position":1,"name":"Home","item":"https:\/\/iscanner.com\/de\/"},{"@type":"ListItem","position":2,"name":"Nachhaltigkeit"}]},{"@type":"WebSite","@id":"https:\/\/iscanner.com\/de\/#website","url":"https:\/\/iscanner.com\/de\/","name":"iScanner","description":"Mobile Scanner App. Download for FREE (Android, iPhone)","potentialAction":[{"@type":"SearchAction","target":{"@type":"EntryPoint","urlTemplate":"https:\/\/iscanner.com\/de\/?s={search_term_string}"},"query-input":{"@type":"PropertyValueSpecification","valueRequired":true,"valueName":"search_term_string"}}],"inLanguage":"de"},{"@type":"SoftwareApplication","name":"Iscanner","operatingSystem":"iOS, Android","applicationCategory":"Document converter","aggregateRating":{"@type":"AggregateRating","ratingValue":"4.5","ratingCount":"100"}}]}},"uagb_featured_image_src":{"full":false,"thumbnail":false,"medium":false,"medium_large":false,"large":false,"1536x1536":false,"2048x2048":false,"trp-custom-language-flag":false},"uagb_author_info":{"display_name":"o.markevich","author_link":"https:\/\/iscanner.com\/de\/author\/o-markevich\/"},"uagb_comment_info":0,"uagb_excerpt":"Begeistern Sie Ihr Kind f\u00fcr \u00f6kologisches Ehrenamt Mit iScanner k\u00f6nnen Kinder und Jugendliche einen Beitrag f\u00fcr ihre lokale Gemeinschaft leisten. Wenn Sie der Meinung sind, dass die Schule Ihres Kindes zu viel Papier verbraucht, laden wir es ein, an unserem Freiwilligenprojekt \u201eVerwalten Sie Ihren Papierverbrauch f\u00fcr eine bessere Zukunft\u201c teilzunehmen. So k\u00f6nnen sie auf unterhaltsame&hellip;","_links":{"self":[{"href":"https:\/\/iscanner.com\/de\/wp-json\/wp\/v2\/pages\/9152","targetHints":{"allow":["GET"]}}],"collection":[{"href":"https:\/\/iscanner.com\/de\/wp-json\/wp\/v2\/pages"}],"about":[{"href":"https:\/\/iscanner.com\/de\/wp-json\/wp\/v2\/types\/page"}],"author":[{"embeddable":true,"href":"https:\/\/iscanner.com\/de\/wp-json\/wp\/v2\/users\/21"}],"replies":[{"embeddable":true,"href":"https:\/\/iscanner.com\/de\/wp-json\/wp\/v2\/comments?post=9152"}],"version-history":[{"count":5,"href":"https:\/\/iscanner.com\/de\/wp-json\/wp\/v2\/pages\/9152\/revisions"}],"predecessor-version":[{"id":9730,"href":"https:\/\/iscanner.com\/de\/wp-json\/wp\/v2\/pages\/9152\/revisions\/9730"}],"wp:attachment":[{"href":"https:\/\/iscanner.com\/de\/wp-json\/wp\/v2\/media?parent=9152"}],"curies":[{"name":"wp","href":"https:\/\/api.w.org\/{rel}","templated":true}]}}