{"id":9127,"date":"2025-08-27T09:19:59","date_gmt":"2025-08-27T09:19:59","guid":{"rendered":"https:\/\/iscanner.com\/?page_id=9127"},"modified":"2026-01-26T09:47:19","modified_gmt":"2026-01-26T09:47:19","slug":"educators","status":"publish","type":"page","link":"https:\/\/iscanner.com\/de\/educators\/","title":{"rendered":"iScanner f\u00fcr Lehrer"},"content":{"rendered":"<h2 class=\"wp-block-heading has-text-align-center\">Eine bessere Bildung ist\u00a0der\u00a0beste\u00a0Weg<br>in eine bessere Zukunft!<\/h2>\n\n\n\n<div class=\"wp-block-group educators-quote-container\"><div class=\"wp-block-group__inner-container is-layout-flow wp-block-group-is-layout-flow\">\n<h3 class=\"wp-block-heading\">Lehrerbewertung 5\u2b50<\/h3>\n\n\n\n<p><em>\u201ciScanner verf\u00fcgt \u00fcber ein benutzerfreundliches Design, k\u00fcnstliche Intelligenz und Funktionen, die sonst nur in eigenst\u00e4ndigen Apps zu finden sind, und bietet Ihnen so eine praktische L\u00f6sung aus einer Hand, mit der Sie alles erfassen k\u00f6nnen, was Sie aufbewahren m\u00f6chten.\u201d<\/em><\/p>\n\n\n\n<figure class=\"wp-block-image size-full is-resized\"><img loading=\"lazy\" decoding=\"async\" width=\"813\" height=\"133\" src=\"https:\/\/iscanner.com\/wp-content\/uploads\/2022\/03\/eas-logo@3x-1.png\" alt=\"\" class=\"wp-image-1147\" style=\"width:271px;height:44px\" srcset=\"https:\/\/iscanner.com\/wp-content\/uploads\/2022\/03\/eas-logo@3x-1.png 813w, https:\/\/iscanner.com\/wp-content\/uploads\/2022\/03\/eas-logo@3x-1-300x49.png 300w, https:\/\/iscanner.com\/wp-content\/uploads\/2022\/03\/eas-logo@3x-1-768x126.png 768w\" sizes=\"auto, (max-width: 813px) 100vw, 813px\" \/><\/figure>\n\n\n\n<p><\/p>\n<\/div><\/div>\n\n\n\n<div class=\"wp-block-group educators-help-container\"><div class=\"wp-block-group__inner-container is-layout-flow wp-block-group-is-layout-flow\">\n<h3 class=\"wp-block-heading\">Wie kann iScanner Ihnen bei Ihrer Arbeit helfen?<\/h3>\n\n\n\n<p>Sie m\u00fcssen Ihre Unterlagen nicht mehr mit sich herumtragen!<br>Scannen Sie unterwegs, arbeiten Sie von jedem Ort aus und haben Sie alle Ihre Dateien auf Ihrem Mobilger\u00e4t.<\/p>\n\n\n\n<div class=\"wp-block-group educators-features-wrapper\"><div class=\"wp-block-group__inner-container is-layout-flow wp-block-group-is-layout-flow\">\n<div class=\"wp-block-group educators-icon-text-container\"><div class=\"wp-block-group__inner-container is-layout-flow wp-block-group-is-layout-flow\">\n<figure class=\"wp-block-image size-full is-resized\"><img loading=\"lazy\" decoding=\"async\" width=\"226\" height=\"200\" src=\"https:\/\/iscanner.com\/wp-content\/uploads\/2025\/05\/edu-diamond.png\" alt=\"\" class=\"wp-image-8413\" style=\"width:74px;height:65px\" srcset=\"https:\/\/iscanner.com\/wp-content\/uploads\/2025\/05\/edu-diamond.png 226w, https:\/\/iscanner.com\/wp-content\/uploads\/2025\/05\/edu-diamond-14x12.png 14w\" sizes=\"auto, (max-width: 226px) 100vw, 226px\" \/><\/figure>\n\n\n\n<h4 class=\"wp-block-heading\">300+ DPI-Scan in Sekunden<\/h4>\n\n\n\n<p>Ob Buchseite, Register oder Notizzettel \u2013 iScanner erstellt in Sekunden einen perfekten Scan mit einer Aufl\u00f6sung von 300 dpi. Auf Wunsch k\u00f6nnen Sie auch eine niedrigere Aufl\u00f6sung w\u00e4hlen.<\/p>\n<\/div><\/div>\n\n\n\n<div class=\"wp-block-group educators-icon-text-container\"><div class=\"wp-block-group__inner-container is-layout-flow wp-block-group-is-layout-flow\">\n<figure class=\"wp-block-image size-large is-resized\"><img loading=\"lazy\" decoding=\"async\" width=\"79\" height=\"93\" src=\"https:\/\/iscanner.com\/wp-content\/uploads\/2025\/05\/edu-finger.svg\" alt=\"\" class=\"wp-image-8414\" style=\"width:70px;height:82px\"\/><\/figure>\n\n\n\n<h4 class=\"wp-block-heading\">B\u00fcro in Ihrer Tasche<\/h4>\n\n\n\n<p>Markieren Sie Aufgaben, f\u00fcllen Sie Formulare aus, f\u00fcgen Sie Notizen und Bilder hinzu, bearbeiten Sie Texte, markieren Sie sie, extrahieren Sie Text, drucken Sie direkt aus der App, teilen Sie Ausz\u00fcge aus einem Lehrbuch oder sogar Tafelnotizen mit der ganzen Klasse in Sekunden \u00fcber Google Classroom, Canvas oder einen beliebigen Messenger.<\/p>\n<\/div><\/div>\n\n\n\n<div class=\"wp-block-group educators-icon-text-container\"><div class=\"wp-block-group__inner-container is-layout-flow wp-block-group-is-layout-flow\">\n<figure class=\"wp-block-image size-large is-resized\"><img decoding=\"async\" src=\"https:\/\/iscanner.com\/wp-content\/uploads\/2025\/05\/edu-cloud.svg\" alt=\"\" class=\"wp-image-989\" style=\"width:74px;height:55px\"\/><\/figure>\n\n\n\n<h4 class=\"wp-block-heading\"><strong>iOS &amp; Android + plattform\u00fcbergreifendes Abonnement<\/strong><\/h4>\n\n\n\n<p>Die App ist f\u00fcr iPhone und iPad sowie f\u00fcr Android-Smartphones und -Tablets verf\u00fcgbar. Ein Abonnement gilt f\u00fcr alle Ger\u00e4te, unabh\u00e4ngig von der Plattform!<\/p>\n<\/div><\/div>\n\n\n\n<div class=\"wp-block-group educators-icon-text-container\"><div class=\"wp-block-group__inner-container is-layout-flow wp-block-group-is-layout-flow\">\n<figure class=\"wp-block-image size-large is-resized\"><img decoding=\"async\" src=\"https:\/\/iscanner.com\/wp-content\/uploads\/2025\/05\/edu-aim.svg\" alt=\"\" class=\"wp-image-990\" style=\"width:67px;height:67px\"\/><\/figure>\n\n\n\n<h4 class=\"wp-block-heading\">Immer auf Anhieb die perfekte Wahl<\/h4>\n\n\n\n<p>Mit der automatischen Dokumentenkantenerkennung, einem Editor in der App und einer einzigartigen Funktion zum Begradigen von Scans k\u00f6nnen Sie in Sekunden perfekte Scans erstellen, Scans von geknickten Seiten korrigieren und Schatten und Falten entfernen.<\/p>\n<\/div><\/div>\n\n\n\n<div class=\"wp-block-group educators-icon-text-container\"><div class=\"wp-block-group__inner-container is-layout-flow wp-block-group-is-layout-flow\">\n<figure class=\"wp-block-image size-large is-resized\"><img loading=\"lazy\" decoding=\"async\" width=\"75\" height=\"75\" src=\"https:\/\/iscanner.com\/wp-content\/uploads\/2025\/05\/edu-pen.svg\" alt=\"\" class=\"wp-image-8415\" style=\"width:60px;height:60px\"\/><\/figure>\n\n\n\n<h4 class=\"wp-block-heading\">E-Signieren<\/h4>\n\n\n\n<p>E-signieren und sammeln Sie Signaturen ganz einfach in wenigen Minuten, egal wo Sie sich befinden! Sie m\u00fcssen keine Auftr\u00e4ge, Berichte oder Protokolle zum Signieren ausdrucken.<\/p>\n<\/div><\/div>\n\n\n\n<div class=\"wp-block-group educators-icon-text-container\"><div class=\"wp-block-group__inner-container is-layout-flow wp-block-group-is-layout-flow\">\n<figure class=\"wp-block-image size-large is-resized\"><img loading=\"lazy\" decoding=\"async\" width=\"74\" height=\"86\" src=\"https:\/\/iscanner.com\/wp-content\/uploads\/2025\/05\/edu-shield.svg\" alt=\"\" class=\"wp-image-8412\" style=\"width:55px;height:64px\"\/><\/figure>\n\n\n\n<h4 class=\"wp-block-heading\"><strong>Datensicherung und Datenschutz<\/strong><\/h4>\n\n\n\n<p>Sch\u00fctzen Sie Ihre Daten in iScanner mit einer PIN, Touch- oder Gesichtserkennung. Au\u00dferdem entspricht iScanner vollst\u00e4ndig den BBB-Sicherheitsprotokollen und den Anforderungen der <a href=\"https:\/\/gdpr.eu\/what-is-gdpr\/#:~:text=The%20General%20Data%20Protection%20Regulation,to%20people%20in%20the%20EU.\" target=\"_blank\" rel=\"noreferrer noopener\">DSGVO<\/a>, was bedeutet, dass keine Daten ohne Ihr Wissen oder Ihre Zustimmung erfasst werden. Weder unser Team noch Dritte haben Zugriff auf Ihre Dateien.<\/p>\n<\/div><\/div>\n<\/div><\/div>\n<\/div><\/div>\n\n\n\n<div class=\"wp-block-group educators-partners-container\"><div class=\"wp-block-group__inner-container is-layout-flow wp-block-group-is-layout-flow\">\n<h3 class=\"wp-block-heading\">Vertraut von<\/h3>\n\n\n\n<ul class=\"wp-block-list\">\n<li>FHE<\/li>\n\n\n\n<li>CSUN<\/li>\n\n\n\n<li>UTD<\/li>\n\n\n\n<li>Purdue<\/li>\n\n\n\n<li>Alto<\/li>\n\n\n\n<li>Clemson<\/li>\n\n\n\n<li>Carleton<\/li>\n<\/ul>\n\n\n\n<p><\/p>\n<\/div><\/div>\n\n\n\n<div class=\"wp-block-group educators-blue-list-container\"><div class=\"wp-block-group__inner-container is-layout-flow wp-block-group-is-layout-flow\">\n<h3 class=\"wp-block-heading\">Mit iScanner f\u00fcr Lehrer erhalten Sie:<\/h3>\n\n\n\n<ul class=\"wp-block-list\">\n<li>Kostenlosen Zugang zu iScanner PRO f\u00fcr 1 Jahr f\u00fcr iPhone und iPad und 90 Tage f\u00fcr Android<\/li>\n\n\n\n<li>Eine klare und intuitive <a href=\"https:\/\/iscanner.com\/wp-content\/uploads\/2023\/06\/for_educators.pdf\" target=\"_blank\" rel=\"noreferrer noopener\">Schritt-f\u00fcr-Schritt-Bedienungsanleitung<\/a>.<\/li>\n\n\n\n<li>Einen rund um die Uhr verf\u00fcgbaren Kommunikationskanal mit dem App-Team f\u00fcr technischen Support und Feedback.<\/li>\n\n\n\n<li>Stressabbau und mehr Zeit, um sich auf das Wesentliche zu konzentrieren!<\/li>\n<\/ul>\n\n\n\n<p><\/p>\n<\/div><\/div>\n\n\n\n<p><\/p>","protected":false},"excerpt":{"rendered":"<p>Eine bessere Bildung ist\u00a0der\u00a0beste\u00a0Wegin eine bessere Zukunft! Lehrerbewertung 5\u2b50 \u201ciScanner verf\u00fcgt \u00fcber ein benutzerfreundliches Design, k\u00fcnstliche Intelligenz und Funktionen, die sonst nur in eigenst\u00e4ndigen Apps zu finden sind, und bietet Ihnen so eine praktische L\u00f6sung aus einer Hand, mit der Sie alles erfassen k\u00f6nnen, was Sie aufbewahren m\u00f6chten.\u201d Wie kann iScanner Ihnen bei Ihrer Arbeit [&hellip;]<\/p>","protected":false},"author":21,"featured_media":0,"parent":0,"menu_order":0,"comment_status":"closed","ping_status":"closed","template":"template\/educators.php","meta":{"footnotes":""},"class_list":["post-9127","page","type-page","status-publish","hentry"],"yoast_head":"<!-- This site is optimized with the Yoast SEO plugin v24.5 - https:\/\/yoast.com\/wordpress\/plugins\/seo\/ -->\n<title>iScanner f\u00fcr Lehrer - iScanner<\/title>\n<meta name=\"description\" content=\"iScanner bietet Lehrkr\u00e4ften und akademischem Personal in den USA, im Vereinigten K\u00f6nigreich, in Kanada, Frankreich und Deutschland kostenlosen Zugriff. Scannen Sie unterwegs mit 300 DPI, bearbeiten Sie PDFs und unterschreiben Sie Dokumente \u2013 alle Ihre Dateien sind auf Ihrem Mobilger\u00e4t verf\u00fcgbar.\" \/>\n<meta name=\"robots\" content=\"index, follow, max-snippet:-1, max-image-preview:large, max-video-preview:-1\" \/>\n<link rel=\"canonical\" href=\"https:\/\/iscanner.com\/de\/educators\/\" \/>\n<meta property=\"og:locale\" content=\"de_DE\" \/>\n<meta property=\"og:type\" content=\"article\" \/>\n<meta property=\"og:title\" content=\"iScanner f\u00fcr Lehrer - iScanner\" \/>\n<meta property=\"og:description\" content=\"iScanner bietet Lehrkr\u00e4ften und akademischem Personal in den USA, im Vereinigten K\u00f6nigreich, in Kanada, Frankreich und Deutschland kostenlosen Zugriff. Scannen Sie unterwegs mit 300 DPI, bearbeiten Sie PDFs und unterschreiben Sie Dokumente \u2013 alle Ihre Dateien sind auf Ihrem Mobilger\u00e4t verf\u00fcgbar.\" \/>\n<meta property=\"og:url\" content=\"https:\/\/iscanner.com\/de\/educators\/\" \/>\n<meta property=\"og:site_name\" content=\"iScanner\" \/>\n<meta property=\"article:modified_time\" content=\"2026-01-26T09:47:19+00:00\" \/>\n<meta property=\"og:image\" content=\"https:\/\/iscanner.com\/wp-content\/uploads\/2022\/05\/640\u0445360.png\" \/>\n<meta name=\"twitter:card\" content=\"summary_large_image\" \/>\n<meta name=\"twitter:label1\" content=\"Gesch\u00e4tzte Lesezeit\" \/>\n\t<meta name=\"twitter:data1\" content=\"2\u00a0Minuten\" \/>\n<!-- \/ Yoast SEO plugin. -->","yoast_head_json":{"title":"iScanner f\u00fcr Lehrer - iScanner","description":"iScanner bietet Lehrkr\u00e4ften und akademischem Personal in den USA, im Vereinigten K\u00f6nigreich, in Kanada, Frankreich und Deutschland kostenlosen Zugriff. Scannen Sie unterwegs mit 300 DPI, bearbeiten Sie PDFs und unterschreiben Sie Dokumente \u2013 alle Ihre Dateien sind auf Ihrem Mobilger\u00e4t verf\u00fcgbar.","robots":{"index":"index","follow":"follow","max-snippet":"max-snippet:-1","max-image-preview":"max-image-preview:large","max-video-preview":"max-video-preview:-1"},"canonical":"https:\/\/iscanner.com\/de\/educators\/","og_locale":"de_DE","og_type":"article","og_title":"iScanner f\u00fcr Lehrer - iScanner","og_description":"iScanner bietet Lehrkr\u00e4ften und akademischem Personal in den USA, im Vereinigten K\u00f6nigreich, in Kanada, Frankreich und Deutschland kostenlosen Zugriff. Scannen Sie unterwegs mit 300 DPI, bearbeiten Sie PDFs und unterschreiben Sie Dokumente \u2013 alle Ihre Dateien sind auf Ihrem Mobilger\u00e4t verf\u00fcgbar.","og_url":"https:\/\/iscanner.com\/de\/educators\/","og_site_name":"iScanner","article_modified_time":"2026-01-26T09:47:19+00:00","og_image":[{"url":"https:\/\/iscanner.com\/wp-content\/uploads\/2022\/05\/640\u0445360.png","type":"","width":"","height":""}],"twitter_card":"summary_large_image","twitter_misc":{"Gesch\u00e4tzte Lesezeit":"2\u00a0Minuten"},"schema":{"@context":"https:\/\/schema.org","@graph":[{"@type":"WebPage","@id":"https:\/\/iscanner.com\/de\/educators\/","url":"https:\/\/iscanner.com\/de\/educators\/","name":"iScanner f\u00fcr Lehrer - iScanner","isPartOf":{"@id":"https:\/\/iscanner.com\/de\/#website"},"primaryImageOfPage":{"@id":"https:\/\/iscanner.com\/de\/educators\/#primaryimage"},"image":{"@id":"https:\/\/iscanner.com\/de\/educators\/#primaryimage"},"thumbnailUrl":"https:\/\/iscanner.com\/wp-content\/uploads\/2022\/03\/eas-logo@3x-1.png","datePublished":"2025-08-27T09:19:59+00:00","dateModified":"2026-01-26T09:47:19+00:00","description":"iScanner bietet Lehrkr\u00e4ften und akademischem Personal in den USA, im Vereinigten K\u00f6nigreich, in Kanada, Frankreich und Deutschland kostenlosen Zugriff. Scannen Sie unterwegs mit 300 DPI, bearbeiten Sie PDFs und unterschreiben Sie Dokumente \u2013 alle Ihre Dateien sind auf Ihrem Mobilger\u00e4t verf\u00fcgbar.","breadcrumb":{"@id":"https:\/\/iscanner.com\/de\/educators\/#breadcrumb"},"inLanguage":"de","potentialAction":[{"@type":"ReadAction","target":["https:\/\/iscanner.com\/de\/educators\/"]}]},{"@type":"ImageObject","inLanguage":"de","@id":"https:\/\/iscanner.com\/de\/educators\/#primaryimage","url":"https:\/\/iscanner.com\/wp-content\/uploads\/2022\/03\/eas-logo@3x-1.png","contentUrl":"https:\/\/iscanner.com\/wp-content\/uploads\/2022\/03\/eas-logo@3x-1.png"},{"@type":"BreadcrumbList","@id":"https:\/\/iscanner.com\/de\/educators\/#breadcrumb","itemListElement":[{"@type":"ListItem","position":1,"name":"Home","item":"https:\/\/iscanner.com\/de\/"},{"@type":"ListItem","position":2,"name":"iScanner f\u00fcr Lehrer"}]},{"@type":"WebSite","@id":"https:\/\/iscanner.com\/de\/#website","url":"https:\/\/iscanner.com\/de\/","name":"iScanner","description":"Mobile Scanner App. Download for FREE (Android, iPhone)","potentialAction":[{"@type":"SearchAction","target":{"@type":"EntryPoint","urlTemplate":"https:\/\/iscanner.com\/de\/?s={search_term_string}"},"query-input":{"@type":"PropertyValueSpecification","valueRequired":true,"valueName":"search_term_string"}}],"inLanguage":"de"},{"@type":"SoftwareApplication","name":"Iscanner","operatingSystem":"iOS, Android","applicationCategory":"Document converter","aggregateRating":{"@type":"AggregateRating","ratingValue":"4.5","ratingCount":"100"}}]}},"uagb_featured_image_src":{"full":false,"thumbnail":false,"medium":false,"medium_large":false,"large":false,"1536x1536":false,"2048x2048":false,"trp-custom-language-flag":false},"uagb_author_info":{"display_name":"o.markevich","author_link":"https:\/\/iscanner.com\/de\/author\/o-markevich\/"},"uagb_comment_info":0,"uagb_excerpt":"Eine bessere Bildung ist\u00a0der\u00a0beste\u00a0Wegin eine bessere Zukunft! Lehrerbewertung 5\u2b50 \u201ciScanner verf\u00fcgt \u00fcber ein benutzerfreundliches Design, k\u00fcnstliche Intelligenz und Funktionen, die sonst nur in eigenst\u00e4ndigen Apps zu finden sind, und bietet Ihnen so eine praktische L\u00f6sung aus einer Hand, mit der Sie alles erfassen k\u00f6nnen, was Sie aufbewahren m\u00f6chten.\u201d Wie kann iScanner Ihnen bei Ihrer Arbeit&hellip;","_links":{"self":[{"href":"https:\/\/iscanner.com\/de\/wp-json\/wp\/v2\/pages\/9127","targetHints":{"allow":["GET"]}}],"collection":[{"href":"https:\/\/iscanner.com\/de\/wp-json\/wp\/v2\/pages"}],"about":[{"href":"https:\/\/iscanner.com\/de\/wp-json\/wp\/v2\/types\/page"}],"author":[{"embeddable":true,"href":"https:\/\/iscanner.com\/de\/wp-json\/wp\/v2\/users\/21"}],"replies":[{"embeddable":true,"href":"https:\/\/iscanner.com\/de\/wp-json\/wp\/v2\/comments?post=9127"}],"version-history":[{"count":8,"href":"https:\/\/iscanner.com\/de\/wp-json\/wp\/v2\/pages\/9127\/revisions"}],"predecessor-version":[{"id":9905,"href":"https:\/\/iscanner.com\/de\/wp-json\/wp\/v2\/pages\/9127\/revisions\/9905"}],"wp:attachment":[{"href":"https:\/\/iscanner.com\/de\/wp-json\/wp\/v2\/media?parent=9127"}],"curies":[{"name":"wp","href":"https:\/\/api.w.org\/{rel}","templated":true}]}}