{"id":9111,"date":"2025-08-27T09:21:55","date_gmt":"2025-08-27T09:21:55","guid":{"rendered":"https:\/\/iscanner.com\/?page_id=9111"},"modified":"2025-12-08T07:24:23","modified_gmt":"2025-12-08T07:24:23","slug":"for-media","status":"publish","type":"page","link":"https:\/\/iscanner.com\/de\/for-media\/","title":{"rendered":"F\u00fcr die Medien"},"content":{"rendered":"<h2 class=\"wp-block-heading\">\u00dcber iScanner<\/h2>\n\n\n\n<p>iScanner ist eine preisgekr\u00f6nte, KI-gest\u00fctzte Scan- und Dokumentenverwaltungs-App mit \u00fcber 125 Mio. Downloads, die f\u00fcr iOS, Android und das Web verf\u00fcgbar ist.<br><br>Die App erm\u00f6glicht es Nutzern, Scans in verschiedene Formate zu konvertieren, Dokumente zu bearbeiten und zu signieren sowie beliebige Bilder in bearbeitbare, durchsuchbare Dateien umzuwandeln. Als Vorreiter beim KI-Scannen bietet iScanner innovative KI-gest\u00fctzte Funktionen wie das Entfernen von Fingern aus Bildern, Entsch\u00e4rfen, Verbessern von Dokumenten f\u00fcr hochwertige Scans, robuste OCR, intelligente Suche u.v.m.<br><br>Bei iScanner haben die Privatsph\u00e4re der Nutzer und die Datensicherheit oberste Priorit\u00e4t. Dokumente werden standardm\u00e4\u00dfig lokal gespeichert, ohne Zustimmung erfolgt keine Cloud-Synchronisierung. Strenge Datenschutzrichtlinien, spezielle Funktionen wie Face ID, sicherer Ordner, Remote-Abmeldung und vollst\u00e4ndige DSGVO\/CCPA-Konformit\u00e4t gew\u00e4hrleisten, dass die Daten der Nutzer gesch\u00fctzt bleiben.<br><br>iScanner tr\u00e4gt mit seiner einzigartigen, marktf\u00fchrenden \u00d6ko-Funktion dazu bei, unseren Planeten gr\u00fcner zu machen, indem jedes exportierte Dokument zu einem Teil eines geretteten Baumes wird. Millionen von Menschen sparen dank dieses Programms Papier und verfolgen ihre genauen Umweltauswirkungen.<\/p>\n\n\n\n<figure class=\"wp-block-image size-large media-page-image\"><img loading=\"lazy\" decoding=\"async\" width=\"1024\" height=\"681\" src=\"https:\/\/iscanner.com\/wp-content\/uploads\/2024\/10\/our-team-1024x681-1.jpeg\" alt=\"\" class=\"wp-image-6226\" srcset=\"https:\/\/iscanner.com\/wp-content\/uploads\/2024\/10\/our-team-1024x681-1.jpeg 1024w, https:\/\/iscanner.com\/wp-content\/uploads\/2024\/10\/our-team-1024x681-1-300x200.jpeg 300w, https:\/\/iscanner.com\/wp-content\/uploads\/2024\/10\/our-team-1024x681-1-768x511.jpeg 768w\" sizes=\"auto, (max-width: 1024px) 100vw, 1024px\" \/><\/figure>\n\n\n\n<h2 class=\"wp-block-heading\">\u00dcber das iScanner-Team<\/h2>\n\n\n\n<p>iScanner wurde von einem professionellen Team in den USA entwickelt, das sich zum Ziel gesetzt hat, das Leben der Menschen einfacher und besser zu machen. Wir arbeiten seit 2015 an der App und haben keine M\u00fchen gescheut, um die neuesten Trends zu verfolgen und unseren Nutzern das bestm\u00f6gliche Erlebnis zu bieten.<\/p>\n\n\n\n<p>Wir haben iScanner entwickelt, in der Hoffnung, dass es dabei hilft, papierlose Prozesse zu implementieren, die Mobilit\u00e4t zu erh\u00f6hen, Zeit zu sparen und die Notwendigkeit zu beseitigen, zum Signieren von Dokumenten ins B\u00fcro zu gehen und Post und Fax zu verwenden.<\/p>\n\n\n\n<section class=\"wp-block-group media-page-over-years\"><div class=\"wp-block-group__inner-container is-layout-constrained wp-block-group-is-layout-constrained\">\n<h2 class=\"wp-block-heading\">10 Jahre iScanner<\/h2>\n\n\n\n<h3 class=\"wp-block-heading\">Wir feiern 10 Jahre zuverl\u00e4ssiges Scannen von Dokumenten.<\/h3>\n\n\n\n<div class=\"wp-block-group media-page-over-years__list is-vertical is-layout-flex wp-container-core-group-is-layout-8cf370e7 wp-block-group-is-layout-flex\">\n<div class=\"wp-block-group is-nowrap is-layout-flex wp-container-core-group-is-layout-ad2f72ca wp-block-group-is-layout-flex\">\n<figure class=\"wp-block-image size-full\"><img loading=\"lazy\" decoding=\"async\" width=\"294\" height=\"290\" src=\"https:\/\/iscanner.com\/wp-content\/uploads\/2025\/12\/media-history-1.png\" alt=\"\" class=\"wp-image-9601\" srcset=\"https:\/\/iscanner.com\/wp-content\/uploads\/2025\/12\/media-history-1.png 294w, https:\/\/iscanner.com\/wp-content\/uploads\/2025\/12\/media-history-1-12x12.png 12w\" sizes=\"auto, (max-width: 294px) 100vw, 294px\" \/><\/figure>\n\n\n\n<div class=\"wp-block-group is-vertical is-layout-flex wp-container-core-group-is-layout-8cf370e7 wp-block-group-is-layout-flex\">\n<h4 class=\"wp-block-heading\">App auf iOS gestartet<\/h4>\n\n\n\n<p>Das Team von BP Mobile erkannte einen aufkommenden Trend im Bereich des mobilen Scannens und entwickelte eine Scanner-App, die Smartphone-Bilder in hochwertige PDF-Dateien umwandelte. Sie war schnell, einfach und wurde von Anfang an von den Nutzern geliebt.<\/p>\n<\/div>\n<\/div>\n\n\n\n<div class=\"wp-block-group is-content-justification-left is-nowrap is-layout-flex wp-container-core-group-is-layout-f56a869c wp-block-group-is-layout-flex\">\n<figure class=\"wp-block-image size-full\"><img loading=\"lazy\" decoding=\"async\" width=\"294\" height=\"290\" src=\"https:\/\/iscanner.com\/wp-content\/uploads\/2025\/12\/media-history-2.png\" alt=\"\" class=\"wp-image-9602\" srcset=\"https:\/\/iscanner.com\/wp-content\/uploads\/2025\/12\/media-history-2.png 294w, https:\/\/iscanner.com\/wp-content\/uploads\/2025\/12\/media-history-2-12x12.png 12w\" sizes=\"auto, (max-width: 294px) 100vw, 294px\" \/><\/figure>\n\n\n\n<div class=\"wp-block-group is-vertical is-layout-flex wp-container-core-group-is-layout-8cf370e7 wp-block-group-is-layout-flex\">\n<h4 class=\"wp-block-heading\">iScanner auf Android gestartet<\/h4>\n\n\n\n<p>Nach dem Erfolg auf iOS kam iScanner nun auch auf Android und bietet dieselbe hohe Scanqualit\u00e4t und noch mehr kostenlose Tools, mit denen Nutzer Dokumente ganz einfach scannen, speichern und teilen k\u00f6nnen.<\/p>\n<\/div>\n<\/div>\n\n\n\n<div class=\"wp-block-group is-nowrap is-layout-flex wp-container-core-group-is-layout-ad2f72ca wp-block-group-is-layout-flex\">\n<figure class=\"wp-block-image size-full\"><img loading=\"lazy\" decoding=\"async\" width=\"294\" height=\"290\" src=\"https:\/\/iscanner.com\/wp-content\/uploads\/2025\/12\/media-history-3.png\" alt=\"\" class=\"wp-image-9603\" srcset=\"https:\/\/iscanner.com\/wp-content\/uploads\/2025\/12\/media-history-3.png 294w, https:\/\/iscanner.com\/wp-content\/uploads\/2025\/12\/media-history-3-12x12.png 12w\" sizes=\"auto, (max-width: 294px) 100vw, 294px\" \/><\/figure>\n\n\n\n<div class=\"wp-block-group is-vertical is-layout-flex wp-container-core-group-is-layout-8cf370e7 wp-block-group-is-layout-flex\">\n<h4 class=\"wp-block-heading\">10 Mio. Downloads weltweit erreicht<\/h4>\n\n\n\n<p>Ein wichtiger Meilenstein. iScanner entwickelte sich zu einer globalen Scanner-App mit lokalisierten Versionen und begann, sich zu einer App f\u00fcr den gesamten Dokumentenzyklus weiterzuentwickeln, die f\u00fcr allt\u00e4gliche Aufgaben konzipiert ist.<\/p>\n<\/div>\n<\/div>\n\n\n\n<div class=\"wp-block-group is-nowrap is-layout-flex wp-container-core-group-is-layout-ad2f72ca wp-block-group-is-layout-flex\">\n<figure class=\"wp-block-image size-full\"><img loading=\"lazy\" decoding=\"async\" width=\"294\" height=\"290\" src=\"https:\/\/iscanner.com\/wp-content\/uploads\/2025\/12\/media-history-4.png\" alt=\"\" class=\"wp-image-9604\" srcset=\"https:\/\/iscanner.com\/wp-content\/uploads\/2025\/12\/media-history-4.png 294w, https:\/\/iscanner.com\/wp-content\/uploads\/2025\/12\/media-history-4-12x12.png 12w\" sizes=\"auto, (max-width: 294px) 100vw, 294px\" \/><\/figure>\n\n\n\n<div class=\"wp-block-group is-vertical is-layout-flex wp-container-core-group-is-layout-8cf370e7 wp-block-group-is-layout-flex\">\n<h4 class=\"wp-block-heading\">Die Funktion PDF signieren wird zum meistgenutzten Tool<\/h4>\n\n\n\n<p>Die Nutzer w\u00fcnschten sich nach dem Scannen weitere Funktionen, daher haben wir PDF signieren hinzugef\u00fcgt. Damit wurde die App zu mehr als einem Scanner, n\u00e4mlich zu einem Dokumenten-Toolset mit PDF-Editor und Signaturfunktionen.<\/p>\n<\/div>\n<\/div>\n\n\n\n<div class=\"wp-block-group is-nowrap is-layout-flex wp-container-core-group-is-layout-ad2f72ca wp-block-group-is-layout-flex\">\n<figure class=\"wp-block-image size-full\"><img loading=\"lazy\" decoding=\"async\" width=\"294\" height=\"290\" src=\"https:\/\/iscanner.com\/wp-content\/uploads\/2025\/12\/media-history-5.png\" alt=\"\" class=\"wp-image-9605\" srcset=\"https:\/\/iscanner.com\/wp-content\/uploads\/2025\/12\/media-history-5.png 294w, https:\/\/iscanner.com\/wp-content\/uploads\/2025\/12\/media-history-5-12x12.png 12w\" sizes=\"auto, (max-width: 294px) 100vw, 294px\" \/><\/figure>\n\n\n\n<div class=\"wp-block-group is-vertical is-layout-flex wp-container-core-group-is-layout-8cf370e7 wp-block-group-is-layout-flex\">\n<h4 class=\"wp-block-heading\">KI-Randerkennung und Perspektivkorrektur eingef\u00fchrt<\/h4>\n\n\n\n<p>Um die Scanqualit\u00e4t zu verbessern, hat iScanner eine KI-basierte Randerkennung und eine Korrektur der perspektivischen Verzerrung eingef\u00fchrt. Diese Tools sorgen f\u00fcr klarere und genauere gescannte Dokumente.<\/p>\n<\/div>\n<\/div>\n\n\n\n<div class=\"wp-block-group is-nowrap is-layout-flex wp-container-core-group-is-layout-ad2f72ca wp-block-group-is-layout-flex\">\n<figure class=\"wp-block-image size-full\"><img loading=\"lazy\" decoding=\"async\" width=\"294\" height=\"290\" src=\"https:\/\/iscanner.com\/wp-content\/uploads\/2025\/12\/media-history-6.png\" alt=\"\" class=\"wp-image-9606\" srcset=\"https:\/\/iscanner.com\/wp-content\/uploads\/2025\/12\/media-history-6.png 294w, https:\/\/iscanner.com\/wp-content\/uploads\/2025\/12\/media-history-6-12x12.png 12w\" sizes=\"auto, (max-width: 294px) 100vw, 294px\" \/><\/figure>\n\n\n\n<div class=\"wp-block-group is-vertical is-layout-flex wp-container-core-group-is-layout-8cf370e7 wp-block-group-is-layout-flex\">\n<h4 class=\"wp-block-heading\">Nr. 1 Scanner-App im US App Store<\/h4>\n\n\n\n<p>W\u00e4hrend der Umstellung auf Remote-Arbeit wurde iScanner zu einem bew\u00e4hrten Tool. Es f\u00fchrte die US-Charts f\u00fcr Scan-Apps sowohl bei den Downloads als auch beim Umsatz an und hielt diese Position vier Jahre lang.<\/p>\n<\/div>\n<\/div>\n\n\n\n<div class=\"wp-block-group is-nowrap is-layout-flex wp-container-core-group-is-layout-ad2f72ca wp-block-group-is-layout-flex\">\n<figure class=\"wp-block-image size-full\"><img loading=\"lazy\" decoding=\"async\" width=\"294\" height=\"290\" src=\"https:\/\/iscanner.com\/wp-content\/uploads\/2025\/12\/media-history-7.png\" alt=\"\" class=\"wp-image-9607\" srcset=\"https:\/\/iscanner.com\/wp-content\/uploads\/2025\/12\/media-history-7.png 294w, https:\/\/iscanner.com\/wp-content\/uploads\/2025\/12\/media-history-7-12x12.png 12w\" sizes=\"auto, (max-width: 294px) 100vw, 294px\" \/><\/figure>\n\n\n\n<div class=\"wp-block-group is-vertical is-layout-flex wp-container-core-group-is-layout-8cf370e7 wp-block-group-is-layout-flex\">\n<h4 class=\"wp-block-heading\">Z\u00e4hlen von Objekten mit der Kamera wurde zu einem viralen Tool<\/h4>\n\n\n\n<p>Kleinunternehmen waren begeistert von dem Tool \u201eObjekte mit Kamera z\u00e4hlen\u201c. Es ging schnell viral und er\u00f6ffnete eine neue Kategorie im Bereich Scannen, Automatisieren von Best\u00e4nden und Nachverfolgen mit KI.<\/p>\n<\/div>\n<\/div>\n\n\n\n<div class=\"wp-block-group is-nowrap is-layout-flex wp-container-core-group-is-layout-ad2f72ca wp-block-group-is-layout-flex\">\n<figure class=\"wp-block-image size-full\"><img loading=\"lazy\" decoding=\"async\" width=\"294\" height=\"290\" src=\"https:\/\/iscanner.com\/wp-content\/uploads\/2025\/12\/media-history-8.png\" alt=\"\" class=\"wp-image-9608\" srcset=\"https:\/\/iscanner.com\/wp-content\/uploads\/2025\/12\/media-history-8.png 294w, https:\/\/iscanner.com\/wp-content\/uploads\/2025\/12\/media-history-8-12x12.png 12w\" sizes=\"auto, (max-width: 294px) 100vw, 294px\" \/><\/figure>\n\n\n\n<div class=\"wp-block-group is-vertical is-layout-flex wp-container-core-group-is-layout-8cf370e7 wp-block-group-is-layout-flex\">\n<h4 class=\"wp-block-heading\">KI-Entzerrung und Finger-Radierer eingef\u00fchrt<\/h4>\n\n\n\n<p>Um jedem m\u00fchelos Dokumente in professioneller Qualit\u00e4t zu liefern, hat iScanner einen eigenen KI-Algorithmus zur Entzerrung und einen KI-Finger-Radierer eingef\u00fchrt. Verzerrungen und Schr\u00e4glagen wurden f\u00fcr immer behoben.<\/p>\n<\/div>\n<\/div>\n\n\n\n<div class=\"wp-block-group is-nowrap is-layout-flex wp-container-core-group-is-layout-ad2f72ca wp-block-group-is-layout-flex\">\n<figure class=\"wp-block-image size-full\"><img loading=\"lazy\" decoding=\"async\" width=\"294\" height=\"290\" src=\"https:\/\/iscanner.com\/wp-content\/uploads\/2025\/12\/media-history-9.png\" alt=\"\" class=\"wp-image-9609\" srcset=\"https:\/\/iscanner.com\/wp-content\/uploads\/2025\/12\/media-history-9.png 294w, https:\/\/iscanner.com\/wp-content\/uploads\/2025\/12\/media-history-9-12x12.png 12w\" sizes=\"auto, (max-width: 294px) 100vw, 294px\" \/><\/figure>\n\n\n\n<div class=\"wp-block-group is-vertical is-layout-flex wp-container-core-group-is-layout-8cf370e7 wp-block-group-is-layout-flex\">\n<h4 class=\"wp-block-heading\">Gewinner des Webby People\u2019s Voice Award und sicherster Scanner f\u00fcr Android<\/h4>\n\n\n\n<p>Die Anerkennung kam sowohl von Experten als auch von Nutzern: Webby Award, Lovie Gold und von Pradeo Security zur sichersten Scanner-App f\u00fcr Android gek\u00fcrt. Vertrauen und Datenschutz sind hier wichtig.<\/p>\n<\/div>\n<\/div>\n\n\n\n<div class=\"wp-block-group is-nowrap is-layout-flex wp-container-core-group-is-layout-ad2f72ca wp-block-group-is-layout-flex\">\n<figure class=\"wp-block-image size-full\"><img loading=\"lazy\" decoding=\"async\" width=\"294\" height=\"290\" src=\"https:\/\/iscanner.com\/wp-content\/uploads\/2025\/12\/media-history-10.png\" alt=\"\" class=\"wp-image-9610\" srcset=\"https:\/\/iscanner.com\/wp-content\/uploads\/2025\/12\/media-history-10.png 294w, https:\/\/iscanner.com\/wp-content\/uploads\/2025\/12\/media-history-10-12x12.png 12w\" sizes=\"auto, (max-width: 294px) 100vw, 294px\" \/><\/figure>\n\n\n\n<div class=\"wp-block-group is-vertical is-layout-flex wp-container-core-group-is-layout-8cf370e7 wp-block-group-is-layout-flex\">\n<h4 class=\"wp-block-heading\">In-App-Programm f\u00fcr \u00f6kologische Erfolge gestartet<\/h4>\n\n\n\n<p>iScanner hat schon immer dazu beigetragen, den Papierverbrauch zu reduzieren. Mit dem neuen Programm \u201eEco-Achievements\u201c k\u00f6nnen Nutzer nun die Auswirkungen verfolgen, B\u00e4ume retten und die Bem\u00fchungen zur digitalen Transformation unterst\u00fctzen.<\/p>\n<\/div>\n<\/div>\n\n\n\n<div class=\"wp-block-group is-nowrap is-layout-flex wp-container-core-group-is-layout-ad2f72ca wp-block-group-is-layout-flex\">\n<figure class=\"wp-block-image size-full\"><img loading=\"lazy\" decoding=\"async\" width=\"294\" height=\"290\" src=\"https:\/\/iscanner.com\/wp-content\/uploads\/2025\/12\/media-history-11.png\" alt=\"\" class=\"wp-image-9611\" srcset=\"https:\/\/iscanner.com\/wp-content\/uploads\/2025\/12\/media-history-11.png 294w, https:\/\/iscanner.com\/wp-content\/uploads\/2025\/12\/media-history-11-12x12.png 12w\" sizes=\"auto, (max-width: 294px) 100vw, 294px\" \/><\/figure>\n\n\n\n<div class=\"wp-block-group is-vertical is-layout-flex wp-container-core-group-is-layout-8cf370e7 wp-block-group-is-layout-flex\">\n<h4 class=\"wp-block-heading\">Zu einer vollst\u00e4ndigen Dokumentenplattform f\u00fcr alle Ger\u00e4te erweitert<\/h4>\n\n\n\n<p>Auch heute noch erf\u00fcllt iScanner seine Mission und kombiniert Einfachheit, Datenschutz und KI-Tools mit leistungsstarken PDF-Bearbeitungsfunktionen. Eine Scanner-App, die als intelligenter Dokumenten-Hub neu konzipiert wurde.<\/p>\n<\/div>\n<\/div>\n<\/div>\n<\/div><\/section>\n\n\n\n<p><\/p>","protected":false},"excerpt":{"rendered":"<p>\u00dcber iScanner iScanner ist eine preisgekr\u00f6nte, KI-gest\u00fctzte Scan- und Dokumentenverwaltungs-App mit \u00fcber 125 Mio. Downloads, die f\u00fcr iOS, Android und das Web verf\u00fcgbar ist. Die App erm\u00f6glicht es Nutzern, Scans in verschiedene Formate zu konvertieren, Dokumente zu bearbeiten und zu signieren sowie beliebige Bilder in bearbeitbare, durchsuchbare Dateien umzuwandeln. Als Vorreiter beim KI-Scannen bietet iScanner [&hellip;]<\/p>","protected":false},"author":21,"featured_media":0,"parent":0,"menu_order":0,"comment_status":"closed","ping_status":"closed","template":"template\/media.php","meta":{"footnotes":""},"class_list":["post-9111","page","type-page","status-publish","hentry"],"yoast_head":"<!-- This site is optimized with the Yoast SEO plugin v24.5 - https:\/\/yoast.com\/wordpress\/plugins\/seo\/ -->\n<title>iScanner \u2013 Pressemappe und Kontakte f\u00fcr Medien<\/title>\n<meta name=\"description\" content=\"Wir bei iScanner bearbeiten alle Medienanfragen sorgf\u00e4ltig. Laden Sie unsere Pressemappe herunter oder schreiben Sie uns eine E-Mail an pr@iscanner.com.\" \/>\n<meta name=\"robots\" content=\"index, follow, max-snippet:-1, max-image-preview:large, max-video-preview:-1\" \/>\n<link rel=\"canonical\" href=\"https:\/\/iscanner.com\/de\/for-media\/\" \/>\n<meta property=\"og:locale\" content=\"de_DE\" \/>\n<meta property=\"og:type\" content=\"article\" \/>\n<meta property=\"og:title\" content=\"iScanner - Press Kit &amp; Contacts for Media\" \/>\n<meta property=\"og:description\" content=\"We in iScanner carefully do with all media inquiries. Download our press kit or feel free to write to us at pr@iscanner.com.\" \/>\n<meta property=\"og:url\" content=\"https:\/\/iscanner.com\/de\/for-media\/\" \/>\n<meta property=\"og:site_name\" content=\"iScanner\" \/>\n<meta property=\"article:modified_time\" content=\"2025-12-08T07:24:23+00:00\" \/>\n<meta property=\"og:image\" content=\"https:\/\/iscanner.com\/wp-content\/uploads\/2024\/10\/our-team-1024x681-1.jpeg\" \/>\n\t<meta property=\"og:image:width\" content=\"1024\" \/>\n\t<meta property=\"og:image:height\" content=\"681\" \/>\n\t<meta property=\"og:image:type\" content=\"image\/jpeg\" \/>\n<meta name=\"twitter:card\" content=\"summary_large_image\" \/>\n<meta name=\"twitter:title\" content=\"iScanner - Press Kit &amp; Contacts for Media\" \/>\n<meta name=\"twitter:description\" content=\"We in iScanner carefully do with all media inquiries. Download our press kit or feel free to write to us at pr@iscanner.com.\" \/>\n<meta name=\"twitter:label1\" content=\"Gesch\u00e4tzte Lesezeit\" \/>\n\t<meta name=\"twitter:data1\" content=\"4\u00a0Minuten\" \/>\n<!-- \/ Yoast SEO plugin. -->","yoast_head_json":{"title":"iScanner \u2013 Pressemappe und Kontakte f\u00fcr Medien","description":"Wir bei iScanner bearbeiten alle Medienanfragen sorgf\u00e4ltig. Laden Sie unsere Pressemappe herunter oder schreiben Sie uns eine E-Mail an pr@iscanner.com.","robots":{"index":"index","follow":"follow","max-snippet":"max-snippet:-1","max-image-preview":"max-image-preview:large","max-video-preview":"max-video-preview:-1"},"canonical":"https:\/\/iscanner.com\/de\/for-media\/","og_locale":"de_DE","og_type":"article","og_title":"iScanner - Press Kit & Contacts for Media","og_description":"We in iScanner carefully do with all media inquiries. Download our press kit or feel free to write to us at pr@iscanner.com.","og_url":"https:\/\/iscanner.com\/de\/for-media\/","og_site_name":"iScanner","article_modified_time":"2025-12-08T07:24:23+00:00","og_image":[{"width":1024,"height":681,"url":"https:\/\/iscanner.com\/wp-content\/uploads\/2024\/10\/our-team-1024x681-1.jpeg","type":"image\/jpeg"}],"twitter_card":"summary_large_image","twitter_title":"iScanner - Press Kit & Contacts for Media","twitter_description":"We in iScanner carefully do with all media inquiries. Download our press kit or feel free to write to us at pr@iscanner.com.","twitter_misc":{"Gesch\u00e4tzte Lesezeit":"4\u00a0Minuten"},"schema":{"@context":"https:\/\/schema.org","@graph":[{"@type":"WebPage","@id":"https:\/\/iscanner.com\/de\/for-media\/","url":"https:\/\/iscanner.com\/de\/for-media\/","name":"iScanner \u2013 Pressemappe und Kontakte f\u00fcr Medien","isPartOf":{"@id":"https:\/\/iscanner.com\/de\/#website"},"primaryImageOfPage":{"@id":"https:\/\/iscanner.com\/de\/for-media\/#primaryimage"},"image":{"@id":"https:\/\/iscanner.com\/de\/for-media\/#primaryimage"},"thumbnailUrl":"https:\/\/iscanner.com\/wp-content\/uploads\/2024\/10\/our-team-1024x681-1.jpeg","datePublished":"2025-08-27T09:21:55+00:00","dateModified":"2025-12-08T07:24:23+00:00","description":"Wir bei iScanner bearbeiten alle Medienanfragen sorgf\u00e4ltig. Laden Sie unsere Pressemappe herunter oder schreiben Sie uns eine E-Mail an pr@iscanner.com.","breadcrumb":{"@id":"https:\/\/iscanner.com\/de\/for-media\/#breadcrumb"},"inLanguage":"de","potentialAction":[{"@type":"ReadAction","target":["https:\/\/iscanner.com\/de\/for-media\/"]}]},{"@type":"ImageObject","inLanguage":"de","@id":"https:\/\/iscanner.com\/de\/for-media\/#primaryimage","url":"https:\/\/iscanner.com\/wp-content\/uploads\/2024\/10\/our-team-1024x681-1.jpeg","contentUrl":"https:\/\/iscanner.com\/wp-content\/uploads\/2024\/10\/our-team-1024x681-1.jpeg"},{"@type":"BreadcrumbList","@id":"https:\/\/iscanner.com\/de\/for-media\/#breadcrumb","itemListElement":[{"@type":"ListItem","position":1,"name":"Home","item":"https:\/\/iscanner.com\/de\/"},{"@type":"ListItem","position":2,"name":"F\u00fcr die Medien"}]},{"@type":"WebSite","@id":"https:\/\/iscanner.com\/de\/#website","url":"https:\/\/iscanner.com\/de\/","name":"iScanner","description":"Mobile Scanner App. Download for FREE (Android, iPhone)","potentialAction":[{"@type":"SearchAction","target":{"@type":"EntryPoint","urlTemplate":"https:\/\/iscanner.com\/de\/?s={search_term_string}"},"query-input":{"@type":"PropertyValueSpecification","valueRequired":true,"valueName":"search_term_string"}}],"inLanguage":"de"},{"@type":"SoftwareApplication","name":"Iscanner","operatingSystem":"iOS, Android","applicationCategory":"Document converter","aggregateRating":{"@type":"AggregateRating","ratingValue":"4.5","ratingCount":"100"}}]}},"uagb_featured_image_src":{"full":false,"thumbnail":false,"medium":false,"medium_large":false,"large":false,"1536x1536":false,"2048x2048":false,"trp-custom-language-flag":false},"uagb_author_info":{"display_name":"o.markevich","author_link":"https:\/\/iscanner.com\/de\/author\/o-markevich\/"},"uagb_comment_info":0,"uagb_excerpt":"\u00dcber iScanner iScanner ist eine preisgekr\u00f6nte, KI-gest\u00fctzte Scan- und Dokumentenverwaltungs-App mit \u00fcber 125 Mio. Downloads, die f\u00fcr iOS, Android und das Web verf\u00fcgbar ist. Die App erm\u00f6glicht es Nutzern, Scans in verschiedene Formate zu konvertieren, Dokumente zu bearbeiten und zu signieren sowie beliebige Bilder in bearbeitbare, durchsuchbare Dateien umzuwandeln. Als Vorreiter beim KI-Scannen bietet iScanner&hellip;","_links":{"self":[{"href":"https:\/\/iscanner.com\/de\/wp-json\/wp\/v2\/pages\/9111","targetHints":{"allow":["GET"]}}],"collection":[{"href":"https:\/\/iscanner.com\/de\/wp-json\/wp\/v2\/pages"}],"about":[{"href":"https:\/\/iscanner.com\/de\/wp-json\/wp\/v2\/types\/page"}],"author":[{"embeddable":true,"href":"https:\/\/iscanner.com\/de\/wp-json\/wp\/v2\/users\/21"}],"replies":[{"embeddable":true,"href":"https:\/\/iscanner.com\/de\/wp-json\/wp\/v2\/comments?post=9111"}],"version-history":[{"count":4,"href":"https:\/\/iscanner.com\/de\/wp-json\/wp\/v2\/pages\/9111\/revisions"}],"predecessor-version":[{"id":9633,"href":"https:\/\/iscanner.com\/de\/wp-json\/wp\/v2\/pages\/9111\/revisions\/9633"}],"wp:attachment":[{"href":"https:\/\/iscanner.com\/de\/wp-json\/wp\/v2\/media?parent=9111"}],"curies":[{"name":"wp","href":"https:\/\/api.w.org\/{rel}","templated":true}]}}