{"id":8198,"date":"2025-07-24T10:02:01","date_gmt":"2025-07-24T10:02:01","guid":{"rendered":"https:\/\/iscanner.com\/?page_id=8198"},"modified":"2025-07-24T10:02:01","modified_gmt":"2025-07-24T10:02:01","slug":"compress-pdf","status":"publish","type":"page","link":"https:\/\/iscanner.com\/de\/compress-pdf\/","title":{"rendered":"Compress PDF &#8211; DE"},"content":{"rendered":"","protected":false},"excerpt":{"rendered":"","protected":false},"author":9,"featured_media":0,"parent":0,"menu_order":0,"comment_status":"closed","ping_status":"closed","template":"template\/pdf-tool.php","meta":{"footnotes":""},"class_list":["post-8198","page","type-page","status-publish","hentry"],"yoast_head":"<!-- This site is optimized with the Yoast SEO plugin v24.5 - https:\/\/yoast.com\/wordpress\/plugins\/seo\/ -->\n<title>PDF komprimieren - schnell, online, kostenlos | iScanner<\/title>\n<meta name=\"description\" content=\"Komprimieren und verkleinern Sie PDFs kostenlos online mit dem iScanner PDF-Compressor. Schnelle Reduzierung der Dateigr\u00f6\u00dfe ohne Qualit\u00e4tsverlust \u2013 keine Anmeldung erforderlich. Jetzt testen!\" \/>\n<meta name=\"robots\" content=\"index, follow, max-snippet:-1, max-image-preview:large, max-video-preview:-1\" \/>\n<link rel=\"canonical\" href=\"https:\/\/iscanner.com\/de\/compress-pdf\/\" \/>\n<meta property=\"og:locale\" content=\"de_DE\" \/>\n<meta property=\"og:type\" content=\"article\" \/>\n<meta property=\"og:title\" content=\"PDF komprimieren - schnell, online, kostenlos | iScanner\" \/>\n<meta property=\"og:description\" content=\"Komprimieren und verkleinern Sie PDFs kostenlos online mit dem iScanner PDF-Compressor. Schnelle Reduzierung der Dateigr\u00f6\u00dfe ohne Qualit\u00e4tsverlust \u2013 keine Anmeldung erforderlich. Jetzt testen!\" \/>\n<meta property=\"og:url\" content=\"https:\/\/iscanner.com\/de\/compress-pdf\/\" \/>\n<meta property=\"og:site_name\" content=\"iScanner\" \/>\n<meta name=\"twitter:card\" content=\"summary_large_image\" \/>\n<!-- \/ Yoast SEO plugin. -->","yoast_head_json":{"title":"PDF komprimieren - schnell, online, kostenlos | iScanner","description":"Komprimieren und verkleinern Sie PDFs kostenlos online mit dem iScanner PDF-Compressor. Schnelle Reduzierung der Dateigr\u00f6\u00dfe ohne Qualit\u00e4tsverlust \u2013 keine Anmeldung erforderlich. Jetzt testen!","robots":{"index":"index","follow":"follow","max-snippet":"max-snippet:-1","max-image-preview":"max-image-preview:large","max-video-preview":"max-video-preview:-1"},"canonical":"https:\/\/iscanner.com\/de\/compress-pdf\/","og_locale":"de_DE","og_type":"article","og_title":"PDF komprimieren - schnell, online, kostenlos | iScanner","og_description":"Komprimieren und verkleinern Sie PDFs kostenlos online mit dem iScanner PDF-Compressor. Schnelle Reduzierung der Dateigr\u00f6\u00dfe ohne Qualit\u00e4tsverlust \u2013 keine Anmeldung erforderlich. Jetzt testen!","og_url":"https:\/\/iscanner.com\/de\/compress-pdf\/","og_site_name":"iScanner","twitter_card":"summary_large_image","schema":{"@context":"https:\/\/schema.org","@graph":[{"@type":"WebPage","@id":"https:\/\/iscanner.com\/de\/compress-pdf\/","url":"https:\/\/iscanner.com\/de\/compress-pdf\/","name":"PDF komprimieren - schnell, online, kostenlos | iScanner","isPartOf":{"@id":"https:\/\/iscanner.com\/de\/#website"},"datePublished":"2025-07-24T10:02:01+00:00","description":"Komprimieren und verkleinern Sie PDFs kostenlos online mit dem iScanner PDF-Compressor. Schnelle Reduzierung der Dateigr\u00f6\u00dfe ohne Qualit\u00e4tsverlust \u2013 keine Anmeldung erforderlich. Jetzt testen!","breadcrumb":{"@id":"https:\/\/iscanner.com\/de\/compress-pdf\/#breadcrumb"},"inLanguage":"de","potentialAction":[{"@type":"ReadAction","target":["https:\/\/iscanner.com\/de\/compress-pdf\/"]}]},{"@type":"BreadcrumbList","@id":"https:\/\/iscanner.com\/de\/compress-pdf\/#breadcrumb","itemListElement":[{"@type":"ListItem","position":1,"name":"Home","item":"https:\/\/iscanner.com\/de\/"},{"@type":"ListItem","position":2,"name":"Compress PDF &#8211; DE"}]},{"@type":"WebSite","@id":"https:\/\/iscanner.com\/de\/#website","url":"https:\/\/iscanner.com\/de\/","name":"iScanner","description":"Mobile Scanner App. Download for FREE (Android, iPhone)","potentialAction":[{"@type":"SearchAction","target":{"@type":"EntryPoint","urlTemplate":"https:\/\/iscanner.com\/de\/?s={search_term_string}"},"query-input":{"@type":"PropertyValueSpecification","valueRequired":true,"valueName":"search_term_string"}}],"inLanguage":"de"},{"@type":"SoftwareApplication","name":"Iscanner","operatingSystem":"iOS, Android","applicationCategory":"Document converter","aggregateRating":{"@type":"AggregateRating","ratingValue":"4.5","ratingCount":"100"}},{"@type":"Service","provider":{"@id":"https:\/\/iscanner.com\/#organization"},"serviceType":"Compress PDF &#8211; DE","description":"Komprimieren und verkleinern Sie PDFs kostenlos online mit dem iScanner PDF-Compressor. Schnelle Reduzierung der Dateigr\u00f6\u00dfe ohne Qualit\u00e4tsverlust \u2013 keine Anmeldung erforderlich. Jetzt testen!"}]}},"uagb_featured_image_src":{"full":false,"thumbnail":false,"medium":false,"medium_large":false,"large":false,"1536x1536":false,"2048x2048":false,"trp-custom-language-flag":false},"uagb_author_info":{"display_name":"Pavel Zubarevich","author_link":"https:\/\/iscanner.com\/de\/author\/pavel-zubarevich\/"},"uagb_comment_info":0,"uagb_excerpt":null,"_links":{"self":[{"href":"https:\/\/iscanner.com\/de\/wp-json\/wp\/v2\/pages\/8198","targetHints":{"allow":["GET"]}}],"collection":[{"href":"https:\/\/iscanner.com\/de\/wp-json\/wp\/v2\/pages"}],"about":[{"href":"https:\/\/iscanner.com\/de\/wp-json\/wp\/v2\/types\/page"}],"author":[{"embeddable":true,"href":"https:\/\/iscanner.com\/de\/wp-json\/wp\/v2\/users\/9"}],"replies":[{"embeddable":true,"href":"https:\/\/iscanner.com\/de\/wp-json\/wp\/v2\/comments?post=8198"}],"version-history":[{"count":12,"href":"https:\/\/iscanner.com\/de\/wp-json\/wp\/v2\/pages\/8198\/revisions"}],"predecessor-version":[{"id":8932,"href":"https:\/\/iscanner.com\/de\/wp-json\/wp\/v2\/pages\/8198\/revisions\/8932"}],"wp:attachment":[{"href":"https:\/\/iscanner.com\/de\/wp-json\/wp\/v2\/media?parent=8198"}],"curies":[{"name":"wp","href":"https:\/\/api.w.org\/{rel}","templated":true}]}}