{"id":8012,"date":"2025-08-27T09:07:43","date_gmt":"2025-08-27T09:07:43","guid":{"rendered":"https:\/\/iscanner.com\/?page_id=8012"},"modified":"2025-12-08T12:47:04","modified_gmt":"2025-12-08T12:47:04","slug":"homepage-de","status":"publish","type":"page","link":"https:\/\/iscanner.com\/de\/","title":{"rendered":"homepage-de"},"content":{"rendered":"","protected":false},"excerpt":{"rendered":"","protected":false},"author":2,"featured_media":0,"parent":0,"menu_order":0,"comment_status":"closed","ping_status":"closed","template":"template\/homepage.php","meta":{"footnotes":""},"class_list":["post-8012","page","type-page","status-publish","hentry"],"yoast_head":"<!-- This site is optimized with the Yoast SEO plugin v24.5 - https:\/\/yoast.com\/wordpress\/plugins\/seo\/ -->\n<title>PDF-Scanner-App f\u00fcr Android und iPhone<\/title>\n<meta name=\"description\" content=\"Ein PDF-Dokument kostenlos scannen mit unserem PDF Scanner \u2013 die ideale Online-L\u00f6sung f\u00fcr Unternehmen, die Effizienz und Datenschutz sch\u00e4tzen.\" \/>\n<meta name=\"robots\" content=\"index, follow, max-snippet:-1, max-image-preview:large, max-video-preview:-1\" \/>\n<link rel=\"canonical\" href=\"https:\/\/iscanner.com\/de\/\" \/>\n<meta property=\"og:locale\" content=\"de_DE\" \/>\n<meta property=\"og:type\" content=\"article\" \/>\n<meta property=\"og:title\" content=\"Scanner App - Scan to PDF on iPhone &amp; Android - iScanner\" \/>\n<meta property=\"og:description\" content=\"Scan documents on Android or iPhone for FREE with our document scanning app. Download iScanner from App Store or Google Play and enjoy the best scanner application.\" \/>\n<meta property=\"og:url\" content=\"https:\/\/iscanner.com\/de\/\" \/>\n<meta property=\"og:site_name\" content=\"iScanner\" \/>\n<meta property=\"article:modified_time\" content=\"2025-12-08T12:47:04+00:00\" \/>\n<meta property=\"og:image\" content=\"https:\/\/iscanner.com\/wp-content\/uploads\/2023\/07\/facebook-share.png\" \/>\n<meta name=\"twitter:card\" content=\"summary_large_image\" \/>\n<meta name=\"twitter:title\" content=\"Scanner App - Scan to PDF on iPhone &amp; Android - iScanner\" \/>\n<meta name=\"twitter:description\" content=\"Scan documents on Android or iPhone for FREE with our document scanning app. Download iScanner from App Store or Google Play and enjoy the best scanner application.\" \/>\n<!-- \/ Yoast SEO plugin. -->","yoast_head_json":{"title":"PDF-Scanner-App f\u00fcr Android und iPhone","description":"Ein PDF-Dokument kostenlos scannen mit unserem PDF Scanner \u2013 die ideale Online-L\u00f6sung f\u00fcr Unternehmen, die Effizienz und Datenschutz sch\u00e4tzen.","robots":{"index":"index","follow":"follow","max-snippet":"max-snippet:-1","max-image-preview":"max-image-preview:large","max-video-preview":"max-video-preview:-1"},"canonical":"https:\/\/iscanner.com\/de\/","og_locale":"de_DE","og_type":"article","og_title":"Scanner App - Scan to PDF on iPhone & Android - iScanner","og_description":"Scan documents on Android or iPhone for FREE with our document scanning app. Download iScanner from App Store or Google Play and enjoy the best scanner application.","og_url":"https:\/\/iscanner.com\/de\/","og_site_name":"iScanner","article_modified_time":"2025-12-08T12:47:04+00:00","og_image":[{"url":"https:\/\/iscanner.com\/wp-content\/uploads\/2023\/07\/facebook-share.png","type":"","width":"","height":""}],"twitter_card":"summary_large_image","twitter_title":"Scanner App - Scan to PDF on iPhone & Android - iScanner","twitter_description":"Scan documents on Android or iPhone for FREE with our document scanning app. Download iScanner from App Store or Google Play and enjoy the best scanner application.","schema":{"@context":"https:\/\/schema.org","@graph":[{"@type":"WebPage","@id":"https:\/\/iscanner.com\/de\/","url":"https:\/\/iscanner.com\/de\/","name":"PDF-Scanner-App f\u00fcr Android und iPhone","isPartOf":{"@id":"https:\/\/iscanner.com\/de\/#website"},"datePublished":"2025-08-27T09:07:43+00:00","dateModified":"2025-12-08T12:47:04+00:00","description":"Ein PDF-Dokument kostenlos scannen mit unserem PDF Scanner \u2013 die ideale Online-L\u00f6sung f\u00fcr Unternehmen, die Effizienz und Datenschutz sch\u00e4tzen.","breadcrumb":{"@id":"https:\/\/iscanner.com\/de\/#breadcrumb"},"inLanguage":"de","potentialAction":[{"@type":"ReadAction","target":["https:\/\/iscanner.com\/de\/"]}]},{"@type":"BreadcrumbList","@id":"https:\/\/iscanner.com\/de\/#breadcrumb","itemListElement":[{"@type":"ListItem","position":1,"name":"Home","item":"https:\/\/iscanner.com\/de\/"},{"@type":"ListItem","position":2,"name":"Home"}]},{"@type":"WebSite","@id":"https:\/\/iscanner.com\/de\/#website","url":"https:\/\/iscanner.com\/de\/","name":"iScanner","description":"Mobile Scanner App. Download for FREE (Android, iPhone)","potentialAction":[{"@type":"SearchAction","target":{"@type":"EntryPoint","urlTemplate":"https:\/\/iscanner.com\/de\/?s={search_term_string}"},"query-input":{"@type":"PropertyValueSpecification","valueRequired":true,"valueName":"search_term_string"}}],"inLanguage":"de"},{"@type":"SoftwareApplication","name":"Iscanner","operatingSystem":"iOS, Android","applicationCategory":"Document converter","aggregateRating":{"@type":"AggregateRating","ratingValue":"4.5","ratingCount":"100"}}]}},"uagb_featured_image_src":{"full":false,"thumbnail":false,"medium":false,"medium_large":false,"large":false,"1536x1536":false,"2048x2048":false,"trp-custom-language-flag":false},"uagb_author_info":{"display_name":"Maxim Miroshnik","author_link":"https:\/\/iscanner.com\/de\/author\/max-miroshnik\/"},"uagb_comment_info":0,"uagb_excerpt":null,"_links":{"self":[{"href":"https:\/\/iscanner.com\/de\/wp-json\/wp\/v2\/pages\/8012","targetHints":{"allow":["GET"]}}],"collection":[{"href":"https:\/\/iscanner.com\/de\/wp-json\/wp\/v2\/pages"}],"about":[{"href":"https:\/\/iscanner.com\/de\/wp-json\/wp\/v2\/types\/page"}],"author":[{"embeddable":true,"href":"https:\/\/iscanner.com\/de\/wp-json\/wp\/v2\/users\/2"}],"replies":[{"embeddable":true,"href":"https:\/\/iscanner.com\/de\/wp-json\/wp\/v2\/comments?post=8012"}],"version-history":[{"count":6,"href":"https:\/\/iscanner.com\/de\/wp-json\/wp\/v2\/pages\/8012\/revisions"}],"predecessor-version":[{"id":9750,"href":"https:\/\/iscanner.com\/de\/wp-json\/wp\/v2\/pages\/8012\/revisions\/9750"}],"wp:attachment":[{"href":"https:\/\/iscanner.com\/de\/wp-json\/wp\/v2\/media?parent=8012"}],"curies":[{"name":"wp","href":"https:\/\/api.w.org\/{rel}","templated":true}]}}